{"id":21407,"date":"2023-08-28T16:14:35","date_gmt":"2023-08-28T08:14:35","guid":{"rendered":"https:\/\/suncasesupply.com\/?post_type=product&#038;p=21407"},"modified":"2025-02-20T09:47:33","modified_gmt":"2025-02-20T01:47:33","slug":"aluminum-alloy-carrying-case-portable-storage-box-for-wireless-mic-system-storage-camera-gear","status":"publish","type":"product","link":"https:\/\/suncasesupply.com\/es\/product\/aluminum-alloy-carrying-case-portable-storage-box-for-wireless-mic-system-storage-camera-gear\/","title":{"rendered":"Caja de almacenamiento port\u00e1til del estuche que lleva de la aleaci\u00f3n de aluminio para el almacenamiento del sistema de micr\u00f3fono inal\u00e1mbrico y el equipo de la c\u00e1mara"},"content":{"rendered":"<p>&nbsp;<\/p>\n<table width=\"774\">\n<tbody>\n<tr>\n<td width=\"177\">Art\u00edculo<\/td>\n<td width=\"597\">Caja de aluminio<\/td>\n<\/tr>\n<tr>\n<td>Dimensi\u00f3n<\/td>\n<td>43,5 cm X 32 cm X 10,5 cm o personalizar<\/td>\n<\/tr>\n<tr>\n<td>Colores<\/td>\n<td>Como muestran las im\u00e1genes o personalizar<\/td>\n<\/tr>\n<tr>\n<td>Materiales<\/td>\n<td>Aluminio, panel de ABS, tablero de MDF, forro de EVA\/espuma\/tela\/PU, herrajes<\/td>\n<\/tr>\n<tr>\n<td>Logo<\/td>\n<td>Logotipo de placa de metal, logotipo impreso, logotipo en relieve, logotipo l\u00e1ser<\/td>\n<\/tr>\n<tr>\n<td>tiempo de muestra<\/td>\n<td>7 d\u00edas<\/td>\n<\/tr>\n<tr>\n<td>Puerto de embarque<\/td>\n<td>Cant\u00f3n, Shenzhen<\/td>\n<\/tr>\n<tr>\n<td>T\u00e9rminos comerciales<\/td>\n<td>EXW, MANDO, CIF, DDU, DDP<\/td>\n<\/tr>\n<tr>\n<td>M\u00e9todos de pago<\/td>\n<td>T\/T, Efectivo, PayPal, Tarjeta de cr\u00e9dito<\/td>\n<\/tr>\n<\/tbody>\n<\/table>\n<p><span style=\"color: #003366;\">Caracter\u00edsticas:<\/span><\/p>\n<p>Construcci\u00f3n de aleaci\u00f3n de aluminio de primera calidad: este estuche de transporte resistente y duradero tiene un exterior de aleaci\u00f3n de aluminio duro y su interior tiene un borde de pared que absorbe impactos para proteger sus engranajes de ca\u00eddas e impactos repentinos.<\/p>\n<p>Espuma personalizable de dos capas: el estuche de transporte cuenta con una capa de espuma precortada personalizable que se puede quitar para adaptarse a sus sistemas y accesorios, incluidos transmisores, receptores y auriculares\/micr\u00f3fono de solapa. Puedes dise\u00f1ar tus propios compartimentos.<\/p>\n<p>Especificaci\u00f3n: Dimensi\u00f3n externa: 43,5 cm X 32 cm X 10,5 cm. Dimensi\u00f3n interna: 42 cm X 30 cm X 5,7 cm. Peso: 1,7 kg.<\/p>\n<p>Refuerzo de correa de metal: refuerzo de correa de metal en el exterior del estuche de transporte, calidad de construcci\u00f3n extremadamente resistente para soportar un uso intensivo y transporte frecuente durante giras\/espect\u00e1culos.<\/p>","protected":false},"excerpt":{"rendered":"<p>Modelo: CC-0002<\/p>\n<p>Tama\u00f1o: 43,5 cm X 32 cm X 10,5 cm<\/p>\n<p>Cantidad m\u00ednima de pedido: 100 piezas<\/p>\n<p>Tiempo de entrega: 15-25 d\u00edas<\/p>\n<p>Muestra: Disponible<\/p>","protected":false},"featured_media":21419,"template":"","meta":{"_gspb_post_css":""},"product_cat":[42,80],"product_tag":[],"featured_image_urls":{"full":["https:\/\/suncasesupply.com\/wp-content\/uploads\/2023\/08\/81OoffT0ycL._AC_SL1500_.jpg",1441,1500,false],"thumbnail":["https:\/\/suncasesupply.com\/wp-content\/uploads\/2023\/08\/81OoffT0ycL._AC_SL1500_-150x150.jpg",150,150,true],"medium":["https:\/\/suncasesupply.com\/wp-content\/uploads\/2023\/08\/81OoffT0ycL._AC_SL1500_-288x300.jpg",288,300,true],"medium_large":["https:\/\/suncasesupply.com\/wp-content\/uploads\/2023\/08\/81OoffT0ycL._AC_SL1500_-768x799.jpg",768,799,true],"large":["https:\/\/suncasesupply.com\/wp-content\/uploads\/2023\/08\/81OoffT0ycL._AC_SL1500_-984x1024.jpg",984,1024,true],"1536x1536":["https:\/\/suncasesupply.com\/wp-content\/uploads\/2023\/08\/81OoffT0ycL._AC_SL1500_.jpg",1441,1500,false],"2048x2048":["https:\/\/suncasesupply.com\/wp-content\/uploads\/2023\/08\/81OoffT0ycL._AC_SL1500_.jpg",1441,1500,false],"trp-custom-language-flag":["https:\/\/suncasesupply.com\/wp-content\/uploads\/2023\/08\/81OoffT0ycL._AC_SL1500_.jpg",12,12,false],"woocommerce_thumbnail":["https:\/\/suncasesupply.com\/wp-content\/uploads\/2023\/08\/81OoffT0ycL._AC_SL1500_-300x300.jpg",300,300,true],"woocommerce_single":["https:\/\/suncasesupply.com\/wp-content\/uploads\/2023\/08\/81OoffT0ycL._AC_SL1500_-600x625.jpg",600,625,true],"woocommerce_gallery_thumbnail":["https:\/\/suncasesupply.com\/wp-content\/uploads\/2023\/08\/81OoffT0ycL._AC_SL1500_-100x100.jpg",100,100,true]},"post_excerpt_stackable":"<p>Model : CC-0002<\/p>\n<p>Size: 43.5 cm X 32 cm X 10.5 cm<\/p>\n<p>MOQ: 100pcs<\/p>\n<p>Delivery Time : 15-25 Days<\/p>\n<p>Sample : Available<\/p>\n","category_list":"","author_info":{"name":"","url":""},"comments_num":"0 comentarios","_links":{"self":[{"href":"https:\/\/suncasesupply.com\/es\/wp-json\/wp\/v2\/product\/21407"}],"collection":[{"href":"https:\/\/suncasesupply.com\/es\/wp-json\/wp\/v2\/product"}],"about":[{"href":"https:\/\/suncasesupply.com\/es\/wp-json\/wp\/v2\/types\/product"}],"wp:featuredmedia":[{"embeddable":true,"href":"https:\/\/suncasesupply.com\/es\/wp-json\/wp\/v2\/media\/21419"}],"wp:attachment":[{"href":"https:\/\/suncasesupply.com\/es\/wp-json\/wp\/v2\/media?parent=21407"}],"wp:term":[{"taxonomy":"product_cat","embeddable":true,"href":"https:\/\/suncasesupply.com\/es\/wp-json\/wp\/v2\/product_cat?post=21407"},{"taxonomy":"product_tag","embeddable":true,"href":"https:\/\/suncasesupply.com\/es\/wp-json\/wp\/v2\/product_tag?post=21407"}],"curies":[{"name":"wp","href":"https:\/\/api.w.org\/{rel}","templated":true}]}}