{"id":21307,"date":"2023-08-28T15:29:22","date_gmt":"2023-08-28T07:29:22","guid":{"rendered":"https:\/\/suncasesupply.com\/?post_type=product&#038;p=21307"},"modified":"2025-02-20T10:23:26","modified_gmt":"2025-02-20T02:23:26","slug":"trolley-pilot-case-laptop-compartment-2-combination-locks","status":"publish","type":"product","link":"https:\/\/suncasesupply.com\/es\/product\/trolley-pilot-case-laptop-compartment-2-combination-locks\/","title":{"rendered":"Trolley Pilot Case Compartimento para port\u00e1til 2 cerraduras de combinaci\u00f3n"},"content":{"rendered":"<p>&nbsp;<\/p>\n<table width=\"774\">\n<tbody>\n<tr>\n<td width=\"177\">Art\u00edculo<\/td>\n<td width=\"597\">Caja de aluminio<\/td>\n<\/tr>\n<tr>\n<td>Dimensi\u00f3n<\/td>\n<td>48 x 23 x 37 cm o personalizar<\/td>\n<\/tr>\n<tr>\n<td>Colores<\/td>\n<td>Como muestran las im\u00e1genes o personalizar<\/td>\n<\/tr>\n<tr>\n<td>Materiales<\/td>\n<td>Aluminio, panel de ABS, tablero de MDF, forro de EVA\/espuma\/tela\/PU, herrajes<\/td>\n<\/tr>\n<tr>\n<td>Logo<\/td>\n<td>Logotipo de placa de metal, logotipo impreso, logotipo en relieve, logotipo l\u00e1ser<\/td>\n<\/tr>\n<tr>\n<td>tiempo de muestra<\/td>\n<td>7 d\u00edas<\/td>\n<\/tr>\n<tr>\n<td>Puerto de embarque<\/td>\n<td>Cant\u00f3n, Shenzhen<\/td>\n<\/tr>\n<tr>\n<td>T\u00e9rminos comerciales<\/td>\n<td>EXW, MANDO, CIF, DDU, DDP<\/td>\n<\/tr>\n<tr>\n<td>M\u00e9todos de pago<\/td>\n<td>T\/T, Efectivo, PayPal, Tarjeta de cr\u00e9dito<\/td>\n<\/tr>\n<\/tbody>\n<\/table>\n<p><span style=\"color: #003366;\">Caracter\u00edsticas:<\/span><\/p>\n<p>Aspecto profesional y elegante en color elegante Aluminio acanalado negro con accesorios Gun Metal<br \/>\nResistente, pesa aproximadamente 5,4 kg. Tama\u00f1o de bolsillo doble para archivos\/documentos con cierre de velcro: 40 x 25 x 4 cm<br \/>\nMedidas exteriores: 49 x 41 x 23 cm. Se adapta a la mayor\u00eda del equipaje de mano de las aerol\u00edneas: 49 x 41 x 23 cm (consulte primero el tama\u00f1o permitido con su aerol\u00ednea)<br \/>\nDimensiones interiores: 47 x 38,5 x 16,5 cm<br \/>\nGran compartimento principal. La tapa interna incluye: cuatro portal\u00e1pices y un estuche para tarjetas de presentaci\u00f3n. Accesorios exteriores en color negro. Cerraduras de combinaci\u00f3n doble. Asa de transporte resistente de cromo pulido. Mango telesc\u00f3pico resistente que se ajusta a 90 cm. Ruedas interiores de rodamiento suave.<\/p>","protected":false},"excerpt":{"rendered":"<p>Modelo: BC-0011<\/p>\n<p>Tama\u00f1o: 48x23x37cm<\/p>\n<p>Cantidad m\u00ednima de pedido: 100 piezas<\/p>\n<p>Tiempo de entrega: 15-25 d\u00edas<\/p>\n<p>Muestra: Disponible<\/p>","protected":false},"featured_media":21319,"template":"","meta":{"_gspb_post_css":""},"product_cat":[82],"product_tag":[],"featured_image_urls":{"full":["https:\/\/suncasesupply.com\/wp-content\/uploads\/2023\/08\/1-56-scaled.jpg",2560,2560,false],"thumbnail":["https:\/\/suncasesupply.com\/wp-content\/uploads\/2023\/08\/1-56-150x150.jpg",150,150,true],"medium":["https:\/\/suncasesupply.com\/wp-content\/uploads\/2023\/08\/1-56-300x300.jpg",300,300,true],"medium_large":["https:\/\/suncasesupply.com\/wp-content\/uploads\/2023\/08\/1-56-768x768.jpg",768,768,true],"large":["https:\/\/suncasesupply.com\/wp-content\/uploads\/2023\/08\/1-56-1024x1024.jpg",1024,1024,true],"1536x1536":["https:\/\/suncasesupply.com\/wp-content\/uploads\/2023\/08\/1-56-1536x1536.jpg",1536,1536,true],"2048x2048":["https:\/\/suncasesupply.com\/wp-content\/uploads\/2023\/08\/1-56-2048x2048.jpg",2048,2048,true],"trp-custom-language-flag":["https:\/\/suncasesupply.com\/wp-content\/uploads\/2023\/08\/1-56-scaled.jpg",12,12,false],"woocommerce_thumbnail":["https:\/\/suncasesupply.com\/wp-content\/uploads\/2023\/08\/1-56-300x300.jpg",300,300,true],"woocommerce_single":["https:\/\/suncasesupply.com\/wp-content\/uploads\/2023\/08\/1-56-600x600.jpg",600,600,true],"woocommerce_gallery_thumbnail":["https:\/\/suncasesupply.com\/wp-content\/uploads\/2023\/08\/1-56-100x100.jpg",100,100,true]},"post_excerpt_stackable":"<p>Model : BC-0011<\/p>\n<p>Size: 48 x 23 x 37 cm<\/p>\n<p>MOQ: 100pcs<\/p>\n<p>Delivery Time : 15-25 Days<\/p>\n<p>Sample : Available<\/p>\n","category_list":"","author_info":{"name":"","url":""},"comments_num":"0 comentarios","_links":{"self":[{"href":"https:\/\/suncasesupply.com\/es\/wp-json\/wp\/v2\/product\/21307"}],"collection":[{"href":"https:\/\/suncasesupply.com\/es\/wp-json\/wp\/v2\/product"}],"about":[{"href":"https:\/\/suncasesupply.com\/es\/wp-json\/wp\/v2\/types\/product"}],"wp:featuredmedia":[{"embeddable":true,"href":"https:\/\/suncasesupply.com\/es\/wp-json\/wp\/v2\/media\/21319"}],"wp:attachment":[{"href":"https:\/\/suncasesupply.com\/es\/wp-json\/wp\/v2\/media?parent=21307"}],"wp:term":[{"taxonomy":"product_cat","embeddable":true,"href":"https:\/\/suncasesupply.com\/es\/wp-json\/wp\/v2\/product_cat?post=21307"},{"taxonomy":"product_tag","embeddable":true,"href":"https:\/\/suncasesupply.com\/es\/wp-json\/wp\/v2\/product_tag?post=21307"}],"curies":[{"name":"wp","href":"https:\/\/api.w.org\/{rel}","templated":true}]}}