{"id":21265,"date":"2023-08-28T14:56:18","date_gmt":"2023-08-28T06:56:18","guid":{"rendered":"https:\/\/suncasesupply.com\/?post_type=product&#038;p=21265"},"modified":"2026-03-17T01:30:02","modified_gmt":"2026-03-16T17:30:02","slug":"aluminum-tool-case-18-x-14-x-6-tools-storage-carrying-case-hot-selling","status":"publish","type":"product","link":"https:\/\/suncasesupply.com\/es\/product\/aluminum-tool-case-18-x-14-x-6-tools-storage-carrying-case-hot-selling\/","title":{"rendered":"Caja de herramientas de aluminio Caja de transporte de almacenamiento de herramientas de 18 \u2033 x 14 \u2033 x 6 \u2033 Venta caliente"},"content":{"rendered":"<h4><span style=\"color: #003366;\">Caracter\u00edsticas:<\/span><\/h4>\n<ul>\n<li><strong>Gran capacidad<\/strong>Esta caja de herramientas de aluminio incluye un panel portaherramientas, separadores de espuma precortada y EVA, con capacidad suficiente para guardar diversas herramientas. Su dise\u00f1o la convierte en una soluci\u00f3n vers\u00e1til para guardar tus herramientas.<\/li>\n<li><strong>F\u00e1cil de llevar<\/strong>:Construido con un mango liviano y resistente, este estuche de almacenamiento de herramientas es una buena opci\u00f3n cuando sales y tiene una correa para el hombro, que puede liberar tus manos.<\/li>\n<li><strong>Funci\u00f3n de almacenamiento universal<\/strong>El malet\u00edn de aluminio no solo sirve para guardar herramientas, sino tambi\u00e9n muchos otros productos. Adem\u00e1s, permite almacenar y transportar c\u00e1maras, dispositivos electr\u00f3nicos y dem\u00e1s equipos. Su interior de espuma protege los productos de posibles da\u00f1os, convirti\u00e9ndolo en un pr\u00e1ctico malet\u00edn de aluminio con espuma.<\/li>\n<\/ul>\n<h4><span style=\"color: #003366;\">Detalles del producto:<\/span><\/h4>\n<div style=\"display: flex; gap: 20px;\">\n<p><!-- \u7b2c\u4e00\u680f --><\/p>\n<div style=\"flex: 1; text-align: center;\">\n<p><img decoding=\"async\" style=\"max-width: 100%; height: auto; margin-bottom: 10px;\" src=\"https:\/\/suncasesupply.com\/wp-content\/uploads\/2025\/03\/DIY-Foam.png\" alt=\"Espuma casera\" \/><\/p>\n<p style=\"font-weight: bold; margin: 5px 0;\">Espuma casera<\/p>\n<p style=\"margin: 0;\">Equipado con un inserto de espuma precortada, puedes personalizar el espacio para tus diferentes herramientas. La espuma es muy suave, lo que protege bien los productos en su interior. Adem\u00e1s, si no necesitas la espuma, puedes quitarla para crear m\u00e1s espacio en este malet\u00edn de aluminio.<\/p>\n<\/div>\n<p><!-- \u7b2c\u4e8c\u680f --><\/p>\n<div style=\"flex: 1; text-align: center;\">\n<p><img decoding=\"async\" style=\"max-width: 100%; height: auto; margin-bottom: 10px;\" src=\"https:\/\/suncasesupply.com\/wp-content\/uploads\/2025\/03\/EVA-dividers-1.png\" alt=\"Divisores de EVA\" \/><\/p>\n<p style=\"font-weight: bold; margin: 5px 0;\">Divisores de EVA<\/p>\n<p style=\"margin: 0;\">Equipado con divisores de EVA de diferentes longitudes, y estos divisores son extra\u00edbles, por lo que puede crear el espacio interior de acuerdo con diferentes productos y hacer que las cosas en el interior est\u00e9n ordenadas y no desordenadas.<\/p>\n<\/div>\n<p><!-- \u7b2c\u4e09\u680f --><\/p>\n<div style=\"flex: 1; text-align: center;\">\n<p><img decoding=\"async\" style=\"max-width: 100%; height: auto; margin-bottom: 10px;\" src=\"https:\/\/suncasesupply.com\/wp-content\/uploads\/2025\/03\/Shoulder-Strap.png\" alt=\"Bandolera\" \/><\/p>\n<p style=\"font-weight: bold; margin: 5px 0;\">Bandolera<\/p>\n<p style=\"margin: 0;\">Incluye una correa para el hombro que te permite tener las manos libres al transportar el malet\u00edn. Adem\u00e1s, la correa es ajustable a tu altura, lo que la hace muy pr\u00e1ctica y f\u00e1cil de llevar. Este malet\u00edn tambi\u00e9n funciona como una caja de herramientas met\u00e1lica resistente, ideal para guardar herramientas tanto en casa como al aire libre.<\/p>\n<\/div>\n<p><!-- \u7b2c\u56db\u680f --><\/p>\n<div style=\"flex: 1; text-align: center;\">\n<p><img decoding=\"async\" style=\"max-width: 100%; height: auto; margin-bottom: 10px;\" src=\"https:\/\/suncasesupply.com\/wp-content\/uploads\/2025\/03\/Tool-panel.png\" alt=\"Panel de herramientas\" \/><\/p>\n<p style=\"font-weight: bold; margin: 5px 0;\">Panel de herramientas<\/p>\n<p style=\"margin: 0;\">El panel portaherramientas de la tapa superior permite guardar tijeras, pinzas, llaves inglesas, destornilladores y m\u00e1s. Fabricado en poliuretano, es f\u00e1cil de limpiar y se puede desmontar cuando no se necesita, completando as\u00ed esta vers\u00e1til soluci\u00f3n de almacenamiento de herramientas.<\/p>\n<\/div>\n<\/div>\n<div style=\"background-color: #29599a; padding: 40px 20px; text-align: center; color: #ffffff; border-radius: 10px; margin: 40px auto; max-width: 960px;\">\n<h2 style=\"font-size: 22px; margin-bottom: 20px; font-weight: bold;\"><span style=\"color: #ffffff;\">Consigue ya tu malet\u00edn de aluminio Sun Case para herramientas, pedido m\u00ednimo de 100 unidades, perfecto para mantener las herramientas organizadas.<\/span><\/h2>\n<p><a style=\"display: inline-block; padding: 12px 28px; background-color: #ffffff; color: #29599a; text-decoration: none; border-radius: 6px; font-weight: bold;\" href=\"https:\/\/suncasesupply.com\/es\/contact-us\/\" target=\"_blank\" rel=\"noopener\">Obtenga una cotizaci\u00f3n<br \/>\n<\/a><\/p>\n<\/div>\n<h4><span style=\"color: #003366;\">Proceso de fabricaci\u00f3n de caja de herramientas de aluminio:<\/span><\/h4>\n<p><img decoding=\"async\" style=\"max-width: 100%; height: auto; margin-bottom: 10px;\" src=\"https:\/\/suncasesupply.com\/wp-content\/uploads\/2025\/07\/Manufacturing-Process.png\" alt=\"Proceso de fabricaci\u00f3n de Suncase\" \/><\/p>\n<div style=\"display: flex; gap: 20px;\">\n<p><!-- \u7b2c\u4e00\u680f \u6d41\u7a0b1--><\/p>\n<div style=\"flex: 1; text-align: center;\"><\/div>\n<\/div>\n<div style=\"display: flex; gap: 20px;\">\n<div style=\"flex: 1; text-align: center;\">\n<p style=\"font-weight: bold; margin: 5px 0;\">\n<\/div>\n<\/div>\n<h4><span style=\"color: #003366;\">Informaci\u00f3n \u00fatil para compradores al por mayor:<\/span><\/h4>\n<ul>\n<li><a href=\"https:\/\/suncasesupply.com\/es\/blog\/custom-aluminum-case\/types-of-materials-used-in-tool-cases\/\">Explorando cajas de herramientas de aluminio y otros tipos de materiales<\/a><\/li>\n<li><a href=\"https:\/\/suncasesupply.com\/es\/blog\/reason-to-have-aluminum-tool-case\/\">\u00bfPor qu\u00e9 necesita una caja de herramientas de aluminio?<\/a><\/li>\n<\/ul>","protected":false},"excerpt":{"rendered":"<p>Modelo: BL-0022<\/p>\n<p>Tama\u00f1o: 45x33x15cm<\/p>\n<p>Colores: Plata o personalizado<\/p>\n<p>Materiales: Aluminio, panel ABS, divisores de EVA, espuma Pluck, cuero PU<\/p>\n<p>Logotipo: Logotipo en placa de metal, logotipo en serigraf\u00eda.<\/p>\n<p>Cantidad m\u00ednima de pedido: 100 piezas<\/p>","protected":false},"featured_media":21267,"template":"","meta":{"_gspb_post_css":""},"product_cat":[81],"product_tag":[],"featured_image_urls":{"full":["https:\/\/suncasesupply.com\/wp-content\/uploads\/2023\/08\/18-2.jpg",500,500,false],"thumbnail":["https:\/\/suncasesupply.com\/wp-content\/uploads\/2023\/08\/18-2-150x150.jpg",150,150,true],"medium":["https:\/\/suncasesupply.com\/wp-content\/uploads\/2023\/08\/18-2-300x300.jpg",300,300,true],"medium_large":["https:\/\/suncasesupply.com\/wp-content\/uploads\/2023\/08\/18-2.jpg",500,500,false],"large":["https:\/\/suncasesupply.com\/wp-content\/uploads\/2023\/08\/18-2.jpg",500,500,false],"1536x1536":["https:\/\/suncasesupply.com\/wp-content\/uploads\/2023\/08\/18-2.jpg",500,500,false],"2048x2048":["https:\/\/suncasesupply.com\/wp-content\/uploads\/2023\/08\/18-2.jpg",500,500,false],"trp-custom-language-flag":["https:\/\/suncasesupply.com\/wp-content\/uploads\/2023\/08\/18-2.jpg",12,12,false],"woocommerce_thumbnail":["https:\/\/suncasesupply.com\/wp-content\/uploads\/2023\/08\/18-2-300x300.jpg",300,300,true],"woocommerce_single":["https:\/\/suncasesupply.com\/wp-content\/uploads\/2023\/08\/18-2.jpg",500,500,false],"woocommerce_gallery_thumbnail":["https:\/\/suncasesupply.com\/wp-content\/uploads\/2023\/08\/18-2-100x100.jpg",100,100,true]},"post_excerpt_stackable":"<p>Model : BL-0022<\/p>\n<p>Size:\u00a0 45 x 33 x 15cm<\/p>\n<p>Colors: Silver or customize<\/p>\n<p>Materials: Aluminum, ABS panel, EVA dividers, Pluck foam, PU leather<\/p>\n<p>Logo: Metal plate logo, silk screen logo<\/p>\n<p>MOQ: 100pcs<\/p>\n","category_list":"","author_info":{"name":"","url":""},"comments_num":"0 comentarios","_links":{"self":[{"href":"https:\/\/suncasesupply.com\/es\/wp-json\/wp\/v2\/product\/21265"}],"collection":[{"href":"https:\/\/suncasesupply.com\/es\/wp-json\/wp\/v2\/product"}],"about":[{"href":"https:\/\/suncasesupply.com\/es\/wp-json\/wp\/v2\/types\/product"}],"wp:featuredmedia":[{"embeddable":true,"href":"https:\/\/suncasesupply.com\/es\/wp-json\/wp\/v2\/media\/21267"}],"wp:attachment":[{"href":"https:\/\/suncasesupply.com\/es\/wp-json\/wp\/v2\/media?parent=21265"}],"wp:term":[{"taxonomy":"product_cat","embeddable":true,"href":"https:\/\/suncasesupply.com\/es\/wp-json\/wp\/v2\/product_cat?post=21265"},{"taxonomy":"product_tag","embeddable":true,"href":"https:\/\/suncasesupply.com\/es\/wp-json\/wp\/v2\/product_tag?post=21265"}],"curies":[{"name":"wp","href":"https:\/\/api.w.org\/{rel}","templated":true}]}}