{"id":21174,"date":"2023-08-28T14:12:38","date_gmt":"2023-08-28T06:12:38","guid":{"rendered":"https:\/\/suncasesupply.com\/?post_type=product&#038;p=21174"},"modified":"2025-07-15T10:55:30","modified_gmt":"2025-07-15T02:55:30","slug":"53-rifle-gun-case-aluminum-long-gun-hard-case-portable-locking-shotgun-storage-box","status":"publish","type":"product","link":"https:\/\/suncasesupply.com\/es\/product\/53-rifle-gun-case-aluminum-long-gun-hard-case-portable-locking-shotgun-storage-box\/","title":{"rendered":"Estuche para pistola de rifle de 53 \u2033 Estuche r\u00edgido de aluminio para pistola larga Caja de almacenamiento port\u00e1til para escopeta con bloqueo"},"content":{"rendered":"<h4><span style=\"color: #003366;\">Caracter\u00edsticas:<\/span><\/h4>\n<p><strong>1. Alta resistencia y durabilidad.<\/strong><br \/>\nFabricada generalmente en aluminio ligero pero de alta resistencia, esta funda de aluminio para rifle es resistente a impactos y presi\u00f3n, y soporta entornos hostiles o ca\u00eddas accidentales. La estructura de la caja es robusta y los bordes suelen estar reforzados para resistir da\u00f1os externos. Es ideal para quienes necesitan fundas r\u00edgidas para rifles, tanto para uso profesional como en exteriores.<\/p>\n<p><strong>2. Seguridad<\/strong><br \/>\nCerraduras certificadas: Las cerraduras de combinaci\u00f3n est\u00e1ndar de alta seguridad garantizan la seguridad del arma en su interior. Su dise\u00f1o impermeable y a prueba de polvo garantiza la sequedad del interior, lo que hace que este estuche de aluminio con cerradura para rifle y llaves sea ideal para exteriores o entornos t\u00e1cticos donde la fiabilidad es fundamental.<\/p>\n<p><strong>3. Ligero y port\u00e1til.<\/strong><br \/>\nSuele pesar entre 5 y 10 kg (seg\u00fan el tama\u00f1o) y algunos modelos incluyen poleas o correas para facilitar su transporte. A pesar de ser un estuche r\u00edgido para rifles largos, es manejable para llevar en solitario, ofreciendo la mejor protecci\u00f3n y portabilidad.<\/p>\n<h4><span style=\"color: #003366;\">Detalles del producto:<\/span><\/h4>\n<div style=\"display: flex; gap: 20px;\">\n<p><!-- \u7b2c\u4e00\u680f --><\/p>\n<div style=\"flex: 1; text-align: center;\">\n<p><img decoding=\"async\" style=\"max-width: 100%; height: auto; margin-bottom: 10px;\" src=\"https:\/\/suncasesupply.com\/wp-content\/uploads\/2025\/05\/strong-handle.jpg\" alt=\"Mango duradero y c\u00f3modo.\" \/><\/p>\n<p style=\"font-weight: bold; margin: 5px 0;\">Mango duradero<\/p>\n<p style=\"margin: 0;\">El mango est\u00e1 fabricado con goma antideslizante y amortiguadora para reducir la fatiga de la mano al levantar objetos durante largos periodos, adapt\u00e1ndose al arco de la empu\u00f1adura para mayor comodidad. Est\u00e1 firmemente unido al cuerpo de la caja mediante soportes o remaches met\u00e1licos, lo que no solo ofrece una gran capacidad de carga, sino que tambi\u00e9n refuerza la estructura general de la caja para evitar deformaciones. Este dise\u00f1o inteligente es com\u00fan en estuches r\u00edgidos de alta gama para rifles.<\/p>\n<\/div>\n<p><!-- \u7b2c\u4e8c\u680f --><\/p>\n<div style=\"flex: 1; text-align: center;\">\n<p><img decoding=\"async\" style=\"max-width: 100%; height: auto; margin-bottom: 10px;\" src=\"https:\/\/suncasesupply.com\/wp-content\/uploads\/2025\/05\/Protective-foam.jpg\" alt=\"espuma protectora\" \/><\/p>\n<p style=\"font-weight: bold; margin: 5px 0;\">Espuma protectora<\/p>\n<p style=\"margin: 0;\">El algod\u00f3n ondulado absorbe eficazmente los impactos y las vibraciones, reduciendo el impacto directo de las fuerzas externas sobre el arma durante el transporte o una colisi\u00f3n, y evitando que las piezas de precisi\u00f3n (como miras telesc\u00f3picas, ca\u00f1ones, etc.) se da\u00f1en por la vibraci\u00f3n. El dise\u00f1o de ranuras que se adapta a la forma del arma permite fijarla firmemente en su lugar, lo que la convierte en una excelente opci\u00f3n para fundas de rifles de armas largas. Algunos modelos tambi\u00e9n sirven como caja de almacenamiento para escopetas, ofreciendo una compatibilidad flexible con diferentes armas.<\/p>\n<\/div>\n<p><!-- \u7b2c\u4e09\u680f --><\/p>\n<div style=\"flex: 1; text-align: center;\">\n<p><img decoding=\"async\" style=\"max-width: 100%; height: auto; margin-bottom: 10px;\" src=\"https:\/\/suncasesupply.com\/wp-content\/uploads\/2025\/05\/Diamond-surface.jpg\" alt=\"superficie del diamante\" \/><\/p>\n<p style=\"font-weight: bold; margin: 5px 0;\">Superficie de diamante<\/p>\n<p style=\"margin: 0;\">El panel ABS con dise\u00f1o de diamante evita eficazmente que la caja se raye durante el transporte y el uso, prolongando as\u00ed su vida \u00fatil. Este dise\u00f1o de superficie realza el atractivo y la resistencia de cualquier modelo de rifle con funda r\u00edgida para armas utilizado en condiciones adversas.<\/p>\n<\/div>\n<p><!-- \u7b2c\u56db\u680f --><\/p>\n<div style=\"flex: 1; text-align: center;\">\n<p><img decoding=\"async\" style=\"max-width: 100%; height: auto; margin-bottom: 10px;\" src=\"https:\/\/suncasesupply.com\/wp-content\/uploads\/2025\/05\/Commbination-lock.jpg\" alt=\"Cerradura de combinaci\u00f3n\" \/><\/p>\n<p style=\"font-weight: bold; margin: 5px 0;\">Cerradura de combinaci\u00f3n<\/p>\n<p style=\"margin: 0;\">Los candados de combinaci\u00f3n garantizan la seguridad de las armas e impiden el acceso a ellas por parte de terceros (como ni\u00f1os, ladrones o usuarios no autorizados). A diferencia de los candados con llave, los candados de combinaci\u00f3n no requieren llevar llaves, y solo hay que introducir la combinaci\u00f3n para abrir r\u00e1pidamente la caja del arma (especialmente pr\u00e1ctico en situaciones de emergencia).<\/p>\n<\/div>\n<\/div>\n<div style=\"background-color: #29599a; padding: 40px 20px; text-align: center; color: #ffffff; border-radius: 10px; margin: 40px auto; max-width: 960px;\">\n<h2 style=\"font-size: 22px; margin-bottom: 20px; font-weight: bold;\"><span style=\"color: #ffffff;\">MOQ 100 para estuches de aluminio duraderos para armas: \u00a1comun\u00edquese con Sun Case para obtener la mejor oferta!<\/span><\/h2>\n<p><a style=\"display: inline-block; padding: 12px 28px; background-color: #ffffff; color: #29599a; text-decoration: none; border-radius: 6px; font-weight: bold;\" href=\"https:\/\/suncasesupply.com\/es\/contact-us\/\" target=\"_blank\" rel=\"noopener\">Solicitar precios<br \/>\n<\/a><\/p>\n<\/div>\n<h4><span style=\"color: #003366;\">Proceso de fabricaci\u00f3n de la caja de la pistola:<\/span><\/h4>\n<p><img decoding=\"async\" style=\"max-width: 100%; height: auto; margin-bottom: 10px;\" src=\"https:\/\/suncasesupply.com\/wp-content\/uploads\/2025\/07\/Manufacturing-Process.png\" alt=\"Proceso de fabricaci\u00f3n de Suncase\" \/><\/p>\n<h4><span style=\"color: #003366;\">Informaci\u00f3n \u00fatil para compradores al por mayor:<\/span><\/h4>\n<p><a href=\"https:\/\/suncasesupply.com\/es\/blog\/aluminum-gun-case\/gun-case-durability-test-aluminum-vs-plastic\/\">1. Prueba de durabilidad de la caja de la pistola: aluminio vs. pl\u00e1stico<\/a><\/p>\n<p><a href=\"https:\/\/suncasesupply.com\/es\/blog\/aluminum-gun-case\/consider-gun-case-factors\/\">2. \u00bfQu\u00e9 buscas al considerar diferentes estuches para armas?<\/a><\/p>\n<p><a href=\"https:\/\/suncasesupply.com\/es\/blog\/aluminum-gun-case\/best-aluminum-gun-cases\/\">Los 3 mejores estuches de aluminio para armas de Suncase (2024)<\/a><\/p>\n<p><a href=\"https:\/\/suncasesupply.com\/es\/blog\/aluminum-gun-case\/top-3-aluminum-gun-cases-manufacturers-of-china\/\">4. Los 3 principales fabricantes de fundas de aluminio para armas en China<\/a><\/p>\n<p><a href=\"https:\/\/suncasesupply.com\/es\/blog\/aluminum-gun-case\/hard-vs-soft-rifle-case\/\">5. Estuche r\u00edgido o blando para rifle: \u00bfQu\u00e9 estuche de aluminio para pistola es mejor?<\/a><\/p>\n<p><a href=\"https:\/\/suncasesupply.com\/es\/blog\/aluminum-gun-case\/best-foam-for-aluminum-gun-cases\/\">6. La mejor espuma para una funda de pistola de aluminio<\/a><\/p>","protected":false},"excerpt":{"rendered":"<p>Modelo : Z22<\/p>\n<p>Tama\u00f1o: 150x35x12cm<\/p>\n<p>Colores: Negro o personalizado<\/p>\n<p>Materiales: Aluminio, Panel ABS, Panel Acr\u00edlico<\/p>\n<p>Logotipo: Logotipo en placa de metal, logotipo en serigraf\u00eda.<\/p>\n<p>Cantidad m\u00ednima de pedido: 100 piezas<\/p>","protected":false},"featured_media":21175,"template":"","meta":{"_gspb_post_css":""},"product_cat":[85],"product_tag":[],"featured_image_urls":{"full":["https:\/\/suncasesupply.com\/wp-content\/uploads\/2023\/08\/12-7.jpg",947,947,false],"thumbnail":["https:\/\/suncasesupply.com\/wp-content\/uploads\/2023\/08\/12-7-150x150.jpg",150,150,true],"medium":["https:\/\/suncasesupply.com\/wp-content\/uploads\/2023\/08\/12-7-300x300.jpg",300,300,true],"medium_large":["https:\/\/suncasesupply.com\/wp-content\/uploads\/2023\/08\/12-7-768x768.jpg",768,768,true],"large":["https:\/\/suncasesupply.com\/wp-content\/uploads\/2023\/08\/12-7.jpg",947,947,false],"1536x1536":["https:\/\/suncasesupply.com\/wp-content\/uploads\/2023\/08\/12-7.jpg",947,947,false],"2048x2048":["https:\/\/suncasesupply.com\/wp-content\/uploads\/2023\/08\/12-7.jpg",947,947,false],"trp-custom-language-flag":["https:\/\/suncasesupply.com\/wp-content\/uploads\/2023\/08\/12-7.jpg",12,12,false],"woocommerce_thumbnail":["https:\/\/suncasesupply.com\/wp-content\/uploads\/2023\/08\/12-7-300x300.jpg",300,300,true],"woocommerce_single":["https:\/\/suncasesupply.com\/wp-content\/uploads\/2023\/08\/12-7-600x600.jpg",600,600,true],"woocommerce_gallery_thumbnail":["https:\/\/suncasesupply.com\/wp-content\/uploads\/2023\/08\/12-7-100x100.jpg",100,100,true]},"post_excerpt_stackable":"<p>Model : Z22<\/p>\n<p>Size: 150 x 35 x 12 cm<\/p>\n<p>Colors: Black or customize<\/p>\n<p>Materials: Aluminum, ABS panel, Acrylic Panel<\/p>\n<p>Logo: Metal plate logo, silk screen logo<\/p>\n<p>MOQ: 100pcs<\/p>\n","category_list":"","author_info":{"name":"","url":""},"comments_num":"0 comentarios","_links":{"self":[{"href":"https:\/\/suncasesupply.com\/es\/wp-json\/wp\/v2\/product\/21174"}],"collection":[{"href":"https:\/\/suncasesupply.com\/es\/wp-json\/wp\/v2\/product"}],"about":[{"href":"https:\/\/suncasesupply.com\/es\/wp-json\/wp\/v2\/types\/product"}],"wp:featuredmedia":[{"embeddable":true,"href":"https:\/\/suncasesupply.com\/es\/wp-json\/wp\/v2\/media\/21175"}],"wp:attachment":[{"href":"https:\/\/suncasesupply.com\/es\/wp-json\/wp\/v2\/media?parent=21174"}],"wp:term":[{"taxonomy":"product_cat","embeddable":true,"href":"https:\/\/suncasesupply.com\/es\/wp-json\/wp\/v2\/product_cat?post=21174"},{"taxonomy":"product_tag","embeddable":true,"href":"https:\/\/suncasesupply.com\/es\/wp-json\/wp\/v2\/product_tag?post=21174"}],"curies":[{"name":"wp","href":"https:\/\/api.w.org\/{rel}","templated":true}]}}