{"id":21173,"date":"2023-08-28T14:11:46","date_gmt":"2023-08-28T06:11:46","guid":{"rendered":"https:\/\/suncasesupply.com\/?post_type=product&#038;p=21173"},"modified":"2025-02-20T09:50:27","modified_gmt":"2025-02-20T01:50:27","slug":"silver-portable-aluminum-tool-storage-case-hard-carrying-box","status":"publish","type":"product","link":"https:\/\/suncasesupply.com\/es\/product\/silver-portable-aluminum-tool-storage-case-hard-carrying-box\/","title":{"rendered":"Caja de almacenamiento de herramientas de aluminio port\u00e1til plateada, caja de transporte dura"},"content":{"rendered":"<p>&nbsp;<\/p>\n<table width=\"774\">\n<tbody>\n<tr>\n<td width=\"177\">Art\u00edculo<\/td>\n<td width=\"597\">Caja de aluminio<\/td>\n<\/tr>\n<tr>\n<td>Dimensi\u00f3n<\/td>\n<td>33\u00d728 x11cmo personalizar<\/td>\n<\/tr>\n<tr>\n<td>Colores<\/td>\n<td>Como muestran las im\u00e1genes o personalizar<\/td>\n<\/tr>\n<tr>\n<td>Materiales<\/td>\n<td>Aluminio, panel de ABS, tablero de MDF, forro de EVA\/espuma\/tela\/PU, herrajes<\/td>\n<\/tr>\n<tr>\n<td>Logo<\/td>\n<td>Logotipo de placa de metal, logotipo impreso, logotipo en relieve, logotipo l\u00e1ser<\/td>\n<\/tr>\n<tr>\n<td>tiempo de muestra<\/td>\n<td>7 d\u00edas<\/td>\n<\/tr>\n<tr>\n<td>Puerto de embarque<\/td>\n<td>Cant\u00f3n, Shenzhen<\/td>\n<\/tr>\n<tr>\n<td>T\u00e9rminos comerciales<\/td>\n<td>EXW, MANDO, CIF, DDU, DDP<\/td>\n<\/tr>\n<tr>\n<td>M\u00e9todos de pago<\/td>\n<td>T\/T, Efectivo, PayPal, Tarjeta de cr\u00e9dito<\/td>\n<\/tr>\n<\/tbody>\n<\/table>\n<p><span style=\"color: #003366;\">Caracter\u00edsticas:<\/span><\/p>\n<p>Estuche port\u00e1til para tren de estilista, sal\u00f3n de cosm\u00e9ticos, maquillaje, viaje duro. Dise\u00f1ado con cerraduras, confidencialidad s\u00faper fuerte.<\/p>\n<p>Equipado con un mango grande de estilo americano, hecho de material de mezcla ABS, alta estabilidad, gran capacidad de carga y c\u00f3modo y hermoso.<\/p>\n<p>soporte, lo que hace que la conexi\u00f3n entre la tapa de la caja y el cuerpo de la caja sea m\u00e1s fuerte, m\u00e1s c\u00f3moda de abrir y cerrar y duradera.<\/p>\n<p>Envoltura de esquina lisa redonda de metal ensanchada y engrosada \u00fanica y reforzada con remaches para garantizar que el equipaje tenga una mayor capacidad de carga.<\/p>","protected":false},"excerpt":{"rendered":"<p>Modelo : BC-0025<\/p>\n<p>Tama\u00f1o: 33\u00d728x11cm<\/p>\n<p>Cantidad m\u00ednima de pedido: 100 piezas<\/p>\n<p>Tiempo de entrega: 15-25 d\u00edas<\/p>\n<p>Muestra: Disponible<\/p>","protected":false},"featured_media":21167,"template":"","meta":{"_gspb_post_css":""},"product_cat":[42,80],"product_tag":[],"featured_image_urls":{"full":["https:\/\/suncasesupply.com\/wp-content\/uploads\/2023\/08\/04f39834-9b81-46f2-98e2-68cd91ff9f83.a1cbdb999a1a1293e77fa2b50c72a93d.jpeg",768,768,false],"thumbnail":["https:\/\/suncasesupply.com\/wp-content\/uploads\/2023\/08\/04f39834-9b81-46f2-98e2-68cd91ff9f83.a1cbdb999a1a1293e77fa2b50c72a93d-150x150.jpeg",150,150,true],"medium":["https:\/\/suncasesupply.com\/wp-content\/uploads\/2023\/08\/04f39834-9b81-46f2-98e2-68cd91ff9f83.a1cbdb999a1a1293e77fa2b50c72a93d-300x300.jpeg",300,300,true],"medium_large":["https:\/\/suncasesupply.com\/wp-content\/uploads\/2023\/08\/04f39834-9b81-46f2-98e2-68cd91ff9f83.a1cbdb999a1a1293e77fa2b50c72a93d.jpeg",768,768,false],"large":["https:\/\/suncasesupply.com\/wp-content\/uploads\/2023\/08\/04f39834-9b81-46f2-98e2-68cd91ff9f83.a1cbdb999a1a1293e77fa2b50c72a93d.jpeg",768,768,false],"1536x1536":["https:\/\/suncasesupply.com\/wp-content\/uploads\/2023\/08\/04f39834-9b81-46f2-98e2-68cd91ff9f83.a1cbdb999a1a1293e77fa2b50c72a93d.jpeg",768,768,false],"2048x2048":["https:\/\/suncasesupply.com\/wp-content\/uploads\/2023\/08\/04f39834-9b81-46f2-98e2-68cd91ff9f83.a1cbdb999a1a1293e77fa2b50c72a93d.jpeg",768,768,false],"trp-custom-language-flag":["https:\/\/suncasesupply.com\/wp-content\/uploads\/2023\/08\/04f39834-9b81-46f2-98e2-68cd91ff9f83.a1cbdb999a1a1293e77fa2b50c72a93d.jpeg",12,12,false],"woocommerce_thumbnail":["https:\/\/suncasesupply.com\/wp-content\/uploads\/2023\/08\/04f39834-9b81-46f2-98e2-68cd91ff9f83.a1cbdb999a1a1293e77fa2b50c72a93d-300x300.jpeg",300,300,true],"woocommerce_single":["https:\/\/suncasesupply.com\/wp-content\/uploads\/2023\/08\/04f39834-9b81-46f2-98e2-68cd91ff9f83.a1cbdb999a1a1293e77fa2b50c72a93d-600x600.jpeg",600,600,true],"woocommerce_gallery_thumbnail":["https:\/\/suncasesupply.com\/wp-content\/uploads\/2023\/08\/04f39834-9b81-46f2-98e2-68cd91ff9f83.a1cbdb999a1a1293e77fa2b50c72a93d-100x100.jpeg",100,100,true]},"post_excerpt_stackable":"<p>Model : BC-0025<\/p>\n<p>Size: 33&#215;28 x11cm<\/p>\n<p>MOQ: 100pcs<\/p>\n<p>Delivery Time : 15-25 Days<\/p>\n<p>Sample : Available<\/p>\n","category_list":"","author_info":{"name":"","url":""},"comments_num":"0 comentarios","_links":{"self":[{"href":"https:\/\/suncasesupply.com\/es\/wp-json\/wp\/v2\/product\/21173"}],"collection":[{"href":"https:\/\/suncasesupply.com\/es\/wp-json\/wp\/v2\/product"}],"about":[{"href":"https:\/\/suncasesupply.com\/es\/wp-json\/wp\/v2\/types\/product"}],"wp:featuredmedia":[{"embeddable":true,"href":"https:\/\/suncasesupply.com\/es\/wp-json\/wp\/v2\/media\/21167"}],"wp:attachment":[{"href":"https:\/\/suncasesupply.com\/es\/wp-json\/wp\/v2\/media?parent=21173"}],"wp:term":[{"taxonomy":"product_cat","embeddable":true,"href":"https:\/\/suncasesupply.com\/es\/wp-json\/wp\/v2\/product_cat?post=21173"},{"taxonomy":"product_tag","embeddable":true,"href":"https:\/\/suncasesupply.com\/es\/wp-json\/wp\/v2\/product_tag?post=21173"}],"curies":[{"name":"wp","href":"https:\/\/api.w.org\/{rel}","templated":true}]}}