{"id":21148,"date":"2023-08-28T14:03:51","date_gmt":"2023-08-28T06:03:51","guid":{"rendered":"https:\/\/suncasesupply.com\/?post_type=product&#038;p=21148"},"modified":"2025-02-20T10:29:16","modified_gmt":"2025-02-20T02:29:16","slug":"purpose-black-aluminum-briefcase-pilot-aluminum-attache-briefcase","status":"publish","type":"product","link":"https:\/\/suncasesupply.com\/es\/product\/purpose-black-aluminum-briefcase-pilot-aluminum-attache-briefcase\/","title":{"rendered":"Malet\u00edn de aluminio negro prop\u00f3sito Malet\u00edn agregado de aluminio piloto"},"content":{"rendered":"<p>&nbsp;<\/p>\n<table width=\"774\">\n<tbody>\n<tr>\n<td width=\"177\">Art\u00edculo<\/td>\n<td width=\"597\">Caja de aluminio<\/td>\n<\/tr>\n<tr>\n<td>Dimensi\u00f3n<\/td>\n<td>460*330*135 mm o personalizar<\/td>\n<\/tr>\n<tr>\n<td>Colores<\/td>\n<td>Como muestran las im\u00e1genes o personalizar<\/td>\n<\/tr>\n<tr>\n<td>Materiales<\/td>\n<td>Aluminio, panel de ABS, tablero de MDF, forro de EVA\/espuma\/tela\/PU, herrajes<\/td>\n<\/tr>\n<tr>\n<td>Logo<\/td>\n<td>Logotipo de placa de metal, logotipo impreso, logotipo en relieve, logotipo l\u00e1ser<\/td>\n<\/tr>\n<tr>\n<td>tiempo de muestra<\/td>\n<td>7 d\u00edas<\/td>\n<\/tr>\n<tr>\n<td>Puerto de embarque<\/td>\n<td>Cant\u00f3n, Shenzhen<\/td>\n<\/tr>\n<tr>\n<td>T\u00e9rminos comerciales<\/td>\n<td>EXW, MANDO, CIF, DDU, DDP<\/td>\n<\/tr>\n<tr>\n<td>M\u00e9todos de pago<\/td>\n<td>T\/T, Efectivo, PayPal, Tarjeta de cr\u00e9dito<\/td>\n<\/tr>\n<\/tbody>\n<\/table>\n<p><span style=\"color: #003366;\">Caracter\u00edsticas:<\/span><\/p>\n<p>Esta caja piloto adjunta de aluminio anodizado color pistola est\u00e1 hecha de un marco de aluminio color pistola y un color diamante de aluminio color pistola. Tiene dos cerraduras de combinaci\u00f3n y una manija. Las bisagras largas de la parte posterior hacen que la caja sea m\u00e1s resistente que el dise\u00f1o normal.<\/p>\n<p>El interior del malet\u00edn con bolsillo para documentos permite llevar todos los documentos para el trabajo. Tambi\u00e9n puede utilizar este malet\u00edn de aluminio de alta calidad para llevar port\u00e1tiles de 14&quot; y 15&quot;.<\/p>\n<p>Como la cerradura de combinaci\u00f3n es muy segura, no necesita preocuparse por la seguridad. Es muy seguro cuando viajas por el mundo.<\/p>","protected":false},"excerpt":{"rendered":"<p>Modelo: BC-0002<\/p>\n<p>Tama\u00f1o: 460*330*135mm<\/p>\n<p>Cantidad m\u00ednima de pedido: 100 piezas<\/p>\n<p>Tiempo de entrega: 15-25 d\u00edas<\/p>\n<p>Muestra: Disponible<\/p>","protected":false},"featured_media":21149,"template":"","meta":{"_gspb_post_css":""},"product_cat":[82],"product_tag":[],"featured_image_urls":{"full":["https:\/\/suncasesupply.com\/wp-content\/uploads\/2023\/08\/IMG_3863.webp",1000,902,false],"thumbnail":["https:\/\/suncasesupply.com\/wp-content\/uploads\/2023\/08\/IMG_3863-150x150.webp",150,150,true],"medium":["https:\/\/suncasesupply.com\/wp-content\/uploads\/2023\/08\/IMG_3863-300x271.webp",300,271,true],"medium_large":["https:\/\/suncasesupply.com\/wp-content\/uploads\/2023\/08\/IMG_3863-768x693.webp",768,693,true],"large":["https:\/\/suncasesupply.com\/wp-content\/uploads\/2023\/08\/IMG_3863.webp",1000,902,false],"1536x1536":["https:\/\/suncasesupply.com\/wp-content\/uploads\/2023\/08\/IMG_3863.webp",1000,902,false],"2048x2048":["https:\/\/suncasesupply.com\/wp-content\/uploads\/2023\/08\/IMG_3863.webp",1000,902,false],"trp-custom-language-flag":["https:\/\/suncasesupply.com\/wp-content\/uploads\/2023\/08\/IMG_3863.webp",13,12,false],"woocommerce_thumbnail":["https:\/\/suncasesupply.com\/wp-content\/uploads\/2023\/08\/IMG_3863-300x300.webp",300,300,true],"woocommerce_single":["https:\/\/suncasesupply.com\/wp-content\/uploads\/2023\/08\/IMG_3863-600x541.webp",600,541,true],"woocommerce_gallery_thumbnail":["https:\/\/suncasesupply.com\/wp-content\/uploads\/2023\/08\/IMG_3863-100x100.webp",100,100,true]},"post_excerpt_stackable":"<p>Model : BC-0002<\/p>\n<p>Size: \u00a0460*330*135mm<\/p>\n<p>MOQ: 100pcs<\/p>\n<p>Delivery Time : 15-25 Days<\/p>\n<p>Sample : Available<\/p>\n","category_list":"","author_info":{"name":"","url":""},"comments_num":"0 comentarios","_links":{"self":[{"href":"https:\/\/suncasesupply.com\/es\/wp-json\/wp\/v2\/product\/21148"}],"collection":[{"href":"https:\/\/suncasesupply.com\/es\/wp-json\/wp\/v2\/product"}],"about":[{"href":"https:\/\/suncasesupply.com\/es\/wp-json\/wp\/v2\/types\/product"}],"wp:featuredmedia":[{"embeddable":true,"href":"https:\/\/suncasesupply.com\/es\/wp-json\/wp\/v2\/media\/21149"}],"wp:attachment":[{"href":"https:\/\/suncasesupply.com\/es\/wp-json\/wp\/v2\/media?parent=21148"}],"wp:term":[{"taxonomy":"product_cat","embeddable":true,"href":"https:\/\/suncasesupply.com\/es\/wp-json\/wp\/v2\/product_cat?post=21148"},{"taxonomy":"product_tag","embeddable":true,"href":"https:\/\/suncasesupply.com\/es\/wp-json\/wp\/v2\/product_tag?post=21148"}],"curies":[{"name":"wp","href":"https:\/\/api.w.org\/{rel}","templated":true}]}}