{"id":21141,"date":"2023-08-28T14:01:28","date_gmt":"2023-08-28T06:01:28","guid":{"rendered":"https:\/\/suncasesupply.com\/?post_type=product&#038;p=21141"},"modified":"2025-02-20T11:15:48","modified_gmt":"2025-02-20T03:15:48","slug":"double-sided-aluminum-hard-storage-carry-box-pistol-gun-handgun-case-with-2-combination-lock","status":"publish","type":"product","link":"https:\/\/suncasesupply.com\/es\/product\/double-sided-aluminum-hard-storage-carry-box-pistol-gun-handgun-case-with-2-combination-lock\/","title":{"rendered":"Caja de transporte de almacenamiento duro de aluminio de doble cara, funda para pistola con 2 cerraduras combinadas"},"content":{"rendered":"<p>&nbsp;<\/p>\n<table width=\"774\">\n<tbody>\n<tr>\n<td width=\"177\">Art\u00edculo<\/td>\n<td width=\"597\">Caja de pistola de aluminio<\/td>\n<\/tr>\n<tr>\n<td>Dimensi\u00f3n<\/td>\n<td>30 x 15 x 23 cm o personalizar<\/td>\n<\/tr>\n<tr>\n<td>Colores<\/td>\n<td>Como muestran las im\u00e1genes o personalizar<\/td>\n<\/tr>\n<tr>\n<td>Materiales<\/td>\n<td>Aluminio, panel de ABS, tablero de MDF, forro de EVA\/espuma\/tela\/PU, herrajes<\/td>\n<\/tr>\n<tr>\n<td>Logo<\/td>\n<td>Logotipo de placa de metal, logotipo impreso, logotipo en relieve, logotipo l\u00e1ser<\/td>\n<\/tr>\n<tr>\n<td>tiempo de muestra<\/td>\n<td>7 d\u00edas<\/td>\n<\/tr>\n<tr>\n<td>Puerto de embarque<\/td>\n<td>Cant\u00f3n, Shenzhen<\/td>\n<\/tr>\n<tr>\n<td>T\u00e9rminos comerciales<\/td>\n<td>EXW, MANDO, CIF, DDU, DDP<\/td>\n<\/tr>\n<tr>\n<td>M\u00e9todos de pago<\/td>\n<td>T\/T, Efectivo, PayPal, Tarjeta de cr\u00e9dito<\/td>\n<\/tr>\n<\/tbody>\n<\/table>\n<p><span style=\"color: #003366;\">Caracter\u00edsticas:<\/span><\/p>\n<p>Estuche para pistola estilo Attash.<\/p>\n<p>Una robusta funda para pistola con piezas de aleaci\u00f3n de aluminio en las esquinas y bordes. Puede usarse para almacenar y transportar armas con confianza.<\/p>\n<p>El espacio interior es una base militar original. 1 esponja plana gruesa cortada con una l\u00ednea de corte en el conocido papel cuadriculado, 2 esponjas planas finas y normales, 1 esponja corrugada en la tapa. Se puede cortar para adaptarse a pistolas y cargadores para lograr un ajuste excelente.<\/p>\n<p>Se puede utilizar como molinillo por s\u00ed solo en un estuche adjunto que es como un Hitman. Tambi\u00e9n se puede utilizar para transportar y almacenar equipos fr\u00e1giles de precisi\u00f3n, como c\u00e1maras y PC.<\/p>\n<p>\u2013 Puede almacenar pistolas y cargadores desde peque\u00f1os hasta grandes.<br \/>\nPuede almacenar varias pistolas de la serie Glock, M9\/M92, Government, DE y otras de tama\u00f1o peque\u00f1o a grande. La esponja de rejilla es f\u00e1cil de cortar en cualquier forma y puede contener su arma o cargador.<\/p>","protected":false},"excerpt":{"rendered":"<p>Modelo : Z20<\/p>\n<p>Tama\u00f1o: 30x15x23cm<\/p>\n<p>Cantidad m\u00ednima de pedido: 100 piezas<\/p>\n<p>Tiempo de entrega: 15-25 d\u00edas<\/p>\n<p>Muestra: Disponible<\/p>","protected":false},"featured_media":21142,"template":"","meta":{"_gspb_post_css":""},"product_cat":[85],"product_tag":[],"featured_image_urls":{"full":["https:\/\/suncasesupply.com\/wp-content\/uploads\/2023\/08\/1-53.jpg",768,768,false],"thumbnail":["https:\/\/suncasesupply.com\/wp-content\/uploads\/2023\/08\/1-53-150x150.jpg",150,150,true],"medium":["https:\/\/suncasesupply.com\/wp-content\/uploads\/2023\/08\/1-53-300x300.jpg",300,300,true],"medium_large":["https:\/\/suncasesupply.com\/wp-content\/uploads\/2023\/08\/1-53.jpg",768,768,false],"large":["https:\/\/suncasesupply.com\/wp-content\/uploads\/2023\/08\/1-53.jpg",768,768,false],"1536x1536":["https:\/\/suncasesupply.com\/wp-content\/uploads\/2023\/08\/1-53.jpg",768,768,false],"2048x2048":["https:\/\/suncasesupply.com\/wp-content\/uploads\/2023\/08\/1-53.jpg",768,768,false],"trp-custom-language-flag":["https:\/\/suncasesupply.com\/wp-content\/uploads\/2023\/08\/1-53.jpg",12,12,false],"woocommerce_thumbnail":["https:\/\/suncasesupply.com\/wp-content\/uploads\/2023\/08\/1-53-300x300.jpg",300,300,true],"woocommerce_single":["https:\/\/suncasesupply.com\/wp-content\/uploads\/2023\/08\/1-53-600x600.jpg",600,600,true],"woocommerce_gallery_thumbnail":["https:\/\/suncasesupply.com\/wp-content\/uploads\/2023\/08\/1-53-100x100.jpg",100,100,true]},"post_excerpt_stackable":"<p>Model : Z20<\/p>\n<p>Size: 30 x 15 x 23 cm<\/p>\n<p>MOQ: 100pcs<\/p>\n<p>Delivery Time : 15-25 Days<\/p>\n<p>Sample : Available<\/p>\n","category_list":"","author_info":{"name":"","url":""},"comments_num":"0 comentarios","_links":{"self":[{"href":"https:\/\/suncasesupply.com\/es\/wp-json\/wp\/v2\/product\/21141"}],"collection":[{"href":"https:\/\/suncasesupply.com\/es\/wp-json\/wp\/v2\/product"}],"about":[{"href":"https:\/\/suncasesupply.com\/es\/wp-json\/wp\/v2\/types\/product"}],"wp:featuredmedia":[{"embeddable":true,"href":"https:\/\/suncasesupply.com\/es\/wp-json\/wp\/v2\/media\/21142"}],"wp:attachment":[{"href":"https:\/\/suncasesupply.com\/es\/wp-json\/wp\/v2\/media?parent=21141"}],"wp:term":[{"taxonomy":"product_cat","embeddable":true,"href":"https:\/\/suncasesupply.com\/es\/wp-json\/wp\/v2\/product_cat?post=21141"},{"taxonomy":"product_tag","embeddable":true,"href":"https:\/\/suncasesupply.com\/es\/wp-json\/wp\/v2\/product_tag?post=21141"}],"curies":[{"name":"wp","href":"https:\/\/api.w.org\/{rel}","templated":true}]}}