{"id":21111,"date":"2023-08-28T13:54:05","date_gmt":"2023-08-28T05:54:05","guid":{"rendered":"https:\/\/suncasesupply.com\/?post_type=product&#038;p=21111"},"modified":"2025-02-20T11:00:51","modified_gmt":"2025-02-20T03:00:51","slug":"horse-riding-grooming-case-cleaning-storage-case-for-animal-grooming-tools","status":"publish","type":"product","link":"https:\/\/suncasesupply.com\/es\/product\/horse-riding-grooming-case-cleaning-storage-case-for-animal-grooming-tools\/","title":{"rendered":"Estuche de aseo para montar a caballo, estuche de almacenamiento de limpieza para herramientas de cuidado de animales"},"content":{"rendered":"<p>&nbsp;<\/p>\n<table width=\"774\">\n<tbody>\n<tr>\n<td width=\"177\">Art\u00edculo<\/td>\n<td width=\"597\">Estuche de aseo de aluminio<\/td>\n<\/tr>\n<tr>\n<td>Dimensi\u00f3n<\/td>\n<td>40 x 31 x 32 cm o personalizar<\/td>\n<\/tr>\n<tr>\n<td>Colores<\/td>\n<td>Como muestran las im\u00e1genes o personalizar<\/td>\n<\/tr>\n<tr>\n<td>Materiales<\/td>\n<td>Aluminio, panel de ABS, tablero de MDF, forro de EVA\/espuma\/tela\/PU, herrajes<\/td>\n<\/tr>\n<tr>\n<td>Logo<\/td>\n<td>Logotipo de placa de metal, logotipo impreso, logotipo en relieve, logotipo l\u00e1ser<\/td>\n<\/tr>\n<tr>\n<td>tiempo de muestra<\/td>\n<td>7 d\u00edas<\/td>\n<\/tr>\n<tr>\n<td>Puerto de embarque<\/td>\n<td>Cant\u00f3n, Shenzhen<\/td>\n<\/tr>\n<tr>\n<td>T\u00e9rminos comerciales<\/td>\n<td>EXW, MANDO, CIF, DDU, DDP<\/td>\n<\/tr>\n<tr>\n<td>M\u00e9todos de pago<\/td>\n<td>T\/T, Efectivo, PayPal, Tarjeta de cr\u00e9dito<\/td>\n<\/tr>\n<\/tbody>\n<\/table>\n<p><span style=\"color: #003366;\">Caracter\u00edsticas:<\/span><\/p>\n<ul>\n<li>Mucho espacio de almacenamiento: la caja de aseo es extremadamente espaciosa y permite guardar c\u00f3modamente todos los kits de aseo. Incluso puedes colocar botellas altas en posici\u00f3n vertical.<\/li>\n<li>Todo en orden porque la caja tiene dos divisores variables y un estante para objetos peque\u00f1os como picos para pezu\u00f1as, gomas para crines o esponjas.<\/li>\n<li>Siempre seguro y estable: la caja con estructura de aluminio protege el contenido y dos candados garantizan un cierre seguro para que no se pierda nada.<\/li>\n<li>S\u00faper c\u00f3modo de transportar, con la ayuda del asa reforzada, la caja de aseo se puede transportar f\u00e1cil y c\u00f3modamente<\/li>\n<li>Tama\u00f1o: 40x31x32cm<\/li>\n<\/ul>","protected":false},"excerpt":{"rendered":"<p>Modelo : Z18<\/p>\n<p>Tama\u00f1o: 40x31x32cm<\/p>\n<p>Cantidad m\u00ednima de pedido: 100 piezas<\/p>\n<p>Tiempo de entrega: 15-25 d\u00edas<\/p>\n<p>Muestra: Disponible<\/p>","protected":false},"featured_media":21112,"template":"","meta":{"_gspb_post_css":""},"product_cat":[86],"product_tag":[],"featured_image_urls":{"full":["https:\/\/suncasesupply.com\/wp-content\/uploads\/2023\/08\/25-1.jpg",800,801,false],"thumbnail":["https:\/\/suncasesupply.com\/wp-content\/uploads\/2023\/08\/25-1-150x150.jpg",150,150,true],"medium":["https:\/\/suncasesupply.com\/wp-content\/uploads\/2023\/08\/25-1-300x300.jpg",300,300,true],"medium_large":["https:\/\/suncasesupply.com\/wp-content\/uploads\/2023\/08\/25-1-768x769.jpg",768,769,true],"large":["https:\/\/suncasesupply.com\/wp-content\/uploads\/2023\/08\/25-1.jpg",800,801,false],"1536x1536":["https:\/\/suncasesupply.com\/wp-content\/uploads\/2023\/08\/25-1.jpg",800,801,false],"2048x2048":["https:\/\/suncasesupply.com\/wp-content\/uploads\/2023\/08\/25-1.jpg",800,801,false],"trp-custom-language-flag":["https:\/\/suncasesupply.com\/wp-content\/uploads\/2023\/08\/25-1.jpg",12,12,false],"woocommerce_thumbnail":["https:\/\/suncasesupply.com\/wp-content\/uploads\/2023\/08\/25-1-300x300.jpg",300,300,true],"woocommerce_single":["https:\/\/suncasesupply.com\/wp-content\/uploads\/2023\/08\/25-1-600x601.jpg",600,601,true],"woocommerce_gallery_thumbnail":["https:\/\/suncasesupply.com\/wp-content\/uploads\/2023\/08\/25-1-100x100.jpg",100,100,true]},"post_excerpt_stackable":"<p>Model : Z18<\/p>\n<p>Size: 40 x 31 x 32 cm<\/p>\n<p>MOQ: 100pcs<\/p>\n<p>Delivery Time : 15-25 Days<\/p>\n<p>Sample : Available<\/p>\n","category_list":"","author_info":{"name":"","url":""},"comments_num":"0 comentarios","_links":{"self":[{"href":"https:\/\/suncasesupply.com\/es\/wp-json\/wp\/v2\/product\/21111"}],"collection":[{"href":"https:\/\/suncasesupply.com\/es\/wp-json\/wp\/v2\/product"}],"about":[{"href":"https:\/\/suncasesupply.com\/es\/wp-json\/wp\/v2\/types\/product"}],"wp:featuredmedia":[{"embeddable":true,"href":"https:\/\/suncasesupply.com\/es\/wp-json\/wp\/v2\/media\/21112"}],"wp:attachment":[{"href":"https:\/\/suncasesupply.com\/es\/wp-json\/wp\/v2\/media?parent=21111"}],"wp:term":[{"taxonomy":"product_cat","embeddable":true,"href":"https:\/\/suncasesupply.com\/es\/wp-json\/wp\/v2\/product_cat?post=21111"},{"taxonomy":"product_tag","embeddable":true,"href":"https:\/\/suncasesupply.com\/es\/wp-json\/wp\/v2\/product_tag?post=21111"}],"curies":[{"name":"wp","href":"https:\/\/api.w.org\/{rel}","templated":true}]}}