{"id":21013,"date":"2023-08-28T11:24:19","date_gmt":"2023-08-28T03:24:19","guid":{"rendered":"https:\/\/suncasesupply.com\/?post_type=product&#038;p=21013"},"modified":"2025-02-20T09:54:19","modified_gmt":"2025-02-20T01:54:19","slug":"aluminum-hard-case-camera-case-with-foam-for-cameraequipment","status":"publish","type":"product","link":"https:\/\/suncasesupply.com\/es\/product\/aluminum-hard-case-camera-case-with-foam-for-cameraequipment\/","title":{"rendered":"Estuche r\u00edgido de aluminio para c\u00e1mara con espuma para c\u00e1mara, equipo"},"content":{"rendered":"<p>&nbsp;<\/p>\n<table width=\"774\">\n<tbody>\n<tr>\n<td width=\"177\">Art\u00edculo<\/td>\n<td width=\"597\">Caja de aluminio<\/td>\n<\/tr>\n<tr>\n<td>Dimensi\u00f3n<\/td>\n<td>406*305*152mm o personalizar<\/td>\n<\/tr>\n<tr>\n<td>Colores<\/td>\n<td>Como muestran las im\u00e1genes o personalizar<\/td>\n<\/tr>\n<tr>\n<td>Materiales<\/td>\n<td>Aluminio, panel de ABS, tablero de MDF, forro de EVA\/espuma\/tela\/PU, herrajes<\/td>\n<\/tr>\n<tr>\n<td>Logo<\/td>\n<td>Logotipo de placa de metal, logotipo impreso, logotipo en relieve, logotipo l\u00e1ser<\/td>\n<\/tr>\n<tr>\n<td>tiempo de muestra<\/td>\n<td>7 d\u00edas<\/td>\n<\/tr>\n<tr>\n<td>Puerto de embarque<\/td>\n<td>Cant\u00f3n, Shenzhen<\/td>\n<\/tr>\n<tr>\n<td>T\u00e9rminos comerciales<\/td>\n<td>EXW, MANDO, CIF, DDU, DDP<\/td>\n<\/tr>\n<tr>\n<td>M\u00e9todos de pago<\/td>\n<td>T\/T, Efectivo, PayPal, Tarjeta de cr\u00e9dito<\/td>\n<\/tr>\n<\/tbody>\n<\/table>\n<p><span style=\"color: #003366;\">Caracter\u00edsticas:<\/span><\/p>\n<p>El marco de la caja est\u00e1 hecho de aleaci\u00f3n de aluminio con la parte central construida con tablero ign\u00edfugo, lo que proporciona durabilidad y resistencia al impacto. Caja de BLOQUEO con 2 pestillos y un asa de goma, f\u00e1cil de llevar a cualquier lugar. La funda protectora resistente al agua protege objetos de valor y rompibles contra la exposici\u00f3n accidental a la humedad<br \/>\nAlmacenamiento de maletero de carga de caja seca resistente al agua para acampar, viajar, campo a trav\u00e9s, por tierra<br \/>\nEl estuche r\u00edgido ofrece durabilidad a prueba de golpes y caracter\u00edsticas exclusivas \u00fanicas que son perfectas para proteger equipos en industrias como fotograf\u00eda, drones a\u00e9reos, computadoras port\u00e1tiles, herramientas, m\u00fasica y medicina.<br \/>\nALMACENAMIENTO PERSONALIZADO: cada estuche r\u00edgido impermeable ofrece 3 capas de espuma para recoger y arrancar. Arranca los cubos precortados para personalizar el ajuste espec\u00edficamente para tu equipo.<\/p>","protected":false},"excerpt":{"rendered":"<p>Modelo : SC-0019<\/p>\n<p>Tama\u00f1o: 406*305*152mm<\/p>\n<p>Cantidad m\u00ednima de pedido: 100 piezas<\/p>\n<p>Tiempo de entrega: 15-25 d\u00edas<\/p>\n<p>Muestra: Disponible<\/p>","protected":false},"featured_media":21016,"template":"","meta":{"_gspb_post_css":""},"product_cat":[42,80],"product_tag":[],"featured_image_urls":{"full":["https:\/\/suncasesupply.com\/wp-content\/uploads\/2023\/08\/81iPaYZtHL._AC_SL1500_.jpg",1415,1390,false],"thumbnail":["https:\/\/suncasesupply.com\/wp-content\/uploads\/2023\/08\/81iPaYZtHL._AC_SL1500_-150x150.jpg",150,150,true],"medium":["https:\/\/suncasesupply.com\/wp-content\/uploads\/2023\/08\/81iPaYZtHL._AC_SL1500_-300x295.jpg",300,295,true],"medium_large":["https:\/\/suncasesupply.com\/wp-content\/uploads\/2023\/08\/81iPaYZtHL._AC_SL1500_-768x754.jpg",768,754,true],"large":["https:\/\/suncasesupply.com\/wp-content\/uploads\/2023\/08\/81iPaYZtHL._AC_SL1500_-1024x1006.jpg",1024,1006,true],"1536x1536":["https:\/\/suncasesupply.com\/wp-content\/uploads\/2023\/08\/81iPaYZtHL._AC_SL1500_.jpg",1415,1390,false],"2048x2048":["https:\/\/suncasesupply.com\/wp-content\/uploads\/2023\/08\/81iPaYZtHL._AC_SL1500_.jpg",1415,1390,false],"trp-custom-language-flag":["https:\/\/suncasesupply.com\/wp-content\/uploads\/2023\/08\/81iPaYZtHL._AC_SL1500_.jpg",12,12,false],"woocommerce_thumbnail":["https:\/\/suncasesupply.com\/wp-content\/uploads\/2023\/08\/81iPaYZtHL._AC_SL1500_-300x300.jpg",300,300,true],"woocommerce_single":["https:\/\/suncasesupply.com\/wp-content\/uploads\/2023\/08\/81iPaYZtHL._AC_SL1500_-600x589.jpg",600,589,true],"woocommerce_gallery_thumbnail":["https:\/\/suncasesupply.com\/wp-content\/uploads\/2023\/08\/81iPaYZtHL._AC_SL1500_-100x100.jpg",100,100,true]},"post_excerpt_stackable":"<p>Model : SC-0019<\/p>\n<p>Size: \u00a0406*305*152mm<\/p>\n<p>MOQ: 100pcs<\/p>\n<p>Delivery Time : 15-25 Days<\/p>\n<p>Sample : Available<\/p>\n","category_list":"","author_info":{"name":"","url":""},"comments_num":"0 comentarios","_links":{"self":[{"href":"https:\/\/suncasesupply.com\/es\/wp-json\/wp\/v2\/product\/21013"}],"collection":[{"href":"https:\/\/suncasesupply.com\/es\/wp-json\/wp\/v2\/product"}],"about":[{"href":"https:\/\/suncasesupply.com\/es\/wp-json\/wp\/v2\/types\/product"}],"wp:featuredmedia":[{"embeddable":true,"href":"https:\/\/suncasesupply.com\/es\/wp-json\/wp\/v2\/media\/21016"}],"wp:attachment":[{"href":"https:\/\/suncasesupply.com\/es\/wp-json\/wp\/v2\/media?parent=21013"}],"wp:term":[{"taxonomy":"product_cat","embeddable":true,"href":"https:\/\/suncasesupply.com\/es\/wp-json\/wp\/v2\/product_cat?post=21013"},{"taxonomy":"product_tag","embeddable":true,"href":"https:\/\/suncasesupply.com\/es\/wp-json\/wp\/v2\/product_tag?post=21013"}],"curies":[{"name":"wp","href":"https:\/\/api.w.org\/{rel}","templated":true}]}}