{"id":21002,"date":"2023-08-28T11:21:16","date_gmt":"2023-08-28T03:21:16","guid":{"rendered":"https:\/\/suncasesupply.com\/?post_type=product&#038;p=21002"},"modified":"2025-05-22T15:19:27","modified_gmt":"2025-05-22T07:19:27","slug":"grooming-strorage-case-box-for-riding-horse-tools","status":"publish","type":"product","link":"https:\/\/suncasesupply.com\/es\/product\/grooming-strorage-case-box-for-riding-horse-tools\/","title":{"rendered":"Caja de almacenamiento de aseo para herramientas de montar a caballo"},"content":{"rendered":"<h4><span style=\"color: #003366;\">Caracter\u00edsticas:<\/span><\/h4>\n<p>1. Almacenamiento de equipo para caballos<br \/>\ncomo por ejemplo silla de montar, manta de silla de montar, faja abdominal, etc.<\/p>\n<p>2. Transporte conveniente<br \/>\nLigero: el aluminio es m\u00e1s liviano que las cajas de madera tradicionales, lo que lo hace c\u00f3modo de transportar o trasladar en autom\u00f3vil.<br \/>\nRobustez: antiimpacto, adecuado para transporte de larga distancia o competiciones de campo.<\/p>\n<p>3. Funci\u00f3n de protecci\u00f3n<br \/>\nA prueba de humedad y \u00f3xido: las propiedades anticorrosivas del aluminio pueden evitar da\u00f1os al equipo met\u00e1lico del caballo (como el bocado) en un ambiente h\u00famedo.<br \/>\nLimpieza e higiene: El dise\u00f1o sellado reduce la contaminaci\u00f3n por polvo, lluvia o escombros en la granja de caballos.<\/p>\n<p>4. Durabilidad y mantenimiento<br \/>\nUso a largo plazo: el aluminio es resistente al desgaste y no se deforma f\u00e1cilmente, adecuado para uso de alta frecuencia.<br \/>\nF\u00e1cil de limpiar: las manchas de la superficie se pueden eliminar r\u00e1pidamente sin un mantenimiento complicado.<\/p>\n<h4><span style=\"color: #003366;\">Detalles del producto:<\/span><\/h4>\n<div style=\"display: flex; gap: 20px;\">\n<p><!-- \u7b2c\u4e00\u680f --><\/p>\n<div style=\"flex: 1; text-align: center;\">\n<p><img decoding=\"async\" style=\"max-width: 100%; height: auto; margin-bottom: 10px;\" src=\"https:\/\/suncasesupply.com\/wp-content\/uploads\/2025\/05\/strong-corner.jpg\" alt=\"Esquina fuerte\" \/><\/p>\n<p style=\"font-weight: bold; margin: 5px 0;\">Esquina duradera<\/p>\n<p style=\"margin: 0;\">Durante el apilamiento, manipulaci\u00f3n o transporte, las esquinas met\u00e1licas pueden soportar cierta presi\u00f3n y evitar que la caja se deforme, lo que es adecuado para el transporte de larga distancia o competiciones al aire libre.<\/p>\n<\/div>\n<p><!-- \u7b2c\u4e8c\u680f --><\/p>\n<div style=\"flex: 1; text-align: center;\">\n<p><img decoding=\"async\" style=\"max-width: 100%; height: auto; margin-bottom: 10px;\" src=\"https:\/\/suncasesupply.com\/wp-content\/uploads\/2025\/05\/removable-tray.jpg\" alt=\"bandeja extra\u00edble\" \/><\/p>\n<p style=\"font-weight: bold; margin: 5px 0;\">Bandeja extra\u00edble<\/p>\n<p style=\"margin: 0;\">La bandeja divide el espacio interior de la caja en capas, lo que facilita la colocaci\u00f3n de diferentes equipos para caballos (como bocados, bridas, aceite para cascos, etc.) de forma ordenada y ordenada. La bandeja es extra\u00edble para acomodar art\u00edculos de diferentes tama\u00f1os.<\/p>\n<\/div>\n<p><!-- \u7b2c\u4e09\u680f --><\/p>\n<div style=\"flex: 1; text-align: center;\">\n<p><img decoding=\"async\" style=\"max-width: 100%; height: auto; margin-bottom: 10px;\" src=\"https:\/\/suncasesupply.com\/wp-content\/uploads\/2025\/05\/locks-with-keys.jpg\" alt=\"Cerradura con llaves\" \/><\/p>\n<p style=\"font-weight: bold; margin: 5px 0;\">Cerradura con llaves<\/p>\n<p style=\"margin: 0;\">Cada cerradura viene con una llave para mantener seguros los valiosos equipos para caballos, como las sillas de montar personalizadas.<\/p>\n<\/div>\n<p><!-- \u7b2c\u56db\u680f --><\/p>\n<div style=\"flex: 1; text-align: center;\">\n<p><img decoding=\"async\" style=\"max-width: 100%; height: auto; margin-bottom: 10px;\" src=\"https:\/\/suncasesupply.com\/wp-content\/uploads\/2025\/05\/inner-dividers.jpg\" alt=\"divisores internos\" \/><\/p>\n<p style=\"font-weight: bold; margin: 5px 0;\">Divisores ajustables<\/p>\n<p style=\"margin: 0;\">Los divisores extra\u00edbles permiten ajustar el espacio seg\u00fan las necesidades y almacenar por separado el equipo con diferentes funciones (como bocado, riendas de agua, riendas, polainas, etc.) para evitar enredos y rozaduras. Los divisores estabilizan el equipo durante el transporte y reducen el desgaste causado por las vibraciones en el box.<\/p>\n<\/div>\n<\/div>\n<h4><span style=\"color: #003366;\">Proceso de fabricaci\u00f3n del estuche para el cuidado de caballos:<\/span><\/h4>\n<div style=\"display: flex; gap: 20px;\">\n<p><!-- \u7b2c\u4e00\u680f \u6d41\u7a0b1--><\/p>\n<div style=\"flex: 1; text-align: center;\">\n<p><img decoding=\"async\" style=\"max-width: 100%; height: auto; margin-bottom: 10px;\" src=\"https:\/\/suncasesupply.com\/wp-content\/uploads\/2024\/12\/1-Prepare-materials.webp\" alt=\"1-Preparar los materiales\" \/><\/p>\n<p style=\"font-weight: bold; margin: 5px 0;\">1. Preparar los materiales<\/p>\n<\/div>\n<p><!-- \u7b2c\u4e8c\u680f \u6d41\u7a0b2--><\/p>\n<div style=\"flex: 1; text-align: center;\">\n<p><img decoding=\"async\" style=\"max-width: 100%; height: auto; margin-bottom: 10px;\" src=\"https:\/\/suncasesupply.com\/wp-content\/uploads\/2024\/12\/2-Drill-Hole.webp\" alt=\"2 agujeros de perforaci\u00f3n\" \/><\/p>\n<p style=\"font-weight: bold; margin: 5px 0;\">2. Perforar un agujero<\/p>\n<\/div>\n<p><!-- \u7b2c\u4e09\u680f \u6d41\u7a0b3--><\/p>\n<div style=\"flex: 1; text-align: center;\">\n<p><img decoding=\"async\" style=\"max-width: 100%; height: auto; margin-bottom: 10px;\" src=\"https:\/\/suncasesupply.com\/wp-content\/uploads\/2024\/12\/3-Rivet.webp\" alt=\"3 remaches\" \/><\/p>\n<p style=\"font-weight: bold; margin: 5px 0;\">3. Remache<\/p>\n<\/div>\n<p><!-- \u7b2c\u56db\u680f \u6d41\u7a0b4--><\/p>\n<div style=\"flex: 1; text-align: center;\">\n<p><img decoding=\"async\" style=\"max-width: 100%; height: auto; margin-bottom: 10px;\" src=\"https:\/\/suncasesupply.com\/wp-content\/uploads\/2024\/12\/4-Assemble.webp\" alt=\"4-Montaje\" \/><\/p>\n<p style=\"font-weight: bold; margin: 5px 0;\">4. Ensamblar<\/p>\n<\/div>\n<\/div>\n<p>&nbsp;<\/p>\n<div style=\"display: flex; gap: 20px;\">\n<p><!-- \u7b2c\u4e00\u680f \u6d41\u7a0b5--><\/p>\n<div style=\"flex: 1; text-align: center;\">\n<p><img decoding=\"async\" style=\"max-width: 100%; height: auto; margin-bottom: 10px;\" src=\"https:\/\/suncasesupply.com\/wp-content\/uploads\/2024\/12\/5-glue-lining.webp\" alt=\"Forro de 5 pegamentos\" \/><\/p>\n<p style=\"font-weight: bold; margin: 5px 0;\">5. Forro de pegamento<\/p>\n<\/div>\n<p><!-- \u7b2c\u4e8c\u680f \u6d41\u7a0b6--><\/p>\n<div style=\"flex: 1; text-align: center;\">\n<p><img decoding=\"async\" style=\"max-width: 100%; height: auto; margin-bottom: 10px;\" src=\"https:\/\/suncasesupply.com\/wp-content\/uploads\/2024\/12\/6-Cleaning.webp\" alt=\"6-Limpieza\" \/><\/p>\n<p style=\"font-weight: bold; margin: 5px 0;\">6. Limpieza<\/p>\n<\/div>\n<p><!-- \u7b2c\u4e09\u680f \u6d41\u7a0b7--><\/p>\n<div style=\"flex: 1; text-align: center;\">\n<p><img decoding=\"async\" style=\"max-width: 100%; height: auto; margin-bottom: 10px;\" src=\"https:\/\/suncasesupply.com\/wp-content\/uploads\/2024\/12\/7-Package.webp\" alt=\"Paquete de 7\" \/><\/p>\n<p style=\"font-weight: bold; margin: 5px 0;\">7. Paquete<\/p>\n<\/div>\n<p><!-- \u7b2c\u56db\u680f \u6d41\u7a0b8--><\/p>\n<div style=\"flex: 1; text-align: center;\">\n<p><img decoding=\"async\" style=\"max-width: 100%; height: auto; margin-bottom: 10px;\" src=\"https:\/\/suncasesupply.com\/wp-content\/uploads\/2024\/12\/8-Loading.webp\" alt=\"8-Carga\" \/><\/p>\n<p style=\"font-weight: bold; margin: 5px 0;\">8. Cargando<\/p>\n<\/div>\n<\/div>\n<h4><span style=\"color: #003366;\">Informaci\u00f3n \u00fatil para compradores al por mayor:<\/span><\/h4>\n<p class=\"page-title\" title=\"Cajas para guardar tarjetas deportivas: la mejor manera de almacenar tarjetas deportivas\"><a href=\"https:\/\/suncasesupply.com\/es\/blog\/aluminum-horse-grooming-box\/top-3-picks-of-aluminum-groom-box-for-horses\/\">Las 3 mejores cajas de aluminio para caballos (2024)<\/a><\/p>\n<p title=\"Cajas para guardar tarjetas deportivas: la mejor manera de almacenar tarjetas deportivas\">2, <a href=\"https:\/\/suncasesupply.com\/es\/blog\/aluminum-horse-grooming-box\/how-to-choose-your-horse-grooming-box\/\">C\u00f3mo elegir un box de aluminio para el cuidado de caballos<\/a><\/p>","protected":false},"excerpt":{"rendered":"<p>Modelo : Z08<\/p>\n<p>Tama\u00f1o: 38x28x30cm<\/p>\n<p>Colores: Negro, azul, rosa o personalizar.<\/p>\n<p>Materiales: Aluminio, Panel ABS, Panel Acr\u00edlico<\/p>\n<p>Logotipo: Logotipo en placa de metal, logotipo en serigraf\u00eda.<\/p>\n<p>Cantidad m\u00ednima de pedido: 100 piezas<\/p>","protected":false},"featured_media":20993,"template":"","meta":{"_gspb_post_css":""},"product_cat":[86],"product_tag":[],"featured_image_urls":{"full":["https:\/\/suncasesupply.com\/wp-content\/uploads\/2023\/08\/3-2.png",800,800,false],"thumbnail":["https:\/\/suncasesupply.com\/wp-content\/uploads\/2023\/08\/3-2-150x150.png",150,150,true],"medium":["https:\/\/suncasesupply.com\/wp-content\/uploads\/2023\/08\/3-2-300x300.png",300,300,true],"medium_large":["https:\/\/suncasesupply.com\/wp-content\/uploads\/2023\/08\/3-2-768x768.png",768,768,true],"large":["https:\/\/suncasesupply.com\/wp-content\/uploads\/2023\/08\/3-2.png",800,800,false],"1536x1536":["https:\/\/suncasesupply.com\/wp-content\/uploads\/2023\/08\/3-2.png",800,800,false],"2048x2048":["https:\/\/suncasesupply.com\/wp-content\/uploads\/2023\/08\/3-2.png",800,800,false],"trp-custom-language-flag":["https:\/\/suncasesupply.com\/wp-content\/uploads\/2023\/08\/3-2.png",12,12,false],"woocommerce_thumbnail":["https:\/\/suncasesupply.com\/wp-content\/uploads\/2023\/08\/3-2-300x300.png",300,300,true],"woocommerce_single":["https:\/\/suncasesupply.com\/wp-content\/uploads\/2023\/08\/3-2-600x600.png",600,600,true],"woocommerce_gallery_thumbnail":["https:\/\/suncasesupply.com\/wp-content\/uploads\/2023\/08\/3-2-100x100.png",100,100,true]},"post_excerpt_stackable":"<p>Model : Z08<\/p>\n<p>Size: 38 x 28 x 30 cm<\/p>\n<p>Colors: Black, blue, pink or customize<\/p>\n<p>Materials: Aluminum, ABS panel, Acrylic Panel<\/p>\n<p>Logo: Metal plate logo, silk screen logo<\/p>\n<p>MOQ: 100pcs<\/p>\n","category_list":"","author_info":{"name":"","url":""},"comments_num":"0 comentarios","_links":{"self":[{"href":"https:\/\/suncasesupply.com\/es\/wp-json\/wp\/v2\/product\/21002"}],"collection":[{"href":"https:\/\/suncasesupply.com\/es\/wp-json\/wp\/v2\/product"}],"about":[{"href":"https:\/\/suncasesupply.com\/es\/wp-json\/wp\/v2\/types\/product"}],"wp:featuredmedia":[{"embeddable":true,"href":"https:\/\/suncasesupply.com\/es\/wp-json\/wp\/v2\/media\/20993"}],"wp:attachment":[{"href":"https:\/\/suncasesupply.com\/es\/wp-json\/wp\/v2\/media?parent=21002"}],"wp:term":[{"taxonomy":"product_cat","embeddable":true,"href":"https:\/\/suncasesupply.com\/es\/wp-json\/wp\/v2\/product_cat?post=21002"},{"taxonomy":"product_tag","embeddable":true,"href":"https:\/\/suncasesupply.com\/es\/wp-json\/wp\/v2\/product_tag?post=21002"}],"curies":[{"name":"wp","href":"https:\/\/api.w.org\/{rel}","templated":true}]}}