{"id":20986,"date":"2023-08-28T11:17:35","date_gmt":"2023-08-28T03:17:35","guid":{"rendered":"https:\/\/suncasesupply.com\/?post_type=product&#038;p=20986"},"modified":"2023-08-28T11:21:34","modified_gmt":"2023-08-28T03:21:34","slug":"custom-portable-hard-carrying-case-aluminum-storage-box","status":"publish","type":"product","link":"https:\/\/suncasesupply.com\/es\/product\/custom-portable-hard-carrying-case-aluminum-storage-box\/","title":{"rendered":"Caja de almacenamiento de aluminio con estuche r\u00edgido port\u00e1til personalizado"},"content":{"rendered":"<p>&nbsp;<\/p>\n<table width=\"774\">\n<tbody>\n<tr>\n<td width=\"177\">Art\u00edculo<\/td>\n<td width=\"597\">Caja de aluminio<\/td>\n<\/tr>\n<tr>\n<td>Dimensi\u00f3n<\/td>\n<td>41*22*32cm o personalizar<\/td>\n<\/tr>\n<tr>\n<td>Colores<\/td>\n<td>Como muestran las im\u00e1genes o personalizar<\/td>\n<\/tr>\n<tr>\n<td>Materiales<\/td>\n<td>Aluminio, panel de ABS, tablero de MDF, forro de EVA\/espuma\/tela\/PU, herrajes<\/td>\n<\/tr>\n<tr>\n<td>Logo<\/td>\n<td>Logotipo de placa de metal, logotipo impreso, logotipo en relieve, logotipo l\u00e1ser<\/td>\n<\/tr>\n<tr>\n<td>tiempo de muestra<\/td>\n<td>7 d\u00edas<\/td>\n<\/tr>\n<tr>\n<td>Puerto de embarque<\/td>\n<td>Cant\u00f3n, Shenzhen<\/td>\n<\/tr>\n<tr>\n<td>T\u00e9rminos comerciales<\/td>\n<td>EXW, MANDO, CIF, DDU, DDP<\/td>\n<\/tr>\n<tr>\n<td>M\u00e9todos de pago<\/td>\n<td>T\/T, Efectivo, PayPal, Tarjeta de cr\u00e9dito<\/td>\n<\/tr>\n<\/tbody>\n<\/table>\n<p><span style=\"color: #003366;\">Caracter\u00edsticas:<\/span><\/p>\n<p>Nuestro estuche de transporte resistente y duradero tiene un exterior de aleaci\u00f3n de aluminio duro, que puede proteger eficazmente sus art\u00edculos contra da\u00f1os. y el color negro hacen que este estuche de aleaci\u00f3n de aluminio sea elegante y de alta gama.<br \/>\nEstuche de espuma personalizable El estuche de transporte cuenta con tres capas de espuma personalizable cortada previamente en cubitos para rasgar la espuma. Puedes rasgar la espuma de acuerdo con el tama\u00f1o de colocaci\u00f3n del art\u00edculo y crear la forma que necesites.<br \/>\nNuestros estuches est\u00e1n equipados con llaves para brindar mayor seguridad a sus objetos de valor. Puede colocar su micr\u00f3fono, micr\u00f3fono inal\u00e1mbrico, micr\u00f3fono con tarjeta de sonido, equipo profesional, lentes, drones, pistolas, equipo t\u00e1ctico, etc. en esta caja para transportarlo f\u00e1cilmente cuando salga.<\/p>","protected":false},"excerpt":{"rendered":"<p>Modelo: SC-0018<\/p>\n<p>Tama\u00f1o: 41*22*32cm<\/p>\n<p>MOQ: MOQ bajo aceptable<\/p>\n<p>Tiempo de entrega: 15-25 d\u00edas<\/p>\n<p>Muestra: Disponible<\/p>","protected":false},"featured_media":20996,"template":"","meta":{"_gspb_post_css":""},"product_cat":[42],"product_tag":[],"featured_image_urls":{"full":["https:\/\/suncasesupply.com\/wp-content\/uploads\/2023\/08\/1-50-scaled.jpg",2560,2560,false],"thumbnail":["https:\/\/suncasesupply.com\/wp-content\/uploads\/2023\/08\/1-50-150x150.jpg",150,150,true],"medium":["https:\/\/suncasesupply.com\/wp-content\/uploads\/2023\/08\/1-50-300x300.jpg",300,300,true],"medium_large":["https:\/\/suncasesupply.com\/wp-content\/uploads\/2023\/08\/1-50-768x768.jpg",768,768,true],"large":["https:\/\/suncasesupply.com\/wp-content\/uploads\/2023\/08\/1-50-1024x1024.jpg",1024,1024,true],"1536x1536":["https:\/\/suncasesupply.com\/wp-content\/uploads\/2023\/08\/1-50-1536x1536.jpg",1536,1536,true],"2048x2048":["https:\/\/suncasesupply.com\/wp-content\/uploads\/2023\/08\/1-50-2048x2048.jpg",2048,2048,true],"trp-custom-language-flag":["https:\/\/suncasesupply.com\/wp-content\/uploads\/2023\/08\/1-50-scaled.jpg",12,12,false],"woocommerce_thumbnail":["https:\/\/suncasesupply.com\/wp-content\/uploads\/2023\/08\/1-50-300x300.jpg",300,300,true],"woocommerce_single":["https:\/\/suncasesupply.com\/wp-content\/uploads\/2023\/08\/1-50-600x600.jpg",600,600,true],"woocommerce_gallery_thumbnail":["https:\/\/suncasesupply.com\/wp-content\/uploads\/2023\/08\/1-50-100x100.jpg",100,100,true]},"post_excerpt_stackable":"<p>Model : SC-0018<\/p>\n<p>Size: 41*22*32cm<\/p>\n<p>MOQ: Low MOQ acceptable<\/p>\n<p>Delivery Time : 15-25 Days<\/p>\n<p>Sample : Available<\/p>\n","category_list":"","author_info":{"name":"","url":""},"comments_num":"0 comentarios","_links":{"self":[{"href":"https:\/\/suncasesupply.com\/es\/wp-json\/wp\/v2\/product\/20986"}],"collection":[{"href":"https:\/\/suncasesupply.com\/es\/wp-json\/wp\/v2\/product"}],"about":[{"href":"https:\/\/suncasesupply.com\/es\/wp-json\/wp\/v2\/types\/product"}],"wp:featuredmedia":[{"embeddable":true,"href":"https:\/\/suncasesupply.com\/es\/wp-json\/wp\/v2\/media\/20996"}],"wp:attachment":[{"href":"https:\/\/suncasesupply.com\/es\/wp-json\/wp\/v2\/media?parent=20986"}],"wp:term":[{"taxonomy":"product_cat","embeddable":true,"href":"https:\/\/suncasesupply.com\/es\/wp-json\/wp\/v2\/product_cat?post=20986"},{"taxonomy":"product_tag","embeddable":true,"href":"https:\/\/suncasesupply.com\/es\/wp-json\/wp\/v2\/product_tag?post=20986"}],"curies":[{"name":"wp","href":"https:\/\/api.w.org\/{rel}","templated":true}]}}