{"id":20926,"date":"2023-08-28T10:46:59","date_gmt":"2023-08-28T02:46:59","guid":{"rendered":"https:\/\/suncasesupply.com\/?post_type=product&#038;p=20926"},"modified":"2025-02-20T15:01:09","modified_gmt":"2025-02-20T07:01:09","slug":"sturdy-aluminium-case-tool-box-tool-trolley-aluminum-tool-case-with-wheels","status":"publish","type":"product","link":"https:\/\/suncasesupply.com\/es\/product\/sturdy-aluminium-case-tool-box-tool-trolley-aluminum-tool-case-with-wheels\/","title":{"rendered":"Caja de herramientas de aluminio resistente, caja de herramientas, carrito de herramientas, caja de herramientas de aluminio con ruedas"},"content":{"rendered":"<p>&nbsp;<\/p>\n<table width=\"774\">\n<tbody>\n<tr>\n<td width=\"177\">Art\u00edculo<\/td>\n<td width=\"597\">Caja de herramientas de aluminio con ruedas<\/td>\n<\/tr>\n<tr>\n<td>Dimensi\u00f3n<\/td>\n<td>49 x 35 x 19 cm o personalizar<\/td>\n<\/tr>\n<tr>\n<td>Colores<\/td>\n<td>Como muestran las im\u00e1genes o personalizar<\/td>\n<\/tr>\n<tr>\n<td>Materiales<\/td>\n<td>Aluminio, panel de ABS, tablero de MDF, forro de EVA\/espuma\/tela\/PU, herrajes<\/td>\n<\/tr>\n<tr>\n<td>Logo<\/td>\n<td>Logotipo de placa de metal, logotipo impreso, logotipo en relieve, logotipo l\u00e1ser<\/td>\n<\/tr>\n<tr>\n<td>tiempo de muestra<\/td>\n<td>7 d\u00edas<\/td>\n<\/tr>\n<tr>\n<td>Puerto de embarque<\/td>\n<td>Cant\u00f3n, Shenzhen<\/td>\n<\/tr>\n<tr>\n<td>T\u00e9rminos comerciales<\/td>\n<td>EXW, MANDO, CIF, DDU, DDP<\/td>\n<\/tr>\n<tr>\n<td>M\u00e9todos de pago<\/td>\n<td>T\/T, Efectivo, PayPal, Tarjeta de cr\u00e9dito<\/td>\n<\/tr>\n<\/tbody>\n<\/table>\n<p><span style=\"color: #003366;\">Caracter\u00edsticas:<\/span><\/p>\n<p>Uso flexible: para guardar herramientas, aparatos de medici\u00f3n o piezas peque\u00f1as, para guardar equipos fotogr\u00e1ficos o dispositivos electr\u00f3nicos, ideal para guardar destornilladores inal\u00e1mbricos, etc.<br \/>\nMucho espacio de almacenamiento.<br \/>\nTransporte c\u00f3modo.<\/p>","protected":false},"excerpt":{"rendered":"<p>Modelo: BL-0007<\/p>\n<p>Tama\u00f1o: 45x35x19cm<\/p>\n<p>Cantidad m\u00ednima de pedido: 100 piezas<\/p>\n<p>Tiempo de entrega: 15-25 d\u00edas<\/p>\n<p>Muestra: Disponible<\/p>","protected":false},"featured_media":20927,"template":"","meta":{"_gspb_post_css":""},"product_cat":[81],"product_tag":[],"featured_image_urls":{"full":["https:\/\/suncasesupply.com\/wp-content\/uploads\/2023\/08\/3-5-2.jpg",800,800,false],"thumbnail":["https:\/\/suncasesupply.com\/wp-content\/uploads\/2023\/08\/3-5-2-150x150.jpg",150,150,true],"medium":["https:\/\/suncasesupply.com\/wp-content\/uploads\/2023\/08\/3-5-2-300x300.jpg",300,300,true],"medium_large":["https:\/\/suncasesupply.com\/wp-content\/uploads\/2023\/08\/3-5-2-768x768.jpg",768,768,true],"large":["https:\/\/suncasesupply.com\/wp-content\/uploads\/2023\/08\/3-5-2.jpg",800,800,false],"1536x1536":["https:\/\/suncasesupply.com\/wp-content\/uploads\/2023\/08\/3-5-2.jpg",800,800,false],"2048x2048":["https:\/\/suncasesupply.com\/wp-content\/uploads\/2023\/08\/3-5-2.jpg",800,800,false],"trp-custom-language-flag":["https:\/\/suncasesupply.com\/wp-content\/uploads\/2023\/08\/3-5-2.jpg",12,12,false],"woocommerce_thumbnail":["https:\/\/suncasesupply.com\/wp-content\/uploads\/2023\/08\/3-5-2-300x300.jpg",300,300,true],"woocommerce_single":["https:\/\/suncasesupply.com\/wp-content\/uploads\/2023\/08\/3-5-2-600x600.jpg",600,600,true],"woocommerce_gallery_thumbnail":["https:\/\/suncasesupply.com\/wp-content\/uploads\/2023\/08\/3-5-2-100x100.jpg",100,100,true]},"post_excerpt_stackable":"<p>Model : BL-0007<\/p>\n<p>Size:\u00a0 45 x 35 x 19cm<\/p>\n<p>MOQ: 100pcs<\/p>\n<p>Delivery Time : 15-25 Days<\/p>\n<p>Sample : Available<\/p>\n","category_list":"","author_info":{"name":"","url":""},"comments_num":"0 comentarios","_links":{"self":[{"href":"https:\/\/suncasesupply.com\/es\/wp-json\/wp\/v2\/product\/20926"}],"collection":[{"href":"https:\/\/suncasesupply.com\/es\/wp-json\/wp\/v2\/product"}],"about":[{"href":"https:\/\/suncasesupply.com\/es\/wp-json\/wp\/v2\/types\/product"}],"wp:featuredmedia":[{"embeddable":true,"href":"https:\/\/suncasesupply.com\/es\/wp-json\/wp\/v2\/media\/20927"}],"wp:attachment":[{"href":"https:\/\/suncasesupply.com\/es\/wp-json\/wp\/v2\/media?parent=20926"}],"wp:term":[{"taxonomy":"product_cat","embeddable":true,"href":"https:\/\/suncasesupply.com\/es\/wp-json\/wp\/v2\/product_cat?post=20926"},{"taxonomy":"product_tag","embeddable":true,"href":"https:\/\/suncasesupply.com\/es\/wp-json\/wp\/v2\/product_tag?post=20926"}],"curies":[{"name":"wp","href":"https:\/\/api.w.org\/{rel}","templated":true}]}}