{"id":20805,"date":"2023-08-25T17:06:25","date_gmt":"2023-08-25T09:06:25","guid":{"rendered":"https:\/\/suncasesupply.com\/?post_type=product&#038;p=20805"},"modified":"2025-02-20T09:58:28","modified_gmt":"2025-02-20T01:58:28","slug":"aluminum-case-for-m150-microscopes-custom-aluminum-case","status":"publish","type":"product","link":"https:\/\/suncasesupply.com\/es\/product\/aluminum-case-for-m150-microscopes-custom-aluminum-case\/","title":{"rendered":"Estuche de aluminio para microscopios M150 Estuche de aluminio personalizado"},"content":{"rendered":"<p>&nbsp;<\/p>\n<table width=\"774\">\n<tbody>\n<tr>\n<td width=\"177\">Art\u00edculo<\/td>\n<td width=\"597\">Caja de aluminio<\/td>\n<\/tr>\n<tr>\n<td>Dimensi\u00f3n<\/td>\n<td>38*26*17cm o personalizar<\/td>\n<\/tr>\n<tr>\n<td>Colores<\/td>\n<td>Como muestran las im\u00e1genes o personalizar<\/td>\n<\/tr>\n<tr>\n<td>Materiales<\/td>\n<td>Aluminio, panel de ABS, tablero de MDF, forro de EVA\/espuma\/tela\/PU, herrajes<\/td>\n<\/tr>\n<tr>\n<td>Logo<\/td>\n<td>Logotipo de placa de metal, logotipo impreso, logotipo en relieve, logotipo l\u00e1ser<\/td>\n<\/tr>\n<tr>\n<td>tiempo de muestra<\/td>\n<td>7 d\u00edas<\/td>\n<\/tr>\n<tr>\n<td>Puerto de embarque<\/td>\n<td>Cant\u00f3n, Shenzhen<\/td>\n<\/tr>\n<tr>\n<td>T\u00e9rminos comerciales<\/td>\n<td>EXW, MANDO, CIF, DDU, DDP<\/td>\n<\/tr>\n<tr>\n<td>M\u00e9todos de pago<\/td>\n<td>T\/T, Efectivo, PayPal, Tarjeta de cr\u00e9dito<\/td>\n<\/tr>\n<\/tbody>\n<\/table>\n<p><span style=\"color: #003366;\">Caracter\u00edsticas:<\/span><\/p>\n<p>Este estuche resistente y de panel r\u00edgido est\u00e1 dise\u00f1ado para proteger su microscopio de impactos y elementos. El interior de espuma extra\u00edble troquelada proporciona un ajuste personalizado con un amplio acolchado para los microscopios compuestos AmScope M150. Esto garantiza una protecci\u00f3n y comodidad \u00f3ptimas al empacar o recuperar su microscopio. El escenario y la torreta permanecer\u00e1n seguros, evitando tensiones indebidas en el instrumento durante el transporte. Se proporcionan ranuras adicionales para varios accesorios.<\/p>","protected":false},"excerpt":{"rendered":"<p>Modelo: SC-0012<\/p>\n<p>Tama\u00f1o: 38*26*17cm<\/p>\n<p>Cantidad m\u00ednima de pedido: 100 piezas<\/p>\n<p>Tiempo de entrega: 15-25 d\u00edas<\/p>\n<p>Muestra: Disponible<\/p>","protected":false},"featured_media":20806,"template":"","meta":{"_gspb_post_css":""},"product_cat":[42,80],"product_tag":[],"featured_image_urls":{"full":["https:\/\/suncasesupply.com\/wp-content\/uploads\/2023\/08\/aluminum-microscope-case-ac-m150-01_1800x-e1714112133517.webp",600,600,false],"thumbnail":["https:\/\/suncasesupply.com\/wp-content\/uploads\/2023\/08\/aluminum-microscope-case-ac-m150-01_1800x-e1714112133517-150x150.webp",150,150,true],"medium":["https:\/\/suncasesupply.com\/wp-content\/uploads\/2023\/08\/aluminum-microscope-case-ac-m150-01_1800x-e1714112133517-300x300.webp",300,300,true],"medium_large":["https:\/\/suncasesupply.com\/wp-content\/uploads\/2023\/08\/aluminum-microscope-case-ac-m150-01_1800x-e1714112121475-768x768.webp",768,768,true],"large":["https:\/\/suncasesupply.com\/wp-content\/uploads\/2023\/08\/aluminum-microscope-case-ac-m150-01_1800x-1024x1024.webp",1024,1024,true],"1536x1536":["https:\/\/suncasesupply.com\/wp-content\/uploads\/2023\/08\/aluminum-microscope-case-ac-m150-01_1800x-e1714112133517.webp",600,600,false],"2048x2048":["https:\/\/suncasesupply.com\/wp-content\/uploads\/2023\/08\/aluminum-microscope-case-ac-m150-01_1800x-e1714112133517.webp",600,600,false],"trp-custom-language-flag":["https:\/\/suncasesupply.com\/wp-content\/uploads\/2023\/08\/aluminum-microscope-case-ac-m150-01_1800x-e1714112133517-12x12.webp",12,12,true],"woocommerce_thumbnail":["https:\/\/suncasesupply.com\/wp-content\/uploads\/2023\/08\/aluminum-microscope-case-ac-m150-01_1800x-e1714112133517-300x300.webp",300,300,true],"woocommerce_single":["https:\/\/suncasesupply.com\/wp-content\/uploads\/2023\/08\/aluminum-microscope-case-ac-m150-01_1800x-e1714112121475-600x600.webp",600,600,true],"woocommerce_gallery_thumbnail":["https:\/\/suncasesupply.com\/wp-content\/uploads\/2023\/08\/aluminum-microscope-case-ac-m150-01_1800x-e1714112133517-100x100.webp",100,100,true]},"post_excerpt_stackable":"<p>Model : SC-0012<\/p>\n<p>Size: \u00a038*26*17cm<\/p>\n<p>MOQ: 100pcs<\/p>\n<p>Delivery Time : 15-25 Days<\/p>\n<p>Sample : Available<\/p>\n","category_list":"","author_info":{"name":"","url":""},"comments_num":"0 comentarios","_links":{"self":[{"href":"https:\/\/suncasesupply.com\/es\/wp-json\/wp\/v2\/product\/20805"}],"collection":[{"href":"https:\/\/suncasesupply.com\/es\/wp-json\/wp\/v2\/product"}],"about":[{"href":"https:\/\/suncasesupply.com\/es\/wp-json\/wp\/v2\/types\/product"}],"wp:featuredmedia":[{"embeddable":true,"href":"https:\/\/suncasesupply.com\/es\/wp-json\/wp\/v2\/media\/20806"}],"wp:attachment":[{"href":"https:\/\/suncasesupply.com\/es\/wp-json\/wp\/v2\/media?parent=20805"}],"wp:term":[{"taxonomy":"product_cat","embeddable":true,"href":"https:\/\/suncasesupply.com\/es\/wp-json\/wp\/v2\/product_cat?post=20805"},{"taxonomy":"product_tag","embeddable":true,"href":"https:\/\/suncasesupply.com\/es\/wp-json\/wp\/v2\/product_tag?post=20805"}],"curies":[{"name":"wp","href":"https:\/\/api.w.org\/{rel}","templated":true}]}}