{"id":20763,"date":"2023-08-25T16:01:52","date_gmt":"2023-08-25T08:01:52","guid":{"rendered":"https:\/\/suncasesupply.com\/?post_type=product&#038;p=20763"},"modified":"2025-02-26T11:28:11","modified_gmt":"2025-02-26T03:28:11","slug":"professional-rolling-makeup-case-nail-beauty-travel-case","status":"publish","type":"product","link":"https:\/\/suncasesupply.com\/es\/product\/professional-rolling-makeup-case-nail-beauty-travel-case\/","title":{"rendered":"Estuche de maquillaje profesional con ruedas Estuche de viaje para belleza de u\u00f1as"},"content":{"rendered":"<p>&nbsp;<\/p>\n<table width=\"774\">\n<tbody>\n<tr>\n<td width=\"177\">Art\u00edculo<\/td>\n<td width=\"597\">Estuche de maquillaje con ruedas<\/td>\n<\/tr>\n<tr>\n<td>Dimensi\u00f3n<\/td>\n<td>37*23*49cm o personalizar<\/td>\n<\/tr>\n<tr>\n<td>Colores<\/td>\n<td>Como muestran las im\u00e1genes o personalizar<\/td>\n<\/tr>\n<tr>\n<td>Materiales<\/td>\n<td>Aluminio, panel de ABS, tablero de MDF, forro de EVA\/espuma\/tela\/PU, herrajes<\/td>\n<\/tr>\n<tr>\n<td>Logo<\/td>\n<td>Logotipo de placa de metal, logotipo impreso, logotipo en relieve, logotipo l\u00e1ser<\/td>\n<\/tr>\n<tr>\n<td>tiempo de muestra<\/td>\n<td>7 d\u00edas<\/td>\n<\/tr>\n<tr>\n<td>Puerto de embarque<\/td>\n<td>Cant\u00f3n, Shenzhen<\/td>\n<\/tr>\n<tr>\n<td>T\u00e9rminos comerciales<\/td>\n<td>EXW, MANDO, CIF, DDU, DDP<\/td>\n<\/tr>\n<tr>\n<td>M\u00e9todos de pago<\/td>\n<td>T\/T, Efectivo, PayPal, Tarjeta de cr\u00e9dito<\/td>\n<\/tr>\n<\/tbody>\n<\/table>\n<p><span style=\"color: #003366;\">Caracter\u00edsticas:<\/span><\/p>\n<p>Este carrito duradero est\u00e1 fabricado con una carcasa exterior de pl\u00e1stico de primera calidad, bordes y esquinas reforzados con aluminio y metal de grado A y herrajes met\u00e1licos de alta resistencia. Puede cambiar con tonos de color cuando capta la luz en diferentes \u00e1ngulos.<\/p>\n<p>La diapositiva es f\u00e1cil de extender y cerrar, mientras que no se desliza hacia afuera cuando no est\u00e1 en uso ya que la conexi\u00f3n es estable. Las bandejas de 3 niveles con rollos de anillos y divisor cruzado te ayudan a organizar los accesorios de joyer\u00eda, la colecci\u00f3n de l\u00e1pices labiales, la paleta peque\u00f1a y los pinceles. La bandeja separada tiene una esponja extra\u00edble que puede sostener el esmalte de u\u00f1as en posici\u00f3n vertical o almacenar frascos de loci\u00f3n sin la esponja.<br \/>\nLa bandeja central separada con deflector extra\u00edble combina perfectamente. Seg\u00fan los diferentes tama\u00f1os de gadget, puedes organizar<\/p>\n<p>espacio, no solo elementos cuidadosamente colocados y se pueden fijar para evitar da\u00f1os por sacudidas y ca\u00eddas. Tambi\u00e9n hay un fondo grande que tiene un excelente almacenamiento para herramientas de peinado, cosm\u00e9ticos y herramientas para u\u00f1as. Perfecto para maquilladores profesionales, peluqueros, manicuristas, tatuadores o aquellos que tienen una monta\u00f1a de cosm\u00e9ticos.<\/p>","protected":false},"excerpt":{"rendered":"<p>Modelo: SC-RM0022<\/p>\n<p>Tama\u00f1o: 37*23*49cm<\/p>\n<p>Cantidad m\u00ednima de pedido: 50 piezas<\/p>\n<p>Tiempo de entrega: 15-25 d\u00edas<\/p>\n<p>Muestra: Disponible<\/p>","protected":false},"featured_media":20761,"template":"","meta":{"_gspb_post_css":""},"product_cat":[34,97],"product_tag":[],"featured_image_urls":{"full":["https:\/\/suncasesupply.com\/wp-content\/uploads\/2023\/08\/Women-Large-Makeup-Box-Professional-Nail-Cosmetic-Case-Make-Up-Trolley-Suitcase.jpg_220x220.jpg_-4.webp",220,220,false],"thumbnail":["https:\/\/suncasesupply.com\/wp-content\/uploads\/2023\/08\/Women-Large-Makeup-Box-Professional-Nail-Cosmetic-Case-Make-Up-Trolley-Suitcase.jpg_220x220.jpg_-4-150x150.webp",150,150,true],"medium":["https:\/\/suncasesupply.com\/wp-content\/uploads\/2023\/08\/Women-Large-Makeup-Box-Professional-Nail-Cosmetic-Case-Make-Up-Trolley-Suitcase.jpg_220x220.jpg_-4.webp",220,220,false],"medium_large":["https:\/\/suncasesupply.com\/wp-content\/uploads\/2023\/08\/Women-Large-Makeup-Box-Professional-Nail-Cosmetic-Case-Make-Up-Trolley-Suitcase.jpg_220x220.jpg_-4.webp",220,220,false],"large":["https:\/\/suncasesupply.com\/wp-content\/uploads\/2023\/08\/Women-Large-Makeup-Box-Professional-Nail-Cosmetic-Case-Make-Up-Trolley-Suitcase.jpg_220x220.jpg_-4.webp",220,220,false],"1536x1536":["https:\/\/suncasesupply.com\/wp-content\/uploads\/2023\/08\/Women-Large-Makeup-Box-Professional-Nail-Cosmetic-Case-Make-Up-Trolley-Suitcase.jpg_220x220.jpg_-4.webp",220,220,false],"2048x2048":["https:\/\/suncasesupply.com\/wp-content\/uploads\/2023\/08\/Women-Large-Makeup-Box-Professional-Nail-Cosmetic-Case-Make-Up-Trolley-Suitcase.jpg_220x220.jpg_-4.webp",220,220,false],"trp-custom-language-flag":["https:\/\/suncasesupply.com\/wp-content\/uploads\/2023\/08\/Women-Large-Makeup-Box-Professional-Nail-Cosmetic-Case-Make-Up-Trolley-Suitcase.jpg_220x220.jpg_-4.webp",12,12,false],"woocommerce_thumbnail":["https:\/\/suncasesupply.com\/wp-content\/uploads\/2023\/08\/Women-Large-Makeup-Box-Professional-Nail-Cosmetic-Case-Make-Up-Trolley-Suitcase.jpg_220x220.jpg_-4.webp",220,220,false],"woocommerce_single":["https:\/\/suncasesupply.com\/wp-content\/uploads\/2023\/08\/Women-Large-Makeup-Box-Professional-Nail-Cosmetic-Case-Make-Up-Trolley-Suitcase.jpg_220x220.jpg_-4.webp",220,220,false],"woocommerce_gallery_thumbnail":["https:\/\/suncasesupply.com\/wp-content\/uploads\/2023\/08\/Women-Large-Makeup-Box-Professional-Nail-Cosmetic-Case-Make-Up-Trolley-Suitcase.jpg_220x220.jpg_-4-100x100.webp",100,100,true]},"post_excerpt_stackable":"<p>Model : SC-RM0022<\/p>\n<p>Size: \u00a037*23*49cm<\/p>\n<p>MOQ: 50pcs<\/p>\n<p>Delivery Time : 15-25 Days<\/p>\n<p>Sample : Available<\/p>\n","category_list":"","author_info":{"name":"","url":""},"comments_num":"0 comentarios","_links":{"self":[{"href":"https:\/\/suncasesupply.com\/es\/wp-json\/wp\/v2\/product\/20763"}],"collection":[{"href":"https:\/\/suncasesupply.com\/es\/wp-json\/wp\/v2\/product"}],"about":[{"href":"https:\/\/suncasesupply.com\/es\/wp-json\/wp\/v2\/types\/product"}],"wp:featuredmedia":[{"embeddable":true,"href":"https:\/\/suncasesupply.com\/es\/wp-json\/wp\/v2\/media\/20761"}],"wp:attachment":[{"href":"https:\/\/suncasesupply.com\/es\/wp-json\/wp\/v2\/media?parent=20763"}],"wp:term":[{"taxonomy":"product_cat","embeddable":true,"href":"https:\/\/suncasesupply.com\/es\/wp-json\/wp\/v2\/product_cat?post=20763"},{"taxonomy":"product_tag","embeddable":true,"href":"https:\/\/suncasesupply.com\/es\/wp-json\/wp\/v2\/product_tag?post=20763"}],"curies":[{"name":"wp","href":"https:\/\/api.w.org\/{rel}","templated":true}]}}