{"id":20752,"date":"2023-08-25T15:45:04","date_gmt":"2023-08-25T07:45:04","guid":{"rendered":"https:\/\/suncasesupply.com\/?post_type=product&#038;p=20752"},"modified":"2025-02-26T11:28:19","modified_gmt":"2025-02-26T03:28:19","slug":"large-trolley-cosmetic-case-new-rolling-luggage-multi-layer-trolley-makeup-box-beauty-tattoo-manicure-case","status":"publish","type":"product","link":"https:\/\/suncasesupply.com\/es\/product\/large-trolley-cosmetic-case-new-rolling-luggage-multi-layer-trolley-makeup-box-beauty-tattoo-manicure-case\/","title":{"rendered":"Estuche grande para cosm\u00e9ticos con ruedas, nuevo equipaje rodante, caja de maquillaje con ruedas multicapa, estuche para manicura y tatuajes de belleza"},"content":{"rendered":"<p>&nbsp;<\/p>\n<table width=\"774\">\n<tbody>\n<tr>\n<td width=\"177\">Art\u00edculo<\/td>\n<td width=\"597\">Estuche de maquillaje con ruedas<\/td>\n<\/tr>\n<tr>\n<td>Dimensi\u00f3n<\/td>\n<td>69*37*24,5 cm o personalizar<\/td>\n<\/tr>\n<tr>\n<td>Colores<\/td>\n<td>Como muestran las im\u00e1genes o personalizar<\/td>\n<\/tr>\n<tr>\n<td>Materiales<\/td>\n<td>Aluminio, panel de ABS, tablero de MDF, forro de EVA\/espuma\/tela\/PU, herrajes<\/td>\n<\/tr>\n<tr>\n<td>Logo<\/td>\n<td>Logotipo de placa de metal, logotipo impreso, logotipo en relieve, logotipo l\u00e1ser<\/td>\n<\/tr>\n<tr>\n<td>tiempo de muestra<\/td>\n<td>7 d\u00edas<\/td>\n<\/tr>\n<tr>\n<td>Puerto de embarque<\/td>\n<td>Cant\u00f3n, Shenzhen<\/td>\n<\/tr>\n<tr>\n<td>T\u00e9rminos comerciales<\/td>\n<td>EXW, MANDO, CIF, DDU, DDP<\/td>\n<\/tr>\n<tr>\n<td>M\u00e9todos de pago<\/td>\n<td>T\/T, Efectivo, PayPal, Tarjeta de cr\u00e9dito<\/td>\n<\/tr>\n<\/tbody>\n<\/table>\n<p><span style=\"color: #003366;\">Caracter\u00edsticas:<\/span><\/p>\n<p>Maleta de belleza: est\u00e1 hecha de materiales ecol\u00f3gicos de alta calidad, seguros y no t\u00f3xicos. se puede utilizar como cosm\u00e9tico<br \/>\nTejido tecnol\u00f3gico c\u00f3modo: este carrito grande est\u00e1 hecho de un tejido transpirable que absorbe la humedad, que es f\u00e1cil de limpiar y mantener. tambi\u00e9n tiene material de microfibra antirrayas, que puede proteger su piel de los da\u00f1inos rayos ultravioleta del sol.<br \/>\nCuero pu de alta calidad: este estuche para cosm\u00e9ticos est\u00e1 hecho de cuero pu de alta calidad con una superficie lisa, lo que lo hace duradero y f\u00e1cil de limpiar.<\/p>","protected":false},"excerpt":{"rendered":"<p>Modelo: SC-RM0021<\/p>\n<p>Tama\u00f1o: 69*37*24,5 cm<\/p>\n<p>Cantidad m\u00ednima de pedido: 50 piezas<\/p>\n<p>Tiempo de entrega: 15-25 d\u00edas<\/p>\n<p>Muestra: Disponible<\/p>","protected":false},"featured_media":20753,"template":"","meta":{"_gspb_post_css":""},"product_cat":[34,97],"product_tag":[],"featured_image_urls":{"full":["https:\/\/suncasesupply.com\/wp-content\/uploads\/2023\/08\/Women-Large-trolley-cosmetic-case-new-rolling-luggage-multi-layer-trolley-makeup-box-beauty-tattoo-manicure.jpg_220x220.jpg_.webp",220,220,false],"thumbnail":["https:\/\/suncasesupply.com\/wp-content\/uploads\/2023\/08\/Women-Large-trolley-cosmetic-case-new-rolling-luggage-multi-layer-trolley-makeup-box-beauty-tattoo-manicure.jpg_220x220.jpg_-150x150.webp",150,150,true],"medium":["https:\/\/suncasesupply.com\/wp-content\/uploads\/2023\/08\/Women-Large-trolley-cosmetic-case-new-rolling-luggage-multi-layer-trolley-makeup-box-beauty-tattoo-manicure.jpg_220x220.jpg_.webp",220,220,false],"medium_large":["https:\/\/suncasesupply.com\/wp-content\/uploads\/2023\/08\/Women-Large-trolley-cosmetic-case-new-rolling-luggage-multi-layer-trolley-makeup-box-beauty-tattoo-manicure.jpg_220x220.jpg_.webp",220,220,false],"large":["https:\/\/suncasesupply.com\/wp-content\/uploads\/2023\/08\/Women-Large-trolley-cosmetic-case-new-rolling-luggage-multi-layer-trolley-makeup-box-beauty-tattoo-manicure.jpg_220x220.jpg_.webp",220,220,false],"1536x1536":["https:\/\/suncasesupply.com\/wp-content\/uploads\/2023\/08\/Women-Large-trolley-cosmetic-case-new-rolling-luggage-multi-layer-trolley-makeup-box-beauty-tattoo-manicure.jpg_220x220.jpg_.webp",220,220,false],"2048x2048":["https:\/\/suncasesupply.com\/wp-content\/uploads\/2023\/08\/Women-Large-trolley-cosmetic-case-new-rolling-luggage-multi-layer-trolley-makeup-box-beauty-tattoo-manicure.jpg_220x220.jpg_.webp",220,220,false],"trp-custom-language-flag":["https:\/\/suncasesupply.com\/wp-content\/uploads\/2023\/08\/Women-Large-trolley-cosmetic-case-new-rolling-luggage-multi-layer-trolley-makeup-box-beauty-tattoo-manicure.jpg_220x220.jpg_.webp",12,12,false],"woocommerce_thumbnail":["https:\/\/suncasesupply.com\/wp-content\/uploads\/2023\/08\/Women-Large-trolley-cosmetic-case-new-rolling-luggage-multi-layer-trolley-makeup-box-beauty-tattoo-manicure.jpg_220x220.jpg_.webp",220,220,false],"woocommerce_single":["https:\/\/suncasesupply.com\/wp-content\/uploads\/2023\/08\/Women-Large-trolley-cosmetic-case-new-rolling-luggage-multi-layer-trolley-makeup-box-beauty-tattoo-manicure.jpg_220x220.jpg_.webp",220,220,false],"woocommerce_gallery_thumbnail":["https:\/\/suncasesupply.com\/wp-content\/uploads\/2023\/08\/Women-Large-trolley-cosmetic-case-new-rolling-luggage-multi-layer-trolley-makeup-box-beauty-tattoo-manicure.jpg_220x220.jpg_-100x100.webp",100,100,true]},"post_excerpt_stackable":"<p>Model : SC-RM0021<\/p>\n<p>Size: 69*37*24.5cm<\/p>\n<p>MOQ: 50pcs<\/p>\n<p>Delivery Time : 15-25 Days<\/p>\n<p>Sample : Available<\/p>\n","category_list":"","author_info":{"name":"","url":""},"comments_num":"0 comentarios","_links":{"self":[{"href":"https:\/\/suncasesupply.com\/es\/wp-json\/wp\/v2\/product\/20752"}],"collection":[{"href":"https:\/\/suncasesupply.com\/es\/wp-json\/wp\/v2\/product"}],"about":[{"href":"https:\/\/suncasesupply.com\/es\/wp-json\/wp\/v2\/types\/product"}],"wp:featuredmedia":[{"embeddable":true,"href":"https:\/\/suncasesupply.com\/es\/wp-json\/wp\/v2\/media\/20753"}],"wp:attachment":[{"href":"https:\/\/suncasesupply.com\/es\/wp-json\/wp\/v2\/media?parent=20752"}],"wp:term":[{"taxonomy":"product_cat","embeddable":true,"href":"https:\/\/suncasesupply.com\/es\/wp-json\/wp\/v2\/product_cat?post=20752"},{"taxonomy":"product_tag","embeddable":true,"href":"https:\/\/suncasesupply.com\/es\/wp-json\/wp\/v2\/product_tag?post=20752"}],"curies":[{"name":"wp","href":"https:\/\/api.w.org\/{rel}","templated":true}]}}