{"id":20743,"date":"2023-08-25T15:17:00","date_gmt":"2023-08-25T07:17:00","guid":{"rendered":"https:\/\/suncasesupply.com\/?post_type=product&#038;p=20743"},"modified":"2025-02-26T11:28:34","modified_gmt":"2025-02-26T03:28:34","slug":"professional-trolley-cosmetic-case-lockable-vanity-case-with-wheels","status":"publish","type":"product","link":"https:\/\/suncasesupply.com\/es\/product\/professional-trolley-cosmetic-case-lockable-vanity-case-with-wheels\/","title":{"rendered":"Malet\u00edn de cosm\u00e9ticos con carrito profesional, neceser con cerradura y ruedas"},"content":{"rendered":"<p>&nbsp;<\/p>\n<table width=\"774\">\n<tbody>\n<tr>\n<td width=\"177\">Art\u00edculo<\/td>\n<td width=\"597\">Estuche de maquillaje con ruedas<\/td>\n<\/tr>\n<tr>\n<td>Dimensi\u00f3n<\/td>\n<td>38 x 26 x 56 cm \/ Personalizar<\/td>\n<\/tr>\n<tr>\n<td>Colores<\/td>\n<td>Como muestran las im\u00e1genes o personalizar<\/td>\n<\/tr>\n<tr>\n<td>Materiales<\/td>\n<td>Aluminio, panel de ABS, tablero de MDF, forro de EVA\/espuma\/tela\/PU, herrajes<\/td>\n<\/tr>\n<tr>\n<td>Logo<\/td>\n<td>Logotipo de placa de metal, logotipo impreso, logotipo en relieve, logotipo l\u00e1ser<\/td>\n<\/tr>\n<tr>\n<td>tiempo de muestra<\/td>\n<td>7 d\u00edas<\/td>\n<\/tr>\n<tr>\n<td>Puerto de embarque<\/td>\n<td>Cant\u00f3n, Shenzhen<\/td>\n<\/tr>\n<tr>\n<td>T\u00e9rminos comerciales<\/td>\n<td>EXW, MANDO, CIF, DDU, DDP<\/td>\n<\/tr>\n<tr>\n<td>M\u00e9todos de pago<\/td>\n<td>T\/T, Efectivo, PayPal, Tarjeta de cr\u00e9dito<\/td>\n<\/tr>\n<\/tbody>\n<\/table>\n<p><span style=\"color: #003366;\">Caracter\u00edsticas:<\/span><\/p>\n<div class=\"mb3\">\n<div class=\"dangerous-html mb3\">\n<ul class=\"a-unordered-list a-vertical a-spacing-mini\">\n<li class=\"a-spacing-mini\"><span class=\"a-list-item\">Buen material: material de PVC de alta calidad, marco de aleaci\u00f3n de aluminio, ecol\u00f3gico, inodoro, impermeable y resistente a la humedad, resistente al desgaste y duradero, no es f\u00e1cil de deformar, duradero.<\/span><\/li>\n<li class=\"a-spacing-mini\"><span class=\"a-list-item\">Tama\u00f1o del producto: 38 x 26 x 56 cm, altura del tirante 37 cm.<\/span><\/li>\n<li class=\"a-spacing-mini\"><span class=\"a-list-item\">Dise\u00f1o de bloqueo de seguridad: para garantizar una carcasa exterior segura, el dise\u00f1o de bisagra met\u00e1lica y la bisagra met\u00e1lica de ocho pasadores mejoran la durabilidad de la caja de refuerzo duradera.<\/span><\/li>\n<li class=\"a-spacing-mini\"><span class=\"a-list-item\">Tirante de una pieza: Adopta una varilla de tracci\u00f3n telesc\u00f3pica de tres secciones y es de aleaci\u00f3n. Es econ\u00f3mico, duradero y tiene una funci\u00f3n de elevaci\u00f3n suave. Se puede ajustar seg\u00fan la altura.<\/span><\/li>\n<li class=\"a-spacing-mini\"><span class=\"a-list-item\">Adecuado para escenas: peluqueros profesionales, manicuras, peluqueros y otras cajas de almacenamiento de cosm\u00e9ticos profesionales. No es necesario que comprometas tus herramientas, no importa a d\u00f3nde vayas, puedes llevarlas contigo.<\/span><\/li>\n<\/ul>\n<\/div>\n<\/div>","protected":false},"excerpt":{"rendered":"<p>Modelo: SC-RM0019<\/p>\n<p>Tama\u00f1o: 38x26x56cm<\/p>\n<p>Cantidad m\u00ednima de pedido: 50 piezas<\/p>\n<p>Tiempo de entrega: 15-25 d\u00edas<\/p>\n<p>Muestra: Disponible<\/p>","protected":false},"featured_media":20737,"template":"","meta":{"_gspb_post_css":""},"product_cat":[97],"product_tag":[],"featured_image_urls":{"full":["https:\/\/suncasesupply.com\/wp-content\/uploads\/2023\/08\/31dy7jNEjgL._SX300_SY300_QL70_ML2_.jpg",286,300,false],"thumbnail":["https:\/\/suncasesupply.com\/wp-content\/uploads\/2023\/08\/31dy7jNEjgL._SX300_SY300_QL70_ML2_-150x150.jpg",150,150,true],"medium":["https:\/\/suncasesupply.com\/wp-content\/uploads\/2023\/08\/31dy7jNEjgL._SX300_SY300_QL70_ML2_.jpg",286,300,false],"medium_large":["https:\/\/suncasesupply.com\/wp-content\/uploads\/2023\/08\/31dy7jNEjgL._SX300_SY300_QL70_ML2_.jpg",286,300,false],"large":["https:\/\/suncasesupply.com\/wp-content\/uploads\/2023\/08\/31dy7jNEjgL._SX300_SY300_QL70_ML2_.jpg",286,300,false],"1536x1536":["https:\/\/suncasesupply.com\/wp-content\/uploads\/2023\/08\/31dy7jNEjgL._SX300_SY300_QL70_ML2_.jpg",286,300,false],"2048x2048":["https:\/\/suncasesupply.com\/wp-content\/uploads\/2023\/08\/31dy7jNEjgL._SX300_SY300_QL70_ML2_.jpg",286,300,false],"trp-custom-language-flag":["https:\/\/suncasesupply.com\/wp-content\/uploads\/2023\/08\/31dy7jNEjgL._SX300_SY300_QL70_ML2_.jpg",11,12,false],"woocommerce_thumbnail":["https:\/\/suncasesupply.com\/wp-content\/uploads\/2023\/08\/31dy7jNEjgL._SX300_SY300_QL70_ML2_.jpg",286,300,false],"woocommerce_single":["https:\/\/suncasesupply.com\/wp-content\/uploads\/2023\/08\/31dy7jNEjgL._SX300_SY300_QL70_ML2_.jpg",286,300,false],"woocommerce_gallery_thumbnail":["https:\/\/suncasesupply.com\/wp-content\/uploads\/2023\/08\/31dy7jNEjgL._SX300_SY300_QL70_ML2_-100x100.jpg",100,100,true]},"post_excerpt_stackable":"<p>Model : SC-RM0019<\/p>\n<p>Size: \u00a038 x 26 x 56 cm<\/p>\n<p>MOQ: 50pcs<\/p>\n<p>Delivery Time : 15-25 Days<\/p>\n<p>Sample : Available<\/p>\n","category_list":"","author_info":{"name":"","url":""},"comments_num":"0 comentarios","_links":{"self":[{"href":"https:\/\/suncasesupply.com\/es\/wp-json\/wp\/v2\/product\/20743"}],"collection":[{"href":"https:\/\/suncasesupply.com\/es\/wp-json\/wp\/v2\/product"}],"about":[{"href":"https:\/\/suncasesupply.com\/es\/wp-json\/wp\/v2\/types\/product"}],"wp:featuredmedia":[{"embeddable":true,"href":"https:\/\/suncasesupply.com\/es\/wp-json\/wp\/v2\/media\/20737"}],"wp:attachment":[{"href":"https:\/\/suncasesupply.com\/es\/wp-json\/wp\/v2\/media?parent=20743"}],"wp:term":[{"taxonomy":"product_cat","embeddable":true,"href":"https:\/\/suncasesupply.com\/es\/wp-json\/wp\/v2\/product_cat?post=20743"},{"taxonomy":"product_tag","embeddable":true,"href":"https:\/\/suncasesupply.com\/es\/wp-json\/wp\/v2\/product_tag?post=20743"}],"curies":[{"name":"wp","href":"https:\/\/api.w.org\/{rel}","templated":true}]}}