{"id":20649,"date":"2023-08-25T10:32:41","date_gmt":"2023-08-25T02:32:41","guid":{"rendered":"https:\/\/suncasesupply.com\/?post_type=product&#038;p=20649"},"modified":"2025-02-26T11:08:57","modified_gmt":"2025-02-26T03:08:57","slug":"silver-pink-cosmetic-case-makeup-artist-large-travel-storage-for-jewelry-nail-and-hair-accessories","status":"publish","type":"product","link":"https:\/\/suncasesupply.com\/es\/product\/silver-pink-cosmetic-case-makeup-artist-large-travel-storage-for-jewelry-nail-and-hair-accessories\/","title":{"rendered":"Estuche de cosm\u00e9ticos rosa plateado, maquillador, almacenamiento de viaje grande para joyer\u00eda, accesorios para u\u00f1as y cabello"},"content":{"rendered":"<p>&nbsp;<\/p>\n<table width=\"774\">\n<tbody>\n<tr>\n<td width=\"177\">Art\u00edculo<\/td>\n<td width=\"597\">Estuche de maquillaje de aluminio<\/td>\n<\/tr>\n<tr>\n<td>Dimensi\u00f3n<\/td>\n<td>33,5 x 21,3 x 13,8 cm cm Personalizar<\/td>\n<\/tr>\n<tr>\n<td>Colores<\/td>\n<td>Como muestran las im\u00e1genes o personalizar<\/td>\n<\/tr>\n<tr>\n<td>Materiales<\/td>\n<td>Aluminio, panel de ABS, tablero de MDF, forro de EVA\/espuma\/tela\/PU, herrajes<\/td>\n<\/tr>\n<tr>\n<td>Logo<\/td>\n<td>Logotipo de placa de metal, logotipo impreso, logotipo en relieve, logotipo l\u00e1ser<\/td>\n<\/tr>\n<tr>\n<td>tiempo de muestra<\/td>\n<td>7 d\u00edas<\/td>\n<\/tr>\n<tr>\n<td>Puerto de embarque<\/td>\n<td>Cant\u00f3n, Shenzhen<\/td>\n<\/tr>\n<tr>\n<td>T\u00e9rminos comerciales<\/td>\n<td>EXW, MANDO, CIF, DDU, DDP<\/td>\n<\/tr>\n<tr>\n<td>M\u00e9todos de pago<\/td>\n<td>T\/T, Efectivo, PayPal, Tarjeta de cr\u00e9dito<\/td>\n<\/tr>\n<\/tbody>\n<\/table>\n<p><span style=\"color: #003366;\">Caracter\u00edsticas:<\/span><\/p>\n<ul id=\"bullets\">\n<li>Almacenamiento grande: el compartimento inferior es grande, el estuche de cosm\u00e9ticos puede contener champ\u00fa, crema hidratante, secador de pelo o plancha; la l\u00e1mina de PP adherida en la parte inferior es impermeable y f\u00e1cil de limpiar<\/li>\n<li>Dise\u00f1o elegante: el color llamativo, el patr\u00f3n de diamantes y la esquina met\u00e1lica redonda le dan un atractivo elegante; Ideal para uso en casa o para esteticistas y maquilladores.<\/li>\n<li>Bandejas divisibles individualmente: 4 bandejas de ABS extensibles con bisagras met\u00e1licas y 8 inserciones extra\u00edbles que le permiten modificar libremente los tama\u00f1os de los compartimentos peque\u00f1os para clasificar sus cosm\u00e9ticos, joyas, art\u00edculos para el cabello y las u\u00f1as.<\/li>\n<li>Construcci\u00f3n robusta: el resistente marco de aluminio y la cubierta de ABS garantizan resistencia y durabilidad; Las cerraduras de doble cerrojo en la parte superior con llaves mantienen segura su colecci\u00f3n.<\/li>\n<\/ul>","protected":false},"excerpt":{"rendered":"<p>Modelo: SC-CM0024<\/p>\n<p>Tama\u00f1o: 33,5 x 21,3 x 13,8 cm\/Personalizado<\/p>\n<p>Cantidad m\u00ednima de pedido: 100 piezas<\/p>\n<p>Tiempo de entrega: 15-25 d\u00edas<\/p>\n<p>Muestra: Disponible<\/p>","protected":false},"featured_media":20651,"template":"","meta":{"_gspb_post_css":""},"product_cat":[96],"product_tag":[],"featured_image_urls":{"full":["https:\/\/suncasesupply.com\/wp-content\/uploads\/2023\/08\/5-13-scaled.jpg",2560,2560,false],"thumbnail":["https:\/\/suncasesupply.com\/wp-content\/uploads\/2023\/08\/5-13-150x150.jpg",150,150,true],"medium":["https:\/\/suncasesupply.com\/wp-content\/uploads\/2023\/08\/5-13-300x300.jpg",300,300,true],"medium_large":["https:\/\/suncasesupply.com\/wp-content\/uploads\/2023\/08\/5-13-768x768.jpg",768,768,true],"large":["https:\/\/suncasesupply.com\/wp-content\/uploads\/2023\/08\/5-13-1024x1024.jpg",1024,1024,true],"1536x1536":["https:\/\/suncasesupply.com\/wp-content\/uploads\/2023\/08\/5-13-1536x1536.jpg",1536,1536,true],"2048x2048":["https:\/\/suncasesupply.com\/wp-content\/uploads\/2023\/08\/5-13-2048x2048.jpg",2048,2048,true],"trp-custom-language-flag":["https:\/\/suncasesupply.com\/wp-content\/uploads\/2023\/08\/5-13-scaled.jpg",12,12,false],"woocommerce_thumbnail":["https:\/\/suncasesupply.com\/wp-content\/uploads\/2023\/08\/5-13-300x300.jpg",300,300,true],"woocommerce_single":["https:\/\/suncasesupply.com\/wp-content\/uploads\/2023\/08\/5-13-600x600.jpg",600,600,true],"woocommerce_gallery_thumbnail":["https:\/\/suncasesupply.com\/wp-content\/uploads\/2023\/08\/5-13-100x100.jpg",100,100,true]},"post_excerpt_stackable":"<p>Model : SC-CM0024<\/p>\n<p>Size: 33.5 x 21.3 x 13.8 cm\/Customized<\/p>\n<p>MOQ: 100pcs<\/p>\n<p>Delivery Time : 15-25 Days<\/p>\n<p>Sample : Available<\/p>\n","category_list":"","author_info":{"name":"","url":""},"comments_num":"0 comentarios","_links":{"self":[{"href":"https:\/\/suncasesupply.com\/es\/wp-json\/wp\/v2\/product\/20649"}],"collection":[{"href":"https:\/\/suncasesupply.com\/es\/wp-json\/wp\/v2\/product"}],"about":[{"href":"https:\/\/suncasesupply.com\/es\/wp-json\/wp\/v2\/types\/product"}],"wp:featuredmedia":[{"embeddable":true,"href":"https:\/\/suncasesupply.com\/es\/wp-json\/wp\/v2\/media\/20651"}],"wp:attachment":[{"href":"https:\/\/suncasesupply.com\/es\/wp-json\/wp\/v2\/media?parent=20649"}],"wp:term":[{"taxonomy":"product_cat","embeddable":true,"href":"https:\/\/suncasesupply.com\/es\/wp-json\/wp\/v2\/product_cat?post=20649"},{"taxonomy":"product_tag","embeddable":true,"href":"https:\/\/suncasesupply.com\/es\/wp-json\/wp\/v2\/product_tag?post=20649"}],"curies":[{"name":"wp","href":"https:\/\/api.w.org\/{rel}","templated":true}]}}