{"id":20640,"date":"2023-08-25T10:18:25","date_gmt":"2023-08-25T02:18:25","guid":{"rendered":"https:\/\/suncasesupply.com\/?post_type=product&#038;p=20640"},"modified":"2025-02-26T11:31:21","modified_gmt":"2025-02-26T03:31:21","slug":"trolley-makeup-case-with-drawers-rolling-professional-nail-makeup-box","status":"publish","type":"product","link":"https:\/\/suncasesupply.com\/es\/product\/trolley-makeup-case-with-drawers-rolling-professional-nail-makeup-box\/","title":{"rendered":"Estuche de maquillaje con ruedas y cajones, caja profesional para maquillaje de u\u00f1as"},"content":{"rendered":"<p>&nbsp;<\/p>\n<table width=\"774\">\n<tbody>\n<tr>\n<td width=\"177\">Art\u00edculo<\/td>\n<td width=\"597\">Estuche de maquillaje con ruedas<\/td>\n<\/tr>\n<tr>\n<td>Dimensi\u00f3n<\/td>\n<td>342*241*559 mm o personalizar<\/td>\n<\/tr>\n<tr>\n<td>Colores<\/td>\n<td>Como muestran las im\u00e1genes o personalizar<\/td>\n<\/tr>\n<tr>\n<td>Materiales<\/td>\n<td>Aluminio, panel de ABS, tablero de MDF, forro de EVA\/espuma\/tela\/PU, herrajes<\/td>\n<\/tr>\n<tr>\n<td>Logo<\/td>\n<td>Logotipo de placa de metal, logotipo impreso, logotipo en relieve, logotipo l\u00e1ser<\/td>\n<\/tr>\n<tr>\n<td>tiempo de muestra<\/td>\n<td>7 d\u00edas<\/td>\n<\/tr>\n<tr>\n<td>Puerto de embarque<\/td>\n<td>Cant\u00f3n, Shenzhen<\/td>\n<\/tr>\n<tr>\n<td>T\u00e9rminos comerciales<\/td>\n<td>EXW, MANDO, CIF, DDU, DDP<\/td>\n<\/tr>\n<tr>\n<td>M\u00e9todos de pago<\/td>\n<td>T\/T, Efectivo, PayPal, Tarjeta de cr\u00e9dito<\/td>\n<\/tr>\n<\/tbody>\n<\/table>\n<p><span style=\"color: #003366;\">Caracter\u00edsticas:<\/span><\/p>\n<div class=\"mb3\">\n<div class=\"dangerous-html mb3\">\n<p>Este estuche de maquillaje est\u00e1 fabricado con chapa de pl\u00e1stico ABS de primera calidad, bordes y esquinas reforzados con aluminio y metal, forro de poli\u00e9ster 210D resistente al desgaste y herrajes met\u00e1licos de alta resistencia. Las gu\u00edas deslizantes de aluminio y una manija extra\u00edble garantizan un funcionamiento suave y tambi\u00e9n resistencia a la oxidaci\u00f3n. Este estuche de maquillaje no s\u00f3lo es una herramienta pr\u00e1ctica sino tambi\u00e9n un accesorio de moda. El ABS impermeable hace que este estuche de maquillaje con ruedas sea un protector perfecto para sus cosm\u00e9ticos cuando se usa al aire libre. La reluciente chapa de ABS y el patr\u00f3n de diamantes en relieve a\u00f1aden una capa de belleza de visi\u00f3n dimensional a este estuche de maquillaje. Este estuche de maquillaje adopta 4 ruedas desmontables de alta calidad para un desplazamiento silencioso y sin esfuerzo. Un mango pull-up que se desliza suavemente con innovadores tubos hexagonales garantiza una excelente estabilidad. Asa en la parte superior para un transporte c\u00f3modo. En comparaci\u00f3n con la varilla telesc\u00f3pica circular tradicional, adoptamos una varilla telesc\u00f3pica hexagonal, que es mucho m\u00e1s s\u00f3lida y duradera. 4 cajones laterales deslizables est\u00e1n dise\u00f1ados para art\u00edculos peque\u00f1os como esmalte, l\u00e1piz labial, aceite esencial, horquillas, etc. 1 compartimento superior grande puede contener planchas\/rizadores, aerosoles, paletas y otros art\u00edculos de tama\u00f1o relativamente grande. Un caj\u00f3n inferior puede mantener los cepillos para el cabello y las botellas cortas a mano y ordenados. Los embragues superiores se pueden cerrar con llave por seguridad; 2 llaves para las cerraduras. Cada rinc\u00f3n de este estuche de maquillaje est\u00e1 bien protegido con metal y pl\u00e1stico para mayor durabilidad y robustez.<\/p>\n<ul>\n<li>Dimensi\u00f3n de la caja (altura de la rueda incluida): 13,5 x 9,5 x 22 \u2033 (largo x ancho x alto)<\/li>\n<li>Altura m\u00e1xima del mango telesc\u00f3pico: 39,5\u2033<\/li>\n<li>Tama\u00f1o del caj\u00f3n lateral: 7,3 x 5,7 x 1,4 \u2033; 8 x 5,7 x 1,4 \u2033 (largo x ancho x alto)<\/li>\n<li>Tama\u00f1o interior del compartimento superior: 13 x 9 x 8,7 \u2033 (largo x ancho x profundidad)<\/li>\n<li>Tama\u00f1o interior del caj\u00f3n inferior: 10,4 x 8,4 x 4 \u2033 (largo x ancho x profundidad)<\/li>\n<\/ul>\n<\/div>\n<\/div>","protected":false},"excerpt":{"rendered":"<p>Modelo: SC-RM0008<\/p>\n<p>Tama\u00f1o: 342*241*559mm<\/p>\n<p>Cantidad m\u00ednima de pedido: 50 piezas<\/p>\n<p>Tiempo de entrega: 15-25 d\u00edas<\/p>\n<p>Muestra: Disponible<\/p>","protected":false},"featured_media":20641,"template":"","meta":{"_gspb_post_css":""},"product_cat":[97],"product_tag":[],"featured_image_urls":{"full":["https:\/\/suncasesupply.com\/wp-content\/uploads\/2023\/08\/4505c384-5b87-4ba5-80f8-84baeed48579.434133fd27a44df84ca262b2f0100127.webp",1000,1000,false],"thumbnail":["https:\/\/suncasesupply.com\/wp-content\/uploads\/2023\/08\/4505c384-5b87-4ba5-80f8-84baeed48579.434133fd27a44df84ca262b2f0100127-150x150.webp",150,150,true],"medium":["https:\/\/suncasesupply.com\/wp-content\/uploads\/2023\/08\/4505c384-5b87-4ba5-80f8-84baeed48579.434133fd27a44df84ca262b2f0100127-300x300.webp",300,300,true],"medium_large":["https:\/\/suncasesupply.com\/wp-content\/uploads\/2023\/08\/4505c384-5b87-4ba5-80f8-84baeed48579.434133fd27a44df84ca262b2f0100127-768x768.webp",768,768,true],"large":["https:\/\/suncasesupply.com\/wp-content\/uploads\/2023\/08\/4505c384-5b87-4ba5-80f8-84baeed48579.434133fd27a44df84ca262b2f0100127.webp",1000,1000,false],"1536x1536":["https:\/\/suncasesupply.com\/wp-content\/uploads\/2023\/08\/4505c384-5b87-4ba5-80f8-84baeed48579.434133fd27a44df84ca262b2f0100127.webp",1000,1000,false],"2048x2048":["https:\/\/suncasesupply.com\/wp-content\/uploads\/2023\/08\/4505c384-5b87-4ba5-80f8-84baeed48579.434133fd27a44df84ca262b2f0100127.webp",1000,1000,false],"trp-custom-language-flag":["https:\/\/suncasesupply.com\/wp-content\/uploads\/2023\/08\/4505c384-5b87-4ba5-80f8-84baeed48579.434133fd27a44df84ca262b2f0100127.webp",12,12,false],"woocommerce_thumbnail":["https:\/\/suncasesupply.com\/wp-content\/uploads\/2023\/08\/4505c384-5b87-4ba5-80f8-84baeed48579.434133fd27a44df84ca262b2f0100127-300x300.webp",300,300,true],"woocommerce_single":["https:\/\/suncasesupply.com\/wp-content\/uploads\/2023\/08\/4505c384-5b87-4ba5-80f8-84baeed48579.434133fd27a44df84ca262b2f0100127-600x600.webp",600,600,true],"woocommerce_gallery_thumbnail":["https:\/\/suncasesupply.com\/wp-content\/uploads\/2023\/08\/4505c384-5b87-4ba5-80f8-84baeed48579.434133fd27a44df84ca262b2f0100127-100x100.webp",100,100,true]},"post_excerpt_stackable":"<p>Model : SC-RM0008<\/p>\n<p>Size: 342*241*559mm<\/p>\n<p>MOQ: 50pcs<\/p>\n<p>Delivery Time : 15-25 Days<\/p>\n<p>Sample : Available<\/p>\n","category_list":"","author_info":{"name":"","url":""},"comments_num":"0 comentarios","_links":{"self":[{"href":"https:\/\/suncasesupply.com\/es\/wp-json\/wp\/v2\/product\/20640"}],"collection":[{"href":"https:\/\/suncasesupply.com\/es\/wp-json\/wp\/v2\/product"}],"about":[{"href":"https:\/\/suncasesupply.com\/es\/wp-json\/wp\/v2\/types\/product"}],"wp:featuredmedia":[{"embeddable":true,"href":"https:\/\/suncasesupply.com\/es\/wp-json\/wp\/v2\/media\/20641"}],"wp:attachment":[{"href":"https:\/\/suncasesupply.com\/es\/wp-json\/wp\/v2\/media?parent=20640"}],"wp:term":[{"taxonomy":"product_cat","embeddable":true,"href":"https:\/\/suncasesupply.com\/es\/wp-json\/wp\/v2\/product_cat?post=20640"},{"taxonomy":"product_tag","embeddable":true,"href":"https:\/\/suncasesupply.com\/es\/wp-json\/wp\/v2\/product_tag?post=20640"}],"curies":[{"name":"wp","href":"https:\/\/api.w.org\/{rel}","templated":true}]}}