{"id":20612,"date":"2023-08-25T09:22:26","date_gmt":"2023-08-25T01:22:26","guid":{"rendered":"https:\/\/suncasesupply.com\/?post_type=product&#038;p=20612"},"modified":"2025-02-26T11:09:27","modified_gmt":"2025-02-26T03:09:27","slug":"nail-polish-box-case-cosmetic-varnish-vanity-makeup-beauty-storage","status":"publish","type":"product","link":"https:\/\/suncasesupply.com\/es\/product\/nail-polish-box-case-cosmetic-varnish-vanity-makeup-beauty-storage\/","title":{"rendered":"Caja para esmalte de u\u00f1as, barniz cosm\u00e9tico, tocador, maquillaje, almacenamiento de belleza"},"content":{"rendered":"<p>&nbsp;<\/p>\n<table width=\"774\">\n<tbody>\n<tr>\n<td width=\"177\">Art\u00edculo<\/td>\n<td width=\"597\">Estuche de maquillaje de aluminio<\/td>\n<\/tr>\n<tr>\n<td>Dimensi\u00f3n<\/td>\n<td>Personalizar<\/td>\n<\/tr>\n<tr>\n<td>Colores<\/td>\n<td>Como muestran las im\u00e1genes o personalizar<\/td>\n<\/tr>\n<tr>\n<td>Materiales<\/td>\n<td>Aluminio, panel de ABS, tablero de MDF, forro de EVA\/espuma\/tela\/PU, herrajes<\/td>\n<\/tr>\n<tr>\n<td>Logo<\/td>\n<td>Logotipo de placa de metal, logotipo impreso, logotipo en relieve, logotipo l\u00e1ser<\/td>\n<\/tr>\n<tr>\n<td>tiempo de muestra<\/td>\n<td>7 d\u00edas<\/td>\n<\/tr>\n<tr>\n<td>Puerto de embarque<\/td>\n<td>Cant\u00f3n, Shenzhen<\/td>\n<\/tr>\n<tr>\n<td>T\u00e9rminos comerciales<\/td>\n<td>EXW, MANDO, CIF, DDU, DDP<\/td>\n<\/tr>\n<tr>\n<td>M\u00e9todos de pago<\/td>\n<td>T\/T, Efectivo, PayPal, Tarjeta de cr\u00e9dito<\/td>\n<\/tr>\n<\/tbody>\n<\/table>\n<p><span style=\"color: #003366;\">Caracter\u00edsticas:<\/span><\/p>\n<ul id=\"bullets\">\n<li data-title=\"24 Removable nail polish compartments (NAIL POLISH NOT INCLUDED).\">24 compartimentos extra\u00edbles para esmalte de u\u00f1as (ESmalte de u\u00f1as no incluido).<\/li>\n<li data-title=\"8 Manicure tool\/file holders.\">8 portaherramientas\/limas de manicura.<\/li>\n<li data-title=\"8 Manicure tool\/file holders.\">Caj\u00f3n extra\u00edble profundo para almacenamiento generoso de accesorios para decoraci\u00f3n de u\u00f1as.<\/li>\n<li data-title=\"Made from robust aluminium.\">Fabricado en aluminio robusto.<\/li>\n<li data-title=\"Faux leather trim handle for comfort and style.\">Asa con ribete de piel sint\u00e9tica para mayor comodidad y estilo.<\/li>\n<li data-title=\"Removable nail polish compartments for flexible storage.\">Compartimentos extra\u00edbles para esmalte de u\u00f1as para un almacenamiento flexible.<\/li>\n<li data-title=\"High quality robust locking clasps to keep your accessories safe and secure.\">Cierres de bloqueo robustos de alta calidad para mantener sus accesorios seguros y protegidos.<\/li>\n<li data-title=\"Faux leather trim handle for comfort and style.\">Asa con ribete de piel sint\u00e9tica para mayor comodidad y estilo.<\/li>\n<li data-title=\"Other Beauty Cases are available - please see other listings.\">Hay otros estuches de belleza disponibles; consulte otros listados.<\/li>\n<li data-title=\"Nail polish not included.\">Esmalte de u\u00f1as no incluido.<\/li>\n<\/ul>","protected":false},"excerpt":{"rendered":"<p>Modelo: SC-CM0021<\/p>\n<p>Tama\u00f1o: Personalizado<\/p>\n<p>Cantidad m\u00ednima de pedido: 100 piezas<\/p>\n<p>Tiempo de entrega: 15-25 d\u00edas<\/p>\n<p>Muestra: Disponible<\/p>","protected":false},"featured_media":20613,"template":"","meta":{"_gspb_post_css":""},"product_cat":[96],"product_tag":[],"featured_image_urls":{"full":["https:\/\/suncasesupply.com\/wp-content\/uploads\/2023\/08\/1-38.jpg",1527,1600,false],"thumbnail":["https:\/\/suncasesupply.com\/wp-content\/uploads\/2023\/08\/1-38-150x150.jpg",150,150,true],"medium":["https:\/\/suncasesupply.com\/wp-content\/uploads\/2023\/08\/1-38-286x300.jpg",286,300,true],"medium_large":["https:\/\/suncasesupply.com\/wp-content\/uploads\/2023\/08\/1-38-768x805.jpg",768,805,true],"large":["https:\/\/suncasesupply.com\/wp-content\/uploads\/2023\/08\/1-38-977x1024.jpg",977,1024,true],"1536x1536":["https:\/\/suncasesupply.com\/wp-content\/uploads\/2023\/08\/1-38-1466x1536.jpg",1466,1536,true],"2048x2048":["https:\/\/suncasesupply.com\/wp-content\/uploads\/2023\/08\/1-38.jpg",1527,1600,false],"trp-custom-language-flag":["https:\/\/suncasesupply.com\/wp-content\/uploads\/2023\/08\/1-38.jpg",11,12,false],"woocommerce_thumbnail":["https:\/\/suncasesupply.com\/wp-content\/uploads\/2023\/08\/1-38-300x300.jpg",300,300,true],"woocommerce_single":["https:\/\/suncasesupply.com\/wp-content\/uploads\/2023\/08\/1-38-600x629.jpg",600,629,true],"woocommerce_gallery_thumbnail":["https:\/\/suncasesupply.com\/wp-content\/uploads\/2023\/08\/1-38-100x100.jpg",100,100,true]},"post_excerpt_stackable":"<p>Model : SC-CM0021<\/p>\n<p>Size: Customized<\/p>\n<p>MOQ: 100pcs<\/p>\n<p>Delivery Time : 15-25 Days<\/p>\n<p>Sample : Available<\/p>\n","category_list":"","author_info":{"name":"","url":""},"comments_num":"0 comentarios","_links":{"self":[{"href":"https:\/\/suncasesupply.com\/es\/wp-json\/wp\/v2\/product\/20612"}],"collection":[{"href":"https:\/\/suncasesupply.com\/es\/wp-json\/wp\/v2\/product"}],"about":[{"href":"https:\/\/suncasesupply.com\/es\/wp-json\/wp\/v2\/types\/product"}],"wp:featuredmedia":[{"embeddable":true,"href":"https:\/\/suncasesupply.com\/es\/wp-json\/wp\/v2\/media\/20613"}],"wp:attachment":[{"href":"https:\/\/suncasesupply.com\/es\/wp-json\/wp\/v2\/media?parent=20612"}],"wp:term":[{"taxonomy":"product_cat","embeddable":true,"href":"https:\/\/suncasesupply.com\/es\/wp-json\/wp\/v2\/product_cat?post=20612"},{"taxonomy":"product_tag","embeddable":true,"href":"https:\/\/suncasesupply.com\/es\/wp-json\/wp\/v2\/product_tag?post=20612"}],"curies":[{"name":"wp","href":"https:\/\/api.w.org\/{rel}","templated":true}]}}