{"id":20597,"date":"2023-08-24T17:59:46","date_gmt":"2023-08-24T09:59:46","guid":{"rendered":"https:\/\/suncasesupply.com\/?post_type=product&#038;p=20597"},"modified":"2025-02-26T11:10:39","modified_gmt":"2025-02-26T03:10:39","slug":"carry-aluminum-nail-case-cosmetic-storage-case-for-nail-polish","status":"publish","type":"product","link":"https:\/\/suncasesupply.com\/es\/product\/carry-aluminum-nail-case-cosmetic-storage-case-for-nail-polish\/","title":{"rendered":"Lleve la caja de aluminio del almacenamiento del cosm\u00e9tico de la caja del clavo para el esmalte de u\u00f1as"},"content":{"rendered":"<p>&nbsp;<\/p>\n<table width=\"774\">\n<tbody>\n<tr>\n<td width=\"177\">Art\u00edculo<\/td>\n<td width=\"597\">Estuche de maquillaje de aluminio<\/td>\n<\/tr>\n<tr>\n<td>Dimensi\u00f3n<\/td>\n<td>35*25*40cm o personalizar<\/td>\n<\/tr>\n<tr>\n<td>Colores<\/td>\n<td>Como muestran las im\u00e1genes o personalizar<\/td>\n<\/tr>\n<tr>\n<td>Materiales<\/td>\n<td>Aluminio, panel de ABS, tablero de MDF, forro de EVA\/espuma\/tela\/PU, herrajes<\/td>\n<\/tr>\n<tr>\n<td>Logo<\/td>\n<td>Logotipo de placa de metal, logotipo impreso, logotipo en relieve, logotipo l\u00e1ser<\/td>\n<\/tr>\n<tr>\n<td>tiempo de muestra<\/td>\n<td>7 d\u00edas<\/td>\n<\/tr>\n<tr>\n<td>Puerto de embarque<\/td>\n<td>Cant\u00f3n, Shenzhen<\/td>\n<\/tr>\n<tr>\n<td>T\u00e9rminos comerciales<\/td>\n<td>EXW, MANDO, CIF, DDU, DDP<\/td>\n<\/tr>\n<tr>\n<td>M\u00e9todos de pago<\/td>\n<td>T\/T, Efectivo, PayPal, Tarjeta de cr\u00e9dito<\/td>\n<\/tr>\n<\/tbody>\n<\/table>\n<p><span style=\"color: #003366;\">Caracter\u00edsticas:<\/span><\/p>\n<p><strong>Malet\u00edn de cosm\u00e9tica\/peluquer\u00eda<\/strong>\u00a0Ideal para estilistas de u\u00f1as, esteticistas, maquilladores que trabajan en el campo o para guardar cosm\u00e9ticos en casa. El tama\u00f1o del ba\u00fal, de fabricaci\u00f3n s\u00f3lida, plegable y \u00f3ptimamente seleccionado, le permite insertar f\u00e1cilmente una l\u00e1mpara UV y LED de tama\u00f1o completo en su interior.<\/p>\n<p><strong>trompa<\/strong>\u00a0Abierto por ambos lados, dispone de 2 estantes deslizantes para peque\u00f1os utensilios como, por ejemplo, barnices h\u00edbridos, pinceles y cosm\u00e9ticos peque\u00f1os y grandes.<\/p>\n<p>El tama\u00f1o del ba\u00fal, de fabricaci\u00f3n s\u00f3lida, plegable y \u00f3ptimamente seleccionado, le permite insertar f\u00e1cilmente una l\u00e1mpara UV y LED de tama\u00f1o completo en su interior. La c\u00f3moda de doble cara tiene estantes deslizantes y seguridad en forma de dos cerraduras con llave.<\/p>\n<p>Ideal para trabajos de campo por su bajo peso. Un ba\u00fal elegante para presentar productos durante reuniones oficiales, por ejemplo reuniones de negocios. \u00a1Funcionar\u00e1 en cualquier situaci\u00f3n!<\/p>\n<p><strong>dos piezas<\/strong>\u00a0\u2013 puedes utilizar la totalidad o solo una parte desmontable.<\/p>\n<p>Puede guardar art\u00edculos de forma segura en el maletero gracias a dos cerraduras que aseguran el contenido. El ba\u00fal viene con 2 llaves.<\/p>\n<ul>\n<li class=\"active\">Perfecto para esteticistas y estilistas.<\/li>\n<li>Apertura a doble cara.<\/li>\n<li>Se puede cerrar con llave, 2 cerraduras.<\/li>\n<li>Dise\u00f1o atemporal: extremadamente exclusivo y moderno.<\/li>\n<li>F\u00e1cil de limpiar: la superficie es completamente lavable.<\/li>\n<li>El interior est\u00e1 forrado con un material suave imitando el terciopelo.<\/li>\n<li>Pr\u00e1ctico: un ba\u00fal f\u00e1cil de transportar, ideal para guardar cosm\u00e9ticos.<\/li>\n<li>1 gran compartimento en la parte superior.<\/li>\n<li>1 gran compartimento en la parte inferior.<\/li>\n<li>Gran capacidad para l\u00e1mpara LED UV de 48\/54 W.<\/li>\n<li>Dispone de esponjas para barnices.<\/li>\n<\/ul>","protected":false},"excerpt":{"rendered":"<p>Modelo: SC-CM0019<\/p>\n<p>Tama\u00f1o: 35*25*40 cm<\/p>\n<p>Cantidad m\u00ednima de pedido: 100 piezas<\/p>\n<p>Tiempo de entrega: 15-25 d\u00edas<\/p>\n<p>Muestra: Disponible<\/p>","protected":false},"featured_media":20598,"template":"","meta":{"_gspb_post_css":""},"product_cat":[96],"product_tag":[],"featured_image_urls":{"full":["https:\/\/suncasesupply.com\/wp-content\/uploads\/2023\/08\/cosmetic-case-l.webp",750,750,false],"thumbnail":["https:\/\/suncasesupply.com\/wp-content\/uploads\/2023\/08\/cosmetic-case-l-150x150.webp",150,150,true],"medium":["https:\/\/suncasesupply.com\/wp-content\/uploads\/2023\/08\/cosmetic-case-l-300x300.webp",300,300,true],"medium_large":["https:\/\/suncasesupply.com\/wp-content\/uploads\/2023\/08\/cosmetic-case-l.webp",750,750,false],"large":["https:\/\/suncasesupply.com\/wp-content\/uploads\/2023\/08\/cosmetic-case-l.webp",750,750,false],"1536x1536":["https:\/\/suncasesupply.com\/wp-content\/uploads\/2023\/08\/cosmetic-case-l.webp",750,750,false],"2048x2048":["https:\/\/suncasesupply.com\/wp-content\/uploads\/2023\/08\/cosmetic-case-l.webp",750,750,false],"trp-custom-language-flag":["https:\/\/suncasesupply.com\/wp-content\/uploads\/2023\/08\/cosmetic-case-l.webp",12,12,false],"woocommerce_thumbnail":["https:\/\/suncasesupply.com\/wp-content\/uploads\/2023\/08\/cosmetic-case-l-300x300.webp",300,300,true],"woocommerce_single":["https:\/\/suncasesupply.com\/wp-content\/uploads\/2023\/08\/cosmetic-case-l-600x600.webp",600,600,true],"woocommerce_gallery_thumbnail":["https:\/\/suncasesupply.com\/wp-content\/uploads\/2023\/08\/cosmetic-case-l-100x100.webp",100,100,true]},"post_excerpt_stackable":"<p>Model : SC-CM0019<\/p>\n<p>Size: 35*25*40 cm<\/p>\n<p>MOQ: 100pcs<\/p>\n<p>Delivery Time : 15-25 Days<\/p>\n<p>Sample : Available<\/p>\n","category_list":"","author_info":{"name":"","url":""},"comments_num":"0 comentarios","_links":{"self":[{"href":"https:\/\/suncasesupply.com\/es\/wp-json\/wp\/v2\/product\/20597"}],"collection":[{"href":"https:\/\/suncasesupply.com\/es\/wp-json\/wp\/v2\/product"}],"about":[{"href":"https:\/\/suncasesupply.com\/es\/wp-json\/wp\/v2\/types\/product"}],"wp:featuredmedia":[{"embeddable":true,"href":"https:\/\/suncasesupply.com\/es\/wp-json\/wp\/v2\/media\/20598"}],"wp:attachment":[{"href":"https:\/\/suncasesupply.com\/es\/wp-json\/wp\/v2\/media?parent=20597"}],"wp:term":[{"taxonomy":"product_cat","embeddable":true,"href":"https:\/\/suncasesupply.com\/es\/wp-json\/wp\/v2\/product_cat?post=20597"},{"taxonomy":"product_tag","embeddable":true,"href":"https:\/\/suncasesupply.com\/es\/wp-json\/wp\/v2\/product_tag?post=20597"}],"curies":[{"name":"wp","href":"https:\/\/api.w.org\/{rel}","templated":true}]}}