{"id":20564,"date":"2023-08-24T17:09:20","date_gmt":"2023-08-24T09:09:20","guid":{"rendered":"https:\/\/suncasesupply.com\/?post_type=product&#038;p=20564"},"modified":"2025-02-26T11:11:24","modified_gmt":"2025-02-26T03:11:24","slug":"aluminum-cosmetic-organizer-storage-case-with-mirror-makeup-travel-organizer-jewelry-box","status":"publish","type":"product","link":"https:\/\/suncasesupply.com\/es\/product\/aluminum-cosmetic-organizer-storage-case-with-mirror-makeup-travel-organizer-jewelry-box\/","title":{"rendered":"Caja de almacenamiento de organizador cosm\u00e9tico de aluminio con joyero organizador de viaje de maquillaje con espejo"},"content":{"rendered":"<p>&nbsp;<\/p>\n<table width=\"774\">\n<tbody>\n<tr>\n<td width=\"177\">Art\u00edculo<\/td>\n<td width=\"597\">Estuche de maquillaje de aluminio<\/td>\n<\/tr>\n<tr>\n<td>Dimensi\u00f3n<\/td>\n<td>23 x 15 x 15 cm o personalizar<\/td>\n<\/tr>\n<tr>\n<td>Colores<\/td>\n<td>Como muestran las im\u00e1genes o personalizar<\/td>\n<\/tr>\n<tr>\n<td>Materiales<\/td>\n<td>Aluminio, panel de ABS, tablero de MDF, forro de EVA\/espuma\/tela\/PU, herrajes<\/td>\n<\/tr>\n<tr>\n<td>Logo<\/td>\n<td>Logotipo de placa de metal, logotipo impreso, logotipo en relieve, logotipo l\u00e1ser<\/td>\n<\/tr>\n<tr>\n<td>tiempo de muestra<\/td>\n<td>7 d\u00edas<\/td>\n<\/tr>\n<tr>\n<td>Puerto de embarque<\/td>\n<td>Cant\u00f3n, Shenzhen<\/td>\n<\/tr>\n<tr>\n<td>T\u00e9rminos comerciales<\/td>\n<td>EXW, MANDO, CIF, DDU, DDP<\/td>\n<\/tr>\n<tr>\n<td>M\u00e9todos de pago<\/td>\n<td>T\/T, Efectivo, PayPal, Tarjeta de cr\u00e9dito<\/td>\n<\/tr>\n<\/tbody>\n<\/table>\n<p><span style=\"color: #003366;\">Caracter\u00edsticas:<\/span><\/p>\n<p>Hay varios divisores que se pueden colocar en las bandejas retr\u00e1ctiles del estuche de maquillaje y en el almacenamiento extra\u00edble central, que le ayudan a organizar sus cosm\u00e9ticos de una manera m\u00e1s organizada y ordenada. Y aj\u00fastelos a diferentes longitudes para maquillajes de distintos tama\u00f1os para que no se derramen. Los grandes compartimentos superior e inferior sin divisores pueden almacenar planchas para el cabello, aerosoles, bolsas para cepillos y otros art\u00edculos de tama\u00f1o relativamente grande. Adem\u00e1s, tambi\u00e9n tiene un espejo incorporado, que se puede desplegar en posici\u00f3n vertical para aplicaciones de maquillaje f\u00e1ciles sobre la marcha.<\/p>","protected":false},"excerpt":{"rendered":"<p>Modelo: SC-CM00113<\/p>\n<p>Tama\u00f1o: 23x15x15cm<\/p>\n<p>Cantidad m\u00ednima de pedido: 100 piezas<br \/>\nTiempo de entrega: 15-25 d\u00edas<\/p>\n<p>Muestra: Disponible<\/p>","protected":false},"featured_media":20557,"template":"","meta":{"_gspb_post_css":""},"product_cat":[96],"product_tag":[],"featured_image_urls":{"full":["https:\/\/suncasesupply.com\/wp-content\/uploads\/2023\/08\/5_a3cb2c29-d40a-4daf-905a-f09c588bfc3a_2048x.webp",612,612,false],"thumbnail":["https:\/\/suncasesupply.com\/wp-content\/uploads\/2023\/08\/5_a3cb2c29-d40a-4daf-905a-f09c588bfc3a_2048x-150x150.webp",150,150,true],"medium":["https:\/\/suncasesupply.com\/wp-content\/uploads\/2023\/08\/5_a3cb2c29-d40a-4daf-905a-f09c588bfc3a_2048x-300x300.webp",300,300,true],"medium_large":["https:\/\/suncasesupply.com\/wp-content\/uploads\/2023\/08\/5_a3cb2c29-d40a-4daf-905a-f09c588bfc3a_2048x.webp",612,612,false],"large":["https:\/\/suncasesupply.com\/wp-content\/uploads\/2023\/08\/5_a3cb2c29-d40a-4daf-905a-f09c588bfc3a_2048x.webp",612,612,false],"1536x1536":["https:\/\/suncasesupply.com\/wp-content\/uploads\/2023\/08\/5_a3cb2c29-d40a-4daf-905a-f09c588bfc3a_2048x.webp",612,612,false],"2048x2048":["https:\/\/suncasesupply.com\/wp-content\/uploads\/2023\/08\/5_a3cb2c29-d40a-4daf-905a-f09c588bfc3a_2048x.webp",612,612,false],"trp-custom-language-flag":["https:\/\/suncasesupply.com\/wp-content\/uploads\/2023\/08\/5_a3cb2c29-d40a-4daf-905a-f09c588bfc3a_2048x.webp",12,12,false],"woocommerce_thumbnail":["https:\/\/suncasesupply.com\/wp-content\/uploads\/2023\/08\/5_a3cb2c29-d40a-4daf-905a-f09c588bfc3a_2048x-300x300.webp",300,300,true],"woocommerce_single":["https:\/\/suncasesupply.com\/wp-content\/uploads\/2023\/08\/5_a3cb2c29-d40a-4daf-905a-f09c588bfc3a_2048x-600x600.webp",600,600,true],"woocommerce_gallery_thumbnail":["https:\/\/suncasesupply.com\/wp-content\/uploads\/2023\/08\/5_a3cb2c29-d40a-4daf-905a-f09c588bfc3a_2048x-100x100.webp",100,100,true]},"post_excerpt_stackable":"<p>Model : SC-CM00113<\/p>\n<p>Size: 23 x 15 x 15cm<\/p>\n<p>MOQ: 100pcs<br \/>\nDelivery Time : 15-25 Days<\/p>\n<p>Sample : Available<\/p>\n","category_list":"","author_info":{"name":"","url":""},"comments_num":"0 comentarios","_links":{"self":[{"href":"https:\/\/suncasesupply.com\/es\/wp-json\/wp\/v2\/product\/20564"}],"collection":[{"href":"https:\/\/suncasesupply.com\/es\/wp-json\/wp\/v2\/product"}],"about":[{"href":"https:\/\/suncasesupply.com\/es\/wp-json\/wp\/v2\/types\/product"}],"wp:featuredmedia":[{"embeddable":true,"href":"https:\/\/suncasesupply.com\/es\/wp-json\/wp\/v2\/media\/20557"}],"wp:attachment":[{"href":"https:\/\/suncasesupply.com\/es\/wp-json\/wp\/v2\/media?parent=20564"}],"wp:term":[{"taxonomy":"product_cat","embeddable":true,"href":"https:\/\/suncasesupply.com\/es\/wp-json\/wp\/v2\/product_cat?post=20564"},{"taxonomy":"product_tag","embeddable":true,"href":"https:\/\/suncasesupply.com\/es\/wp-json\/wp\/v2\/product_tag?post=20564"}],"curies":[{"name":"wp","href":"https:\/\/api.w.org\/{rel}","templated":true}]}}