{"id":20549,"date":"2023-08-24T17:00:44","date_gmt":"2023-08-24T09:00:44","guid":{"rendered":"https:\/\/suncasesupply.com\/?post_type=product&#038;p=20549"},"modified":"2025-02-26T11:11:31","modified_gmt":"2025-02-26T03:11:31","slug":"professional-beauty-box-makeup-case-cosmetic-case-with-adjustable-dividers","status":"publish","type":"product","link":"https:\/\/suncasesupply.com\/es\/product\/professional-beauty-box-makeup-case-cosmetic-case-with-adjustable-dividers\/","title":{"rendered":"Caja de belleza profesional, estuche de maquillaje, estuche de cosm\u00e9ticos con divisores ajustables"},"content":{"rendered":"<p>&nbsp;<\/p>\n<table width=\"774\">\n<tbody>\n<tr>\n<td width=\"177\">Art\u00edculo<\/td>\n<td width=\"597\">Estuche de maquillaje de aluminio<\/td>\n<\/tr>\n<tr>\n<td>Dimensi\u00f3n<\/td>\n<td>348*220 *249 mm o personalizar<\/td>\n<\/tr>\n<tr>\n<td>Colores<\/td>\n<td>Como muestran las im\u00e1genes o personalizar<\/td>\n<\/tr>\n<tr>\n<td>Materiales<\/td>\n<td>Aluminio, panel de ABS, tablero de MDF, forro de EVA\/espuma\/tela\/PU, herrajes<\/td>\n<\/tr>\n<tr>\n<td>Logo<\/td>\n<td>Logotipo de placa de metal, logotipo impreso, logotipo en relieve, logotipo l\u00e1ser<\/td>\n<\/tr>\n<tr>\n<td>tiempo de muestra<\/td>\n<td>7 d\u00edas<\/td>\n<\/tr>\n<tr>\n<td>Puerto de embarque<\/td>\n<td>Cant\u00f3n, Shenzhen<\/td>\n<\/tr>\n<tr>\n<td>T\u00e9rminos comerciales<\/td>\n<td>EXW, MANDO, CIF, DDU, DDP<\/td>\n<\/tr>\n<tr>\n<td>M\u00e9todos de pago<\/td>\n<td>T\/T, Efectivo, PayPal, Tarjeta de cr\u00e9dito<\/td>\n<\/tr>\n<\/tbody>\n<\/table>\n<p><span style=\"color: #003366;\">Caracter\u00edsticas:<\/span><\/p>\n<p>Bandejas con divisores: 4 bandejas extensibles cuentan con 8 divisores ajustables\/extra\u00edbles para personalizar los compartimentos seg\u00fan tus necesidades, haciendo que tus cosm\u00e9ticos est\u00e9n limpios y ordenados. La mano de obra exquisita refleja una calidad de alta gama, muy moderna y elegante, adecuada tanto para viajes como para uso diario en el hogar.<\/p>","protected":false},"excerpt":{"rendered":"<p>Modelo: SC-CM0012<\/p>\n<p>Tama\u00f1o: 348*220*249mm<\/p>\n<p>Cantidad m\u00ednima de pedido: 100 piezas<\/p>\n<p>Tiempo de entrega: 15-25 d\u00edas<\/p>\n<p>Muestra: Disponible<\/p>","protected":false},"featured_media":20550,"template":"","meta":{"_gspb_post_css":""},"product_cat":[96],"product_tag":[],"featured_image_urls":{"full":["https:\/\/suncasesupply.com\/wp-content\/uploads\/2023\/08\/9e92f732-090e-485c-adfa-077ed72d3a42_1.04d36f6287404caf6529b7269288ec0e.webp",600,600,false],"thumbnail":["https:\/\/suncasesupply.com\/wp-content\/uploads\/2023\/08\/9e92f732-090e-485c-adfa-077ed72d3a42_1.04d36f6287404caf6529b7269288ec0e-150x150.webp",150,150,true],"medium":["https:\/\/suncasesupply.com\/wp-content\/uploads\/2023\/08\/9e92f732-090e-485c-adfa-077ed72d3a42_1.04d36f6287404caf6529b7269288ec0e-300x300.webp",300,300,true],"medium_large":["https:\/\/suncasesupply.com\/wp-content\/uploads\/2023\/08\/9e92f732-090e-485c-adfa-077ed72d3a42_1.04d36f6287404caf6529b7269288ec0e.webp",600,600,false],"large":["https:\/\/suncasesupply.com\/wp-content\/uploads\/2023\/08\/9e92f732-090e-485c-adfa-077ed72d3a42_1.04d36f6287404caf6529b7269288ec0e.webp",600,600,false],"1536x1536":["https:\/\/suncasesupply.com\/wp-content\/uploads\/2023\/08\/9e92f732-090e-485c-adfa-077ed72d3a42_1.04d36f6287404caf6529b7269288ec0e.webp",600,600,false],"2048x2048":["https:\/\/suncasesupply.com\/wp-content\/uploads\/2023\/08\/9e92f732-090e-485c-adfa-077ed72d3a42_1.04d36f6287404caf6529b7269288ec0e.webp",600,600,false],"trp-custom-language-flag":["https:\/\/suncasesupply.com\/wp-content\/uploads\/2023\/08\/9e92f732-090e-485c-adfa-077ed72d3a42_1.04d36f6287404caf6529b7269288ec0e.webp",12,12,false],"woocommerce_thumbnail":["https:\/\/suncasesupply.com\/wp-content\/uploads\/2023\/08\/9e92f732-090e-485c-adfa-077ed72d3a42_1.04d36f6287404caf6529b7269288ec0e-300x300.webp",300,300,true],"woocommerce_single":["https:\/\/suncasesupply.com\/wp-content\/uploads\/2023\/08\/9e92f732-090e-485c-adfa-077ed72d3a42_1.04d36f6287404caf6529b7269288ec0e.webp",600,600,false],"woocommerce_gallery_thumbnail":["https:\/\/suncasesupply.com\/wp-content\/uploads\/2023\/08\/9e92f732-090e-485c-adfa-077ed72d3a42_1.04d36f6287404caf6529b7269288ec0e-100x100.webp",100,100,true]},"post_excerpt_stackable":"<p>Model : SC-CM0012<\/p>\n<p>Size: \u00a0348*220 *249 mm<\/p>\n<p>MOQ: 100pcs<\/p>\n<p>Delivery Time : 15-25 Days<\/p>\n<p>Sample : Available<\/p>\n","category_list":"","author_info":{"name":"","url":""},"comments_num":"0 comentarios","_links":{"self":[{"href":"https:\/\/suncasesupply.com\/es\/wp-json\/wp\/v2\/product\/20549"}],"collection":[{"href":"https:\/\/suncasesupply.com\/es\/wp-json\/wp\/v2\/product"}],"about":[{"href":"https:\/\/suncasesupply.com\/es\/wp-json\/wp\/v2\/types\/product"}],"wp:featuredmedia":[{"embeddable":true,"href":"https:\/\/suncasesupply.com\/es\/wp-json\/wp\/v2\/media\/20550"}],"wp:attachment":[{"href":"https:\/\/suncasesupply.com\/es\/wp-json\/wp\/v2\/media?parent=20549"}],"wp:term":[{"taxonomy":"product_cat","embeddable":true,"href":"https:\/\/suncasesupply.com\/es\/wp-json\/wp\/v2\/product_cat?post=20549"},{"taxonomy":"product_tag","embeddable":true,"href":"https:\/\/suncasesupply.com\/es\/wp-json\/wp\/v2\/product_tag?post=20549"}],"curies":[{"name":"wp","href":"https:\/\/api.w.org\/{rel}","templated":true}]}}