{"id":20525,"date":"2023-08-24T16:08:23","date_gmt":"2023-08-24T08:08:23","guid":{"rendered":"https:\/\/suncasesupply.com\/?post_type=product&#038;p=20525"},"modified":"2025-02-20T14:37:03","modified_gmt":"2025-02-20T06:37:03","slug":"carrying-aluminum-lp-storage-case-portable-vinyl-record-case-25-lps","status":"publish","type":"product","link":"https:\/\/suncasesupply.com\/es\/product\/carrying-aluminum-lp-storage-case-portable-vinyl-record-case-25-lps\/","title":{"rendered":"Estuche de aluminio para almacenamiento de LP Estuche port\u00e1til para discos de vinilo (25 LP)"},"content":{"rendered":"<p>&nbsp;<\/p>\n<table width=\"774\">\n<tbody>\n<tr>\n<td width=\"177\">Art\u00edculo<\/td>\n<td width=\"597\">Caja de aluminio<\/td>\n<\/tr>\n<tr>\n<td>Dimensi\u00f3n<\/td>\n<td>36 x 12 x 36 cm o personalizar<\/td>\n<\/tr>\n<tr>\n<td>Colores<\/td>\n<td>Como muestran las im\u00e1genes o personalizar<\/td>\n<\/tr>\n<tr>\n<td>Materiales<\/td>\n<td>Aluminio, panel de ABS, tablero de MDF, forro de EVA\/espuma\/tela\/PU, herrajes<\/td>\n<\/tr>\n<tr>\n<td>Logo<\/td>\n<td>Logotipo de placa de metal, logotipo impreso, logotipo en relieve, logotipo l\u00e1ser<\/td>\n<\/tr>\n<tr>\n<td>tiempo de muestra<\/td>\n<td>7 d\u00edas<\/td>\n<\/tr>\n<tr>\n<td>Puerto de embarque<\/td>\n<td>Cant\u00f3n, Shenzhen<\/td>\n<\/tr>\n<tr>\n<td>T\u00e9rminos comerciales<\/td>\n<td>EXW, MANDO, CIF, DDU, DDP<\/td>\n<\/tr>\n<tr>\n<td>M\u00e9todos de pago<\/td>\n<td>T\/T, Efectivo, PayPal, Tarjeta de cr\u00e9dito<\/td>\n<\/tr>\n<\/tbody>\n<\/table>\n<p><span style=\"color: #003366;\">Caracter\u00edsticas:<\/span><\/p>\n<p>Este estuche para discos de 12 \u2033 est\u00e1 dise\u00f1ado para archivar y transportar un m\u00e1ximo de 25 LP de 12 pulgadas. Este formato es la soluci\u00f3n m\u00e1s compacta de la serie y es ideal para almacenar rarezas. La tapa del Record Case est\u00e1 firmemente montada sobre dos bisagras de metal y un cierre a presi\u00f3n con llave protege contra el robo de los discos individuales.<\/p>\n<p>A pesar de su dise\u00f1o robusto, la caja para discos tiene un peso propio reducido y el asa montada en la superficie hace que la caja sea f\u00e1cilmente apilable. La construcci\u00f3n de aluminio, paneles de MDF plastificados, remaches y un suave acolchado en el interior garantizan una protecci\u00f3n \u00f3ptima de los discos. El estuche para discos de DJ est\u00e1 disponible en tres variantes de color: plateado\/plateado, plateado\/negro y negro\/negro.<\/p>\n<p>Detalles t\u00e9cnicos:<br \/>\n\u2022 Estuche para discos con capacidad m\u00e1xima de 25 uds. Discos de 12\u2033.<br \/>\n\u2022 Tapa fija, cierre a presi\u00f3n<br \/>\n\u2022 Material: aluminio, paneles de MDF plastificados<br \/>\n\u2022 Las esquinas protectoras de metal protegen contra golpes y desgaste<br \/>\n\u2022 Pies de goma antideslizantes<br \/>\n\u2022 Disponible en tres colores: Plata\/plata, plata\/negro; negro Negro<br \/>\n\u2022 Dimensiones (LxAnxAl): 36 x 12 x 36 cm<br \/>\n\u2022 Peso 2 kg<\/p>","protected":false},"excerpt":{"rendered":"<p>Modelo: SC-LP0022<\/p>\n<p>Tama\u00f1o: 36x12x36cm<\/p>\n<p>Capacidad: 70 LP de 12 \u2033<\/p>\n<p>Cantidad m\u00ednima de pedido: 100 piezas<\/p>\n<p>Tiempo de entrega: 15-25 d\u00edas<\/p>\n<p>Muestra: Disponible<\/p>","protected":false},"featured_media":20526,"template":"","meta":{"_gspb_post_css":""},"product_cat":[83],"product_tag":[],"featured_image_urls":{"full":["https:\/\/suncasesupply.com\/wp-content\/uploads\/2023\/08\/3-vinyl-case-12-record-case-25-lps-silver-silver.webp",970,970,false],"thumbnail":["https:\/\/suncasesupply.com\/wp-content\/uploads\/2023\/08\/3-vinyl-case-12-record-case-25-lps-silver-silver-150x150.webp",150,150,true],"medium":["https:\/\/suncasesupply.com\/wp-content\/uploads\/2023\/08\/3-vinyl-case-12-record-case-25-lps-silver-silver-300x300.webp",300,300,true],"medium_large":["https:\/\/suncasesupply.com\/wp-content\/uploads\/2023\/08\/3-vinyl-case-12-record-case-25-lps-silver-silver-768x768.webp",768,768,true],"large":["https:\/\/suncasesupply.com\/wp-content\/uploads\/2023\/08\/3-vinyl-case-12-record-case-25-lps-silver-silver.webp",970,970,false],"1536x1536":["https:\/\/suncasesupply.com\/wp-content\/uploads\/2023\/08\/3-vinyl-case-12-record-case-25-lps-silver-silver.webp",970,970,false],"2048x2048":["https:\/\/suncasesupply.com\/wp-content\/uploads\/2023\/08\/3-vinyl-case-12-record-case-25-lps-silver-silver.webp",970,970,false],"trp-custom-language-flag":["https:\/\/suncasesupply.com\/wp-content\/uploads\/2023\/08\/3-vinyl-case-12-record-case-25-lps-silver-silver.webp",12,12,false],"woocommerce_thumbnail":["https:\/\/suncasesupply.com\/wp-content\/uploads\/2023\/08\/3-vinyl-case-12-record-case-25-lps-silver-silver-300x300.webp",300,300,true],"woocommerce_single":["https:\/\/suncasesupply.com\/wp-content\/uploads\/2023\/08\/3-vinyl-case-12-record-case-25-lps-silver-silver-600x600.webp",600,600,true],"woocommerce_gallery_thumbnail":["https:\/\/suncasesupply.com\/wp-content\/uploads\/2023\/08\/3-vinyl-case-12-record-case-25-lps-silver-silver-100x100.webp",100,100,true]},"post_excerpt_stackable":"<p>Model : SC-LP0022<\/p>\n<p>Size: 36 x 12 x 36 cm<\/p>\n<p>Capacity: 70 12&#8243; LPs<\/p>\n<p>MOQ: 100pcs<\/p>\n<p>Delivery Time : 15-25 Days<\/p>\n<p>Sample : Available<\/p>\n","category_list":"","author_info":{"name":"","url":""},"comments_num":"0 comentarios","_links":{"self":[{"href":"https:\/\/suncasesupply.com\/es\/wp-json\/wp\/v2\/product\/20525"}],"collection":[{"href":"https:\/\/suncasesupply.com\/es\/wp-json\/wp\/v2\/product"}],"about":[{"href":"https:\/\/suncasesupply.com\/es\/wp-json\/wp\/v2\/types\/product"}],"wp:featuredmedia":[{"embeddable":true,"href":"https:\/\/suncasesupply.com\/es\/wp-json\/wp\/v2\/media\/20526"}],"wp:attachment":[{"href":"https:\/\/suncasesupply.com\/es\/wp-json\/wp\/v2\/media?parent=20525"}],"wp:term":[{"taxonomy":"product_cat","embeddable":true,"href":"https:\/\/suncasesupply.com\/es\/wp-json\/wp\/v2\/product_cat?post=20525"},{"taxonomy":"product_tag","embeddable":true,"href":"https:\/\/suncasesupply.com\/es\/wp-json\/wp\/v2\/product_tag?post=20525"}],"curies":[{"name":"wp","href":"https:\/\/api.w.org\/{rel}","templated":true}]}}