{"id":20269,"date":"2023-08-23T16:42:26","date_gmt":"2023-08-23T08:42:26","guid":{"rendered":"https:\/\/suncasesupply.com\/?post_type=product&#038;p=20269"},"modified":"2025-02-20T15:04:08","modified_gmt":"2025-02-20T07:04:08","slug":"extra-large-dj-controller-mixer-media-player-case","status":"publish","type":"product","link":"https:\/\/suncasesupply.com\/es\/product\/extra-large-dj-controller-mixer-media-player-case\/","title":{"rendered":"Estuche extra grande para reproductor multimedia, mezclador y controlador de DJ"},"content":{"rendered":"<p>&nbsp;<\/p>\n<table width=\"774\">\n<tbody>\n<tr>\n<td width=\"177\">Art\u00edculo<\/td>\n<td width=\"597\">Bolsa EVA<\/td>\n<\/tr>\n<tr>\n<td>Dimensi\u00f3n<\/td>\n<td>58,42*39,37*20,32 cm o personalizar<\/td>\n<\/tr>\n<tr>\n<td>Colores<\/td>\n<td>Como muestran las im\u00e1genes o personalizar<\/td>\n<\/tr>\n<tr>\n<td>Materiales<\/td>\n<td>Oxford\/PU, cremalleras de pl\u00e1stico\/metal, EVA, PVC, nailon\u2026<\/td>\n<\/tr>\n<tr>\n<td>Logo<\/td>\n<td>Logotipo de placa de metal, logotipo impreso, logotipo en relieve, logotipo l\u00e1ser<\/td>\n<\/tr>\n<tr>\n<td>tiempo de muestra<\/td>\n<td>7 d\u00edas<\/td>\n<\/tr>\n<tr>\n<td>Puerto de embarque<\/td>\n<td>Cant\u00f3n, Shenzhen<\/td>\n<\/tr>\n<tr>\n<td>T\u00e9rminos comerciales<\/td>\n<td>EXW, MANDO, CIF, DDU, DDP<\/td>\n<\/tr>\n<tr>\n<td>M\u00e9todos de pago<\/td>\n<td>T\/T, Efectivo, PayPal, Tarjeta de cr\u00e9dito<\/td>\n<\/tr>\n<\/tbody>\n<\/table>\n<p><span style=\"color: #003366;\">Caracter\u00edsticas:<\/span><\/p>\n<div>El estuche, estuches de vanguardia para el DJ \/ Remixer \/ Productor en constante movimiento de hoy. Cada dise\u00f1o no s\u00f3lo te hace lucir bien, sino que te hace sentir bien. El estuche Redline\u2122 Digital XLE te permite llevar una amplia variedad de tu equipo esencial para tu configuraci\u00f3n digital de un concierto a otro. Dentro del compartimento principal hay inserciones de espuma \u00fanicas que se pueden reconfigurar o quitar f\u00e1cilmente para que puedas guardar de forma segura lo que tu concierto exija en ese momento, como mezcladores y reproductores multimedia de mesa de gran formato, o controladores digitales como el Denon DN-MC4000, Traktor Kontrol. S4 MK2, Numark Mixtrack PRO 3 y NVII, o Pioneer DDJ-RB. Tiene suficientes bolsillos para guardar todas sus necesidades y est\u00e1 completamente acolchado en los lugares correctos con un refuerzo de estructura de acero para lo \u00faltimo en protecci\u00f3n de equipos digitales.<\/div>","protected":false},"excerpt":{"rendered":"<p>Modelo: SC-EC0003<\/p>\n<p>Tama\u00f1o: 58,42*39,37*20,32 cm<\/p>\n<p>Cantidad m\u00ednima de pedido: 500 piezas<\/p>\n<p>Tiempo de entrega: 15-25 d\u00edas<\/p>\n<p>Muestra: Disponible<\/p>","protected":false},"featured_media":20271,"template":"","meta":{"_gspb_post_css":""},"product_cat":[37],"product_tag":[],"featured_image_urls":{"full":["https:\/\/suncasesupply.com\/wp-content\/uploads\/2023\/08\/brldigitalxle_02.webp",1500,1500,false],"thumbnail":["https:\/\/suncasesupply.com\/wp-content\/uploads\/2023\/08\/brldigitalxle_02-150x150.webp",150,150,true],"medium":["https:\/\/suncasesupply.com\/wp-content\/uploads\/2023\/08\/brldigitalxle_02-300x300.webp",300,300,true],"medium_large":["https:\/\/suncasesupply.com\/wp-content\/uploads\/2023\/08\/brldigitalxle_02-768x768.webp",768,768,true],"large":["https:\/\/suncasesupply.com\/wp-content\/uploads\/2023\/08\/brldigitalxle_02-1024x1024.webp",1024,1024,true],"1536x1536":["https:\/\/suncasesupply.com\/wp-content\/uploads\/2023\/08\/brldigitalxle_02.webp",1500,1500,false],"2048x2048":["https:\/\/suncasesupply.com\/wp-content\/uploads\/2023\/08\/brldigitalxle_02.webp",1500,1500,false],"trp-custom-language-flag":["https:\/\/suncasesupply.com\/wp-content\/uploads\/2023\/08\/brldigitalxle_02.webp",12,12,false],"woocommerce_thumbnail":["https:\/\/suncasesupply.com\/wp-content\/uploads\/2023\/08\/brldigitalxle_02-300x300.webp",300,300,true],"woocommerce_single":["https:\/\/suncasesupply.com\/wp-content\/uploads\/2023\/08\/brldigitalxle_02-600x600.webp",600,600,true],"woocommerce_gallery_thumbnail":["https:\/\/suncasesupply.com\/wp-content\/uploads\/2023\/08\/brldigitalxle_02-100x100.webp",100,100,true]},"post_excerpt_stackable":"<p>Model : SC-EC0003<\/p>\n<p>Size: \u00a058.42*39.37*20.32cm<\/p>\n<p>MOQ: 500pcs<\/p>\n<p>Delivery Time : 15-25 Days<\/p>\n<p>Sample : Available<\/p>\n","category_list":"","author_info":{"name":"","url":""},"comments_num":"0 comentarios","_links":{"self":[{"href":"https:\/\/suncasesupply.com\/es\/wp-json\/wp\/v2\/product\/20269"}],"collection":[{"href":"https:\/\/suncasesupply.com\/es\/wp-json\/wp\/v2\/product"}],"about":[{"href":"https:\/\/suncasesupply.com\/es\/wp-json\/wp\/v2\/types\/product"}],"wp:featuredmedia":[{"embeddable":true,"href":"https:\/\/suncasesupply.com\/es\/wp-json\/wp\/v2\/media\/20271"}],"wp:attachment":[{"href":"https:\/\/suncasesupply.com\/es\/wp-json\/wp\/v2\/media?parent=20269"}],"wp:term":[{"taxonomy":"product_cat","embeddable":true,"href":"https:\/\/suncasesupply.com\/es\/wp-json\/wp\/v2\/product_cat?post=20269"},{"taxonomy":"product_tag","embeddable":true,"href":"https:\/\/suncasesupply.com\/es\/wp-json\/wp\/v2\/product_tag?post=20269"}],"curies":[{"name":"wp","href":"https:\/\/api.w.org\/{rel}","templated":true}]}}