{"id":20139,"date":"2023-08-23T11:03:14","date_gmt":"2023-08-23T03:03:14","guid":{"rendered":"https:\/\/suncasesupply.com\/?post_type=product&#038;p=20139"},"modified":"2025-02-26T11:24:07","modified_gmt":"2025-02-26T03:24:07","slug":"double-layer-nail-polish-storage-and-nail-dryer-case-holds-30-bottles","status":"publish","type":"product","link":"https:\/\/suncasesupply.com\/es\/product\/double-layer-nail-polish-storage-and-nail-dryer-case-holds-30-bottles\/","title":{"rendered":"Estuche para secador de u\u00f1as y almacenamiento de esmalte de u\u00f1as de doble capa con capacidad para 30 botellas"},"content":{"rendered":"<p>&nbsp;<\/p>\n<table width=\"774\">\n<tbody>\n<tr>\n<td width=\"177\">Art\u00edculo<\/td>\n<td width=\"597\">Bolsa de maquillaje<\/td>\n<\/tr>\n<tr>\n<td>Dimensi\u00f3n<\/td>\n<td>24*20*24cm o personalizar<\/td>\n<\/tr>\n<tr>\n<td>Colores<\/td>\n<td>Como muestran las im\u00e1genes o personalizar<\/td>\n<\/tr>\n<tr>\n<td>Materiales<\/td>\n<td>Oxford\/PU, cremalleras de pl\u00e1stico\/metal, EVA, PVC, nailon\u2026<\/td>\n<\/tr>\n<tr>\n<td>Logo<\/td>\n<td>Logotipo de placa de metal, logotipo impreso, logotipo en relieve, logotipo l\u00e1ser<\/td>\n<\/tr>\n<tr>\n<td>tiempo de muestra<\/td>\n<td>7 d\u00edas<\/td>\n<\/tr>\n<tr>\n<td>Puerto de embarque<\/td>\n<td>Cant\u00f3n, Shenzhen<\/td>\n<\/tr>\n<tr>\n<td>T\u00e9rminos comerciales<\/td>\n<td>EXW, MANDO, CIF, DDU, DDP<\/td>\n<\/tr>\n<tr>\n<td>M\u00e9todos de pago<\/td>\n<td>T\/T, Efectivo, PayPal, Tarjeta de cr\u00e9dito<\/td>\n<\/tr>\n<\/tbody>\n<\/table>\n<p><span style=\"color: #003366;\">Caracter\u00edsticas:<\/span><\/p>\n<p>Capacidad m\u00e1xima 30, almacenamiento CAN 26 botellas de esmalte de u\u00f1as de 0,5 onzas l\u00edquidas\/15 ml y los bolsillos de las esquinas pueden contener 4 esmaltes de u\u00f1as peque\u00f1os.<br \/>\nOrganizador de almacenamiento de herramientas para esmalte de u\u00f1as y manicura con compartimentos dobles. Fabricado con materiales resistentes para un rendimiento duradero. La cubierta exterior bien acolchada proporciona una excelente protecci\u00f3n a las botellas de esmalte de u\u00f1as. Este resistente contenedor organizador de esmalte de u\u00f1as es ideal tanto para profesionales como para aficionados a las u\u00f1as.<br \/>\nEl compartimento inferior ofrece un amplio espacio de almacenamiento para botellas de esmalte de u\u00f1as de 15 ml\/0,5 onzas l\u00edquidas, capacidad m\u00e1xima para 30. Los divisores suaves brindan la m\u00e1xima flexibilidad para organizar botellas de diferentes tama\u00f1os. Tambi\u00e9n protegen las botellas para que no se aplasten entre s\u00ed.<br \/>\nEl compartimento superior ofrece suficiente espacio de almacenamiento para la l\u00e1mpara de u\u00f1as y otras herramientas de manicura como limas, taladros para u\u00f1as, quitaesmalte, almohadillas de algod\u00f3n, etc.<\/p>","protected":false},"excerpt":{"rendered":"<p>Modelo: SC-MB0013<\/p>\n<p>Tama\u00f1o: 24*20*24cm<\/p>\n<p>Cantidad m\u00ednima de pedido: 100 piezas<\/p>\n<p>Tiempo de entrega: 15-25 d\u00edas<\/p>\n<p>Muestra: Disponible<\/p>","protected":false},"featured_media":20147,"template":"","meta":{"_gspb_post_css":""},"product_cat":[95],"product_tag":[],"featured_image_urls":{"full":["https:\/\/suncasesupply.com\/wp-content\/uploads\/2023\/08\/1-13-scaled.jpg",2560,2560,false],"thumbnail":["https:\/\/suncasesupply.com\/wp-content\/uploads\/2023\/08\/1-13-150x150.jpg",150,150,true],"medium":["https:\/\/suncasesupply.com\/wp-content\/uploads\/2023\/08\/1-13-300x300.jpg",300,300,true],"medium_large":["https:\/\/suncasesupply.com\/wp-content\/uploads\/2023\/08\/1-13-768x768.jpg",768,768,true],"large":["https:\/\/suncasesupply.com\/wp-content\/uploads\/2023\/08\/1-13-1024x1024.jpg",1024,1024,true],"1536x1536":["https:\/\/suncasesupply.com\/wp-content\/uploads\/2023\/08\/1-13-1536x1536.jpg",1536,1536,true],"2048x2048":["https:\/\/suncasesupply.com\/wp-content\/uploads\/2023\/08\/1-13-2048x2048.jpg",2048,2048,true],"trp-custom-language-flag":["https:\/\/suncasesupply.com\/wp-content\/uploads\/2023\/08\/1-13-scaled.jpg",12,12,false],"woocommerce_thumbnail":["https:\/\/suncasesupply.com\/wp-content\/uploads\/2023\/08\/1-13-300x300.jpg",300,300,true],"woocommerce_single":["https:\/\/suncasesupply.com\/wp-content\/uploads\/2023\/08\/1-13-600x600.jpg",600,600,true],"woocommerce_gallery_thumbnail":["https:\/\/suncasesupply.com\/wp-content\/uploads\/2023\/08\/1-13-100x100.jpg",100,100,true]},"post_excerpt_stackable":"<p>Model : SC-MB0013<\/p>\n<p>Size: 24*20*24cm<\/p>\n<p>MOQ: 100pcs<\/p>\n<p>Delivery Time : 15-25 Days<\/p>\n<p>Sample : Available<\/p>\n","category_list":"","author_info":{"name":"","url":""},"comments_num":"0 comentarios","_links":{"self":[{"href":"https:\/\/suncasesupply.com\/es\/wp-json\/wp\/v2\/product\/20139"}],"collection":[{"href":"https:\/\/suncasesupply.com\/es\/wp-json\/wp\/v2\/product"}],"about":[{"href":"https:\/\/suncasesupply.com\/es\/wp-json\/wp\/v2\/types\/product"}],"wp:featuredmedia":[{"embeddable":true,"href":"https:\/\/suncasesupply.com\/es\/wp-json\/wp\/v2\/media\/20147"}],"wp:attachment":[{"href":"https:\/\/suncasesupply.com\/es\/wp-json\/wp\/v2\/media?parent=20139"}],"wp:term":[{"taxonomy":"product_cat","embeddable":true,"href":"https:\/\/suncasesupply.com\/es\/wp-json\/wp\/v2\/product_cat?post=20139"},{"taxonomy":"product_tag","embeddable":true,"href":"https:\/\/suncasesupply.com\/es\/wp-json\/wp\/v2\/product_tag?post=20139"}],"curies":[{"name":"wp","href":"https:\/\/api.w.org\/{rel}","templated":true}]}}