{"id":20132,"date":"2023-08-23T10:57:02","date_gmt":"2023-08-23T02:57:02","guid":{"rendered":"https:\/\/suncasesupply.com\/?post_type=product&#038;p=20132"},"modified":"2025-02-26T11:24:16","modified_gmt":"2025-02-26T03:24:16","slug":"nail-polish-carrying-bag-case-holds-24-bottles-15ml-0-5-fl-oz","status":"publish","type":"product","link":"https:\/\/suncasesupply.com\/es\/product\/nail-polish-carrying-bag-case-holds-24-bottles-15ml-0-5-fl-oz\/","title":{"rendered":"Estuche con bolsa de transporte para esmalte de u\u00f1as con capacidad para 24 botellas (15 ml\/0,5 fl.oz)"},"content":{"rendered":"<p>&nbsp;<\/p>\n<table width=\"774\">\n<tbody>\n<tr>\n<td width=\"177\">Art\u00edculo<\/td>\n<td width=\"597\">Bolsa de maquillaje<\/td>\n<\/tr>\n<tr>\n<td>Dimensi\u00f3n<\/td>\n<td>27*18*9,4 cm o personalizar<\/td>\n<\/tr>\n<tr>\n<td>Colores<\/td>\n<td>Como muestran las im\u00e1genes o personalizar<\/td>\n<\/tr>\n<tr>\n<td>Materiales<\/td>\n<td>Oxford\/PU, cremalleras de pl\u00e1stico\/metal, EVA, PVC, nailon\u2026<\/td>\n<\/tr>\n<tr>\n<td>Logo<\/td>\n<td>Logotipo de placa de metal, logotipo impreso, logotipo en relieve, logotipo l\u00e1ser<\/td>\n<\/tr>\n<tr>\n<td>tiempo de muestra<\/td>\n<td>7 d\u00edas<\/td>\n<\/tr>\n<tr>\n<td>Puerto de embarque<\/td>\n<td>Cant\u00f3n, Shenzhen<\/td>\n<\/tr>\n<tr>\n<td>T\u00e9rminos comerciales<\/td>\n<td>EXW, MANDO, CIF, DDU, DDP<\/td>\n<\/tr>\n<tr>\n<td>M\u00e9todos de pago<\/td>\n<td>T\/T, Efectivo, PayPal, Tarjeta de cr\u00e9dito<\/td>\n<\/tr>\n<\/tbody>\n<\/table>\n<p><span style=\"color: #003366;\">Caracter\u00edsticas:<\/span><\/p>\n<p>El dise\u00f1o bien acolchado ayuda a mantener la forma de la bolsa y proporciona una gran protecci\u00f3n para los esmaltes de u\u00f1as. El material de poli\u00e9ster repelente al agua lo mantiene alejado del polvo y l\u00edquidos. (SOLO BOLSA)<br \/>\nEl compartimento principal con divisor de botellas ajustable tiene capacidad para 24 botellas de esmaltes de u\u00f1as (15 ml\/0,5 onzas l\u00edquidas) (hasta 3,6 pulgadas de alto). 1 bolsillo transparente con cremallera para guardar herramientas de punteado, pinceles, limas, pegatinas y otros accesorios de manicura.<\/p>","protected":false},"excerpt":{"rendered":"<p>Modelo: SC-MB0012<\/p>\n<p>Tama\u00f1o: 27*18*9,4 cm<\/p>\n<p>Cantidad m\u00ednima de pedido: 100 piezas<\/p>\n<p>Tiempo de entrega: 15-25 d\u00edas<\/p>\n<p>Muestra: Disponible<\/p>","protected":false},"featured_media":20133,"template":"","meta":{"_gspb_post_css":""},"product_cat":[95],"product_tag":[],"featured_image_urls":{"full":["https:\/\/suncasesupply.com\/wp-content\/uploads\/2023\/08\/71aGYOG6LzL._SL1500_-1.jpg",1500,1500,false],"thumbnail":["https:\/\/suncasesupply.com\/wp-content\/uploads\/2023\/08\/71aGYOG6LzL._SL1500_-1-150x150.jpg",150,150,true],"medium":["https:\/\/suncasesupply.com\/wp-content\/uploads\/2023\/08\/71aGYOG6LzL._SL1500_-1-300x300.jpg",300,300,true],"medium_large":["https:\/\/suncasesupply.com\/wp-content\/uploads\/2023\/08\/71aGYOG6LzL._SL1500_-1-768x768.jpg",768,768,true],"large":["https:\/\/suncasesupply.com\/wp-content\/uploads\/2023\/08\/71aGYOG6LzL._SL1500_-1-1024x1024.jpg",1024,1024,true],"1536x1536":["https:\/\/suncasesupply.com\/wp-content\/uploads\/2023\/08\/71aGYOG6LzL._SL1500_-1.jpg",1500,1500,false],"2048x2048":["https:\/\/suncasesupply.com\/wp-content\/uploads\/2023\/08\/71aGYOG6LzL._SL1500_-1.jpg",1500,1500,false],"trp-custom-language-flag":["https:\/\/suncasesupply.com\/wp-content\/uploads\/2023\/08\/71aGYOG6LzL._SL1500_-1.jpg",12,12,false],"woocommerce_thumbnail":["https:\/\/suncasesupply.com\/wp-content\/uploads\/2023\/08\/71aGYOG6LzL._SL1500_-1-300x300.jpg",300,300,true],"woocommerce_single":["https:\/\/suncasesupply.com\/wp-content\/uploads\/2023\/08\/71aGYOG6LzL._SL1500_-1-600x600.jpg",600,600,true],"woocommerce_gallery_thumbnail":["https:\/\/suncasesupply.com\/wp-content\/uploads\/2023\/08\/71aGYOG6LzL._SL1500_-1-100x100.jpg",100,100,true]},"post_excerpt_stackable":"<p>Model : SC-MB0012<\/p>\n<p>Size: 27*18*9.4cm<\/p>\n<p>MOQ: 100pcs<\/p>\n<p>Delivery Time : 15-25 Days<\/p>\n<p>Sample : Available<\/p>\n","category_list":"","author_info":{"name":"","url":""},"comments_num":"0 comentarios","_links":{"self":[{"href":"https:\/\/suncasesupply.com\/es\/wp-json\/wp\/v2\/product\/20132"}],"collection":[{"href":"https:\/\/suncasesupply.com\/es\/wp-json\/wp\/v2\/product"}],"about":[{"href":"https:\/\/suncasesupply.com\/es\/wp-json\/wp\/v2\/types\/product"}],"wp:featuredmedia":[{"embeddable":true,"href":"https:\/\/suncasesupply.com\/es\/wp-json\/wp\/v2\/media\/20133"}],"wp:attachment":[{"href":"https:\/\/suncasesupply.com\/es\/wp-json\/wp\/v2\/media?parent=20132"}],"wp:term":[{"taxonomy":"product_cat","embeddable":true,"href":"https:\/\/suncasesupply.com\/es\/wp-json\/wp\/v2\/product_cat?post=20132"},{"taxonomy":"product_tag","embeddable":true,"href":"https:\/\/suncasesupply.com\/es\/wp-json\/wp\/v2\/product_tag?post=20132"}],"curies":[{"name":"wp","href":"https:\/\/api.w.org\/{rel}","templated":true}]}}