{"id":20131,"date":"2023-08-23T10:51:37","date_gmt":"2023-08-23T02:51:37","guid":{"rendered":"https:\/\/suncasesupply.com\/?post_type=product&#038;p=20131"},"modified":"2025-02-26T11:24:27","modified_gmt":"2025-02-26T03:24:27","slug":"professional-makeup-case-carrying-portable-cosmetic-with-shoulder-strap-and-dividers","status":"publish","type":"product","link":"https:\/\/suncasesupply.com\/es\/product\/professional-makeup-case-carrying-portable-cosmetic-with-shoulder-strap-and-dividers\/","title":{"rendered":"Estuche de maquillaje profesional que lleva cosm\u00e9ticos port\u00e1tiles con correa para el hombro y divisores"},"content":{"rendered":"<p>&nbsp;<\/p>\n<table width=\"774\">\n<tbody>\n<tr>\n<td width=\"177\">Art\u00edculo<\/td>\n<td width=\"597\">Bolsa de maquillaje<\/td>\n<\/tr>\n<tr>\n<td>Dimensi\u00f3n<\/td>\n<td>34*23*12cm o personalizar<\/td>\n<\/tr>\n<tr>\n<td>Colores<\/td>\n<td>Como muestran las im\u00e1genes o personalizar<\/td>\n<\/tr>\n<tr>\n<td>Materiales<\/td>\n<td>Oxford\/PU, cremalleras de pl\u00e1stico\/metal, EVA, PVC, nailon\u2026<\/td>\n<\/tr>\n<tr>\n<td>Logo<\/td>\n<td>Logotipo de placa de metal, logotipo impreso, logotipo en relieve, logotipo l\u00e1ser<\/td>\n<\/tr>\n<tr>\n<td>tiempo de muestra<\/td>\n<td>7 d\u00edas<\/td>\n<\/tr>\n<tr>\n<td>Puerto de embarque<\/td>\n<td>Cant\u00f3n, Shenzhen<\/td>\n<\/tr>\n<tr>\n<td>T\u00e9rminos comerciales<\/td>\n<td>EXW, MANDO, CIF, DDU, DDP<\/td>\n<\/tr>\n<tr>\n<td>M\u00e9todos de pago<\/td>\n<td>T\/T, Efectivo, PayPal, Tarjeta de cr\u00e9dito<\/td>\n<\/tr>\n<\/tbody>\n<\/table>\n<p><span style=\"color: #003366;\">Caracter\u00edsticas:<\/span><\/p>\n<p>Esta bolsa de cosm\u00e9ticos tiene suficiente espacio para guardar sus cosm\u00e9ticos, como l\u00e1pices labiales, brochas de maquillaje, plato para sombras de ojos, base, accesorios de joyer\u00eda, accesorios digitales, etc.<\/p>\n<p>Esta bolsa de cosm\u00e9ticos es adecuada para viajes cortos y puede acomodar f\u00e1cilmente una variedad de cosm\u00e9ticos. Puede hacer que su clasificaci\u00f3n de cosm\u00e9ticos sea clara, ordenada y ordenada.<\/p>","protected":false},"excerpt":{"rendered":"<p>Modelo: SC-MB0011<\/p>\n<p>Tama\u00f1o: 34*23*12cm<\/p>\n<p>Cantidad m\u00ednima de pedido: 100 piezas<\/p>\n<p>Tiempo de entrega: 15-25 d\u00edas<\/p>\n<p>Muestra: Disponible<\/p>","protected":false},"featured_media":20128,"template":"","meta":{"_gspb_post_css":""},"product_cat":[95],"product_tag":[],"featured_image_urls":{"full":["https:\/\/suncasesupply.com\/wp-content\/uploads\/2023\/08\/medmucase-1.jpg",1600,1067,false],"thumbnail":["https:\/\/suncasesupply.com\/wp-content\/uploads\/2023\/08\/medmucase-1-150x150.jpg",150,150,true],"medium":["https:\/\/suncasesupply.com\/wp-content\/uploads\/2023\/08\/medmucase-1-300x200.jpg",300,200,true],"medium_large":["https:\/\/suncasesupply.com\/wp-content\/uploads\/2023\/08\/medmucase-1-768x512.jpg",768,512,true],"large":["https:\/\/suncasesupply.com\/wp-content\/uploads\/2023\/08\/medmucase-1-1024x683.jpg",1024,683,true],"1536x1536":["https:\/\/suncasesupply.com\/wp-content\/uploads\/2023\/08\/medmucase-1-1536x1024.jpg",1536,1024,true],"2048x2048":["https:\/\/suncasesupply.com\/wp-content\/uploads\/2023\/08\/medmucase-1.jpg",1600,1067,false],"trp-custom-language-flag":["https:\/\/suncasesupply.com\/wp-content\/uploads\/2023\/08\/medmucase-1.jpg",18,12,false],"woocommerce_thumbnail":["https:\/\/suncasesupply.com\/wp-content\/uploads\/2023\/08\/medmucase-1-300x300.jpg",300,300,true],"woocommerce_single":["https:\/\/suncasesupply.com\/wp-content\/uploads\/2023\/08\/medmucase-1-600x400.jpg",600,400,true],"woocommerce_gallery_thumbnail":["https:\/\/suncasesupply.com\/wp-content\/uploads\/2023\/08\/medmucase-1-100x100.jpg",100,100,true]},"post_excerpt_stackable":"<p>Model : SC-MB0011<\/p>\n<p>Size:\u00a0 34*23*12cm<\/p>\n<p>MOQ: 100pcs<\/p>\n<p>Delivery Time : 15-25 Days<\/p>\n<p>Sample : Available<\/p>\n","category_list":"","author_info":{"name":"","url":""},"comments_num":"0 comentarios","_links":{"self":[{"href":"https:\/\/suncasesupply.com\/es\/wp-json\/wp\/v2\/product\/20131"}],"collection":[{"href":"https:\/\/suncasesupply.com\/es\/wp-json\/wp\/v2\/product"}],"about":[{"href":"https:\/\/suncasesupply.com\/es\/wp-json\/wp\/v2\/types\/product"}],"wp:featuredmedia":[{"embeddable":true,"href":"https:\/\/suncasesupply.com\/es\/wp-json\/wp\/v2\/media\/20128"}],"wp:attachment":[{"href":"https:\/\/suncasesupply.com\/es\/wp-json\/wp\/v2\/media?parent=20131"}],"wp:term":[{"taxonomy":"product_cat","embeddable":true,"href":"https:\/\/suncasesupply.com\/es\/wp-json\/wp\/v2\/product_cat?post=20131"},{"taxonomy":"product_tag","embeddable":true,"href":"https:\/\/suncasesupply.com\/es\/wp-json\/wp\/v2\/product_tag?post=20131"}],"curies":[{"name":"wp","href":"https:\/\/api.w.org\/{rel}","templated":true}]}}