{"id":20081,"date":"2023-08-23T09:32:47","date_gmt":"2023-08-23T01:32:47","guid":{"rendered":"https:\/\/suncasesupply.com\/?post_type=product&#038;p=20081"},"modified":"2025-02-26T11:26:08","modified_gmt":"2025-02-26T03:26:08","slug":"portable-pu-leather-cosmetics-bag-for-woman-waterproof-travel-make-up-organizer","status":"publish","type":"product","link":"https:\/\/suncasesupply.com\/es\/product\/portable-pu-leather-cosmetics-bag-for-woman-waterproof-travel-make-up-organizer\/","title":{"rendered":"Bolsa de cosm\u00e9ticos port\u00e1til de cuero PU para mujer organizador de maquillaje de viaje impermeable"},"content":{"rendered":"<p>&nbsp;<\/p>\n<table width=\"774\">\n<tbody>\n<tr>\n<td width=\"177\">Art\u00edculo<\/td>\n<td width=\"597\">Bolsa de maquillaje<\/td>\n<\/tr>\n<tr>\n<td>Dimensi\u00f3n<\/td>\n<td>25,4*12*11,5 cm o personalizar<\/td>\n<\/tr>\n<tr>\n<td>Colores<\/td>\n<td>Como muestran las im\u00e1genes o personalizar<\/td>\n<\/tr>\n<tr>\n<td>Materiales<\/td>\n<td>Oxford\/PU, cremalleras de pl\u00e1stico\/metal, EVA, PVC, nailon\u2026<\/td>\n<\/tr>\n<tr>\n<td>Logo<\/td>\n<td>Logotipo de placa de metal, logotipo impreso, logotipo en relieve, logotipo l\u00e1ser<\/td>\n<\/tr>\n<tr>\n<td>tiempo de muestra<\/td>\n<td>7 d\u00edas<\/td>\n<\/tr>\n<tr>\n<td>Puerto de embarque<\/td>\n<td>Cant\u00f3n, Shenzhen<\/td>\n<\/tr>\n<tr>\n<td>T\u00e9rminos comerciales<\/td>\n<td>EXW, MANDO, CIF, DDU, DDP<\/td>\n<\/tr>\n<tr>\n<td>M\u00e9todos de pago<\/td>\n<td>T\/T, Efectivo, PayPal, Tarjeta de cr\u00e9dito<\/td>\n<\/tr>\n<\/tbody>\n<\/table>\n<p><span style=\"color: #003366;\">Caracter\u00edsticas:<\/span><\/p>\n<p>Esta bolsa de maquillaje de viaje de gran capacidad est\u00e1 hecha de tela de cuero PU, que es f\u00e1cil de limpiar y tiene una superficie especial impermeable para evitar que los productos internos se mojen. Bueno para ambientes h\u00famedos.<\/p>\n<p>Mantenga el maquillaje que necesita organizado cuando viaje y ahorre espacio al empacar. Este neceser de viaje para cosm\u00e9ticos tiene un gran tama\u00f1o para que quepan todos sus art\u00edculos, pero no es demasiado grande para ocupar demasiado espacio en su bolso de viaje.<\/p>","protected":false},"excerpt":{"rendered":"<p>Modelo: SC-MB0004<\/p>\n<p>Tama\u00f1o: 25,4*12*11,5 cm<\/p>\n<p>Cantidad m\u00ednima de pedido: 100 piezas<\/p>\n<p>Tiempo de entrega: 15-25 d\u00edas<\/p>\n<p>Muestra: Disponible<\/p>","protected":false},"featured_media":20082,"template":"","meta":{"_gspb_post_css":""},"product_cat":[95],"product_tag":[],"featured_image_urls":{"full":["https:\/\/suncasesupply.com\/wp-content\/uploads\/2023\/08\/3-2-1.jpg",1500,1408,false],"thumbnail":["https:\/\/suncasesupply.com\/wp-content\/uploads\/2023\/08\/3-2-1-150x150.jpg",150,150,true],"medium":["https:\/\/suncasesupply.com\/wp-content\/uploads\/2023\/08\/3-2-1-300x282.jpg",300,282,true],"medium_large":["https:\/\/suncasesupply.com\/wp-content\/uploads\/2023\/08\/3-2-1-768x721.jpg",768,721,true],"large":["https:\/\/suncasesupply.com\/wp-content\/uploads\/2023\/08\/3-2-1-1024x961.jpg",1024,961,true],"1536x1536":["https:\/\/suncasesupply.com\/wp-content\/uploads\/2023\/08\/3-2-1.jpg",1500,1408,false],"2048x2048":["https:\/\/suncasesupply.com\/wp-content\/uploads\/2023\/08\/3-2-1.jpg",1500,1408,false],"trp-custom-language-flag":["https:\/\/suncasesupply.com\/wp-content\/uploads\/2023\/08\/3-2-1.jpg",13,12,false],"woocommerce_thumbnail":["https:\/\/suncasesupply.com\/wp-content\/uploads\/2023\/08\/3-2-1-300x300.jpg",300,300,true],"woocommerce_single":["https:\/\/suncasesupply.com\/wp-content\/uploads\/2023\/08\/3-2-1-600x563.jpg",600,563,true],"woocommerce_gallery_thumbnail":["https:\/\/suncasesupply.com\/wp-content\/uploads\/2023\/08\/3-2-1-100x100.jpg",100,100,true]},"post_excerpt_stackable":"<p>Model : SC-MB0004<\/p>\n<p>Size: 25.4*12*11.5cm<\/p>\n<p>MOQ: 100pcs<\/p>\n<p>Delivery Time : 15-25 Days<\/p>\n<p>Sample : Available<\/p>\n","category_list":"","author_info":{"name":"","url":""},"comments_num":"0 comentarios","_links":{"self":[{"href":"https:\/\/suncasesupply.com\/es\/wp-json\/wp\/v2\/product\/20081"}],"collection":[{"href":"https:\/\/suncasesupply.com\/es\/wp-json\/wp\/v2\/product"}],"about":[{"href":"https:\/\/suncasesupply.com\/es\/wp-json\/wp\/v2\/types\/product"}],"wp:featuredmedia":[{"embeddable":true,"href":"https:\/\/suncasesupply.com\/es\/wp-json\/wp\/v2\/media\/20082"}],"wp:attachment":[{"href":"https:\/\/suncasesupply.com\/es\/wp-json\/wp\/v2\/media?parent=20081"}],"wp:term":[{"taxonomy":"product_cat","embeddable":true,"href":"https:\/\/suncasesupply.com\/es\/wp-json\/wp\/v2\/product_cat?post=20081"},{"taxonomy":"product_tag","embeddable":true,"href":"https:\/\/suncasesupply.com\/es\/wp-json\/wp\/v2\/product_tag?post=20081"}],"curies":[{"name":"wp","href":"https:\/\/api.w.org\/{rel}","templated":true}]}}