{"id":20073,"date":"2023-08-23T09:21:37","date_gmt":"2023-08-23T01:21:37","guid":{"rendered":"https:\/\/suncasesupply.com\/?post_type=product&#038;p=20073"},"modified":"2025-02-26T11:26:13","modified_gmt":"2025-02-26T03:26:13","slug":"small-size-makeup-train-case-professional-cosmetic-beauty-case-with-compartment","status":"publish","type":"product","link":"https:\/\/suncasesupply.com\/es\/product\/small-size-makeup-train-case-professional-cosmetic-beauty-case-with-compartment\/","title":{"rendered":"Caso cosm\u00e9tico profesional de la belleza del maquillaje de la caja tama\u00f1o peque\u00f1o del tren con el compartimiento"},"content":{"rendered":"<p>&nbsp;<\/p>\n<table width=\"774\">\n<tbody>\n<tr>\n<td width=\"177\">Art\u00edculo<\/td>\n<td width=\"597\">Bolsa de maquillaje<\/td>\n<\/tr>\n<tr>\n<td>Dimensi\u00f3n<\/td>\n<td>26*21*10cm o personalizar<\/td>\n<\/tr>\n<tr>\n<td>Colores<\/td>\n<td>Como muestran las im\u00e1genes o personalizar<\/td>\n<\/tr>\n<tr>\n<td>Materiales<\/td>\n<td>Oxford\/PU, cremalleras de pl\u00e1stico\/metal, EVA, PVC, nailon\u2026<\/td>\n<\/tr>\n<tr>\n<td>Logo<\/td>\n<td>Logotipo de placa de metal, logotipo impreso, logotipo en relieve, logotipo l\u00e1ser<\/td>\n<\/tr>\n<tr>\n<td>tiempo de muestra<\/td>\n<td>7 d\u00edas<\/td>\n<\/tr>\n<tr>\n<td>Puerto de embarque<\/td>\n<td>Cant\u00f3n, Shenzhen<\/td>\n<\/tr>\n<tr>\n<td>T\u00e9rminos comerciales<\/td>\n<td>EXW, MANDO, CIF, DDU, DDP<\/td>\n<\/tr>\n<tr>\n<td>M\u00e9todos de pago<\/td>\n<td>T\/T, Efectivo, PayPal, Tarjeta de cr\u00e9dito<\/td>\n<\/tr>\n<\/tbody>\n<\/table>\n<p><span style=\"color: #003366;\">Caracter\u00edsticas:<\/span><\/p>\n<p>Esta bolsa de maquillaje est\u00e1 hecha de PU de alta calidad y tiene suficiente espacio para guardar su maquillaje y accesorios cosm\u00e9ticos, como l\u00e1piz labial, brillo de labios, pinceles de maquillaje, sombra de ojos, paletas de maquillaje, cepillos para el cabello, productos para el cuidado de la piel, esmalte de u\u00f1as, herramientas para decoraci\u00f3n de u\u00f1as y champ\u00fa. y entonces no.<br \/>\nCon compartimentos y ranuras para brochas de maquillaje, puedes mantener tus herramientas de maquillaje limpias y ordenadas. Compartimentos ajustables de dise\u00f1o especial, puedes ajustar seg\u00fan sea necesario. No solo puede almacenar sus cosm\u00e9ticos esenciales, sino tambi\u00e9n joyas, accesorios electr\u00f3nicos, c\u00e1maras, aceites esenciales, art\u00edculos de tocador, kits de afeitado, objetos valiosos, etc.<br \/>\nC\u00f3mpralo con<\/p>","protected":false},"excerpt":{"rendered":"<p>Modelo: SC-MB0004<\/p>\n<p>Tama\u00f1o: 26*21*10cm<\/p>\n<p>Cantidad m\u00ednima de pedido: 100 piezas<\/p>\n<p>Tiempo de entrega: 15-25 d\u00edas<\/p>\n<p>Muestra: Disponible<\/p>","protected":false},"featured_media":20074,"template":"","meta":{"_gspb_post_css":""},"product_cat":[95],"product_tag":[],"featured_image_urls":{"full":["https:\/\/suncasesupply.com\/wp-content\/uploads\/2023\/08\/5-3.jpg",1478,1494,false],"thumbnail":["https:\/\/suncasesupply.com\/wp-content\/uploads\/2023\/08\/5-3-150x150.jpg",150,150,true],"medium":["https:\/\/suncasesupply.com\/wp-content\/uploads\/2023\/08\/5-3-297x300.jpg",297,300,true],"medium_large":["https:\/\/suncasesupply.com\/wp-content\/uploads\/2023\/08\/5-3-768x776.jpg",768,776,true],"large":["https:\/\/suncasesupply.com\/wp-content\/uploads\/2023\/08\/5-3-1013x1024.jpg",1013,1024,true],"1536x1536":["https:\/\/suncasesupply.com\/wp-content\/uploads\/2023\/08\/5-3.jpg",1478,1494,false],"2048x2048":["https:\/\/suncasesupply.com\/wp-content\/uploads\/2023\/08\/5-3.jpg",1478,1494,false],"trp-custom-language-flag":["https:\/\/suncasesupply.com\/wp-content\/uploads\/2023\/08\/5-3.jpg",12,12,false],"woocommerce_thumbnail":["https:\/\/suncasesupply.com\/wp-content\/uploads\/2023\/08\/5-3-300x300.jpg",300,300,true],"woocommerce_single":["https:\/\/suncasesupply.com\/wp-content\/uploads\/2023\/08\/5-3-600x606.jpg",600,606,true],"woocommerce_gallery_thumbnail":["https:\/\/suncasesupply.com\/wp-content\/uploads\/2023\/08\/5-3-100x100.jpg",100,100,true]},"post_excerpt_stackable":"<p>Model : SC-MB0004<\/p>\n<p>Size:\u00a0 26*21*10cm<\/p>\n<p>MOQ: 100pcs<\/p>\n<p>Delivery Time : 15-25 Days<\/p>\n<p>Sample : Available<\/p>\n","category_list":"","author_info":{"name":"","url":""},"comments_num":"0 comentarios","_links":{"self":[{"href":"https:\/\/suncasesupply.com\/es\/wp-json\/wp\/v2\/product\/20073"}],"collection":[{"href":"https:\/\/suncasesupply.com\/es\/wp-json\/wp\/v2\/product"}],"about":[{"href":"https:\/\/suncasesupply.com\/es\/wp-json\/wp\/v2\/types\/product"}],"wp:featuredmedia":[{"embeddable":true,"href":"https:\/\/suncasesupply.com\/es\/wp-json\/wp\/v2\/media\/20074"}],"wp:attachment":[{"href":"https:\/\/suncasesupply.com\/es\/wp-json\/wp\/v2\/media?parent=20073"}],"wp:term":[{"taxonomy":"product_cat","embeddable":true,"href":"https:\/\/suncasesupply.com\/es\/wp-json\/wp\/v2\/product_cat?post=20073"},{"taxonomy":"product_tag","embeddable":true,"href":"https:\/\/suncasesupply.com\/es\/wp-json\/wp\/v2\/product_tag?post=20073"}],"curies":[{"name":"wp","href":"https:\/\/api.w.org\/{rel}","templated":true}]}}