{"id":20037,"date":"2023-08-22T17:04:54","date_gmt":"2023-08-22T09:04:54","guid":{"rendered":"https:\/\/suncasesupply.com\/?post_type=product&#038;p=20037"},"modified":"2025-02-20T14:48:18","modified_gmt":"2025-02-20T06:48:18","slug":"vinyl-record-case-aluminum-carry-lp-collections-storage-case-for-12-lps-25-lps","status":"publish","type":"product","link":"https:\/\/suncasesupply.com\/es\/product\/vinyl-record-case-aluminum-carry-lp-collections-storage-case-for-12-lps-25-lps\/","title":{"rendered":"Estuche para discos de vinilo Estuche de almacenamiento de colecciones de LP para transporte de aluminio para LPS de 12 \u2033 (25 LP)"},"content":{"rendered":"<p>&nbsp;<\/p>\n<table width=\"774\">\n<tbody>\n<tr>\n<td width=\"177\">Art\u00edculo<\/td>\n<td width=\"597\">Caja de aluminio para LP<\/td>\n<\/tr>\n<tr>\n<td>Dimensi\u00f3n<\/td>\n<td>36 x 12 x 36 cm o personalizar<\/td>\n<\/tr>\n<tr>\n<td>Colores<\/td>\n<td>Como muestran las im\u00e1genes o personalizar<\/td>\n<\/tr>\n<tr>\n<td>Materiales<\/td>\n<td>Aluminio, panel de ABS, tablero de MDF, forro de EVA\/espuma\/tela\/PU, herrajes<\/td>\n<\/tr>\n<tr>\n<td>Logo<\/td>\n<td>Logotipo de placa de metal, logotipo impreso, logotipo en relieve, logotipo l\u00e1ser<\/td>\n<\/tr>\n<tr>\n<td>tiempo de muestra<\/td>\n<td>7 d\u00edas<\/td>\n<\/tr>\n<tr>\n<td>Puerto de embarque<\/td>\n<td>Cant\u00f3n, Shenzhen<\/td>\n<\/tr>\n<tr>\n<td>T\u00e9rminos comerciales<\/td>\n<td>EXW, MANDO, CIF, DDU, DDP<\/td>\n<\/tr>\n<tr>\n<td>M\u00e9todos de pago<\/td>\n<td>T\/T, Efectivo, PayPal, Tarjeta de cr\u00e9dito<\/td>\n<\/tr>\n<\/tbody>\n<\/table>\n<p><span style=\"color: #003366;\">Caracter\u00edsticas:<\/span><\/p>\n<p>Este estuche para discos de 12 \u2033 est\u00e1 dise\u00f1ado para archivar y transportar un m\u00e1ximo de 25 LP de 12 pulgadas. Este formato es la soluci\u00f3n m\u00e1s compacta de la serie y es ideal para almacenar rarezas. La tapa del Record Case est\u00e1 firmemente montada sobre dos bisagras de metal y un cierre a presi\u00f3n con llave protege contra el robo de los discos individuales.<\/p>\n<p>A pesar de su dise\u00f1o robusto, la caja para discos tiene un peso propio reducido y el asa montada en la superficie hace que la caja sea f\u00e1cilmente apilable. La construcci\u00f3n de aluminio, paneles de MDF plastificados, remaches y un suave acolchado en el interior garantizan una protecci\u00f3n \u00f3ptima de los discos. El estuche para discos de DJ est\u00e1 disponible en tres variantes de color: plateado\/plateado, plateado\/negro y negro\/negro.<\/p>","protected":false},"excerpt":{"rendered":"<p>Modelo: SC-LP0009<\/p>\n<p>Tama\u00f1o: 36x12x36cm<\/p>\n<p>Capacidad: 25 LP de 12 \u2033<\/p>\n<p>Cantidad m\u00ednima de pedido: 100 piezas<\/p>\n<p>Tiempo de entrega: 15-25 d\u00edas<\/p>\n<p>Muestra: Disponible<\/p>","protected":false},"featured_media":20038,"template":"","meta":{"_gspb_post_css":""},"product_cat":[83],"product_tag":[],"featured_image_urls":{"full":["https:\/\/suncasesupply.com\/wp-content\/uploads\/2023\/08\/1-vinyl-case-12-record-case-25-lps-black-black.webp",970,970,false],"thumbnail":["https:\/\/suncasesupply.com\/wp-content\/uploads\/2023\/08\/1-vinyl-case-12-record-case-25-lps-black-black-150x150.webp",150,150,true],"medium":["https:\/\/suncasesupply.com\/wp-content\/uploads\/2023\/08\/1-vinyl-case-12-record-case-25-lps-black-black-300x300.webp",300,300,true],"medium_large":["https:\/\/suncasesupply.com\/wp-content\/uploads\/2023\/08\/1-vinyl-case-12-record-case-25-lps-black-black-768x768.webp",768,768,true],"large":["https:\/\/suncasesupply.com\/wp-content\/uploads\/2023\/08\/1-vinyl-case-12-record-case-25-lps-black-black.webp",970,970,false],"1536x1536":["https:\/\/suncasesupply.com\/wp-content\/uploads\/2023\/08\/1-vinyl-case-12-record-case-25-lps-black-black.webp",970,970,false],"2048x2048":["https:\/\/suncasesupply.com\/wp-content\/uploads\/2023\/08\/1-vinyl-case-12-record-case-25-lps-black-black.webp",970,970,false],"trp-custom-language-flag":["https:\/\/suncasesupply.com\/wp-content\/uploads\/2023\/08\/1-vinyl-case-12-record-case-25-lps-black-black.webp",12,12,false],"woocommerce_thumbnail":["https:\/\/suncasesupply.com\/wp-content\/uploads\/2023\/08\/1-vinyl-case-12-record-case-25-lps-black-black-300x300.webp",300,300,true],"woocommerce_single":["https:\/\/suncasesupply.com\/wp-content\/uploads\/2023\/08\/1-vinyl-case-12-record-case-25-lps-black-black-600x600.webp",600,600,true],"woocommerce_gallery_thumbnail":["https:\/\/suncasesupply.com\/wp-content\/uploads\/2023\/08\/1-vinyl-case-12-record-case-25-lps-black-black-100x100.webp",100,100,true]},"post_excerpt_stackable":"<p>Model : SC-LP0009<\/p>\n<p>Size: 36 x 12 x 36 cm<\/p>\n<p>Capacity: 25 12&#8243; LPs<\/p>\n<p>MOQ: 100pcs<\/p>\n<p>Delivery Time : 15-25 Days<\/p>\n<p>Sample : Available<\/p>\n","category_list":"","author_info":{"name":"","url":""},"comments_num":"0 comentarios","_links":{"self":[{"href":"https:\/\/suncasesupply.com\/es\/wp-json\/wp\/v2\/product\/20037"}],"collection":[{"href":"https:\/\/suncasesupply.com\/es\/wp-json\/wp\/v2\/product"}],"about":[{"href":"https:\/\/suncasesupply.com\/es\/wp-json\/wp\/v2\/types\/product"}],"wp:featuredmedia":[{"embeddable":true,"href":"https:\/\/suncasesupply.com\/es\/wp-json\/wp\/v2\/media\/20038"}],"wp:attachment":[{"href":"https:\/\/suncasesupply.com\/es\/wp-json\/wp\/v2\/media?parent=20037"}],"wp:term":[{"taxonomy":"product_cat","embeddable":true,"href":"https:\/\/suncasesupply.com\/es\/wp-json\/wp\/v2\/product_cat?post=20037"},{"taxonomy":"product_tag","embeddable":true,"href":"https:\/\/suncasesupply.com\/es\/wp-json\/wp\/v2\/product_tag?post=20037"}],"curies":[{"name":"wp","href":"https:\/\/api.w.org\/{rel}","templated":true}]}}