{"id":20020,"date":"2023-08-22T16:50:26","date_gmt":"2023-08-22T08:50:26","guid":{"rendered":"https:\/\/suncasesupply.com\/?post_type=product&#038;p=20020"},"modified":"2025-02-20T14:49:01","modified_gmt":"2025-02-20T06:49:01","slug":"aluminum-lp-storage-case-carry-hard-vinyl-record-case-12-100-lps","status":"publish","type":"product","link":"https:\/\/suncasesupply.com\/es\/product\/aluminum-lp-storage-case-carry-hard-vinyl-record-case-12-100-lps\/","title":{"rendered":"Estuche de aluminio para almacenamiento de LP Estuche r\u00edgido para discos de vinilo de 12 \u2033 100 LP"},"content":{"rendered":"<p>&nbsp;<\/p>\n<table width=\"774\">\n<tbody>\n<tr>\n<td width=\"177\">Art\u00edculo<\/td>\n<td width=\"597\">Caja de aluminio<\/td>\n<\/tr>\n<tr>\n<td>Dimensi\u00f3n<\/td>\n<td>36*36*36cm o personalizar<\/td>\n<\/tr>\n<tr>\n<td>Colores<\/td>\n<td>Como muestran las im\u00e1genes o personalizar<\/td>\n<\/tr>\n<tr>\n<td>Materiales<\/td>\n<td>Aluminio, panel de ABS, tablero de MDF, forro de EVA\/espuma\/tela\/PU, herrajes<\/td>\n<\/tr>\n<tr>\n<td>Logo<\/td>\n<td>Logotipo de placa de metal, logotipo impreso, logotipo en relieve, logotipo l\u00e1ser<\/td>\n<\/tr>\n<tr>\n<td>tiempo de muestra<\/td>\n<td>7 d\u00edas<\/td>\n<\/tr>\n<tr>\n<td>Puerto de embarque<\/td>\n<td>Cant\u00f3n, Shenzhen<\/td>\n<\/tr>\n<tr>\n<td>T\u00e9rminos comerciales<\/td>\n<td>EXW, MANDO, CIF, DDU, DDP<\/td>\n<\/tr>\n<tr>\n<td>M\u00e9todos de pago<\/td>\n<td>T\/T, Efectivo, PayPal, Tarjeta de cr\u00e9dito<\/td>\n<\/tr>\n<\/tbody>\n<\/table>\n<p><span style=\"color: #003366;\">Caracter\u00edsticas:<\/span><\/p>\n<p>Este estuche para discos de 12\u2033 es una caja dividida 50\/50 que ofrece las caracter\u00edsticas ideales para una sesi\u00f3n de DJ exitosa. La tapa de la caja de discos de DJ se puede quitar f\u00e1cilmente y utilizar como segunda caja de registro al pinchar. La tapa tambi\u00e9n est\u00e1 equipada con pies antideslizantes que garantizan un soporte seguro.<\/p>\n<p>El robusto cierre de mariposa protege contra robos. Gracias a la construcci\u00f3n de alta calidad de la caja para discos de aluminio, paneles de MDF recubiertos de pl\u00e1stico y remaches, los golpes, el calor y la luz quedan protegidos de los discos. Un suave acolchado interior ofrece protecci\u00f3n adicional contra golpes. El asa de la caja para discos est\u00e1 empotrada, por lo que las cajas para discos de aluminio se pueden apilar<\/p>","protected":false},"excerpt":{"rendered":"<p>Modelo: SC-LP0007<\/p>\n<p>Tama\u00f1o: 36*36*36cm<\/p>\n<p>Capacidad: 100 LP de 12 \u2033<\/p>\n<p>Cantidad m\u00ednima de pedido: 100 piezas<\/p>\n<p>Tiempo de entrega: 15-25 d\u00edas<\/p>\n<p>Muestra: Disponible<\/p>","protected":false},"featured_media":20021,"template":"","meta":{"_gspb_post_css":""},"product_cat":[83],"product_tag":[],"featured_image_urls":{"full":["https:\/\/suncasesupply.com\/wp-content\/uploads\/2023\/08\/1-vinyl-case-12-record-case-100-lps-silver-black-1.webp",970,970,false],"thumbnail":["https:\/\/suncasesupply.com\/wp-content\/uploads\/2023\/08\/1-vinyl-case-12-record-case-100-lps-silver-black-1-150x150.webp",150,150,true],"medium":["https:\/\/suncasesupply.com\/wp-content\/uploads\/2023\/08\/1-vinyl-case-12-record-case-100-lps-silver-black-1-300x300.webp",300,300,true],"medium_large":["https:\/\/suncasesupply.com\/wp-content\/uploads\/2023\/08\/1-vinyl-case-12-record-case-100-lps-silver-black-1-768x768.webp",768,768,true],"large":["https:\/\/suncasesupply.com\/wp-content\/uploads\/2023\/08\/1-vinyl-case-12-record-case-100-lps-silver-black-1.webp",970,970,false],"1536x1536":["https:\/\/suncasesupply.com\/wp-content\/uploads\/2023\/08\/1-vinyl-case-12-record-case-100-lps-silver-black-1.webp",970,970,false],"2048x2048":["https:\/\/suncasesupply.com\/wp-content\/uploads\/2023\/08\/1-vinyl-case-12-record-case-100-lps-silver-black-1.webp",970,970,false],"trp-custom-language-flag":["https:\/\/suncasesupply.com\/wp-content\/uploads\/2023\/08\/1-vinyl-case-12-record-case-100-lps-silver-black-1.webp",12,12,false],"woocommerce_thumbnail":["https:\/\/suncasesupply.com\/wp-content\/uploads\/2023\/08\/1-vinyl-case-12-record-case-100-lps-silver-black-1-300x300.webp",300,300,true],"woocommerce_single":["https:\/\/suncasesupply.com\/wp-content\/uploads\/2023\/08\/1-vinyl-case-12-record-case-100-lps-silver-black-1-600x600.webp",600,600,true],"woocommerce_gallery_thumbnail":["https:\/\/suncasesupply.com\/wp-content\/uploads\/2023\/08\/1-vinyl-case-12-record-case-100-lps-silver-black-1-100x100.webp",100,100,true]},"post_excerpt_stackable":"<p>Model : SC-LP0007<\/p>\n<p>Size: 36*36*36cm<\/p>\n<p>Capacity: 100 12&#8243; LPs<\/p>\n<p>MOQ: 100pcs<\/p>\n<p>Delivery Time : 15-25 Days<\/p>\n<p>Sample : Available<\/p>\n","category_list":"","author_info":{"name":"","url":""},"comments_num":"0 comentarios","_links":{"self":[{"href":"https:\/\/suncasesupply.com\/es\/wp-json\/wp\/v2\/product\/20020"}],"collection":[{"href":"https:\/\/suncasesupply.com\/es\/wp-json\/wp\/v2\/product"}],"about":[{"href":"https:\/\/suncasesupply.com\/es\/wp-json\/wp\/v2\/types\/product"}],"wp:featuredmedia":[{"embeddable":true,"href":"https:\/\/suncasesupply.com\/es\/wp-json\/wp\/v2\/media\/20021"}],"wp:attachment":[{"href":"https:\/\/suncasesupply.com\/es\/wp-json\/wp\/v2\/media?parent=20020"}],"wp:term":[{"taxonomy":"product_cat","embeddable":true,"href":"https:\/\/suncasesupply.com\/es\/wp-json\/wp\/v2\/product_cat?post=20020"},{"taxonomy":"product_tag","embeddable":true,"href":"https:\/\/suncasesupply.com\/es\/wp-json\/wp\/v2\/product_tag?post=20020"}],"curies":[{"name":"wp","href":"https:\/\/api.w.org\/{rel}","templated":true}]}}