{"id":20006,"date":"2023-08-22T16:39:38","date_gmt":"2023-08-22T08:39:38","guid":{"rendered":"https:\/\/suncasesupply.com\/?post_type=product&#038;p=20006"},"modified":"2025-02-20T14:49:23","modified_gmt":"2025-02-20T06:49:23","slug":"aluminum-carry-lp-storage-case-12-record-case-all-black50-lps","status":"publish","type":"product","link":"https:\/\/suncasesupply.com\/es\/product\/aluminum-carry-lp-storage-case-12-record-case-all-black50-lps\/","title":{"rendered":"Estuche de aluminio para almacenamiento de LP Estuche para discos de 12 \u2033 Todo negro (50 LP)"},"content":{"rendered":"<p>&nbsp;<\/p>\n<table width=\"774\">\n<tbody>\n<tr>\n<td width=\"177\">Art\u00edculo<\/td>\n<td width=\"597\">Caja de aluminio para LP<\/td>\n<\/tr>\n<tr>\n<td>Dimensi\u00f3n<\/td>\n<td>36 x 18 x 36 cm o personalizar<\/td>\n<\/tr>\n<tr>\n<td>Colores<\/td>\n<td>Como muestran las im\u00e1genes o personalizar<\/td>\n<\/tr>\n<tr>\n<td>Materiales<\/td>\n<td>Aluminio, panel de ABS, tablero de MDF, forro de EVA\/espuma\/tela\/PU, herrajes<\/td>\n<\/tr>\n<tr>\n<td>Logo<\/td>\n<td>Logotipo de placa de metal, logotipo impreso, logotipo en relieve, logotipo l\u00e1ser<\/td>\n<\/tr>\n<tr>\n<td>tiempo de muestra<\/td>\n<td>7 d\u00edas<\/td>\n<\/tr>\n<tr>\n<td>Puerto de embarque<\/td>\n<td>Cant\u00f3n, Shenzhen<\/td>\n<\/tr>\n<tr>\n<td>T\u00e9rminos comerciales<\/td>\n<td>EXW, MANDO, CIF, DDU, DDP<\/td>\n<\/tr>\n<tr>\n<td>M\u00e9todos de pago<\/td>\n<td>T\/T, Efectivo, PayPal, Tarjeta de cr\u00e9dito<\/td>\n<\/tr>\n<\/tbody>\n<\/table>\n<p><span style=\"color: #003366;\">Caracter\u00edsticas:<\/span><\/p>\n<p>El Record Case de 12\u2033 est\u00e1 dise\u00f1ado para almacenar y transportar hasta 50 discos de 12\u2033. Con su construcci\u00f3n estable de perfiles de aluminio, paneles de MDF plastificados, remaches y un revestimiento de espuma suave, el estuche para discos ofrece una protecci\u00f3n \u00f3ptima contra los golpes, la luz y el calor.<\/p>\n<p>La tapa del LP Record Case est\u00e1 firmemente instalada sobre 2 resistentes bisagras de metal. Un cierre a presi\u00f3n proporciona una protecci\u00f3n fiable contra robo. Gracias a su bajo peso y a su construcci\u00f3n estable, el estuche para discos de aluminio es un estuche ideal para discos de DJ que tambi\u00e9n puede transportarse con regularidad sin problemas. La caja est\u00e1 disponible en tres variantes de color: plata\/plata, plata\/negro y negro\/negro.<\/p>","protected":false},"excerpt":{"rendered":"<p>Modelo: SC-LP0005<\/p>\n<p>Tama\u00f1o: 36x18x36cm<\/p>\n<p>Capacidad: 50 LP de 12 \u2033<\/p>\n<p>Cantidad m\u00ednima de pedido: 100 piezas<\/p>\n<p>Tiempo de entrega: 15-25 d\u00edas<\/p>\n<p>Muestra: Disponible<\/p>","protected":false},"featured_media":20007,"template":"","meta":{"_gspb_post_css":""},"product_cat":[83],"product_tag":[],"featured_image_urls":{"full":["https:\/\/suncasesupply.com\/wp-content\/uploads\/2023\/08\/2-vinyl-case-12-record-case-50-lps-black-black.webp",475,475,false],"thumbnail":["https:\/\/suncasesupply.com\/wp-content\/uploads\/2023\/08\/2-vinyl-case-12-record-case-50-lps-black-black-150x150.webp",150,150,true],"medium":["https:\/\/suncasesupply.com\/wp-content\/uploads\/2023\/08\/2-vinyl-case-12-record-case-50-lps-black-black-300x300.webp",300,300,true],"medium_large":["https:\/\/suncasesupply.com\/wp-content\/uploads\/2023\/08\/2-vinyl-case-12-record-case-50-lps-black-black.webp",475,475,false],"large":["https:\/\/suncasesupply.com\/wp-content\/uploads\/2023\/08\/2-vinyl-case-12-record-case-50-lps-black-black.webp",475,475,false],"1536x1536":["https:\/\/suncasesupply.com\/wp-content\/uploads\/2023\/08\/2-vinyl-case-12-record-case-50-lps-black-black.webp",475,475,false],"2048x2048":["https:\/\/suncasesupply.com\/wp-content\/uploads\/2023\/08\/2-vinyl-case-12-record-case-50-lps-black-black.webp",475,475,false],"trp-custom-language-flag":["https:\/\/suncasesupply.com\/wp-content\/uploads\/2023\/08\/2-vinyl-case-12-record-case-50-lps-black-black.webp",12,12,false],"woocommerce_thumbnail":["https:\/\/suncasesupply.com\/wp-content\/uploads\/2023\/08\/2-vinyl-case-12-record-case-50-lps-black-black-300x300.webp",300,300,true],"woocommerce_single":["https:\/\/suncasesupply.com\/wp-content\/uploads\/2023\/08\/2-vinyl-case-12-record-case-50-lps-black-black.webp",475,475,false],"woocommerce_gallery_thumbnail":["https:\/\/suncasesupply.com\/wp-content\/uploads\/2023\/08\/2-vinyl-case-12-record-case-50-lps-black-black-100x100.webp",100,100,true]},"post_excerpt_stackable":"<p>Model : SC-LP0005<\/p>\n<p>Size: 36 x 18 x 36 cm<\/p>\n<p>Capacity: 50 12&#8243; LPs<\/p>\n<p>MOQ: 100pcs<\/p>\n<p>Delivery Time : 15-25 Days<\/p>\n<p>Sample : Available<\/p>\n","category_list":"","author_info":{"name":"","url":""},"comments_num":"0 comentarios","_links":{"self":[{"href":"https:\/\/suncasesupply.com\/es\/wp-json\/wp\/v2\/product\/20006"}],"collection":[{"href":"https:\/\/suncasesupply.com\/es\/wp-json\/wp\/v2\/product"}],"about":[{"href":"https:\/\/suncasesupply.com\/es\/wp-json\/wp\/v2\/types\/product"}],"wp:featuredmedia":[{"embeddable":true,"href":"https:\/\/suncasesupply.com\/es\/wp-json\/wp\/v2\/media\/20007"}],"wp:attachment":[{"href":"https:\/\/suncasesupply.com\/es\/wp-json\/wp\/v2\/media?parent=20006"}],"wp:term":[{"taxonomy":"product_cat","embeddable":true,"href":"https:\/\/suncasesupply.com\/es\/wp-json\/wp\/v2\/product_cat?post=20006"},{"taxonomy":"product_tag","embeddable":true,"href":"https:\/\/suncasesupply.com\/es\/wp-json\/wp\/v2\/product_tag?post=20006"}],"curies":[{"name":"wp","href":"https:\/\/api.w.org\/{rel}","templated":true}]}}