{"id":19983,"date":"2023-08-22T16:01:25","date_gmt":"2023-08-22T08:01:25","guid":{"rendered":"https:\/\/suncasesupply.com\/?post_type=product&#038;p=19983"},"modified":"2025-02-20T10:49:13","modified_gmt":"2025-02-20T02:49:13","slug":"aluminum-coin-storage-case-carry-coin-box-for-20-coin-slabs","status":"publish","type":"product","link":"https:\/\/suncasesupply.com\/es\/product\/aluminum-coin-storage-case-carry-coin-box-for-20-coin-slabs\/","title":{"rendered":"Caja de almacenamiento de monedas de aluminio, caja de monedas para 20 losas de monedas"},"content":{"rendered":"<p>&nbsp;<\/p>\n<table width=\"774\">\n<tbody>\n<tr>\n<td width=\"177\">Art\u00edculo<\/td>\n<td width=\"597\">Caja de monedas de aluminio<\/td>\n<\/tr>\n<tr>\n<td>Dimensi\u00f3n<\/td>\n<td>31*8,3*11,5 cm o personalizar<\/td>\n<\/tr>\n<tr>\n<td>Colores<\/td>\n<td>Como muestran las im\u00e1genes o personalizar<\/td>\n<\/tr>\n<tr>\n<td>Materiales<\/td>\n<td>Aluminio, panel de ABS, tablero de MDF, forro de EVA\/espuma\/tela\/PU, herrajes<\/td>\n<\/tr>\n<tr>\n<td>Logo<\/td>\n<td>Logotipo de placa de metal, logotipo impreso, logotipo en relieve, logotipo l\u00e1ser<\/td>\n<\/tr>\n<tr>\n<td>tiempo de muestra<\/td>\n<td>7 d\u00edas<\/td>\n<\/tr>\n<tr>\n<td>Puerto de embarque<\/td>\n<td>Cant\u00f3n, Shenzhen<\/td>\n<\/tr>\n<tr>\n<td>T\u00e9rminos comerciales<\/td>\n<td>EXW, MANDO, CIF, DDU, DDP<\/td>\n<\/tr>\n<tr>\n<td>M\u00e9todos de pago<\/td>\n<td>T\/T, Efectivo, PayPal, Tarjeta de cr\u00e9dito<\/td>\n<\/tr>\n<\/tbody>\n<\/table>\n<p><span style=\"color: #003366;\">Caracter\u00edsticas:<\/span><\/p>\n<p>Esta elegante y espectacular caja de aluminio contiene monedas certificadas en soportes de tama\u00f1o est\u00e1ndar de cualquiera de los principales servicios de clasificaci\u00f3n o en soportes de estilo certificado de diferentes marcas. Construida con materiales resistentes, esta caja resistente est\u00e1 dise\u00f1ada con atractivos accesorios exteriores y tiene inserciones de espuma para facilitar el manejo de los portamonedas. Las cajas de losa de aluminio son perfectas para almacenamiento y viajes.<\/p>\n<p>Capacidad para 20 monedas certificadas o monedas en portamonedas de estilo certificado, asegur\u00e1ndolas en inserciones protectoras de espuma viscoel\u00e1stica.<br \/>\nLosas de monedas certificadas: NGC, PCGS, ANACS m\u00e1s nuevos y m\u00e1s<br \/>\nPoseedores de estilo certificado: Premier, Lighthouse, Ursae Minoris Elites y m\u00e1s<br \/>\nConstrucci\u00f3n robusta de aluminio con paneles de goma elegantes y coloridos para mayor resistencia a abolladuras y rayones.<br \/>\nNo se incluyen monedas ni lingotes con este art\u00edculo.<\/p>","protected":false},"excerpt":{"rendered":"<p>Modelo: SC-CC0006<\/p>\n<p>Tama\u00f1o: 31*8,3*11,5 cm<\/p>\n<p>Capacidad: 100 losas de monedas<\/p>\n<p>Cantidad m\u00ednima de pedido: 100 piezas<\/p>\n<p>Tiempo de entrega: 15-25 d\u00edas<\/p>\n<p>Muestra: Disponible<\/p>","protected":false},"featured_media":19974,"template":"","meta":{"_gspb_post_css":""},"product_cat":[84],"product_tag":[],"featured_image_urls":{"full":["https:\/\/suncasesupply.com\/wp-content\/uploads\/2023\/08\/81ZEHdvj2rL._AC_SL1500_.jpg",1500,1363,false],"thumbnail":["https:\/\/suncasesupply.com\/wp-content\/uploads\/2023\/08\/81ZEHdvj2rL._AC_SL1500_-150x150.jpg",150,150,true],"medium":["https:\/\/suncasesupply.com\/wp-content\/uploads\/2023\/08\/81ZEHdvj2rL._AC_SL1500_-300x273.jpg",300,273,true],"medium_large":["https:\/\/suncasesupply.com\/wp-content\/uploads\/2023\/08\/81ZEHdvj2rL._AC_SL1500_-768x698.jpg",768,698,true],"large":["https:\/\/suncasesupply.com\/wp-content\/uploads\/2023\/08\/81ZEHdvj2rL._AC_SL1500_-1024x930.jpg",1024,930,true],"1536x1536":["https:\/\/suncasesupply.com\/wp-content\/uploads\/2023\/08\/81ZEHdvj2rL._AC_SL1500_.jpg",1500,1363,false],"2048x2048":["https:\/\/suncasesupply.com\/wp-content\/uploads\/2023\/08\/81ZEHdvj2rL._AC_SL1500_.jpg",1500,1363,false],"trp-custom-language-flag":["https:\/\/suncasesupply.com\/wp-content\/uploads\/2023\/08\/81ZEHdvj2rL._AC_SL1500_.jpg",13,12,false],"woocommerce_thumbnail":["https:\/\/suncasesupply.com\/wp-content\/uploads\/2023\/08\/81ZEHdvj2rL._AC_SL1500_-300x300.jpg",300,300,true],"woocommerce_single":["https:\/\/suncasesupply.com\/wp-content\/uploads\/2023\/08\/81ZEHdvj2rL._AC_SL1500_-600x545.jpg",600,545,true],"woocommerce_gallery_thumbnail":["https:\/\/suncasesupply.com\/wp-content\/uploads\/2023\/08\/81ZEHdvj2rL._AC_SL1500_-100x100.jpg",100,100,true]},"post_excerpt_stackable":"<p>Model : SC-CC0006<\/p>\n<p>Size: 31*8.3*11.5cm<\/p>\n<p>Capacity: 100 Coin slabs<\/p>\n<p>MOQ: 100pcs<\/p>\n<p>Delivery Time : 15-25 Days<\/p>\n<p>Sample : Available<\/p>\n","category_list":"","author_info":{"name":"","url":""},"comments_num":"0 comentarios","_links":{"self":[{"href":"https:\/\/suncasesupply.com\/es\/wp-json\/wp\/v2\/product\/19983"}],"collection":[{"href":"https:\/\/suncasesupply.com\/es\/wp-json\/wp\/v2\/product"}],"about":[{"href":"https:\/\/suncasesupply.com\/es\/wp-json\/wp\/v2\/types\/product"}],"wp:featuredmedia":[{"embeddable":true,"href":"https:\/\/suncasesupply.com\/es\/wp-json\/wp\/v2\/media\/19974"}],"wp:attachment":[{"href":"https:\/\/suncasesupply.com\/es\/wp-json\/wp\/v2\/media?parent=19983"}],"wp:term":[{"taxonomy":"product_cat","embeddable":true,"href":"https:\/\/suncasesupply.com\/es\/wp-json\/wp\/v2\/product_cat?post=19983"},{"taxonomy":"product_tag","embeddable":true,"href":"https:\/\/suncasesupply.com\/es\/wp-json\/wp\/v2\/product_tag?post=19983"}],"curies":[{"name":"wp","href":"https:\/\/api.w.org\/{rel}","templated":true}]}}