{"id":19898,"date":"2023-08-22T14:05:01","date_gmt":"2023-08-22T06:05:01","guid":{"rendered":"https:\/\/suncasesupply.com\/?post_type=product&#038;p=19898"},"modified":"2023-08-22T14:18:58","modified_gmt":"2023-08-22T06:18:58","slug":"barber-hairdressing-suitcase-pu-leather-case-for-hair-cut-tools","status":"publish","type":"product","link":"https:\/\/suncasesupply.com\/es\/product\/barber-hairdressing-suitcase-pu-leather-case-for-hair-cut-tools\/","title":{"rendered":"Maleta de peluquer\u00eda y peluquero, Funda de cuero PU para herramientas de corte de pelo"},"content":{"rendered":"<p>&nbsp;<\/p>\n<table width=\"774\">\n<tbody>\n<tr>\n<td width=\"177\">Art\u00edculo<\/td>\n<td width=\"597\">\u00a0Caso de barbero<\/td>\n<\/tr>\n<tr>\n<td>Dimensi\u00f3n<\/td>\n<td>40*34*14,5 cm o personalizar<\/td>\n<\/tr>\n<tr>\n<td>Colores<\/td>\n<td>Como muestran las im\u00e1genes o personalizar<\/td>\n<\/tr>\n<tr>\n<td>Materiales<\/td>\n<td>Aluminio, panel de ABS, tablero de MDF, forro de EVA\/espuma\/tela\/PU, herrajes<\/td>\n<\/tr>\n<tr>\n<td>Logo<\/td>\n<td>Logotipo de placa de metal, logotipo impreso, logotipo en relieve, logotipo l\u00e1ser<\/td>\n<\/tr>\n<tr>\n<td>tiempo de muestra<\/td>\n<td>7 d\u00edas<\/td>\n<\/tr>\n<tr>\n<td>Puerto de embarque<\/td>\n<td>Cant\u00f3n, Shenzhen<\/td>\n<\/tr>\n<tr>\n<td>T\u00e9rminos comerciales<\/td>\n<td>EXW, MANDO, CIF, DDU, DDP<\/td>\n<\/tr>\n<tr>\n<td>M\u00e9todos de pago<\/td>\n<td>T\/T, Efectivo, PayPal, Tarjeta de cr\u00e9dito<\/td>\n<\/tr>\n<\/tbody>\n<\/table>\n<p><span style=\"color: #003366;\">Caracter\u00edsticas:<\/span><\/p>\n<p>Maleta de barbero elegante con cerradura de combinaci\u00f3n doble y asa c\u00f3moda. En la maleta caben diversos accesorios y utensilios de peluquer\u00eda: tijeras, peines, cepillos para el cabello, secador de pelo, maquinillas, etc.<\/p>","protected":false},"excerpt":{"rendered":"<p>Modelo: SC-BC0001<\/p>\n<p>Tama\u00f1o: 40*34*14,5 cm<\/p>\n<p>MOQ: MOQ bajo aceptable<\/p>\n<p>Tiempo de entrega: 15-25 d\u00edas<\/p>\n<p>Muestra: Disponible<\/p>","protected":false},"featured_media":19899,"template":"","meta":{"_gspb_post_css":""},"product_cat":[41],"product_tag":[],"featured_image_urls":{"full":["https:\/\/suncasesupply.com\/wp-content\/uploads\/2023\/08\/1200x1200_product_media_32001-33000_WALIZKA_FRYZJERSKA_BARBERSKA_CZARNA6-j.webp",1200,1200,false],"thumbnail":["https:\/\/suncasesupply.com\/wp-content\/uploads\/2023\/08\/1200x1200_product_media_32001-33000_WALIZKA_FRYZJERSKA_BARBERSKA_CZARNA6-j-150x150.webp",150,150,true],"medium":["https:\/\/suncasesupply.com\/wp-content\/uploads\/2023\/08\/1200x1200_product_media_32001-33000_WALIZKA_FRYZJERSKA_BARBERSKA_CZARNA6-j-300x300.webp",300,300,true],"medium_large":["https:\/\/suncasesupply.com\/wp-content\/uploads\/2023\/08\/1200x1200_product_media_32001-33000_WALIZKA_FRYZJERSKA_BARBERSKA_CZARNA6-j-768x768.webp",768,768,true],"large":["https:\/\/suncasesupply.com\/wp-content\/uploads\/2023\/08\/1200x1200_product_media_32001-33000_WALIZKA_FRYZJERSKA_BARBERSKA_CZARNA6-j-1024x1024.webp",1024,1024,true],"1536x1536":["https:\/\/suncasesupply.com\/wp-content\/uploads\/2023\/08\/1200x1200_product_media_32001-33000_WALIZKA_FRYZJERSKA_BARBERSKA_CZARNA6-j.webp",1200,1200,false],"2048x2048":["https:\/\/suncasesupply.com\/wp-content\/uploads\/2023\/08\/1200x1200_product_media_32001-33000_WALIZKA_FRYZJERSKA_BARBERSKA_CZARNA6-j.webp",1200,1200,false],"trp-custom-language-flag":["https:\/\/suncasesupply.com\/wp-content\/uploads\/2023\/08\/1200x1200_product_media_32001-33000_WALIZKA_FRYZJERSKA_BARBERSKA_CZARNA6-j.webp",12,12,false],"woocommerce_thumbnail":["https:\/\/suncasesupply.com\/wp-content\/uploads\/2023\/08\/1200x1200_product_media_32001-33000_WALIZKA_FRYZJERSKA_BARBERSKA_CZARNA6-j-300x300.webp",300,300,true],"woocommerce_single":["https:\/\/suncasesupply.com\/wp-content\/uploads\/2023\/08\/1200x1200_product_media_32001-33000_WALIZKA_FRYZJERSKA_BARBERSKA_CZARNA6-j-600x600.webp",600,600,true],"woocommerce_gallery_thumbnail":["https:\/\/suncasesupply.com\/wp-content\/uploads\/2023\/08\/1200x1200_product_media_32001-33000_WALIZKA_FRYZJERSKA_BARBERSKA_CZARNA6-j-100x100.webp",100,100,true]},"post_excerpt_stackable":"<p>Model : SC-BC0001<\/p>\n<p>Size:\u00a0 40*34*14.5cm<\/p>\n<p>MOQ: Low MOQ acceptable<\/p>\n<p>Delivery Time : 15-25 Days<\/p>\n<p>Sample : Available<\/p>\n","category_list":"","author_info":{"name":"","url":""},"comments_num":"0 comentarios","_links":{"self":[{"href":"https:\/\/suncasesupply.com\/es\/wp-json\/wp\/v2\/product\/19898"}],"collection":[{"href":"https:\/\/suncasesupply.com\/es\/wp-json\/wp\/v2\/product"}],"about":[{"href":"https:\/\/suncasesupply.com\/es\/wp-json\/wp\/v2\/types\/product"}],"wp:featuredmedia":[{"embeddable":true,"href":"https:\/\/suncasesupply.com\/es\/wp-json\/wp\/v2\/media\/19899"}],"wp:attachment":[{"href":"https:\/\/suncasesupply.com\/es\/wp-json\/wp\/v2\/media?parent=19898"}],"wp:term":[{"taxonomy":"product_cat","embeddable":true,"href":"https:\/\/suncasesupply.com\/es\/wp-json\/wp\/v2\/product_cat?post=19898"},{"taxonomy":"product_tag","embeddable":true,"href":"https:\/\/suncasesupply.com\/es\/wp-json\/wp\/v2\/product_tag?post=19898"}],"curies":[{"name":"wp","href":"https:\/\/api.w.org\/{rel}","templated":true}]}}