{"id":19891,"date":"2023-08-22T13:43:43","date_gmt":"2023-08-22T05:43:43","guid":{"rendered":"https:\/\/suncasesupply.com\/?post_type=product&#038;p=19891"},"modified":"2025-02-26T11:32:03","modified_gmt":"2025-02-26T03:32:03","slug":"trolley-makeup-case-with-wheels-4-in-1-rolling-cosmetic-suitcase-hairdresser","status":"publish","type":"product","link":"https:\/\/suncasesupply.com\/es\/product\/trolley-makeup-case-with-wheels-4-in-1-rolling-cosmetic-suitcase-hairdresser\/","title":{"rendered":"Maleta de maquillaje con ruedas 4 en 1, maleta con ruedas para cosm\u00e9ticos, peluquer\u00eda"},"content":{"rendered":"<p>&nbsp;<\/p>\n<table width=\"774\">\n<tbody>\n<tr>\n<td width=\"177\">Art\u00edculo<\/td>\n<td width=\"597\">Estuche de maquillaje con ruedas<\/td>\n<\/tr>\n<tr>\n<td>Dimensi\u00f3n<\/td>\n<td>35*25*75cm o personalizar<\/td>\n<\/tr>\n<tr>\n<td>Colores<\/td>\n<td>Como muestran las im\u00e1genes o personalizar<\/td>\n<\/tr>\n<tr>\n<td>Materiales<\/td>\n<td>Aluminio, panel de ABS, tablero de MDF, forro de EVA\/espuma\/tela\/PU, herrajes<\/td>\n<\/tr>\n<tr>\n<td>Logo<\/td>\n<td>Logotipo de placa de metal, logotipo impreso, logotipo en relieve, logotipo l\u00e1ser<\/td>\n<\/tr>\n<tr>\n<td>tiempo de muestra<\/td>\n<td>7 d\u00edas<\/td>\n<\/tr>\n<tr>\n<td>Puerto de embarque<\/td>\n<td>Cant\u00f3n, Shenzhen<\/td>\n<\/tr>\n<tr>\n<td>T\u00e9rminos comerciales<\/td>\n<td>EXW, MANDO, CIF, DDU, DDP<\/td>\n<\/tr>\n<tr>\n<td>M\u00e9todos de pago<\/td>\n<td>T\/T, Efectivo, PayPal, Tarjeta de cr\u00e9dito<\/td>\n<\/tr>\n<\/tbody>\n<\/table>\n<p><span style=\"color: #003366;\">Caracter\u00edsticas:<\/span><\/p>\n<p>Funcional\u00a0<strong>caja de cosm\u00e9ticos<\/strong>\u00a0Perfecto para estilistas de u\u00f1as, esteticistas, maquilladores que trabajan en el campo o para guardar cosm\u00e9ticos en casa.<\/p>\n<p>Est\u00e1 equipado con 4 compartimentos, dos de los cuales son desmontables para reducir su altura y capacidad. El interior est\u00e1 forrado con un material agradable parecido al terciopelo y en los compartimentos individuales hay espaciadores extra\u00edbles para guardar barnices (de pie) u otros objetos peque\u00f1os.<\/p>\n<p>Material robusto, con bordes redondeados para mayor seguridad y ruedas individuales estables que permiten almacenar incluso objetos pesados.<\/p>\n<p><strong>El ba\u00fal<\/strong>\u00a0tiene un mango telesc\u00f3pico que permite guiarlo y ruedas de 360 grados que pueden hacer frente a cualquier superficie, incluso a las extremadamente problem\u00e1ticas.<\/p>\n<p>En los soportes espaciadores extra\u00edbles para barnices caben 120 h\u00edbridos, mientras que en el compartimento inferior, el m\u00e1s grande, se pueden guardar art\u00edculos de gran tama\u00f1o como l\u00e1mparas UV\/LED, limpiadores con una capacidad de 1 litro, etc. El malet\u00edn tambi\u00e9n contiene peque\u00f1os estantes para cepillos y otros Peque\u00f1os art\u00edculos.<\/p>\n<p>Cada compartimento est\u00e1 cerrado con un candado. La caja viene con 4 llaves id\u00e9nticas para cada compartimento. Recuerda no llevarlos todos contigo y tener un juego de repuesto en casa.<\/p>\n<ul>\n<li class=\"active\">Hermoso y elegante dise\u00f1o.<\/li>\n<li>Alta calidad.<\/li>\n<li>Formato modular: hasta 4 piezas que puedes combinar libremente.<\/li>\n<li>Forrado con material de terciopelo suave.<\/li>\n<li>Tiene &#039;tableros de ajedrez&#039; extra\u00edbles para los barnices \u2013 en la parte superior hay espacio para 30 barnices \u2013 en la parte adicional modular encontrar\u00e1 dos esponjas adicionales con muescas \u2013 en cada una de ellas hay espacio para 40 barnices \u2013 es decir, 80 en total.<\/li>\n<li>Estantes escalonados, deslizantes y muy pr\u00e1cticos en la parte superior de la maleta.<\/li>\n<li>Equipado con patas pr\u00e1cticas y estables, un c\u00f3modo asa y ruedas.<\/li>\n<li>El malet\u00edn tiene 4 ruedas giratorias de 360 grados. \u00a1Construcci\u00f3n extremadamente c\u00f3moda y estable, independientemente de c\u00f3mo se lleve el estuche!<\/li>\n<li>Cada nivel est\u00e1 asegurado con una cerradura con llave. El juego incluye dos juegos de llaves, cada uno con 2 llaves. Un total de 8 candados para asegurar el contenido.<\/li>\n<\/ul>","protected":false},"excerpt":{"rendered":"<p>Modelo: SC-RM0002<\/p>\n<p>Tama\u00f1o: 35*25*70 cm<\/p>\n<p>Cantidad m\u00ednima de pedido: 50 piezas<\/p>\n<p>Tiempo de entrega: 15-25 d\u00edas<\/p>\n<p>Muestra: Disponible<\/p>","protected":false},"featured_media":19892,"template":"","meta":{"_gspb_post_css":""},"product_cat":[34,97],"product_tag":[],"featured_image_urls":{"full":["https:\/\/suncasesupply.com\/wp-content\/uploads\/2023\/08\/500x500_product_media_31001-32000_500_500_productGfx_b92909c0701cd3e26632ed2ec3173631-j.webp",500,500,false],"thumbnail":["https:\/\/suncasesupply.com\/wp-content\/uploads\/2023\/08\/500x500_product_media_31001-32000_500_500_productGfx_b92909c0701cd3e26632ed2ec3173631-j-150x150.webp",150,150,true],"medium":["https:\/\/suncasesupply.com\/wp-content\/uploads\/2023\/08\/500x500_product_media_31001-32000_500_500_productGfx_b92909c0701cd3e26632ed2ec3173631-j-300x300.webp",300,300,true],"medium_large":["https:\/\/suncasesupply.com\/wp-content\/uploads\/2023\/08\/500x500_product_media_31001-32000_500_500_productGfx_b92909c0701cd3e26632ed2ec3173631-j.webp",500,500,false],"large":["https:\/\/suncasesupply.com\/wp-content\/uploads\/2023\/08\/500x500_product_media_31001-32000_500_500_productGfx_b92909c0701cd3e26632ed2ec3173631-j.webp",500,500,false],"1536x1536":["https:\/\/suncasesupply.com\/wp-content\/uploads\/2023\/08\/500x500_product_media_31001-32000_500_500_productGfx_b92909c0701cd3e26632ed2ec3173631-j.webp",500,500,false],"2048x2048":["https:\/\/suncasesupply.com\/wp-content\/uploads\/2023\/08\/500x500_product_media_31001-32000_500_500_productGfx_b92909c0701cd3e26632ed2ec3173631-j.webp",500,500,false],"trp-custom-language-flag":["https:\/\/suncasesupply.com\/wp-content\/uploads\/2023\/08\/500x500_product_media_31001-32000_500_500_productGfx_b92909c0701cd3e26632ed2ec3173631-j.webp",12,12,false],"woocommerce_thumbnail":["https:\/\/suncasesupply.com\/wp-content\/uploads\/2023\/08\/500x500_product_media_31001-32000_500_500_productGfx_b92909c0701cd3e26632ed2ec3173631-j-300x300.webp",300,300,true],"woocommerce_single":["https:\/\/suncasesupply.com\/wp-content\/uploads\/2023\/08\/500x500_product_media_31001-32000_500_500_productGfx_b92909c0701cd3e26632ed2ec3173631-j.webp",500,500,false],"woocommerce_gallery_thumbnail":["https:\/\/suncasesupply.com\/wp-content\/uploads\/2023\/08\/500x500_product_media_31001-32000_500_500_productGfx_b92909c0701cd3e26632ed2ec3173631-j-100x100.webp",100,100,true]},"post_excerpt_stackable":"<p>Model : SC-RM0002<\/p>\n<p>Size: 35*25*70 cm<\/p>\n<p>MOQ: 50pcs<\/p>\n<p>Delivery Time : 15-25 Days<\/p>\n<p>Sample : Available<\/p>\n","category_list":"","author_info":{"name":"","url":""},"comments_num":"0 comentarios","_links":{"self":[{"href":"https:\/\/suncasesupply.com\/es\/wp-json\/wp\/v2\/product\/19891"}],"collection":[{"href":"https:\/\/suncasesupply.com\/es\/wp-json\/wp\/v2\/product"}],"about":[{"href":"https:\/\/suncasesupply.com\/es\/wp-json\/wp\/v2\/types\/product"}],"wp:featuredmedia":[{"embeddable":true,"href":"https:\/\/suncasesupply.com\/es\/wp-json\/wp\/v2\/media\/19892"}],"wp:attachment":[{"href":"https:\/\/suncasesupply.com\/es\/wp-json\/wp\/v2\/media?parent=19891"}],"wp:term":[{"taxonomy":"product_cat","embeddable":true,"href":"https:\/\/suncasesupply.com\/es\/wp-json\/wp\/v2\/product_cat?post=19891"},{"taxonomy":"product_tag","embeddable":true,"href":"https:\/\/suncasesupply.com\/es\/wp-json\/wp\/v2\/product_tag?post=19891"}],"curies":[{"name":"wp","href":"https:\/\/api.w.org\/{rel}","templated":true}]}}