{"id":19880,"date":"2023-08-22T11:57:12","date_gmt":"2023-08-22T03:57:12","guid":{"rendered":"https:\/\/suncasesupply.com\/?post_type=product&#038;p=19880"},"modified":"2025-02-26T11:14:24","modified_gmt":"2025-02-26T03:14:24","slug":"golden-diamond-cosmetic-case-for-nail-stylists-hairdressing-lamp-storage-makeup-box","status":"publish","type":"product","link":"https:\/\/suncasesupply.com\/es\/product\/golden-diamond-cosmetic-case-for-nail-stylists-hairdressing-lamp-storage-makeup-box\/","title":{"rendered":"Estuche de cosm\u00e9ticos Golden Diamond para estilistas de u\u00f1as l\u00e1mpara de peluquer\u00eda caja de maquillaje de almacenamiento"},"content":{"rendered":"<p>&nbsp;<\/p>\n<table width=\"774\">\n<tbody>\n<tr>\n<td width=\"177\">Art\u00edculo<\/td>\n<td width=\"597\">Estuche de maquillaje de aluminio<\/td>\n<\/tr>\n<tr>\n<td>Dimensi\u00f3n<\/td>\n<td>26*21*32cm o personalizar<\/td>\n<\/tr>\n<tr>\n<td>Colores<\/td>\n<td>Como muestran las im\u00e1genes o personalizar<\/td>\n<\/tr>\n<tr>\n<td>Materiales<\/td>\n<td>Aluminio, panel de ABS, tablero de MDF, forro de EVA\/espuma\/tela\/PU, herrajes<\/td>\n<\/tr>\n<tr>\n<td>Logo<\/td>\n<td>Logotipo de placa de metal, logotipo impreso, logotipo en relieve, logotipo l\u00e1ser<\/td>\n<\/tr>\n<tr>\n<td>tiempo de muestra<\/td>\n<td>7 d\u00edas<\/td>\n<\/tr>\n<tr>\n<td>Puerto de embarque<\/td>\n<td>Cant\u00f3n, Shenzhen<\/td>\n<\/tr>\n<tr>\n<td>T\u00e9rminos comerciales<\/td>\n<td>EXW, MANDO, CIF, DDU, DDP<\/td>\n<\/tr>\n<tr>\n<td>M\u00e9todos de pago<\/td>\n<td>T\/T, Efectivo, PayPal, Tarjeta de cr\u00e9dito<\/td>\n<\/tr>\n<\/tbody>\n<\/table>\n<p><span style=\"color: #003366;\">Caracter\u00edsticas:<\/span><\/p>\n<p>Perfecto para estilistas de u\u00f1as, esteticistas, maquilladores que trabajan en el campo o para guardar cosm\u00e9ticos en casa. El ba\u00fal s\u00f3lido, plegable y de tama\u00f1o \u00f3ptimo permite insertar f\u00e1cilmente una l\u00e1mpara UV y LED de tama\u00f1o completo en su interior.<\/p>\n<p><strong>El ba\u00fal<\/strong>\u00a0Abierto por ambos lados, dispone de 2 estantes deslizantes para peque\u00f1os utensilios, como barnices h\u00edbridos, pinceles y cosm\u00e9ticos de peque\u00f1o y gran tama\u00f1o. Compartimento inferior para objetos m\u00e1s grandes, como una l\u00e1mpara LED y una fresadora. Fabricado de forma muy s\u00f3lida con esquinas reforzadas y vigas en los bordes exteriores para garantizar la seguridad del 100%.<\/p>\n<p>Puede guardar art\u00edculos de forma segura en el maletero gracias a dos cerraduras que aseguran el contenido. Se adjuntan dos llaves al estuche.<\/p>\n<ul>\n<li class=\"active\">Perfecto para esteticistas y estilistas.<\/li>\n<li>Se puede abrir por ambos lados.<\/li>\n<li>Alberga l\u00e1mparas de puente.<\/li>\n<li>Se puede cerrar con llave, 2 cerraduras.<\/li>\n<li>Dise\u00f1o atemporal: extremadamente exclusivo y moderno.<\/li>\n<li>F\u00e1cil de limpiar: la superficie es completamente lavable.<\/li>\n<li>El interior est\u00e1 forrado con un material suave imitando el terciopelo.<\/li>\n<li>Pr\u00e1ctico estuche f\u00e1cil de transportar, perfecto para guardar cosm\u00e9ticos.<\/li>\n<li>Dispone de esponjas para barnices.<\/li>\n<\/ul>","protected":false},"excerpt":{"rendered":"<p>Modelo: SC-CM0006<\/p>\n<p>Tama\u00f1o: 26*21*32 cm<\/p>\n<p>Cantidad m\u00ednima de pedido: 100 piezas<\/p>\n<p>Tiempo de entrega: 15-25 d\u00edas<\/p>\n<p>Muestra: Disponible<\/p>","protected":false},"featured_media":19881,"template":"","meta":{"_gspb_post_css":""},"product_cat":[34,96],"product_tag":[],"featured_image_urls":{"full":["https:\/\/suncasesupply.com\/wp-content\/uploads\/2023\/08\/716x716_product_media_32001-33000_kuferek_kosmetyczny_l_fryzjerski_na_lampe_k105_7h_rose_golden_okucia_31-j.webp",716,716,false],"thumbnail":["https:\/\/suncasesupply.com\/wp-content\/uploads\/2023\/08\/716x716_product_media_32001-33000_kuferek_kosmetyczny_l_fryzjerski_na_lampe_k105_7h_rose_golden_okucia_31-j-150x150.webp",150,150,true],"medium":["https:\/\/suncasesupply.com\/wp-content\/uploads\/2023\/08\/716x716_product_media_32001-33000_kuferek_kosmetyczny_l_fryzjerski_na_lampe_k105_7h_rose_golden_okucia_31-j-300x300.webp",300,300,true],"medium_large":["https:\/\/suncasesupply.com\/wp-content\/uploads\/2023\/08\/716x716_product_media_32001-33000_kuferek_kosmetyczny_l_fryzjerski_na_lampe_k105_7h_rose_golden_okucia_31-j.webp",716,716,false],"large":["https:\/\/suncasesupply.com\/wp-content\/uploads\/2023\/08\/716x716_product_media_32001-33000_kuferek_kosmetyczny_l_fryzjerski_na_lampe_k105_7h_rose_golden_okucia_31-j.webp",716,716,false],"1536x1536":["https:\/\/suncasesupply.com\/wp-content\/uploads\/2023\/08\/716x716_product_media_32001-33000_kuferek_kosmetyczny_l_fryzjerski_na_lampe_k105_7h_rose_golden_okucia_31-j.webp",716,716,false],"2048x2048":["https:\/\/suncasesupply.com\/wp-content\/uploads\/2023\/08\/716x716_product_media_32001-33000_kuferek_kosmetyczny_l_fryzjerski_na_lampe_k105_7h_rose_golden_okucia_31-j.webp",716,716,false],"trp-custom-language-flag":["https:\/\/suncasesupply.com\/wp-content\/uploads\/2023\/08\/716x716_product_media_32001-33000_kuferek_kosmetyczny_l_fryzjerski_na_lampe_k105_7h_rose_golden_okucia_31-j.webp",12,12,false],"woocommerce_thumbnail":["https:\/\/suncasesupply.com\/wp-content\/uploads\/2023\/08\/716x716_product_media_32001-33000_kuferek_kosmetyczny_l_fryzjerski_na_lampe_k105_7h_rose_golden_okucia_31-j-300x300.webp",300,300,true],"woocommerce_single":["https:\/\/suncasesupply.com\/wp-content\/uploads\/2023\/08\/716x716_product_media_32001-33000_kuferek_kosmetyczny_l_fryzjerski_na_lampe_k105_7h_rose_golden_okucia_31-j-600x600.webp",600,600,true],"woocommerce_gallery_thumbnail":["https:\/\/suncasesupply.com\/wp-content\/uploads\/2023\/08\/716x716_product_media_32001-33000_kuferek_kosmetyczny_l_fryzjerski_na_lampe_k105_7h_rose_golden_okucia_31-j-100x100.webp",100,100,true]},"post_excerpt_stackable":"<p>Model : SC-CM0006<\/p>\n<p>Size: 26*21*32 cm<\/p>\n<p>MOQ: 100pcs<\/p>\n<p>Delivery Time : 15-25 Days<\/p>\n<p>Sample : Available<\/p>\n","category_list":"","author_info":{"name":"","url":""},"comments_num":"0 comentarios","_links":{"self":[{"href":"https:\/\/suncasesupply.com\/es\/wp-json\/wp\/v2\/product\/19880"}],"collection":[{"href":"https:\/\/suncasesupply.com\/es\/wp-json\/wp\/v2\/product"}],"about":[{"href":"https:\/\/suncasesupply.com\/es\/wp-json\/wp\/v2\/types\/product"}],"wp:featuredmedia":[{"embeddable":true,"href":"https:\/\/suncasesupply.com\/es\/wp-json\/wp\/v2\/media\/19881"}],"wp:attachment":[{"href":"https:\/\/suncasesupply.com\/es\/wp-json\/wp\/v2\/media?parent=19880"}],"wp:term":[{"taxonomy":"product_cat","embeddable":true,"href":"https:\/\/suncasesupply.com\/es\/wp-json\/wp\/v2\/product_cat?post=19880"},{"taxonomy":"product_tag","embeddable":true,"href":"https:\/\/suncasesupply.com\/es\/wp-json\/wp\/v2\/product_tag?post=19880"}],"curies":[{"name":"wp","href":"https:\/\/api.w.org\/{rel}","templated":true}]}}