{"id":19827,"date":"2023-08-21T18:10:52","date_gmt":"2023-08-21T10:10:52","guid":{"rendered":"https:\/\/suncasesupply.com\/?post_type=product&#038;p=19827"},"modified":"2025-02-26T11:14:46","modified_gmt":"2025-02-26T03:14:46","slug":"aluminum-carry-makeup-case-cosmetic-case-for-lamp-diamond-3d-black","status":"publish","type":"product","link":"https:\/\/suncasesupply.com\/es\/product\/aluminum-carry-makeup-case-cosmetic-case-for-lamp-diamond-3d-black\/","title":{"rendered":"Estuche de aluminio para maquillaje, estuche cosm\u00e9tico para l\u00e1mpara Diamond 3D, negro"},"content":{"rendered":"<p>&nbsp;<\/p>\n<table width=\"774\">\n<tbody>\n<tr>\n<td width=\"177\">Art\u00edculo<\/td>\n<td width=\"597\">Caja de aluminio<\/td>\n<\/tr>\n<tr>\n<td>Dimensi\u00f3n<\/td>\n<td>26*21*32cm o personalizar<\/td>\n<\/tr>\n<tr>\n<td>Colores<\/td>\n<td>Como muestran las im\u00e1genes o personalizar<\/td>\n<\/tr>\n<tr>\n<td>Materiales<\/td>\n<td>Aluminio, panel de ABS, tablero de MDF, forro de EVA\/espuma\/tela\/PU, herrajes<\/td>\n<\/tr>\n<tr>\n<td>Logo<\/td>\n<td>Logotipo de placa de metal, logotipo impreso, logotipo en relieve, logotipo l\u00e1ser<\/td>\n<\/tr>\n<tr>\n<td>tiempo de muestra<\/td>\n<td>7 d\u00edas<\/td>\n<\/tr>\n<tr>\n<td>Puerto de embarque<\/td>\n<td>Cant\u00f3n, Shenzhen<\/td>\n<\/tr>\n<tr>\n<td>T\u00e9rminos comerciales<\/td>\n<td>EXW, MANDO, CIF, DDU, DDP<\/td>\n<\/tr>\n<tr>\n<td>M\u00e9todos de pago<\/td>\n<td>T\/T, Efectivo, PayPal, Tarjeta de cr\u00e9dito<\/td>\n<\/tr>\n<\/tbody>\n<\/table>\n<p><span style=\"color: #003366;\">Caracter\u00edsticas:<\/span><\/p>\n<p>Caja de cosm\u00e9ticos\/peluquer\u00eda funcional y atractiva. Perfecta para estilistas de u\u00f1as, esteticistas, maquilladores que trabajan en el campo o para guardar cosm\u00e9ticos en casa. El ba\u00fal s\u00f3lido, plegable y de tama\u00f1o \u00f3ptimo permite insertar f\u00e1cilmente una l\u00e1mpara UV y LED de tama\u00f1o completo en su interior.<\/p>\n<p>El ba\u00fal abierto por ambos lados, dispone de 4 estantes deslizantes para peque\u00f1os utensilios, como barnices h\u00edbridos, pinceles, cosm\u00e9ticos de peque\u00f1o y gran tama\u00f1o. Compartimento inferior que acomodar\u00e1 productos m\u00e1s grandes, por ejemplo, l\u00e1mpara LED y fresadora. Fabricado de forma muy s\u00f3lida con esquinas reforzadas y vigas en los bordes exteriores para garantizar la seguridad del 100%.<\/p>\n<p>Puede guardar art\u00edculos de forma segura en el maletero gracias a dos cerraduras que aseguran el contenido. Se adjuntan dos llaves al estuche.<\/p>","protected":false},"excerpt":{"rendered":"<p>Modelo: SC-CM0003<\/p>\n<p>Tama\u00f1o: 26*21*32 cm<\/p>\n<p>Cantidad m\u00ednima de pedido: 100 piezas<\/p>\n<p>Tiempo de entrega: 15-25 d\u00edas<\/p>\n<p>Muestra: Disponible<\/p>","protected":false},"featured_media":19828,"template":"","meta":{"_gspb_post_css":""},"product_cat":[34,96],"product_tag":[],"featured_image_urls":{"full":["https:\/\/suncasesupply.com\/wp-content\/uploads\/2023\/08\/1000x1000_product_media_33001-34000_Kuferek_kosmetyczny_L_na_lampe_Diamond_3D_czarny_czarne_okucia_1-j.webp",1000,1000,false],"thumbnail":["https:\/\/suncasesupply.com\/wp-content\/uploads\/2023\/08\/1000x1000_product_media_33001-34000_Kuferek_kosmetyczny_L_na_lampe_Diamond_3D_czarny_czarne_okucia_1-j-150x150.webp",150,150,true],"medium":["https:\/\/suncasesupply.com\/wp-content\/uploads\/2023\/08\/1000x1000_product_media_33001-34000_Kuferek_kosmetyczny_L_na_lampe_Diamond_3D_czarny_czarne_okucia_1-j-300x300.webp",300,300,true],"medium_large":["https:\/\/suncasesupply.com\/wp-content\/uploads\/2023\/08\/1000x1000_product_media_33001-34000_Kuferek_kosmetyczny_L_na_lampe_Diamond_3D_czarny_czarne_okucia_1-j-768x768.webp",768,768,true],"large":["https:\/\/suncasesupply.com\/wp-content\/uploads\/2023\/08\/1000x1000_product_media_33001-34000_Kuferek_kosmetyczny_L_na_lampe_Diamond_3D_czarny_czarne_okucia_1-j.webp",1000,1000,false],"1536x1536":["https:\/\/suncasesupply.com\/wp-content\/uploads\/2023\/08\/1000x1000_product_media_33001-34000_Kuferek_kosmetyczny_L_na_lampe_Diamond_3D_czarny_czarne_okucia_1-j.webp",1000,1000,false],"2048x2048":["https:\/\/suncasesupply.com\/wp-content\/uploads\/2023\/08\/1000x1000_product_media_33001-34000_Kuferek_kosmetyczny_L_na_lampe_Diamond_3D_czarny_czarne_okucia_1-j.webp",1000,1000,false],"trp-custom-language-flag":["https:\/\/suncasesupply.com\/wp-content\/uploads\/2023\/08\/1000x1000_product_media_33001-34000_Kuferek_kosmetyczny_L_na_lampe_Diamond_3D_czarny_czarne_okucia_1-j.webp",12,12,false],"woocommerce_thumbnail":["https:\/\/suncasesupply.com\/wp-content\/uploads\/2023\/08\/1000x1000_product_media_33001-34000_Kuferek_kosmetyczny_L_na_lampe_Diamond_3D_czarny_czarne_okucia_1-j-300x300.webp",300,300,true],"woocommerce_single":["https:\/\/suncasesupply.com\/wp-content\/uploads\/2023\/08\/1000x1000_product_media_33001-34000_Kuferek_kosmetyczny_L_na_lampe_Diamond_3D_czarny_czarne_okucia_1-j-600x600.webp",600,600,true],"woocommerce_gallery_thumbnail":["https:\/\/suncasesupply.com\/wp-content\/uploads\/2023\/08\/1000x1000_product_media_33001-34000_Kuferek_kosmetyczny_L_na_lampe_Diamond_3D_czarny_czarne_okucia_1-j-100x100.webp",100,100,true]},"post_excerpt_stackable":"<p>Model : SC-CM0003<\/p>\n<p>Size: 26*21*32 cm<\/p>\n<p>MOQ: 100pcs<\/p>\n<p>Delivery Time : 15-25 Days<\/p>\n<p>Sample : Available<\/p>\n","category_list":"","author_info":{"name":"","url":""},"comments_num":"0 comentarios","_links":{"self":[{"href":"https:\/\/suncasesupply.com\/es\/wp-json\/wp\/v2\/product\/19827"}],"collection":[{"href":"https:\/\/suncasesupply.com\/es\/wp-json\/wp\/v2\/product"}],"about":[{"href":"https:\/\/suncasesupply.com\/es\/wp-json\/wp\/v2\/types\/product"}],"wp:featuredmedia":[{"embeddable":true,"href":"https:\/\/suncasesupply.com\/es\/wp-json\/wp\/v2\/media\/19828"}],"wp:attachment":[{"href":"https:\/\/suncasesupply.com\/es\/wp-json\/wp\/v2\/media?parent=19827"}],"wp:term":[{"taxonomy":"product_cat","embeddable":true,"href":"https:\/\/suncasesupply.com\/es\/wp-json\/wp\/v2\/product_cat?post=19827"},{"taxonomy":"product_tag","embeddable":true,"href":"https:\/\/suncasesupply.com\/es\/wp-json\/wp\/v2\/product_tag?post=19827"}],"curies":[{"name":"wp","href":"https:\/\/api.w.org\/{rel}","templated":true}]}}