{"id":19811,"date":"2023-08-21T17:50:36","date_gmt":"2023-08-21T09:50:36","guid":{"rendered":"https:\/\/suncasesupply.com\/?post_type=product&#038;p=19811"},"modified":"2025-02-26T10:58:51","modified_gmt":"2025-02-26T02:58:51","slug":"rolling-wheels-professional-makeup-artist-travel-cases-cosmetic-train-case-table-with-light-mirror","status":"publish","type":"product","link":"https:\/\/suncasesupply.com\/es\/product\/rolling-wheels-professional-makeup-artist-travel-cases-cosmetic-train-case-table-with-light-mirror\/","title":{"rendered":"Ruedas rodantes, estuches de viaje para maquilladores profesionales, estuche cosm\u00e9tico para tren, mesa con luz y espejo"},"content":{"rendered":"<p>&nbsp;<\/p>\n<table width=\"774\">\n<tbody>\n<tr>\n<td width=\"177\">Art\u00edculo<\/td>\n<td width=\"597\">Estuche de maquillaje con ruedas<\/td>\n<\/tr>\n<tr>\n<td>Dimensi\u00f3n<\/td>\n<td>52*40*69cm o personalizar<\/td>\n<\/tr>\n<tr>\n<td>Colores<\/td>\n<td>Como muestran las im\u00e1genes o personalizar<\/td>\n<\/tr>\n<tr>\n<td>Materiales<\/td>\n<td>Aluminio, panel de ABS, tablero de MDF, forro de EVA\/espuma\/tela\/PU, herrajes<\/td>\n<\/tr>\n<tr>\n<td>Logo<\/td>\n<td>Logotipo de placa de metal, logotipo impreso, logotipo en relieve, logotipo l\u00e1ser<\/td>\n<\/tr>\n<tr>\n<td>tiempo de muestra<\/td>\n<td>7 d\u00edas<\/td>\n<\/tr>\n<tr>\n<td>Puerto de embarque<\/td>\n<td>Cant\u00f3n, Shenzhen<\/td>\n<\/tr>\n<tr>\n<td>T\u00e9rminos comerciales<\/td>\n<td>EXW, MANDO, CIF, DDU, DDP<\/td>\n<\/tr>\n<tr>\n<td>M\u00e9todos de pago<\/td>\n<td>T\/T, Efectivo, PayPal, Tarjeta de cr\u00e9dito<\/td>\n<\/tr>\n<\/tbody>\n<\/table>\n<p><span style=\"color: #003366;\">Caracter\u00edsticas:<\/span><\/p>\n<p>Funcional\u00a0<strong>caja de cosm\u00e9ticos<\/strong>\u00a0Perfecto para estilistas de u\u00f1as, esteticistas, maquilladores que trabajan en el campo o para guardar cosm\u00e9ticos en casa.<\/p>\n<p>Est\u00e1 equipado con 4 compartimentos, dos de los cuales son desmontables para reducir su altura y capacidad. El interior est\u00e1 forrado con un material agradable parecido al terciopelo y en los compartimentos individuales hay espaciadores extra\u00edbles para guardar barnices (de pie) u otros objetos peque\u00f1os.<\/p>\n<p>Material robusto, con bordes redondeados para mayor seguridad y ruedas individuales estables que permiten almacenar incluso objetos pesados.<\/p>\n<p><strong>El ba\u00fal<\/strong>\u00a0tiene un mango telesc\u00f3pico que permite guiarlo y ruedas de 360 grados que pueden hacer frente a cualquier superficie, incluso a las extremadamente problem\u00e1ticas.<\/p>\n<p>En los soportes espaciadores extra\u00edbles para barnices caben 120 h\u00edbridos, mientras que en el compartimento inferior, el m\u00e1s grande, se pueden guardar art\u00edculos de gran tama\u00f1o como l\u00e1mparas UV\/LED, limpiadores con una capacidad de 1 litro, etc. El malet\u00edn tambi\u00e9n contiene peque\u00f1os estantes para cepillos y otros Peque\u00f1os art\u00edculos.<\/p>\n<p>Cada compartimento est\u00e1 cerrado con un candado. La caja viene con 4 llaves id\u00e9nticas para cada compartimento. Recuerda no llevarlos todos contigo y tener un juego de repuesto en casa.<\/p>","protected":false},"excerpt":{"rendered":"<p>Modelo: SC-RM0001<\/p>\n<p>Tama\u00f1o: 52*40*69cm<\/p>\n<p>Cantidad m\u00ednima de pedido: 5 piezas<\/p>\n<p>Tiempo de entrega: 15-25 d\u00edas<\/p>\n<p>Muestra: Disponible<\/p>","protected":false},"featured_media":19813,"template":"","meta":{"_gspb_post_css":""},"product_cat":[98],"product_tag":[],"featured_image_urls":{"full":["https:\/\/suncasesupply.com\/wp-content\/uploads\/2023\/08\/1-2-scaled.jpg",2560,2560,false],"thumbnail":["https:\/\/suncasesupply.com\/wp-content\/uploads\/2023\/08\/1-2-150x150.jpg",150,150,true],"medium":["https:\/\/suncasesupply.com\/wp-content\/uploads\/2023\/08\/1-2-300x300.jpg",300,300,true],"medium_large":["https:\/\/suncasesupply.com\/wp-content\/uploads\/2023\/08\/1-2-768x768.jpg",768,768,true],"large":["https:\/\/suncasesupply.com\/wp-content\/uploads\/2023\/08\/1-2-1024x1024.jpg",1024,1024,true],"1536x1536":["https:\/\/suncasesupply.com\/wp-content\/uploads\/2023\/08\/1-2-1536x1536.jpg",1536,1536,true],"2048x2048":["https:\/\/suncasesupply.com\/wp-content\/uploads\/2023\/08\/1-2-2048x2048.jpg",2048,2048,true],"trp-custom-language-flag":["https:\/\/suncasesupply.com\/wp-content\/uploads\/2023\/08\/1-2-scaled.jpg",12,12,false],"woocommerce_thumbnail":["https:\/\/suncasesupply.com\/wp-content\/uploads\/2023\/08\/1-2-300x300.jpg",300,300,true],"woocommerce_single":["https:\/\/suncasesupply.com\/wp-content\/uploads\/2023\/08\/1-2-600x600.jpg",600,600,true],"woocommerce_gallery_thumbnail":["https:\/\/suncasesupply.com\/wp-content\/uploads\/2023\/08\/1-2-100x100.jpg",100,100,true]},"post_excerpt_stackable":"<p>Model : SC-RM0001<\/p>\n<p>Size: \u00a052*40*69 cm<\/p>\n<p>MOQ: 5pcs<\/p>\n<p>Delivery Time : 15-25 Days<\/p>\n<p>Sample : Available<\/p>\n","category_list":"","author_info":{"name":"","url":""},"comments_num":"0 comentarios","_links":{"self":[{"href":"https:\/\/suncasesupply.com\/es\/wp-json\/wp\/v2\/product\/19811"}],"collection":[{"href":"https:\/\/suncasesupply.com\/es\/wp-json\/wp\/v2\/product"}],"about":[{"href":"https:\/\/suncasesupply.com\/es\/wp-json\/wp\/v2\/types\/product"}],"wp:featuredmedia":[{"embeddable":true,"href":"https:\/\/suncasesupply.com\/es\/wp-json\/wp\/v2\/media\/19813"}],"wp:attachment":[{"href":"https:\/\/suncasesupply.com\/es\/wp-json\/wp\/v2\/media?parent=19811"}],"wp:term":[{"taxonomy":"product_cat","embeddable":true,"href":"https:\/\/suncasesupply.com\/es\/wp-json\/wp\/v2\/product_cat?post=19811"},{"taxonomy":"product_tag","embeddable":true,"href":"https:\/\/suncasesupply.com\/es\/wp-json\/wp\/v2\/product_tag?post=19811"}],"curies":[{"name":"wp","href":"https:\/\/api.w.org\/{rel}","templated":true}]}}