{"id":19770,"date":"2023-08-21T16:07:55","date_gmt":"2023-08-21T08:07:55","guid":{"rendered":"https:\/\/suncasesupply.com\/?post_type=product&#038;p=19770"},"modified":"2025-02-26T11:51:40","modified_gmt":"2025-02-26T03:51:40","slug":"flight-tv-storage-case-tv-screen-transport-case","status":"publish","type":"product","link":"https:\/\/suncasesupply.com\/es\/product\/flight-tv-storage-case-tv-screen-transport-case\/","title":{"rendered":"Estuche de almacenamiento para TV de vuelo Estuche de transporte para pantalla de TV"},"content":{"rendered":"<p>&nbsp;<\/p>\n<table width=\"774\">\n<tbody>\n<tr>\n<td width=\"177\">Art\u00edculo<\/td>\n<td width=\"597\">Caso de vuelo<\/td>\n<\/tr>\n<tr>\n<td>Dimensi\u00f3n<\/td>\n<td>Personalizar<\/td>\n<\/tr>\n<tr>\n<td>Colores<\/td>\n<td>Como muestran las im\u00e1genes o personalizar<\/td>\n<\/tr>\n<tr>\n<td>Materiales<\/td>\n<td>Aluminio, madera contrachapada, EVA\/espuma\/tela\/revestimiento de PU, herrajes<\/td>\n<\/tr>\n<tr>\n<td>Logo<\/td>\n<td>Logotipo de placa de metal, logotipo impreso, logotipo en relieve, logotipo l\u00e1ser<\/td>\n<\/tr>\n<tr>\n<td>tiempo de muestra<\/td>\n<td>7 d\u00edas<\/td>\n<\/tr>\n<tr>\n<td>Puerto de embarque<\/td>\n<td>Cant\u00f3n, Shenzhen<\/td>\n<\/tr>\n<tr>\n<td>T\u00e9rminos comerciales<\/td>\n<td>EXW, MANDO, CIF, DDU, DDP<\/td>\n<\/tr>\n<tr>\n<td>M\u00e9todos de pago<\/td>\n<td>T\/T, Efectivo, PayPal, Tarjeta de cr\u00e9dito<\/td>\n<\/tr>\n<\/tbody>\n<\/table>\n<p><span style=\"color: #003366;\">Caracter\u00edsticas:<\/span><\/p>\n<p>Este estuche de ajuste universal se adapta a la mayor\u00eda de las pantallas planas con pantallas de 48 \u2033 a 60 \u2033 en diagonal. Los divisores m\u00f3viles son una soluci\u00f3n sencilla para dividir y transportar varias pantallas en un solo estuche. Es posible que este estuche no se ajuste a televisores con biseles anchos o estuches profundos, as\u00ed que aseg\u00farese de medir las dimensiones exactas de sus paneles planos para asegurarse de que este estuche se ajuste a sus necesidades.<\/p>\n<p>Las dimensiones interiores de espuma a espuma son: 55\u2033 W x 18\u2033 D x 34\u2033 H. Aseg\u00farese de que todos los televisores no tengan m\u00e1s de 55\u2033 de ancho y 34\u2033 de alto. Este estuche viene con tres divisores m\u00f3viles, cada uno de los cuales usa aproximadamente una pulgada de profundidad interior, o deja una profundidad total de 15 \u2033 entre un m\u00e1ximo de cuatro televisores (y sus soportes, si est\u00e1n conectados). Comun\u00edquese con nosotros si necesita ayuda para garantizar el ajuste adecuado para sus pantallas; estaremos encantados de personalizar el dise\u00f1o de este estuche seg\u00fan sus necesidades espec\u00edficas.<\/p>","protected":false},"excerpt":{"rendered":"<p>Modelo: SC-FL0002<\/p>\n<p>Dimensiones exteriores: 59 \u2033 W x 22 \u2033 D x 43 \u2033 H (incluidas las ruedas)<\/p>\n<p>Dimensiones interiores: 55\u2033 W x 18\u2033 D x 34\u2033 H (espuma a espuma)<\/p>\n<p>Cantidad m\u00ednima de pedido: 5 piezas<\/p>\n<p>Tiempo de entrega: 15-25 d\u00edas<\/p>\n<p>Muestra: Disponible<\/p>","protected":false},"featured_media":19771,"template":"","meta":{"_gspb_post_css":""},"product_cat":[39,94],"product_tag":[],"featured_image_urls":{"full":["https:\/\/suncasesupply.com\/wp-content\/uploads\/2023\/08\/082__36156.jpg",1280,1025,false],"thumbnail":["https:\/\/suncasesupply.com\/wp-content\/uploads\/2023\/08\/082__36156-150x150.jpg",150,150,true],"medium":["https:\/\/suncasesupply.com\/wp-content\/uploads\/2023\/08\/082__36156-300x240.jpg",300,240,true],"medium_large":["https:\/\/suncasesupply.com\/wp-content\/uploads\/2023\/08\/082__36156-768x615.jpg",768,615,true],"large":["https:\/\/suncasesupply.com\/wp-content\/uploads\/2023\/08\/082__36156-1024x820.jpg",1024,820,true],"1536x1536":["https:\/\/suncasesupply.com\/wp-content\/uploads\/2023\/08\/082__36156.jpg",1280,1025,false],"2048x2048":["https:\/\/suncasesupply.com\/wp-content\/uploads\/2023\/08\/082__36156.jpg",1280,1025,false],"trp-custom-language-flag":["https:\/\/suncasesupply.com\/wp-content\/uploads\/2023\/08\/082__36156.jpg",15,12,false],"woocommerce_thumbnail":["https:\/\/suncasesupply.com\/wp-content\/uploads\/2023\/08\/082__36156-300x300.jpg",300,300,true],"woocommerce_single":["https:\/\/suncasesupply.com\/wp-content\/uploads\/2023\/08\/082__36156-600x480.jpg",600,480,true],"woocommerce_gallery_thumbnail":["https:\/\/suncasesupply.com\/wp-content\/uploads\/2023\/08\/082__36156-100x100.jpg",100,100,true]},"post_excerpt_stackable":"<p>Model : SC-FL0002<\/p>\n<p>Outside Dimensions &#8211; 59&#8243; W x 22&#8243; D x 43&#8243; H (including wheels)<\/p>\n<p>Inside Dimensions &#8211;\u00a055&#8243; W x 18&#8243; D x 34&#8243; H (foam to foam)<\/p>\n<p>MOQ: 5pcs<\/p>\n<p>Delivery Time : 15-25 Days<\/p>\n<p>Sample : Available<\/p>\n","category_list":"","author_info":{"name":"","url":""},"comments_num":"0 comentarios","_links":{"self":[{"href":"https:\/\/suncasesupply.com\/es\/wp-json\/wp\/v2\/product\/19770"}],"collection":[{"href":"https:\/\/suncasesupply.com\/es\/wp-json\/wp\/v2\/product"}],"about":[{"href":"https:\/\/suncasesupply.com\/es\/wp-json\/wp\/v2\/types\/product"}],"wp:featuredmedia":[{"embeddable":true,"href":"https:\/\/suncasesupply.com\/es\/wp-json\/wp\/v2\/media\/19771"}],"wp:attachment":[{"href":"https:\/\/suncasesupply.com\/es\/wp-json\/wp\/v2\/media?parent=19770"}],"wp:term":[{"taxonomy":"product_cat","embeddable":true,"href":"https:\/\/suncasesupply.com\/es\/wp-json\/wp\/v2\/product_cat?post=19770"},{"taxonomy":"product_tag","embeddable":true,"href":"https:\/\/suncasesupply.com\/es\/wp-json\/wp\/v2\/product_tag?post=19770"}],"curies":[{"name":"wp","href":"https:\/\/api.w.org\/{rel}","templated":true}]}}