{"id":19750,"date":"2023-08-21T14:57:10","date_gmt":"2023-08-21T06:57:10","guid":{"rendered":"https:\/\/suncasesupply.com\/?post_type=product&#038;p=19750"},"modified":"2025-02-26T11:35:36","modified_gmt":"2025-02-26T03:35:36","slug":"aluminum-flight-cable-case-transport-flight-storage-case","status":"publish","type":"product","link":"https:\/\/suncasesupply.com\/es\/product\/aluminum-flight-cable-case-transport-flight-storage-case\/","title":{"rendered":"Caja de aluminio para cables de vuelo, transporte, almacenamiento de vuelos"},"content":{"rendered":"<p>&nbsp;<\/p>\n<table width=\"774\">\n<tbody>\n<tr>\n<td width=\"177\">Art\u00edculo<\/td>\n<td width=\"597\">Caso de vuelo<\/td>\n<\/tr>\n<tr>\n<td>Dimensi\u00f3n<\/td>\n<td>Personalizar<\/td>\n<\/tr>\n<tr>\n<td>Colores<\/td>\n<td>Como muestran las im\u00e1genes o personalizar<\/td>\n<\/tr>\n<tr>\n<td>Materiales<\/td>\n<td>Aluminio, madera contrachapada, EVA\/espuma\/tela\/revestimiento de PU, herrajes<\/td>\n<\/tr>\n<tr>\n<td>Logo<\/td>\n<td>Logotipo de placa de metal, logotipo impreso, logotipo en relieve, logotipo l\u00e1ser<\/td>\n<\/tr>\n<tr>\n<td>tiempo de muestra<\/td>\n<td>7 d\u00edas<\/td>\n<\/tr>\n<tr>\n<td>Puerto de embarque<\/td>\n<td>Cant\u00f3n, Shenzhen<\/td>\n<\/tr>\n<tr>\n<td>T\u00e9rminos comerciales<\/td>\n<td>EXW, MANDO, CIF, DDU, DDP<\/td>\n<\/tr>\n<tr>\n<td>M\u00e9todos de pago<\/td>\n<td>T\/T, Efectivo, PayPal, Tarjeta de cr\u00e9dito<\/td>\n<\/tr>\n<\/tbody>\n<\/table>\n<p><span style=\"color: #003366;\">Caracter\u00edsticas:<\/span><\/p>\n<p>El caso comienza con resistentes paredes de madera contrachapada laminada negra de 3\/8 \u2033. Luego se instalan protectores de esquinas esf\u00e9ricos apilables de alta resistencia junto con pestillos y manijas empotrados. Por \u00faltimo, todo se mantiene junto con herrajes con acabado cromado. Esto le brinda la funda m\u00e1s protectora lista para viajar y al mismo tiempo luce elegante.<\/p>","protected":false},"excerpt":{"rendered":"<p>Modelo: SC-FL0001<\/p>\n<p>Dimensiones internas: ancho 1164 mm x fondo 564 mm x alto 564 mm<br \/>\nDimensiones exteriores: ancho 1185 mm x fondo 585 mm x alto 730 mm con ruedas<\/p>\n<p>Cantidad m\u00ednima de pedido: 5 piezas<\/p>\n<p>Tiempo de entrega: 15-25 d\u00edas<\/p>\n<p>Muestra: Disponible<\/p>","protected":false},"featured_media":19758,"template":"","meta":{"_gspb_post_css":""},"product_cat":[39,91],"product_tag":[],"featured_image_urls":{"full":["https:\/\/suncasesupply.com\/wp-content\/uploads\/2023\/08\/222.jpg",1338,1500,false],"thumbnail":["https:\/\/suncasesupply.com\/wp-content\/uploads\/2023\/08\/222-150x150.jpg",150,150,true],"medium":["https:\/\/suncasesupply.com\/wp-content\/uploads\/2023\/08\/222-268x300.jpg",268,300,true],"medium_large":["https:\/\/suncasesupply.com\/wp-content\/uploads\/2023\/08\/222-768x861.jpg",768,861,true],"large":["https:\/\/suncasesupply.com\/wp-content\/uploads\/2023\/08\/222-913x1024.jpg",913,1024,true],"1536x1536":["https:\/\/suncasesupply.com\/wp-content\/uploads\/2023\/08\/222.jpg",1338,1500,false],"2048x2048":["https:\/\/suncasesupply.com\/wp-content\/uploads\/2023\/08\/222.jpg",1338,1500,false],"trp-custom-language-flag":["https:\/\/suncasesupply.com\/wp-content\/uploads\/2023\/08\/222.jpg",11,12,false],"woocommerce_thumbnail":["https:\/\/suncasesupply.com\/wp-content\/uploads\/2023\/08\/222-300x300.jpg",300,300,true],"woocommerce_single":["https:\/\/suncasesupply.com\/wp-content\/uploads\/2023\/08\/222-600x673.jpg",600,673,true],"woocommerce_gallery_thumbnail":["https:\/\/suncasesupply.com\/wp-content\/uploads\/2023\/08\/222-100x100.jpg",100,100,true]},"post_excerpt_stackable":"<p>Model : SC-FL0001<\/p>\n<p>Int Dims: w1164mm x d564mm x h564mm<br \/>\nExt Dims: w1185mm x d585mm x h730mm inc castors<\/p>\n<p>MOQ: 5pcs<\/p>\n<p>Delivery Time : 15-25 Days<\/p>\n<p>Sample : Available<\/p>\n","category_list":"","author_info":{"name":"","url":""},"comments_num":"0 comentarios","_links":{"self":[{"href":"https:\/\/suncasesupply.com\/es\/wp-json\/wp\/v2\/product\/19750"}],"collection":[{"href":"https:\/\/suncasesupply.com\/es\/wp-json\/wp\/v2\/product"}],"about":[{"href":"https:\/\/suncasesupply.com\/es\/wp-json\/wp\/v2\/types\/product"}],"wp:featuredmedia":[{"embeddable":true,"href":"https:\/\/suncasesupply.com\/es\/wp-json\/wp\/v2\/media\/19758"}],"wp:attachment":[{"href":"https:\/\/suncasesupply.com\/es\/wp-json\/wp\/v2\/media?parent=19750"}],"wp:term":[{"taxonomy":"product_cat","embeddable":true,"href":"https:\/\/suncasesupply.com\/es\/wp-json\/wp\/v2\/product_cat?post=19750"},{"taxonomy":"product_tag","embeddable":true,"href":"https:\/\/suncasesupply.com\/es\/wp-json\/wp\/v2\/product_tag?post=19750"}],"curies":[{"name":"wp","href":"https:\/\/api.w.org\/{rel}","templated":true}]}}