{"id":19709,"date":"2023-08-21T11:24:13","date_gmt":"2023-08-21T03:24:13","guid":{"rendered":"https:\/\/suncasesupply.com\/?post_type=product&#038;p=19709"},"modified":"2025-02-26T11:15:02","modified_gmt":"2025-02-26T03:15:02","slug":"3-in-1-rolling-makeup-case-professional-cosmetic-beauty-case","status":"publish","type":"product","link":"https:\/\/suncasesupply.com\/es\/product\/3-in-1-rolling-makeup-case-professional-cosmetic-beauty-case\/","title":{"rendered":"Estuche cosm\u00e9tico de doble diamante Estuche para u\u00f1as de belleza"},"content":{"rendered":"<p>&nbsp;<\/p>\n<table width=\"774\">\n<tbody>\n<tr>\n<td width=\"177\">Art\u00edculo<\/td>\n<td width=\"597\">Caja de aluminio<\/td>\n<\/tr>\n<tr>\n<td>Dimensi\u00f3n<\/td>\n<td>25*35*39cm o personalizar<\/td>\n<\/tr>\n<tr>\n<td>Colores<\/td>\n<td>Como muestran las im\u00e1genes o personalizar<\/td>\n<\/tr>\n<tr>\n<td>Materiales<\/td>\n<td>Aluminio, panel de ABS, tablero de MDF, forro de EVA\/espuma\/tela\/PU, herrajes<\/td>\n<\/tr>\n<tr>\n<td>Logo<\/td>\n<td>Logotipo de placa de metal, logotipo impreso, logotipo en relieve, logotipo l\u00e1ser<\/td>\n<\/tr>\n<tr>\n<td>tiempo de muestra<\/td>\n<td>7 d\u00edas<\/td>\n<\/tr>\n<tr>\n<td>Puerto de embarque<\/td>\n<td>Cant\u00f3n, Shenzhen<\/td>\n<\/tr>\n<tr>\n<td>T\u00e9rminos comerciales<\/td>\n<td>EXW, MANDO, CIF, DDU, DDP<\/td>\n<\/tr>\n<tr>\n<td>M\u00e9todos de pago<\/td>\n<td>T\/T, Efectivo, PayPal, Tarjeta de cr\u00e9dito<\/td>\n<\/tr>\n<\/tbody>\n<\/table>\n<p><span style=\"color: #003366;\">Caracter\u00edsticas:<\/span><\/p>\n<p>Un funcional ba\u00fal de belleza y peluquer\u00eda de dos piezas ideal para estilistas de u\u00f1as, peluqueros, esteticistas, maquilladores que trabajan en el campo o para guardar cosm\u00e9ticos en casa.<\/p>\n<p>El tama\u00f1o del ba\u00fal, de fabricaci\u00f3n s\u00f3lida, plegable y \u00f3ptimamente seleccionado, le permite insertar f\u00e1cilmente una l\u00e1mpara UV y LED de tama\u00f1o completo en su interior.<\/p>\n<p>La c\u00f3moda de doble cara tiene estantes deslizantes y seguridad en forma de dos cerraduras con llave.<\/p>\n<p>Ideal para trabajos de campo por su bajo peso.<\/p>\n<p>Un ba\u00fal elegante para presentar productos durante reuniones oficiales, por ejemplo reuniones de negocios.<\/p>\n<p>\u00a1Funcionar\u00e1 en cualquier situaci\u00f3n!<\/p>\n<p>DE DOS PARTES: \u00a1PUEDES UTILIZAR LA COMPLETA O SOLO UNA PARTE DESMONTABLE!<\/p>","protected":false},"excerpt":{"rendered":"<p>Modelo: SC-CM0001<\/p>\n<p>Tama\u00f1o: 250x350x390mm<\/p>\n<p>Cantidad m\u00ednima de pedido: 100 piezas<\/p>\n<p>Tiempo de entrega: 15-25 d\u00edas<\/p>\n<p>Muestra: Disponible<\/p>","protected":false},"featured_media":19718,"template":"","meta":{"_gspb_post_css":""},"product_cat":[34,96],"product_tag":[],"featured_image_urls":{"full":["https:\/\/suncasesupply.com\/wp-content\/uploads\/2023\/08\/716x716_product_media_35001-36000_kuferek_kosmetyczny_xxl_dwuczesciowy_m_3n_bialy_diament_bez_kratki_bez_paska_k107_25ha-j.webp",716,716,false],"thumbnail":["https:\/\/suncasesupply.com\/wp-content\/uploads\/2023\/08\/716x716_product_media_35001-36000_kuferek_kosmetyczny_xxl_dwuczesciowy_m_3n_bialy_diament_bez_kratki_bez_paska_k107_25ha-j-150x150.webp",150,150,true],"medium":["https:\/\/suncasesupply.com\/wp-content\/uploads\/2023\/08\/716x716_product_media_35001-36000_kuferek_kosmetyczny_xxl_dwuczesciowy_m_3n_bialy_diament_bez_kratki_bez_paska_k107_25ha-j-300x300.webp",300,300,true],"medium_large":["https:\/\/suncasesupply.com\/wp-content\/uploads\/2023\/08\/716x716_product_media_35001-36000_kuferek_kosmetyczny_xxl_dwuczesciowy_m_3n_bialy_diament_bez_kratki_bez_paska_k107_25ha-j.webp",716,716,false],"large":["https:\/\/suncasesupply.com\/wp-content\/uploads\/2023\/08\/716x716_product_media_35001-36000_kuferek_kosmetyczny_xxl_dwuczesciowy_m_3n_bialy_diament_bez_kratki_bez_paska_k107_25ha-j.webp",716,716,false],"1536x1536":["https:\/\/suncasesupply.com\/wp-content\/uploads\/2023\/08\/716x716_product_media_35001-36000_kuferek_kosmetyczny_xxl_dwuczesciowy_m_3n_bialy_diament_bez_kratki_bez_paska_k107_25ha-j.webp",716,716,false],"2048x2048":["https:\/\/suncasesupply.com\/wp-content\/uploads\/2023\/08\/716x716_product_media_35001-36000_kuferek_kosmetyczny_xxl_dwuczesciowy_m_3n_bialy_diament_bez_kratki_bez_paska_k107_25ha-j.webp",716,716,false],"trp-custom-language-flag":["https:\/\/suncasesupply.com\/wp-content\/uploads\/2023\/08\/716x716_product_media_35001-36000_kuferek_kosmetyczny_xxl_dwuczesciowy_m_3n_bialy_diament_bez_kratki_bez_paska_k107_25ha-j.webp",12,12,false],"woocommerce_thumbnail":["https:\/\/suncasesupply.com\/wp-content\/uploads\/2023\/08\/716x716_product_media_35001-36000_kuferek_kosmetyczny_xxl_dwuczesciowy_m_3n_bialy_diament_bez_kratki_bez_paska_k107_25ha-j-300x300.webp",300,300,true],"woocommerce_single":["https:\/\/suncasesupply.com\/wp-content\/uploads\/2023\/08\/716x716_product_media_35001-36000_kuferek_kosmetyczny_xxl_dwuczesciowy_m_3n_bialy_diament_bez_kratki_bez_paska_k107_25ha-j-600x600.webp",600,600,true],"woocommerce_gallery_thumbnail":["https:\/\/suncasesupply.com\/wp-content\/uploads\/2023\/08\/716x716_product_media_35001-36000_kuferek_kosmetyczny_xxl_dwuczesciowy_m_3n_bialy_diament_bez_kratki_bez_paska_k107_25ha-j-100x100.webp",100,100,true]},"post_excerpt_stackable":"<p>Model : SC-CM0001<\/p>\n<p>Size: 250x350x390 mm<\/p>\n<p>MOQ: 100pcs<\/p>\n<p>Delivery Time : 15-25 Days<\/p>\n<p>Sample : Available<\/p>\n","category_list":"","author_info":{"name":"","url":""},"comments_num":"0 comentarios","_links":{"self":[{"href":"https:\/\/suncasesupply.com\/es\/wp-json\/wp\/v2\/product\/19709"}],"collection":[{"href":"https:\/\/suncasesupply.com\/es\/wp-json\/wp\/v2\/product"}],"about":[{"href":"https:\/\/suncasesupply.com\/es\/wp-json\/wp\/v2\/types\/product"}],"wp:featuredmedia":[{"embeddable":true,"href":"https:\/\/suncasesupply.com\/es\/wp-json\/wp\/v2\/media\/19718"}],"wp:attachment":[{"href":"https:\/\/suncasesupply.com\/es\/wp-json\/wp\/v2\/media?parent=19709"}],"wp:term":[{"taxonomy":"product_cat","embeddable":true,"href":"https:\/\/suncasesupply.com\/es\/wp-json\/wp\/v2\/product_cat?post=19709"},{"taxonomy":"product_tag","embeddable":true,"href":"https:\/\/suncasesupply.com\/es\/wp-json\/wp\/v2\/product_tag?post=19709"}],"curies":[{"name":"wp","href":"https:\/\/api.w.org\/{rel}","templated":true}]}}