{"id":3,"date":"2023-02-17T01:25:49","date_gmt":"2023-02-16T17:25:49","guid":{"rendered":"https:\/\/suncasesupply.com\/?page_id=3"},"modified":"2023-03-08T23:18:49","modified_gmt":"2023-03-08T15:18:49","slug":"privacy-policy","status":"publish","type":"page","link":"https:\/\/suncasesupply.com\/es\/privacy-policy\/","title":{"rendered":"pol\u00edtica de privacidad"},"content":{"rendered":"<p>Nuestra privacidad y la privacidad de todos los visitantes de tatapack.com es importante para nosotros. En consecuencia, hemos creado una pol\u00edtica que garantiza que se mantenga su privacidad.<\/p>\n\n\n\n<h2 class=\"wp-block-heading\" id=\"notice\">AVISO<\/h2>\n\n\n\n<p>Esta pol\u00edtica le informa, entre otras cosas, los tipos de informaci\u00f3n que recopilamos de usted, c\u00f3mo podemos usar o divulgar esa informaci\u00f3n y nuestros esfuerzos para protegerla. Lea atentamente esta pol\u00edtica y no dude en contactarnos en&nbsp;<a href=\"mailto:arden@tatapack.com\">arden@tatapack.com<\/a>&nbsp;si tiene alguna pregunta sobre su contenido.<\/p>\n\n\n\n<h3 class=\"wp-block-heading\" id=\"1-types-of-information-collected\">1. TIPOS DE INFORMACI\u00d3N RECOPILADA<\/h3>\n\n\n\n<p>En relaci\u00f3n con su uso de nuestro sitio, solicitamos y podemos recopilar una variedad de informaci\u00f3n suya y sobre usted de diferentes maneras. Por ejemplo, cuando solicita informaci\u00f3n de nuestro sitio, solicitamos y almacenamos su nombre, cargo, direcci\u00f3n, direcci\u00f3n de correo electr\u00f3nico y otros datos de contacto identificativos y\/o de su empresa. Adem\u00e1s, recopilamos informaci\u00f3n sobre sus solicitudes, comentarios y sugerencias espec\u00edficas. Tambi\u00e9n podemos recopilar la informaci\u00f3n que usted revela en cualquiera de nuestras salas de chat, grupos de discusi\u00f3n y tableros de anuncios, cuando est\u00e9n disponibles.<\/p>\n\n\n\n<h3 class=\"wp-block-heading\" id=\"2-use-of-cookies\">2. USO DE COOKIES<\/h3>\n\n\n\n<p>El uso de nuestro sitio puede requerir que acepte el uso de cookies, que son peque\u00f1os archivos de datos que nuestro sitio web puede enviar a su navegador para almacenarlos en el disco duro de su computadora. Podemos utilizar cookies para proteger datos confidenciales, rastrear la actividad en nuestro sitio y satisfacer mejor sus necesidades e intereses.&nbsp;<a href=\"https:\/\/www.tatapack.com\/cookie-policy\/\" target=\"_blank\" rel=\"noopener\">Nuestra Pol\u00edtica de Cookies<\/a><\/p>\n\n\n\n<h3 class=\"wp-block-heading\" id=\"3-use-of-information\">3. USO DE LA INFORMACI\u00d3N<\/h3>\n\n\n\n<p>Utilizamos su informaci\u00f3n de identificaci\u00f3n personal para identificarlo como usuario del sitio y responder a sus consultas, identificar tendencias del mercado y formular planes de negocios. Si nos otorga permiso para comunicarnos con usted acerca de nuestros productos y servicios, podemos usar su direcci\u00f3n de correo electr\u00f3nico para comunicarnos con usted directamente con respecto a servicios o productos que creemos que pueden ser de su inter\u00e9s. Tambi\u00e9n podemos asociar su informaci\u00f3n de identificaci\u00f3n personal con la informaci\u00f3n que recopilamos sobre sus preferencias y actividades en el sitio, como las p\u00e1ginas particulares que solicita en el sitio y las compras u otras transacciones que realiza a trav\u00e9s de la informaci\u00f3n del sitio o en base a ella. Podemos variar el contenido que reciba en futuras visitas al sitio seg\u00fan sus preferencias y actividades.<\/p>\n\n\n\n<p>Podemos combinar su informaci\u00f3n de identificaci\u00f3n personal e informaci\u00f3n sobre sus preferencias y actividades con las de todos o un grupo particular de nuestros usuarios para preparar perfiles colectivos de nuestros usuarios y sus actividades. Por ejemplo, podemos rastrear el n\u00famero de nuestros usuarios que ven ciertas p\u00e1ginas o usan ciertas funciones o compilar el monto total en d\u00f3lares de las ventas realizadas a trav\u00e9s de nuestro sitio o en base a \u00e9l en una regi\u00f3n geogr\u00e1fica particular. Dicha informaci\u00f3n, y otra informaci\u00f3n que obtenemos de la informaci\u00f3n de usuarios individuales, nos permite continuar creciendo y brindarle otros usuarios de calidad a trav\u00e9s de marketing y publicidad m\u00e1s precisos de nuestro sitio web. Almacenamos cualquier informaci\u00f3n personal de forma indefinida, pero solo si estamos en comunicaci\u00f3n por tel\u00e9fono, correo electr\u00f3nico o cartas. Cualquier informaci\u00f3n que almacenemos en una empresa con la que ya no hacemos negocios o que no se ha puesto en contacto con nosotros en un per\u00edodo de 12 meses. Ser\u00e1 eliminado de todas nuestras bases de datos.<\/p>\n\n\n\n<h3 class=\"wp-block-heading\" id=\"4-disclosure-of-information\">4. DIVULGACI\u00d3N DE INFORMACI\u00d3N<\/h3>\n\n\n\n<p>Finalmente, podemos divulgar informaci\u00f3n para cumplir con ciertos requisitos legales y reglamentarios o si creemos, de buena fe, que dicha divulgaci\u00f3n es legalmente requerida o necesaria para proteger los derechos de otros o para evitar da\u00f1os.<\/p>\n\n\n\n<h3 class=\"wp-block-heading\" id=\"5-recruitment-privacy-policy\">5. POL\u00cdTICA DE PRIVACIDAD DE RECLUTAMIENTO<\/h3>\n\n\n\n<p>Haga clic en nuestra declaraci\u00f3n de pol\u00edtica de privacidad de contrataci\u00f3n para ver la informaci\u00f3n que recopilamos. Si necesita m\u00e1s ayuda, cont\u00e1ctenos a esta direcci\u00f3n de correo electr\u00f3nico;&nbsp;<a href=\"mailto:recruitment@tatapack.com\">reclutamiento@tatapack.com<\/a><\/p>\n\n\n\n<h2 class=\"wp-block-heading\" id=\"choice\">ELECCI\u00d3N<\/h2>\n\n\n\n<p>Solicitaremos su permiso para enviar su informaci\u00f3n de identificaci\u00f3n personal a otros y, si no concede dicho permiso, restringiremos el uso de su informaci\u00f3n para mantener su uso del sitio.<\/p>\n\n\n\n<p>Adem\u00e1s, no enviaremos mensajes no solicitados a usuarios de nuestro sitio que no indiquen que desean recibir dichos mensajes.<\/p>\n\n\n\n<h2 class=\"wp-block-heading\" id=\"access\">ACCESO<\/h2>\n\n\n\n<p>En cualquier momento despu\u00e9s de haber iniciado sesi\u00f3n en nuestro sitio, puede contactarnos en&nbsp;<a href=\"mailto:arden@tatapack.com\">arden@tatapack.com<\/a>&nbsp;para solicitar acceso a la informaci\u00f3n que hemos recopilado sobre usted o su empresa o para notificarnos cambios en dicha informaci\u00f3n. Si solicita dichos cambios, nos comunicaremos con usted por correo electr\u00f3nico o fax para confirmar dichos cambios. Una vez confirmada, cualquier nueva informaci\u00f3n sustituir\u00e1 a la informaci\u00f3n correspondiente proporcionada anteriormente.<\/p>","protected":false},"excerpt":{"rendered":"<p>Nuestra privacidad y la privacidad de todos los visitantes de tatapack.com es importante para nosotros. Por ello, hemos creado una pol\u00edtica que garantiza el mantenimiento de su privacidad. AVISO Esta pol\u00edtica le informa, entre otras cosas, los tipos de informaci\u00f3n que recopilamos de usted, c\u00f3mo podemos usar o divulgar dicha informaci\u00f3n y nuestros esfuerzos para protegerla. Lea atentamente esta pol\u00edtica y no dude en ponerse en contacto con nosotros en arden@tatapack.com si tiene alguna pregunta sobre su contenido. 1. TIPOS DE INFORMACI\u00d3N RECOPILADA En relaci\u00f3n con su uso de nuestro sitio, solicitamos y podemos recopilar una variedad de informaci\u00f3n de\u2026<\/p>","protected":false},"author":1,"featured_media":304,"parent":0,"menu_order":0,"comment_status":"closed","ping_status":"closed","template":"","meta":{"_gspb_post_css":""},"blocksy_meta":"","featured_image_urls":{"full":["https:\/\/suncasesupply.com\/wp-content\/uploads\/2023\/03\/header-1-1.webp",1920,320,false],"thumbnail":["https:\/\/suncasesupply.com\/wp-content\/uploads\/2023\/03\/header-1-1-150x150.webp",150,150,true],"medium":["https:\/\/suncasesupply.com\/wp-content\/uploads\/2023\/03\/header-1-1-300x50.webp",300,50,true],"medium_large":["https:\/\/suncasesupply.com\/wp-content\/uploads\/2023\/03\/header-1-1-768x128.webp",768,128,true],"large":["https:\/\/suncasesupply.com\/wp-content\/uploads\/2023\/03\/header-1-1-1024x171.webp",1024,171,true],"1536x1536":["https:\/\/suncasesupply.com\/wp-content\/uploads\/2023\/03\/header-1-1-1536x256.webp",1536,256,true],"2048x2048":["https:\/\/suncasesupply.com\/wp-content\/uploads\/2023\/03\/header-1-1.webp",1920,320,false],"trp-custom-language-flag":["https:\/\/suncasesupply.com\/wp-content\/uploads\/2023\/03\/header-1-1.webp",18,3,false],"woocommerce_thumbnail":["https:\/\/suncasesupply.com\/wp-content\/uploads\/2023\/03\/header-1-1-300x300.webp",300,300,true],"woocommerce_single":["https:\/\/suncasesupply.com\/wp-content\/uploads\/2023\/03\/header-1-1-600x100.webp",600,100,true],"woocommerce_gallery_thumbnail":["https:\/\/suncasesupply.com\/wp-content\/uploads\/2023\/03\/header-1-1-100x100.webp",100,100,true]},"post_excerpt_stackable":"<p>Our privacy, and the privacy of all visitors to tatapack.com, is important to us. Accordingly, we have a created a policy that ensures your privacy is maintained. NOTICE This policy tells you, among other things, the types of information we gather from you, how we may use or disclose that information and our efforts to protect it. Please read this policy carefully, and feel free to contact us at&nbsp;arden@tatapack.com&nbsp;if you have any questions regarding its contents. 1. TYPES OF INFORMATION COLLECTED In connection with your use of our site, we ask for and may collect a variety of information from&hellip;<\/p>\n","category_list":"","author_info":{"name":"SUN CASE","url":"https:\/\/suncasesupply.com\/es\/author\/admin\/"},"comments_num":"0 comentarios","_links":{"self":[{"href":"https:\/\/suncasesupply.com\/es\/wp-json\/wp\/v2\/pages\/3"}],"collection":[{"href":"https:\/\/suncasesupply.com\/es\/wp-json\/wp\/v2\/pages"}],"about":[{"href":"https:\/\/suncasesupply.com\/es\/wp-json\/wp\/v2\/types\/page"}],"author":[{"embeddable":true,"href":"https:\/\/suncasesupply.com\/es\/wp-json\/wp\/v2\/users\/1"}],"replies":[{"embeddable":true,"href":"https:\/\/suncasesupply.com\/es\/wp-json\/wp\/v2\/comments?post=3"}],"version-history":[{"count":3,"href":"https:\/\/suncasesupply.com\/es\/wp-json\/wp\/v2\/pages\/3\/revisions"}],"predecessor-version":[{"id":305,"href":"https:\/\/suncasesupply.com\/es\/wp-json\/wp\/v2\/pages\/3\/revisions\/305"}],"wp:featuredmedia":[{"embeddable":true,"href":"https:\/\/suncasesupply.com\/es\/wp-json\/wp\/v2\/media\/304"}],"wp:attachment":[{"href":"https:\/\/suncasesupply.com\/es\/wp-json\/wp\/v2\/media?parent=3"}],"curies":[{"name":"wp","href":"https:\/\/api.w.org\/{rel}","templated":true}]}}