{"id":11,"date":"2023-02-19T10:18:59","date_gmt":"2023-02-19T02:18:59","guid":{"rendered":"https:\/\/suncasesupply.com\/?page_id=11"},"modified":"2023-03-08T23:20:26","modified_gmt":"2023-03-08T15:20:26","slug":"cookie-policy","status":"publish","type":"page","link":"https:\/\/suncasesupply.com\/es\/cookie-policy\/","title":{"rendered":"Pol\u00edtica de cookies"},"content":{"rendered":"<h2 class=\"wp-block-heading\" id=\"how-tatapck-uses-cookies\">C\u00d3MO UTILIZA LAS COOKIES TATAPCK<\/h2>\n\n\n\n<p>Una cookie es un peque\u00f1o archivo que solicita permiso para ser colocado en el disco duro de su computadora. Una vez que est\u00e9 de acuerdo, el archivo se agrega y la cookie ayuda a analizar el tr\u00e1fico web o le permite saber cu\u00e1ndo visita un sitio en particular. Las cookies permiten que las aplicaciones web le respondan a usted como individuo. La aplicaci\u00f3n web puede adaptar sus operaciones a sus necesidades, gustos y aversiones recopilando y recordando informaci\u00f3n sobre sus preferencias.<\/p>\n\n\n\n<p>Utilizamos cookies de registro de tr\u00e1fico para identificar qu\u00e9 p\u00e1ginas se est\u00e1n utilizando. Esto nos ayuda a analizar datos sobre el tr\u00e1fico de la p\u00e1gina web y mejorar nuestro sitio web para adaptarlo a las necesidades del cliente. Solo utilizamos esta informaci\u00f3n con fines de an\u00e1lisis estad\u00edstico y luego los datos se eliminan del sistema.<\/p>\n\n\n\n<p>En general, las cookies nos ayudan a ofrecerle un mejor sitio web, permiti\u00e9ndonos controlar qu\u00e9 p\u00e1ginas le resultan \u00fatiles y cu\u00e1les no. Una cookie de ninguna manera nos da acceso a su computadora ni a ninguna informaci\u00f3n sobre usted, aparte de los datos que elige compartir con nosotros.<\/p>\n\n\n\n<p>Puede optar por aceptar o rechazar las cookies. La mayor\u00eda de los navegadores web aceptan cookies autom\u00e1ticamente, pero normalmente puede modificar la configuraci\u00f3n de su navegador para rechazarlas si lo prefiere. Esto puede impedirle aprovechar al m\u00e1ximo el sitio web.<\/p>\n\n\n\n<h2 class=\"wp-block-heading\" id=\"links-to-other-websites\">ENLACES A OTROS SITIOS WEB<\/h2>\n\n\n\n<p>Nuestro sitio web puede contener enlaces a otros sitios web de inter\u00e9s. Sin embargo, una vez que haya utilizado estos enlaces para abandonar nuestro sitio, debe tener en cuenta que no tenemos ning\u00fan control sobre ese otro sitio web. Por lo tanto, no podemos ser responsables de la protecci\u00f3n y privacidad de la informaci\u00f3n que usted proporcione mientras visita dichos sitios y dichos sitios no se rigen por esta declaraci\u00f3n de privacidad. Debe tener precauci\u00f3n y consultar la declaraci\u00f3n de privacidad aplicable al sitio web en cuesti\u00f3n.<\/p>\n\n\n\n<h2 class=\"wp-block-heading\" id=\"controlling-your-personal-information\">CONTROLAR SU INFORMACI\u00d3N PERSONAL<\/h2>\n\n\n\n<p>Puede optar por restringir la recopilaci\u00f3n o el uso de su informaci\u00f3n personal de las siguientes maneras:<\/p>\n\n\n\n<p>Siempre que se le solicite que complete un formulario en el sitio web, busque el cuadro en el que puede hacer clic para indicar que no desea que nadie utilice la informaci\u00f3n con fines de marketing directo.<\/p>\n\n\n\n<p>Si previamente acept\u00f3 que utilicemos su informaci\u00f3n personal con fines de marketing directo, puede cambiar de opini\u00f3n en cualquier momento escribi\u00e9ndonos o envi\u00e1ndonos un correo electr\u00f3nico a&nbsp;<a href=\"mailto:arden@tatapack.com\">arden@tatapack.com<\/a><\/p>\n\n\n\n<p>No venderemos, distribuiremos ni cederemos su informaci\u00f3n personal a terceros a menos que tengamos su permiso o la ley nos exija hacerlo. Podemos utilizar su informaci\u00f3n personal para enviarle informaci\u00f3n promocional sobre terceros que creemos que puede resultarle interesante si nos dice que desea que esto suceda.<\/p>\n\n\n\n<p>Puede solicitar detalles de la informaci\u00f3n personal que tenemos sobre usted seg\u00fan la Ley de Protecci\u00f3n de Datos de 1998. Se pagar\u00e1 una peque\u00f1a tarifa. Si desea una copia de la informaci\u00f3n que tenemos sobre usted, escriba a;<\/p>\n\n\n\n<p><strong>TATAPACK<\/strong><br>Guoxiangqiao Mid Rd No.1<em><br>ciudad de yuyao<br>Ningbo315400<br>PORCELANA<\/em><\/p>\n\n\n\n<p>Si cree que cualquier informaci\u00f3n que tenemos sobre usted es incorrecta o est\u00e1 incompleta, escr\u00edbanos o env\u00edenos un correo electr\u00f3nico lo antes posible a la direcci\u00f3n anterior. Corregiremos de inmediato cualquier informaci\u00f3n que se considere incorrecta.<\/p>\n\n\n\n<p>TATAPACK se compromete a garantizar que su privacidad est\u00e9 protegida. Si le pedimos que proporcione cierta informaci\u00f3n mediante la cual pueda ser identificado al utilizar este sitio web, puede estar seguro de que solo se utilizar\u00e1 de acuerdo con esta declaraci\u00f3n de privacidad.<\/p>\n\n\n\n<p>TATAPACK puede cambiar esta pol\u00edtica de vez en cuando actualizando esta p\u00e1gina. Debe consultar esta p\u00e1gina de vez en cuando para asegurarse de que est\u00e1 satisfecho con los cambios. Esta pol\u00edtica entra en vigor a partir de agosto de 2016.<\/p>\n\n\n\n<h2 class=\"wp-block-heading\" id=\"what-we-collect\">LO QUE RECOGEMOS<\/h2>\n\n\n\n<p>Podemos recopilar la siguiente informaci\u00f3n:<\/p>\n\n\n\n<ol>\n<li>Nombre y cargo<\/li>\n\n\n\n<li>Informaci\u00f3n de contacto, incluida la direcci\u00f3n de correo electr\u00f3nico<\/li>\n\n\n\n<li>Informaci\u00f3n demogr\u00e1fica como c\u00f3digo postal, preferencias e intereses.<\/li>\n\n\n\n<li>Otra informaci\u00f3n relevante para encuestas y\/u ofertas de clientes<\/li>\n<\/ol>\n\n\n\n<h2 class=\"wp-block-heading\" id=\"what-we-do-with-the-information-we-gather\">QU\u00c9 HACEMOS CON LA INFORMACI\u00d3N QUE RECOPILAMOS<\/h2>\n\n\n\n<p>Requerimos esta informaci\u00f3n para comprender sus necesidades y brindarle un mejor servicio, y en particular por las siguientes razones:<\/p>\n\n\n\n<h2 class=\"wp-block-heading\" id=\"internal-record-keeping\">MANTENIMIENTO DE REGISTROS INTERNOS.<\/h2>\n\n\n\n<p>Podemos utilizar la informaci\u00f3n para mejorar nuestros productos y servicios.<br>Es posible que peri\u00f3dicamente le enviemos correos electr\u00f3nicos promocionales sobre nuevos productos, ofertas especiales u otra informaci\u00f3n que creemos que puede resultarle interesante utilizando la direcci\u00f3n de correo electr\u00f3nico que nos ha proporcionado. Siempre se le ofrecer\u00e1 la opci\u00f3n de darse de baja de cualquier env\u00edo posterior.<\/p>\n\n\n\n<p>Tambi\u00e9n podemos utilizar su informaci\u00f3n para comunicarnos con usted con fines de investigaci\u00f3n de mercado. Podemos comunicarnos con usted por correo electr\u00f3nico, tel\u00e9fono, fax o correo postal. Podemos utilizar la informaci\u00f3n para personalizar el sitio web de acuerdo con sus intereses.<\/p>\n\n\n\n<h2 class=\"wp-block-heading\" id=\"security\">SEGURIDAD<\/h2>\n\n\n\n<p>Estamos comprometidos a garantizar que su informaci\u00f3n est\u00e9 segura. Para evitar el acceso o la divulgaci\u00f3n no autorizados, hemos implementado procedimientos f\u00edsicos, electr\u00f3nicos y administrativos adecuados para salvaguardar y asegurar la informaci\u00f3n que recopilamos en l\u00ednea.<\/p>","protected":false},"excerpt":{"rendered":"<p>C\u00d3MO UTILIZA TATAPCK LAS COOKIES Una cookie es un peque\u00f1o archivo que solicita permiso para ser colocado en el disco duro de su computadora. Una vez que est\u00e9 de acuerdo, el archivo se agrega y la cookie ayuda a analizar el tr\u00e1fico web o le permite saber cu\u00e1ndo visita un sitio en particular. Las cookies permiten que las aplicaciones web le respondan a usted como individuo. La aplicaci\u00f3n web puede adaptar sus operaciones a sus necesidades, gustos y aversiones recopilando y recordando informaci\u00f3n sobre sus preferencias. Utilizamos cookies de registro de tr\u00e1fico para identificar qu\u00e9 p\u00e1ginas se est\u00e1n utilizando. Esto nos ayuda a analizar datos sobre el tr\u00e1fico de la p\u00e1gina web y mejorar...<\/p>","protected":false},"author":1,"featured_media":304,"parent":0,"menu_order":0,"comment_status":"closed","ping_status":"closed","template":"","meta":{"_gspb_post_css":""},"blocksy_meta":"","featured_image_urls":{"full":["https:\/\/suncasesupply.com\/wp-content\/uploads\/2023\/03\/header-1-1.webp",1920,320,false],"thumbnail":["https:\/\/suncasesupply.com\/wp-content\/uploads\/2023\/03\/header-1-1-150x150.webp",150,150,true],"medium":["https:\/\/suncasesupply.com\/wp-content\/uploads\/2023\/03\/header-1-1-300x50.webp",300,50,true],"medium_large":["https:\/\/suncasesupply.com\/wp-content\/uploads\/2023\/03\/header-1-1-768x128.webp",768,128,true],"large":["https:\/\/suncasesupply.com\/wp-content\/uploads\/2023\/03\/header-1-1-1024x171.webp",1024,171,true],"1536x1536":["https:\/\/suncasesupply.com\/wp-content\/uploads\/2023\/03\/header-1-1-1536x256.webp",1536,256,true],"2048x2048":["https:\/\/suncasesupply.com\/wp-content\/uploads\/2023\/03\/header-1-1.webp",1920,320,false],"trp-custom-language-flag":["https:\/\/suncasesupply.com\/wp-content\/uploads\/2023\/03\/header-1-1.webp",18,3,false],"woocommerce_thumbnail":["https:\/\/suncasesupply.com\/wp-content\/uploads\/2023\/03\/header-1-1-300x300.webp",300,300,true],"woocommerce_single":["https:\/\/suncasesupply.com\/wp-content\/uploads\/2023\/03\/header-1-1-600x100.webp",600,100,true],"woocommerce_gallery_thumbnail":["https:\/\/suncasesupply.com\/wp-content\/uploads\/2023\/03\/header-1-1-100x100.webp",100,100,true]},"post_excerpt_stackable":"<p>HOW TATAPCK USES COOKIES A cookie is a small file which asks permission to be placed on your computer\u2019s hard drive. Once you agree, the file is added and the cookie helps analyse web traffic or lets you know when you visit a particular site. Cookies allow web applications to respond to you as an individual. The web application can tailor its operations to your needs, likes and dislikes by gathering and remembering information about your preferences. We use traffic log cookies to identify which pages are being used. This helps us analyse data about web page traffic and improve&hellip;<\/p>\n","category_list":"","author_info":{"name":"SUN CASE","url":"https:\/\/suncasesupply.com\/es\/author\/admin\/"},"comments_num":"0 comentarios","_links":{"self":[{"href":"https:\/\/suncasesupply.com\/es\/wp-json\/wp\/v2\/pages\/11"}],"collection":[{"href":"https:\/\/suncasesupply.com\/es\/wp-json\/wp\/v2\/pages"}],"about":[{"href":"https:\/\/suncasesupply.com\/es\/wp-json\/wp\/v2\/types\/page"}],"author":[{"embeddable":true,"href":"https:\/\/suncasesupply.com\/es\/wp-json\/wp\/v2\/users\/1"}],"replies":[{"embeddable":true,"href":"https:\/\/suncasesupply.com\/es\/wp-json\/wp\/v2\/comments?post=11"}],"version-history":[{"count":3,"href":"https:\/\/suncasesupply.com\/es\/wp-json\/wp\/v2\/pages\/11\/revisions"}],"predecessor-version":[{"id":307,"href":"https:\/\/suncasesupply.com\/es\/wp-json\/wp\/v2\/pages\/11\/revisions\/307"}],"wp:featuredmedia":[{"embeddable":true,"href":"https:\/\/suncasesupply.com\/es\/wp-json\/wp\/v2\/media\/304"}],"wp:attachment":[{"href":"https:\/\/suncasesupply.com\/es\/wp-json\/wp\/v2\/media?parent=11"}],"curies":[{"name":"wp","href":"https:\/\/api.w.org\/{rel}","templated":true}]}}