{"id":26515,"date":"2026-05-15T16:45:28","date_gmt":"2026-05-15T08:45:28","guid":{"rendered":"https:\/\/suncasesupply.com\/?post_type=product&#038;p=26515"},"modified":"2026-05-15T18:21:13","modified_gmt":"2026-05-15T10:21:13","slug":"professional-rolling-makeup-train-case-large-trolley-storage-case-for-nail-technicians-hairstylist","status":"publish","type":"product","link":"https:\/\/suncasesupply.com\/de\/product\/professional-rolling-makeup-train-case-large-trolley-storage-case-for-nail-technicians-hairstylist\/","title":{"rendered":"Professioneller Rollkoffer f\u00fcr Make-up, gro\u00dfer Trolley-Aufbewahrungskoffer f\u00fcr Nageldesigner und Friseure"},"content":{"rendered":"<p>Der Trolley-Koffer ist ein tragbarer, mehrstufiger Kosmetik- oder Aufbewahrungskoffer auf Rollen, der f\u00fcr optimale Organisation und Mobilit\u00e4t entwickelt wurde. Hier eine detaillierte Beschreibung:<\/p>\n<h4><span style=\"color: #003366;\">Merkmale:<\/span><\/h4>\n<p><strong>Professioneller Rollkoffer<\/strong> Der multifunktionale Rollkoffer mit ausziehbaren F\u00e4chern und Schublade ist speziell f\u00fcr die Bed\u00fcrfnisse von Profis wie Nageldesignern, Visagisten und Friseuren konzipiert. Kofferma\u00dfe: 67,5 cm \u00d7 35 cm \u00d7 23,4 cm.<br \/>\n<strong>Gute Tragbarkeit<\/strong> Der Teleskopgriff in Kombination mit den vier abnehmbaren, um 360 Grad drehbaren R\u00e4dern erm\u00f6glicht einen einfachen Transport. Er bietet viel Stauraum und optimale Organisation, ohne im Auto oder Studio viel Platz einzunehmen. Die Metallschnallen sind abschlie\u00dfbar.<br \/>\n<strong>Flexible Speicherl\u00f6sungen<\/strong> \u2013 Nageldesignerinnen, die viel reisen, k\u00f6nnen in den oberen F\u00e4chern reichlich Gel-Nagellack und in der Schublade eine tragbare Nagellampe verstauen. Friseure werden die Scherenf\u00e4cher zu sch\u00e4tzen wissen, um ihre Scheren griffbereit zu haben. Visagisten werden den Rollkoffer als praktisch f\u00fcr Hochzeiten empfinden.<\/p>\n<h4><span style=\"color: #003366;\">Produktdetails:<\/span><\/h4>\n<div style=\"display: flex; gap: 20px;\">\n<div style=\"flex: 1; text-align: center;\">\n<p><img decoding=\"async\" style=\"max-width: 100%; height: auto; margin-bottom: 10px;\" src=\"https:\/\/suncasesupply.com\/wp-content\/uploads\/2026\/05\/Sturdy-corners-1.jpg\" alt=\"Stabile Ecken\" \/><\/p>\n<p style=\"font-weight: bold; margin: 5px 0;\">Stabile Ecken<\/p>\n<p style=\"margin: 0;\">Dank seines robusten Aluminiumrahmens und der verst\u00e4rkten Ecken ist dieser rollbare Kosmetikkoffer langlebig und sch\u00fctzt Ihr professionelles Nagel-\/Make-up-\/Kosmetik-\/Haarschneidezubeh\u00f6r.<\/p>\n<\/div>\n<p><!-- \u7b2c\u4e8c\u680f --><\/p>\n<div style=\"flex: 1; text-align: center;\">\n<p><img decoding=\"async\" style=\"max-width: 100%; height: auto; margin-bottom: 10px;\" src=\"https:\/\/suncasesupply.com\/wp-content\/uploads\/2026\/05\/Telescopic-Pull-Rod-1.jpg\" alt=\"Teleskop-Zugstange\" \/><\/p>\n<p style=\"font-weight: bold; margin: 5px 0;\">Teleskop-Zugstange<\/p>\n<p style=\"margin: 0;\">Die Zugstange l\u00e4sst sich f\u00fcr bequemes Ziehen des Koffers beim Rollen auf verschiedene L\u00e4ngen ausziehen; Zwei parallele Stangen sorgen f\u00fcr zus\u00e4tzliche Stabilit\u00e4t und Gewichtsverteilung; Der breite, ergonomische Griff gew\u00e4hrleistet Kontrolle beim Man\u00f6vrieren, selbst bei einem voll beladenen Koffer.<\/p>\n<\/div>\n<p><!-- \u7b2c\u4e09\u680f --><\/p>\n<div style=\"flex: 1; text-align: center;\">\n<p><img decoding=\"async\" style=\"max-width: 100%; height: auto; margin-bottom: 10px;\" src=\"https:\/\/suncasesupply.com\/wp-content\/uploads\/2026\/05\/Removable-drawer.jpg\" alt=\"Herausnehmbare Schublade\" \/><\/p>\n<p style=\"font-weight: bold; margin: 5px 0;\">Herausnehmbare Schublade<\/p>\n<p style=\"margin: 0;\">Der Trolley-Kosmetikkoffer verf\u00fcgt \u00fcber eine herausnehmbare Schublade an der Seite, die viel Platz f\u00fcr Kosmetikartikel und Zubeh\u00f6r wie z. B. eine tragbare Nagellampe bietet. Die Schublade ist herausnehmbar und erm\u00f6glicht so einen besonders bequemen Zugriff auf Ihre Utensilien.<\/p>\n<\/div>\n<p><!-- \u7b2c\u56db\u680f --><\/p>\n<div style=\"flex: 1; text-align: center;\">\n<p><img decoding=\"async\" src=\"https:\/\/suncasesupply.com\/wp-content\/uploads\/2026\/05\/Large-capacity.jpg\" \/><\/p>\n<p><strong>Gro\u00dfe Kapazit\u00e4t<\/strong><\/p>\n<p style=\"margin: 0;\">Dieser Make-up-Aufbewahrungskoffer umfasst quadratische Ablagen, ein verstellbares oberes Fach und eine Schublade. Alle Komponenten zusammen bieten Platz f\u00fcr Pinsel, Flaschen, Paletten, Werkzeuge und anderes Zubeh\u00f6r.<\/p>\n<\/div>\n<\/div>\n<h4><span style=\"color: #003366;\">Herstellungsprozess des Make-up-Etuis:<\/span><\/h4>\n<p><img decoding=\"async\" style=\"max-width: 100%; height: auto; margin-bottom: 10px;\" src=\"https:\/\/suncasesupply.com\/wp-content\/uploads\/2025\/07\/Manufacturing-Process.png\" alt=\"Herstellungsprozess von Suncase\" \/><\/p>\n<div style=\"background-color: #29599a; padding: 40px 20px; text-align: center; color: #ffffff; border-radius: 10px; margin: 40px auto; max-width: 960px;\">\n<h2 style=\"font-size: 22px; margin-bottom: 20px; font-weight: bold;\"><span style=\"color: #ffffff;\">Bestellen Sie noch heute Ihren Sun Case Rollkoffer f\u00fcr Make-up, Mindestbestellmenge 100 St\u00fcck verf\u00fcgbar.<\/span><\/h2>\n<p><a style=\"display: inline-block; padding: 12px 28px; background-color: #ffffff; color: #29599a; text-decoration: none; border-radius: 6px; font-weight: bold;\" href=\"https:\/\/suncasesupply.com\/de\/contact-us\/\" target=\"_blank\" rel=\"noopener\">Fordern Sie noch heute ein Angebot an<br \/>\n<\/a><\/p>\n<\/div>\n<div style=\"display: flex; gap: 20px;\"><span style=\"color: #003366; font-weight: bold; text-align: center;\">Hilfreiche Informationen f\u00fcr Gro\u00dfabnehmer:<\/span><\/div>\n<ul>\n<li class=\"page-title\" title=\"Was macht Sportkarten so wertvoll?\">\n<p class=\"page-title\" title=\"4-in-1 Nail Tech Rollkoffer: Die ultimative L\u00f6sung f\u00fcr professionelle Manik\u00fcristinnen\"><a href=\"https:\/\/suncasesupply.com\/de\/blog\/makeup-case\/4-in-1-nail-tech-rolling-case-ultimate-tool-for-manicurists\/\">4-in-1-Rollkoffer f\u00fcr Nageldesigner: Die ultimative L\u00f6sung f\u00fcr professionelle Manik\u00fcristinnen &gt;&gt;\u00a0<\/a><\/p>\n<\/li>\n<li title=\"Was macht Sportkarten so wertvoll?\">\n<p class=\"page-title\" title=\"Den perfekten Koffer f\u00fcr Maskenbildner zusammenstellen: Der ultimative Leitfaden f\u00fcr Set-Taschen\"><a href=\"https:\/\/suncasesupply.com\/de\/blog\/makeup-case\/how-to-build-the-ultimate-makeup-artist-case-for-your-set-bag-needs\/\">Die perfekte Make-up-Artist-Tasche zusammenstellen: Der ultimative Leitfaden f\u00fcr Set-Taschen &gt;&gt;\u00a0<\/a><\/p>\n<\/li>\n<li title=\"Was macht Sportkarten so wertvoll?\">\n<p class=\"page-title\" title=\"Make-up-Koffer: Vorteile und Nachteile\"><a href=\"https:\/\/suncasesupply.com\/de\/blog\/makeup-case\/pros-and-cons-of-makeup-train-case\/\">Schminkkoffer: Vor- und Nachteile &gt;&gt;\u00a0<\/a><\/p>\n<\/li>\n<\/ul>","protected":false},"excerpt":{"rendered":"<p>Modell: SC-R002<\/p>\n<p>Gr\u00f6\u00dfe: L 68 x B 35 x H 24 cm<\/p>\n<p>Farben: Rosa<\/p>\n<p>Materialien: Aluminiumrahmen + MDF-Platte + ABS-Platte + Beschl\u00e4ge.<\/p>\n<p>Logo: Siebdrucklogo \/ Metalllogo.<\/p>\n<p>Mindestbestellmenge: 100 St\u00fcck<\/p>\n<p>Beispiel: Verf\u00fcgbar<\/p>","protected":false},"featured_media":26522,"template":"","meta":{"_gspb_post_css":""},"product_cat":[34,97],"product_tag":[],"featured_image_urls":{"full":["https:\/\/suncasesupply.com\/wp-content\/uploads\/2026\/05\/1-2.jpg",800,800,false],"thumbnail":["https:\/\/suncasesupply.com\/wp-content\/uploads\/2026\/05\/1-2-150x150.jpg",150,150,true],"medium":["https:\/\/suncasesupply.com\/wp-content\/uploads\/2026\/05\/1-2-300x300.jpg",300,300,true],"medium_large":["https:\/\/suncasesupply.com\/wp-content\/uploads\/2026\/05\/1-2-768x768.jpg",768,768,true],"large":["https:\/\/suncasesupply.com\/wp-content\/uploads\/2026\/05\/1-2.jpg",800,800,false],"1536x1536":["https:\/\/suncasesupply.com\/wp-content\/uploads\/2026\/05\/1-2.jpg",800,800,false],"2048x2048":["https:\/\/suncasesupply.com\/wp-content\/uploads\/2026\/05\/1-2.jpg",800,800,false],"trp-custom-language-flag":["https:\/\/suncasesupply.com\/wp-content\/uploads\/2026\/05\/1-2-12x12.jpg",12,12,true],"woocommerce_thumbnail":["https:\/\/suncasesupply.com\/wp-content\/uploads\/2026\/05\/1-2-300x300.jpg",300,300,true],"woocommerce_single":["https:\/\/suncasesupply.com\/wp-content\/uploads\/2026\/05\/1-2-600x600.jpg",600,600,true],"woocommerce_gallery_thumbnail":["https:\/\/suncasesupply.com\/wp-content\/uploads\/2026\/05\/1-2-100x100.jpg",100,100,true]},"post_excerpt_stackable":"<p>Model: SC-R002<\/p>\n<p>Size: L68 x W35 x H24cm<\/p>\n<p>Colors: Pink<\/p>\n<p>Materials: Aluminum Frame+MDF Board+ABS Panel+Hardware.<\/p>\n<p>Logo: Silk printing logo\u00a0\/ Metal Logo.<\/p>\n<p>MOQ: 100pcs<\/p>\n<p>Sample: Available<\/p>\n","category_list":"","author_info":{"name":"","url":""},"comments_num":"0 comments","_links":{"self":[{"href":"https:\/\/suncasesupply.com\/de\/wp-json\/wp\/v2\/product\/26515"}],"collection":[{"href":"https:\/\/suncasesupply.com\/de\/wp-json\/wp\/v2\/product"}],"about":[{"href":"https:\/\/suncasesupply.com\/de\/wp-json\/wp\/v2\/types\/product"}],"wp:featuredmedia":[{"embeddable":true,"href":"https:\/\/suncasesupply.com\/de\/wp-json\/wp\/v2\/media\/26522"}],"wp:attachment":[{"href":"https:\/\/suncasesupply.com\/de\/wp-json\/wp\/v2\/media?parent=26515"}],"wp:term":[{"taxonomy":"product_cat","embeddable":true,"href":"https:\/\/suncasesupply.com\/de\/wp-json\/wp\/v2\/product_cat?post=26515"},{"taxonomy":"product_tag","embeddable":true,"href":"https:\/\/suncasesupply.com\/de\/wp-json\/wp\/v2\/product_tag?post=26515"}],"curies":[{"name":"wp","href":"https:\/\/api.w.org\/{rel}","templated":true}]}}