{"id":26442,"date":"2026-01-29T17:41:15","date_gmt":"2026-01-29T09:41:15","guid":{"rendered":"https:\/\/suncasesupply.com\/?post_type=product&#038;p=26442"},"modified":"2026-01-29T18:02:18","modified_gmt":"2026-01-29T10:02:18","slug":"aluminum-flight-case-with-foam-customized-orange-red-color-trunk-case","status":"publish","type":"product","link":"https:\/\/suncasesupply.com\/de\/product\/aluminum-flight-case-with-foam-customized-orange-red-color-trunk-case\/","title":{"rendered":"Aluminium-Flugkoffer mit Schaumstoffeinlage, individuell gestalteter Koffer in Orange-Rot"},"content":{"rendered":"<h4><strong><b>Aluminium-Flugkoffer mit Schaumstoffeinlage, individuell gestalteter Koffer in Orange-Rot<\/b><\/strong><\/h4>\n<h4><span style=\"color: #003366;\">Merkmale:<\/span><\/h4>\n<ul>\n<li><strong><b>Extreme Festigkeit und Haltbarkeit: <\/b><\/strong>Das Geh\u00e4use besteht aus hochfesten Aluminiumlegierungsprofilen mit verst\u00e4rkten Eckensch\u00fctzern aus Aluminiumguss an allen vier Ecken f\u00fcr optimale Stabilit\u00e4t. In Kombination mit einer 9 mm starken, feuerfesten Kartonage und Metallnieten f\u00fcr sicheren Halt h\u00e4lt es starker Beanspruchung, St\u00f6\u00dfen und Druck beim Transport stand.<\/li>\n<li><strong><b>Hochgradig anpassbar und funktional: <\/b><\/strong>Das Geh\u00e4use ist exakt auf die Abmessungen, Form und das Gewicht der Kundenger\u00e4te zugeschnitten, um die Raumausnutzung zu maximieren und die Bewegung der Ger\u00e4te im Inneren zu minimieren. Anpassbare Trennw\u00e4nde, Halterungen und Schaumstoffpolster sind erh\u00e4ltlich.<\/li>\n<li><strong><b>Anwendungsszenarien: <\/b><\/strong>Diese Flightcases sind speziell f\u00fcr hochwertige, hochpr\u00e4zise Ger\u00e4te wie schwere Maschinen, medizinische Ger\u00e4te, Beleuchtungs- und B\u00fchnentechnik usw. konzipiert.<\/li>\n<\/ul>\n<h4><span style=\"color: #003366;\">Produktdetails:<\/span><\/h4>\n<div style=\"display: flex; gap: 20px;\">\n<div style=\"flex: 1; text-align: center;\">\n<p><img decoding=\"async\" style=\"max-width: 100%; height: auto; margin-bottom: 10px;\" src=\"https:\/\/suncasesupply.com\/wp-content\/uploads\/2026\/01\/1-Embedded-Handle.jpg\" alt=\"Eingebetteter Griff\" \/><\/p>\n<p style=\"font-weight: bold; margin: 5px 0;\">Eingebetteter Griff<\/p>\n<p style=\"margin: 0;\">Durch die vertiefte Konstruktion ist der Griff in die Oberfl\u00e4che des Flightcases eingelassen und somit vor St\u00f6\u00dfen und Besch\u00e4digungen beim Transport, der Handhabung und dem Stapeln gesch\u00fctzt. Dies sch\u00fctzt den Griff optimal und verhindert Sch\u00e4den an der Case-Struktur durch Besch\u00e4digungen des freiliegenden Griffs.<\/p>\n<\/div>\n<p><!-- \u7b2c\u4e8c\u680f --><\/p>\n<div style=\"flex: 1; text-align: center;\">\n<p><img decoding=\"async\" style=\"max-width: 100%; height: auto; margin-bottom: 10px;\" src=\"https:\/\/suncasesupply.com\/wp-content\/uploads\/2026\/01\/4-Butterfly-Locks.jpg\" alt=\"Butterfly-Schl\u00f6sser\" \/><\/p>\n<p style=\"font-weight: bold; margin: 5px 0;\">Butterfly-Schl\u00f6sser<\/p>\n<p style=\"margin: 0;\">Schmetterlingsschl\u00f6sser sind schnell, intuitiv und einh\u00e4ndig bedienbar. Sie bieten zudem eine ausgezeichnete Sto\u00dffestigkeit und verhindern ein versehentliches \u00d6ffnen, wodurch ein hohes Ma\u00df an Sicherheit gew\u00e4hrleistet wird.<\/p>\n<\/div>\n<p><!-- \u7b2c\u4e09\u680f --><\/p>\n<div style=\"flex: 1; text-align: center;\">\n<p><img decoding=\"async\" style=\"max-width: 100%; height: auto; margin-bottom: 10px;\" src=\"https:\/\/suncasesupply.com\/wp-content\/uploads\/2026\/01\/3-Rubber-Feet.jpg\" alt=\"Gummif\u00fc\u00dfe\" \/><\/p>\n<p style=\"font-weight: bold; margin: 5px 0;\">Gummif\u00fc\u00dfe<\/p>\n<p style=\"margin: 0;\">Hergestellt aus gro\u00dffl\u00e4chigen Gummif\u00fc\u00dfen, die hervorragende Rutschfestigkeit und Stabilit\u00e4t bieten und ein versehentliches Verrutschen des Geh\u00e4uses auf glatten Oberfl\u00e4chen verhindern. So wird sichergestellt, dass Geh\u00e4use und Ger\u00e4te im Inneren sicher stehen. Die F\u00fc\u00dfe bieten zudem effektive D\u00e4mpfung und Sto\u00dfabsorption und sch\u00fctzen so die Ger\u00e4te.<\/p>\n<\/div>\n<div style=\"flex: 1; text-align: center;\">\n<p><img decoding=\"async\" style=\"max-width: 100%; height: auto; margin-bottom: 10px;\" src=\"https:\/\/suncasesupply.com\/wp-content\/uploads\/2026\/01\/2-Plywood-Cutting.jpg\" alt=\"Sperrholzzuschnitt\" \/><\/p>\n<p style=\"font-weight: bold; margin: 5px 0;\"><strong>Sperrholzzuschnitt<\/strong><\/p>\n<p style=\"margin: 0;\">Der Einsatz einer professionellen CNC-Schneidemaschine zum Schneiden von feuerfesten Plattenmaterialien zeichnet sich durch h\u00f6chste Pr\u00e4zision und gleichbleibende Ergebnisse aus. Die Schnittgenauigkeit erreicht \u00fcblicherweise \u00b10,1 mm oder besser, wodurch die Effizienz deutlich gesteigert wird.<\/p>\n<\/div>\n<\/div>\n<h4><\/h4>\n<h4><span style=\"color: #003366;\">Herstellungsprozess des Flightcases:<\/span><\/h4>\n<p><img decoding=\"async\" style=\"max-width: 100%; height: auto; margin-bottom: 10px;\" src=\"https:\/\/suncasesupply.com\/wp-content\/uploads\/2025\/07\/Flight-Cases-Manufacturing-Process.png\" alt=\"Herstellungsprozess von Suncase\" \/><\/p>\n<h4><span style=\"color: #003366;\">Hilfreiche Informationen f\u00fcr Gro\u00dfabnehmer:<\/span><\/h4>\n<ul>\n<li><a href=\"https:\/\/suncasesupply.com\/de\/blog\/what-is-an-ata-case\/\">Was ist ein ATA-Fall? Alles, was Sie wissen m\u00fcssen<\/a><\/li>\n<li><a href=\"https:\/\/suncasesupply.com\/de\/blog\/flight-case\/how-to-choose\/\">So w\u00e4hlen Sie die besten Flightcases aus<\/a><\/li>\n<li><a href=\"https:\/\/suncasesupply.com\/de\/blog\/flight-case\/how-to-clean\/\">Wie reinigt man ein Flightcase?<\/a><\/li>\n<li><a href=\"https:\/\/suncasesupply.com\/de\/blog\/flight-case\/guide-for-musician\/\">Alles, was Musiker \u00fcber Flightcases wissen m\u00fcssen<\/a><\/li>\n<\/ul>","protected":false},"excerpt":{"rendered":"<p>Modell: SC-B9013<\/p>\n<p>Farben: Silber \/ Schwarz<\/p>\n<p>Gr\u00f6\u00dfe: 1500 x 530 x 350 mm<\/p>\n<p>Materialien: Aluminiumrahmen + 9 mm Sperrholz + Schaumstoffauskleidung + Beschl\u00e4ge.<\/p>\n<p>Logo: Siebdrucklogo \/ Metalllogo.<\/p>\n<p>Mindestbestellmenge: 10 St\u00fcck<\/p>\n<p>Beispiel: Verf\u00fcgbar<\/p>","protected":false},"featured_media":26441,"template":"","meta":{"_gspb_post_css":""},"product_cat":[91],"product_tag":[],"featured_image_urls":{"full":["https:\/\/suncasesupply.com\/wp-content\/uploads\/2026\/01\/Orange-Red-Flight-Case-3.jpg",800,800,false],"thumbnail":["https:\/\/suncasesupply.com\/wp-content\/uploads\/2026\/01\/Orange-Red-Flight-Case-3-150x150.jpg",150,150,true],"medium":["https:\/\/suncasesupply.com\/wp-content\/uploads\/2026\/01\/Orange-Red-Flight-Case-3-300x300.jpg",300,300,true],"medium_large":["https:\/\/suncasesupply.com\/wp-content\/uploads\/2026\/01\/Orange-Red-Flight-Case-3-768x768.jpg",768,768,true],"large":["https:\/\/suncasesupply.com\/wp-content\/uploads\/2026\/01\/Orange-Red-Flight-Case-3.jpg",800,800,false],"1536x1536":["https:\/\/suncasesupply.com\/wp-content\/uploads\/2026\/01\/Orange-Red-Flight-Case-3.jpg",800,800,false],"2048x2048":["https:\/\/suncasesupply.com\/wp-content\/uploads\/2026\/01\/Orange-Red-Flight-Case-3.jpg",800,800,false],"trp-custom-language-flag":["https:\/\/suncasesupply.com\/wp-content\/uploads\/2026\/01\/Orange-Red-Flight-Case-3-12x12.jpg",12,12,true],"woocommerce_thumbnail":["https:\/\/suncasesupply.com\/wp-content\/uploads\/2026\/01\/Orange-Red-Flight-Case-3-300x300.jpg",300,300,true],"woocommerce_single":["https:\/\/suncasesupply.com\/wp-content\/uploads\/2026\/01\/Orange-Red-Flight-Case-3-600x600.jpg",600,600,true],"woocommerce_gallery_thumbnail":["https:\/\/suncasesupply.com\/wp-content\/uploads\/2026\/01\/Orange-Red-Flight-Case-3-100x100.jpg",100,100,true]},"post_excerpt_stackable":"<p>Model :SC-B9013<\/p>\n<p>Colors: Silver \/ Black<\/p>\n<p>Size: 1500x530x350mm<\/p>\n<p>Materials: Aluminum frame+9mm Plywood+Foam Lining+Hardware.<\/p>\n<p>Logo: Silk printing logo\u00a0\/ Metal Logo.<\/p>\n<p>MOQ: 10pcs<\/p>\n<p>Sample: Available<\/p>\n","category_list":"","author_info":{"name":"","url":""},"comments_num":"0 comments","_links":{"self":[{"href":"https:\/\/suncasesupply.com\/de\/wp-json\/wp\/v2\/product\/26442"}],"collection":[{"href":"https:\/\/suncasesupply.com\/de\/wp-json\/wp\/v2\/product"}],"about":[{"href":"https:\/\/suncasesupply.com\/de\/wp-json\/wp\/v2\/types\/product"}],"wp:featuredmedia":[{"embeddable":true,"href":"https:\/\/suncasesupply.com\/de\/wp-json\/wp\/v2\/media\/26441"}],"wp:attachment":[{"href":"https:\/\/suncasesupply.com\/de\/wp-json\/wp\/v2\/media?parent=26442"}],"wp:term":[{"taxonomy":"product_cat","embeddable":true,"href":"https:\/\/suncasesupply.com\/de\/wp-json\/wp\/v2\/product_cat?post=26442"},{"taxonomy":"product_tag","embeddable":true,"href":"https:\/\/suncasesupply.com\/de\/wp-json\/wp\/v2\/product_tag?post=26442"}],"curies":[{"name":"wp","href":"https:\/\/api.w.org\/{rel}","templated":true}]}}