{"id":26431,"date":"2026-01-29T11:41:56","date_gmt":"2026-01-29T03:41:56","guid":{"rendered":"https:\/\/suncasesupply.com\/?post_type=product&#038;p=26431"},"modified":"2026-02-11T10:50:26","modified_gmt":"2026-02-11T02:50:26","slug":"rose-gold-rolling-makeup-case-4-in-1-trolley-cosmetic-train-case","status":"publish","type":"product","link":"https:\/\/suncasesupply.com\/de\/product\/rose-gold-rolling-makeup-case-4-in-1-trolley-cosmetic-train-case\/","title":{"rendered":"Ros\u00e9goldener Rollkoffer, 4-in-1-Kosmetiktrolley"},"content":{"rendered":"<h4><span style=\"color: #003366;\">Merkmale:<\/span><\/h4>\n<ul>\n<li><strong><b>Anpassungsf\u00e4higer 4-in-1-Stil: <\/b><\/strong>Dieser rollbare Kosmetikkoffer mit Schubladen und vier herausnehmbaren F\u00e4chern bietet maximale Flexibilit\u00e4t.<\/li>\n<li><strong><b>Gro\u00dfe Kapazit\u00e4t:<\/b><\/strong>Mit einem oberen Fach, zwei mittleren F\u00e4chern und einer gro\u00dfen unteren Ebene bietet dieser gro\u00dfe Rollkoffer reichlich Platz f\u00fcr verschiedene Make-up-Artikel und Kosmetikutensilien.<\/li>\n<li><strong><b>Vielseitig und tragbar: <\/b><\/strong>Der 4-in-1-Kosmetikkoffer mit Trolleyfunktion ist ein tragbarer und vielseitiger Organizer. Mit seinen Ma\u00dfen von 34 x 24 x 75 cm (L x B x H) bietet er viel Stauraum und l\u00e4sst sich dank des ausziehbaren 96,5 cm langen Griffs bequem transportieren. Ein abschlie\u00dfbarer Mechanismus sichert Ihre Kosmetikartikel und macht ihn zum idealen professionellen Schminkkoffer auf Rollen.<\/li>\n<\/ul>\n<h4><span style=\"color: #003366;\">Produktdetails:<\/span><\/h4>\n<div style=\"display: flex; gap: 20px;\">\n<div style=\"flex: 1; text-align: center;\">\n<p><img decoding=\"async\" style=\"max-width: 100%; height: auto; margin-bottom: 10px;\" src=\"https:\/\/suncasesupply.com\/wp-content\/uploads\/2026\/01\/1-Trays.jpg\" alt=\"Ausziehbare Tabletts\" \/><\/p>\n<p style=\"font-weight: bold; margin: 5px 0;\"><strong><b>Ausziehbar<\/b><\/strong>\u00a0<strong><b>Tabletts<\/b><\/strong><\/p>\n<p style=\"margin: 0;\">Der obere Teil verf\u00fcgt \u00fcber vier ausziehbare F\u00e4cher, die Kosmetikartikel und Werkzeuge ordentlich verstauen. Ideal f\u00fcr Visagisten, die ihren rollbaren Kosmetikkoffer im Freien verwenden.<\/p>\n<\/div>\n<p><!-- \u7b2c\u4e8c\u680f --><\/p>\n<div style=\"flex: 1; text-align: center;\">\n<p><img decoding=\"async\" style=\"max-width: 100%; height: auto; margin-bottom: 10px;\" src=\"https:\/\/suncasesupply.com\/wp-content\/uploads\/2026\/01\/3-Removable-Section.jpg\" alt=\"Abnehmbarer Abschnitt\" \/><\/p>\n<p style=\"font-weight: bold; margin: 5px 0;\"><strong><b>Abnehmbarer Abschnitt<\/b><\/strong><\/p>\n<p style=\"margin: 0;\">Der obere Teil kann als rollbarer Schminkkoffer verwendet werden. Die mittleren Teile lassen sich entfernen, sodass eine 3-in-1- oder 2-in-1-Konfiguration entsteht \u2013 ideal f\u00fcr verschiedene berufliche oder private Bed\u00fcrfnisse.<\/p>\n<\/div>\n<p><!-- \u7b2c\u4e09\u680f --><\/p>\n<div style=\"flex: 1; text-align: center;\">\n<p><img decoding=\"async\" style=\"max-width: 100%; height: auto; margin-bottom: 10px;\" src=\"https:\/\/suncasesupply.com\/wp-content\/uploads\/2026\/01\/2-Bottom-Layer.jpg\" alt=\"unterste Schicht\" \/><\/p>\n<p style=\"font-weight: bold; margin: 5px 0;\">unterste Schicht<\/p>\n<p style=\"margin: 0;\">Der gro\u00dfe Boden bietet viel Stauraum f\u00fcr Haarstyling-Werkzeuge, Kosmetik und Nagelwerkzeuge. Perfekt f\u00fcr professionelle Visagisten, Friseure, Manik\u00fcristinnen, T\u00e4towierer oder alle, die eine gro\u00dfe Sammlung an Kosmetikartikeln besitzen.<\/p>\n<\/div>\n<p><!-- \u7b2c\u56db\u680f --><\/p>\n<div style=\"flex: 1; text-align: center;\">\n<p><img decoding=\"async\" src=\"https:\/\/suncasesupply.com\/wp-content\/uploads\/2026\/01\/4-Wheels.jpg\" \/><strong>360-Grad-Schwenkr\u00e4der<\/strong><\/p>\n<p style=\"margin: 0;\">Dieser Kosmetikkoffer ist mit vier hochwertigen, um 360 Grad drehbaren Rollen ausgestattet, die f\u00fcr eine sanfte und ger\u00e4uschlose Bewegung sorgen und ihn dadurch kraftsparender und leichter man\u00f6vrieren lassen. Die abnehmbaren Rollen sind zudem praktisch und komfortabel, da sie bei Bedarf einfach entfernt oder ausgetauscht werden k\u00f6nnen.<\/p>\n<\/div>\n<\/div>\n<h4><span style=\"color: #003366;\">Herstellungsprozess des Make-up-Etuis:<\/span><\/h4>\n<p><img decoding=\"async\" style=\"max-width: 100%; height: auto; margin-bottom: 10px;\" src=\"https:\/\/suncasesupply.com\/wp-content\/uploads\/2025\/07\/Manufacturing-Process.png\" alt=\"Herstellungsprozess von Suncase\" \/><\/p>\n<div style=\"background-color: #29599a; padding: 40px 20px; text-align: center; color: #ffffff; border-radius: 10px; margin: 40px auto; max-width: 960px;\">\n<h2 style=\"font-size: 22px; margin-bottom: 20px; font-weight: bold;\"><span style=\"color: #ffffff;\">Bestellen Sie noch heute Ihren Sun Case Rollkoffer f\u00fcr Make-up, Mindestbestellmenge 100 St\u00fcck verf\u00fcgbar.<\/span><\/h2>\n<p><a style=\"display: inline-block; padding: 12px 28px; background-color: #ffffff; color: #29599a; text-decoration: none; border-radius: 6px; font-weight: bold;\" href=\"https:\/\/suncasesupply.com\/de\/contact-us\/\" target=\"_blank\" rel=\"noopener\">Fordern Sie noch heute ein Angebot an<br \/>\n<\/a><\/p>\n<\/div>\n<div style=\"display: flex; gap: 20px;\"><span style=\"color: #003366; font-weight: bold; text-align: center;\">Hilfreiche Informationen f\u00fcr Gro\u00dfabnehmer:<\/span><\/div>\n<ul>\n<li class=\"page-title\" title=\"Was macht Sportkarten so wertvoll?\">\n<p class=\"page-title\" title=\"4-in-1 Nail Tech Rollkoffer: Die ultimative L\u00f6sung f\u00fcr professionelle Manik\u00fcristinnen\"><a href=\"https:\/\/suncasesupply.com\/de\/blog\/makeup-case\/4-in-1-nail-tech-rolling-case-ultimate-tool-for-manicurists\/\">4-in-1-Rollkoffer f\u00fcr Nageldesigner: Die ultimative L\u00f6sung f\u00fcr professionelle Manik\u00fcristinnen &gt;&gt;\u00a0<\/a><\/p>\n<\/li>\n<li title=\"Was macht Sportkarten so wertvoll?\">\n<p class=\"page-title\" title=\"Den perfekten Koffer f\u00fcr Maskenbildner zusammenstellen: Der ultimative Leitfaden f\u00fcr Set-Taschen\"><a href=\"https:\/\/suncasesupply.com\/de\/blog\/makeup-case\/how-to-build-the-ultimate-makeup-artist-case-for-your-set-bag-needs\/\">Die perfekte Make-up-Artist-Tasche zusammenstellen: Der ultimative Leitfaden f\u00fcr Set-Taschen &gt;&gt;\u00a0<\/a><\/p>\n<\/li>\n<li title=\"Was macht Sportkarten so wertvoll?\">\n<p class=\"page-title\" title=\"Make-up-Koffer: Vorteile und Nachteile\"><a href=\"https:\/\/suncasesupply.com\/de\/blog\/makeup-case\/pros-and-cons-of-makeup-train-case\/\">Schminkkoffer: Vor- und Nachteile &gt;&gt;\u00a0<\/a><\/p>\n<\/li>\n<\/ul>","protected":false},"excerpt":{"rendered":"<p>Modell: SC-B9011<\/p>\n<p>Gr\u00f6\u00dfe: L 35 x B 25 x H 74 cm<\/p>\n<p>Farben: Ros\u00e9gold<\/p>\n<p>Materialien: Aluminiumrahmen + MDF-Platte + ABS-Platte + Beschl\u00e4ge.<\/p>\n<p>Logo: Siebdrucklogo \/ Metalllogo.<\/p>\n<p>Mindestbestellmenge: 100 St\u00fcck<\/p>\n<p>Beispiel: Verf\u00fcgbar<\/p>","protected":false},"featured_media":26428,"template":"","meta":{"_gspb_post_css":""},"product_cat":[34,97],"product_tag":[],"featured_image_urls":{"full":["https:\/\/suncasesupply.com\/wp-content\/uploads\/2026\/01\/1.jpg",800,800,false],"thumbnail":["https:\/\/suncasesupply.com\/wp-content\/uploads\/2026\/01\/1-150x150.jpg",150,150,true],"medium":["https:\/\/suncasesupply.com\/wp-content\/uploads\/2026\/01\/1-300x300.jpg",300,300,true],"medium_large":["https:\/\/suncasesupply.com\/wp-content\/uploads\/2026\/01\/1-768x768.jpg",768,768,true],"large":["https:\/\/suncasesupply.com\/wp-content\/uploads\/2026\/01\/1.jpg",800,800,false],"1536x1536":["https:\/\/suncasesupply.com\/wp-content\/uploads\/2026\/01\/1.jpg",800,800,false],"2048x2048":["https:\/\/suncasesupply.com\/wp-content\/uploads\/2026\/01\/1.jpg",800,800,false],"trp-custom-language-flag":["https:\/\/suncasesupply.com\/wp-content\/uploads\/2026\/01\/1-12x12.jpg",12,12,true],"woocommerce_thumbnail":["https:\/\/suncasesupply.com\/wp-content\/uploads\/2026\/01\/1-300x300.jpg",300,300,true],"woocommerce_single":["https:\/\/suncasesupply.com\/wp-content\/uploads\/2026\/01\/1-600x600.jpg",600,600,true],"woocommerce_gallery_thumbnail":["https:\/\/suncasesupply.com\/wp-content\/uploads\/2026\/01\/1-100x100.jpg",100,100,true]},"post_excerpt_stackable":"<p>Model: SC-B9011<\/p>\n<p>Size: L35 x W25 x H74cm<\/p>\n<p>Colors: Rose Gold<\/p>\n<p>Materials: Aluminum Frame+MDF Board+ABS Panel+Hardware.<\/p>\n<p>Logo: Silk printing logo\u00a0\/ Metal Logo.<\/p>\n<p>MOQ: 100pcs<\/p>\n<p>Sample: Available<\/p>\n","category_list":"","author_info":{"name":"","url":""},"comments_num":"0 comments","_links":{"self":[{"href":"https:\/\/suncasesupply.com\/de\/wp-json\/wp\/v2\/product\/26431"}],"collection":[{"href":"https:\/\/suncasesupply.com\/de\/wp-json\/wp\/v2\/product"}],"about":[{"href":"https:\/\/suncasesupply.com\/de\/wp-json\/wp\/v2\/types\/product"}],"wp:featuredmedia":[{"embeddable":true,"href":"https:\/\/suncasesupply.com\/de\/wp-json\/wp\/v2\/media\/26428"}],"wp:attachment":[{"href":"https:\/\/suncasesupply.com\/de\/wp-json\/wp\/v2\/media?parent=26431"}],"wp:term":[{"taxonomy":"product_cat","embeddable":true,"href":"https:\/\/suncasesupply.com\/de\/wp-json\/wp\/v2\/product_cat?post=26431"},{"taxonomy":"product_tag","embeddable":true,"href":"https:\/\/suncasesupply.com\/de\/wp-json\/wp\/v2\/product_tag?post=26431"}],"curies":[{"name":"wp","href":"https:\/\/api.w.org\/{rel}","templated":true}]}}