{"id":26339,"date":"2025-12-10T20:10:25","date_gmt":"2025-12-10T12:10:25","guid":{"rendered":"https:\/\/suncasesupply.com\/?post_type=product&#038;p=26339"},"modified":"2026-03-17T02:42:37","modified_gmt":"2026-03-16T18:42:37","slug":"luxury-aluminum-briefcase-for-celebrations-mission-briefcase","status":"publish","type":"product","link":"https:\/\/suncasesupply.com\/de\/product\/luxury-aluminum-briefcase-for-celebrations-mission-briefcase\/","title":{"rendered":"Luxuri\u00f6ser Aluminium-Aktenkoffer f\u00fcr festliche Anl\u00e4sse"},"content":{"rendered":"<h4><span style=\"color: #000000;\"><strong><b>Luxuri\u00f6ser Aluminium-Aktenkoffer f\u00fcr festliche Anl\u00e4sse<\/b><\/strong><\/span><\/h4>\n<h4><span style=\"color: #003366;\">Merkmale:<\/span><\/h4>\n<ul>\n<li><strong><b>Funktionalit\u00e4t: <\/b><\/strong>Typischerweise sind Aktentaschen auf Funktionalit\u00e4t und \u00fcbersichtliche F\u00e4cher ausgelegt, wie z. B. gepolsterte Laptopf\u00e4cher, Dokumententaschen, Stifthalter, Kartenf\u00e4cher, Rei\u00dfverschlusstaschen oder Netztaschen. Diese Art von abschlie\u00dfbarer Aluminium-Aktentasche wird h\u00e4ufig f\u00fcr Missionen oder Feierlichkeiten im Rahmen religi\u00f6ser Veranstaltungen verwendet.<\/li>\n<li><strong><b>\u00a0<\/b><\/strong><strong><b>Starke Struktur: <\/b><\/strong>Der robuste Aluminiumrahmen sorgt daf\u00fcr, dass die Aktentasche aus Aluminiummetall unter allen Umst\u00e4nden absolut stabil bleibt und sich weder durch \u00e4u\u00dferen Druck noch durch \u00fcberm\u00e4\u00dfige Innenf\u00fcllung verformt oder zusammenbricht, sodass sie lange Zeit ein perfektes Aussehen beh\u00e4lt.<\/li>\n<li><strong><b>Innere Anpassungsm\u00f6glichkeiten<\/b><\/strong>Die Innenseiten des oberen und unteren Deckels sind individuell mit Futter versehen, das auf den Inhalt abgestimmt ist. Das Futter des Aktenkoffers ist standardm\u00e4\u00dfig rot und kann auch in anderen Farben angepasst werden. Dadurch eignet er sich ideal als Werkzeugkoffer aus Aluminium f\u00fcr die \u00fcbersichtliche Aufbewahrung von Gegenst\u00e4nden.<\/li>\n<\/ul>\n<h4><span style=\"color: #003366;\">Produktdetails:<\/span><\/h4>\n<div style=\"display: flex; gap: 20px;\">\n<p><!-- \u7b2c\u4e00\u680f --><\/p>\n<div style=\"flex: 1; text-align: center;\">\n<p><img decoding=\"async\" style=\"max-width: 100%; height: auto; margin-bottom: 10px;\" src=\"https:\/\/suncasesupply.com\/wp-content\/uploads\/2025\/12\/1-Pocket.jpg\" alt=\"Tasche\" \/><\/p>\n<p><b><\/b><strong><b>Tasche<\/b><\/strong><\/p>\n<p style=\"margin: 0;\">Im oberen Deckel befinden sich innen zwei F\u00e4cher zur Aufbewahrung von Dokumenten, Akten, Laptop oder anderen Gegenst\u00e4nden. So lassen sich die Gegenst\u00e4nde im Aluminiumkoffer ordentlich und \u00fcbersichtlich verstauen, was sowohl f\u00fcr Ordnung sorgt als auch Schutz bietet.<\/p>\n<p>&nbsp;<\/p>\n<\/div>\n<p><!-- \u7b2c\u4e8c\u680f --><\/p>\n<div style=\"flex: 1; text-align: center;\">\n<p><img decoding=\"async\" style=\"max-width: 100%; height: auto; margin-bottom: 10px;\" src=\"https:\/\/suncasesupply.com\/wp-content\/uploads\/2025\/12\/2-Holders.jpg\" alt=\"Inhaber\" \/><\/p>\n<p><b><\/b><strong><b>Inhaber<\/b><\/strong><\/p>\n<p style=\"margin: 0;\">Individuell gestaltete PU-Halterungen, Gummib\u00e4nder, Klettverschl\u00fcsse oder Taschen f\u00fcr luftdichte K\u00e4nnchen, tragbare Alt\u00e4re, Kelche, Ziborien und Patenen, Altart\u00fccher, vergoldete Weih\u00f6lflaschen, Kreuze usw.<\/p>\n<\/div>\n<p><!-- \u7b2c\u4e09\u680f --><\/p>\n<div style=\"flex: 1; text-align: center;\">\n<p><img decoding=\"async\" style=\"max-width: 100%; height: auto; margin-bottom: 10px;\" src=\"https:\/\/suncasesupply.com\/wp-content\/uploads\/2025\/12\/3-Tool-Locks.jpg\" alt=\"Werkzeugschl\u00f6sser\" \/><\/p>\n<p><b><\/b><strong><b>Werkzeugschl\u00f6sser<\/b><\/strong><\/p>\n<p>Das Werkzeugschlossgeh\u00e4use besteht aus einer hochfesten Aluminiumlegierung und ist fest mit dem Aktenkoffer verbunden, wodurch es auch groben Angriffen wie Brecheisen und H\u00e4mmern standh\u00e4lt. Diese Konstruktion bildet einen Aluminium-Aktenkoffer mit Zahlenschloss, der Sicherheit, Zuverl\u00e4ssigkeit und Professionalit\u00e4t erh\u00f6ht.<\/p>\n<\/div>\n<p><!-- \u7b2c\u56db\u680f --><\/p>\n<div style=\"flex: 1; text-align: center;\">\n<p><img decoding=\"async\" style=\"max-width: 100%; height: auto; margin-bottom: 10px;\" src=\"https:\/\/suncasesupply.com\/wp-content\/uploads\/2025\/12\/4-Back-Hinge.jpg\" alt=\"Hinteres Scharnier\" \/><\/p>\n<p><b><\/b><strong><b>Hinteres Scharnier<\/b><\/strong><\/p>\n<p style=\"margin: 0;\">An der R\u00fcckseite des abschlie\u00dfbaren Aluminium-Aktenkoffers befinden sich zwei stabile Scharnierschnallen. Diese verbinden einerseits den Deckel und den Boden des Koffers und sorgen andererseits daf\u00fcr, dass der Deckel im ge\u00f6ffneten Zustand offen bleibt.<\/p>\n<\/div>\n<\/div>\n<h4><span style=\"color: #003366;\">Herstellungsverfahren:<\/span><\/h4>\n<p><img decoding=\"async\" style=\"max-width: 100%; height: auto; margin-bottom: 10px;\" src=\"https:\/\/suncasesupply.com\/wp-content\/uploads\/2025\/07\/Manufacturing-Process.png\" alt=\"Herstellungsprozess von Suncase\" \/><\/p>\n<div style=\"background-color: #29599a; padding: 40px 20px; text-align: center; color: #ffffff; border-radius: 10px; margin: 40px auto; max-width: 960px;\">\n<h2 style=\"font-size: 22px; margin-bottom: 20px; font-weight: bold;\"><span style=\"color: #ffffff;\">Bestellen Sie noch heute Ihre Aluminium-Aktentasche bei Sun Case, Mindestbestellmenge 300 St\u00fcck.<\/span><\/h2>\n<p><a style=\"display: inline-block; padding: 12px 28px; background-color: #ffffff; color: #29599a; text-decoration: none; border-radius: 6px; font-weight: bold;\" href=\"https:\/\/suncasesupply.com\/de\/contact-us\/\" target=\"_blank\" rel=\"noopener\">Fordern Sie noch heute ein Angebot an<br \/>\n<\/a><\/p>\n<\/div>\n<h4><span style=\"color: #003366;\">Hilfreiche Informationen f\u00fcr Gro\u00dfabnehmer:<\/span><\/h4>\n<ul>\n<li class=\"page-title\" title=\"Was macht Sportkarten so wertvoll?\">\n<p class=\"page-title\" title=\"Aktenkoffer vs. Aktentasche: Was ist der Unterschied zwischen den beiden?\"><a href=\"https:\/\/suncasesupply.com\/de\/blog\/custom-aluminum-case\/attache-vs-briefcase\/\">Aktentasche vs. Aktenkoffer: Was ist der Unterschied zwischen den beiden? &gt;&gt;<\/a><\/p>\n<\/li>\n<li title=\"Was macht Sportkarten so wertvoll?\">\n<p class=\"page-title\" title=\"Warum sind Aktenkoffer aus Aluminium so teuer?\"><a href=\"https:\/\/suncasesupply.com\/de\/blog\/custom-aluminum-case\/why-aluminum-briefcase-expensive\/\">Warum sind Aktenkoffer aus Aluminium so teuer? &gt;&gt;\u00a0<\/a><\/p>\n<\/li>\n<li title=\"Was macht Sportkarten so wertvoll?\">\n<p class=\"page-title\" title=\"8 Gr\u00fcnde, warum Aluminium-Aktentaschen die beste Wahl f\u00fcr Gesch\u00e4ftsreisen sind\"><a href=\"https:\/\/suncasesupply.com\/de\/blog\/custom-aluminum-case\/8-reasons-why-aluminum-briefcases-is-your-best-choice-for-business-travel\/\">8 Gr\u00fcnde, warum Aluminium-Aktentaschen die beste Wahl f\u00fcr Gesch\u00e4ftsreisen sind &gt;&gt;<\/a><\/p>\n<\/li>\n<\/ul>","protected":false},"excerpt":{"rendered":"<p>Modell: SC-B9010<\/p>\n<p>Gr\u00f6\u00dfe: 45 x 33 x 15 cm<\/p>\n<p>Farben: Silberner Aluminiumrahmen + rotes Futter.<\/p>\n<p>Materialien: Aluminiumrahmen + MDF-Platte + ABS-Platte + Zubeh\u00f6r.<\/p>\n<p>Logo: Siebdrucklogo \/ Metalllogo.<\/p>\n<p>Mindestbestellmenge: 300 St\u00fcck<\/p>\n<p>Beispiel: Bereitstellung eines Beispiels.<\/p>","protected":false},"featured_media":26331,"template":"","meta":{"_gspb_post_css":""},"product_cat":[42,82],"product_tag":[],"featured_image_urls":{"full":["https:\/\/suncasesupply.com\/wp-content\/uploads\/2025\/12\/mission-briefcase-5.jpg",800,800,false],"thumbnail":["https:\/\/suncasesupply.com\/wp-content\/uploads\/2025\/12\/mission-briefcase-5-150x150.jpg",150,150,true],"medium":["https:\/\/suncasesupply.com\/wp-content\/uploads\/2025\/12\/mission-briefcase-5-300x300.jpg",300,300,true],"medium_large":["https:\/\/suncasesupply.com\/wp-content\/uploads\/2025\/12\/mission-briefcase-5-768x768.jpg",768,768,true],"large":["https:\/\/suncasesupply.com\/wp-content\/uploads\/2025\/12\/mission-briefcase-5.jpg",800,800,false],"1536x1536":["https:\/\/suncasesupply.com\/wp-content\/uploads\/2025\/12\/mission-briefcase-5.jpg",800,800,false],"2048x2048":["https:\/\/suncasesupply.com\/wp-content\/uploads\/2025\/12\/mission-briefcase-5.jpg",800,800,false],"trp-custom-language-flag":["https:\/\/suncasesupply.com\/wp-content\/uploads\/2025\/12\/mission-briefcase-5-12x12.jpg",12,12,true],"woocommerce_thumbnail":["https:\/\/suncasesupply.com\/wp-content\/uploads\/2025\/12\/mission-briefcase-5-300x300.jpg",300,300,true],"woocommerce_single":["https:\/\/suncasesupply.com\/wp-content\/uploads\/2025\/12\/mission-briefcase-5-600x600.jpg",600,600,true],"woocommerce_gallery_thumbnail":["https:\/\/suncasesupply.com\/wp-content\/uploads\/2025\/12\/mission-briefcase-5-100x100.jpg",100,100,true]},"post_excerpt_stackable":"<p>Model :SC-B9010<\/p>\n<p>Size: 45x33x15cm<\/p>\n<p>Colors: Silver Aluminum frame+Red Lining.<\/p>\n<p>Materials: Aluminum frame+MDF Board+ABS Panel+Accessories.<\/p>\n<p>Logo: Silk printing logo\u00a0\/ Metal Logo.<\/p>\n<p>MOQ: 300pcs<\/p>\n<p>Sample: Providing Sample.<\/p>\n","category_list":"","author_info":{"name":"","url":""},"comments_num":"0 comments","_links":{"self":[{"href":"https:\/\/suncasesupply.com\/de\/wp-json\/wp\/v2\/product\/26339"}],"collection":[{"href":"https:\/\/suncasesupply.com\/de\/wp-json\/wp\/v2\/product"}],"about":[{"href":"https:\/\/suncasesupply.com\/de\/wp-json\/wp\/v2\/types\/product"}],"wp:featuredmedia":[{"embeddable":true,"href":"https:\/\/suncasesupply.com\/de\/wp-json\/wp\/v2\/media\/26331"}],"wp:attachment":[{"href":"https:\/\/suncasesupply.com\/de\/wp-json\/wp\/v2\/media?parent=26339"}],"wp:term":[{"taxonomy":"product_cat","embeddable":true,"href":"https:\/\/suncasesupply.com\/de\/wp-json\/wp\/v2\/product_cat?post=26339"},{"taxonomy":"product_tag","embeddable":true,"href":"https:\/\/suncasesupply.com\/de\/wp-json\/wp\/v2\/product_tag?post=26339"}],"curies":[{"name":"wp","href":"https:\/\/api.w.org\/{rel}","templated":true}]}}