{"id":26325,"date":"2025-12-09T18:04:39","date_gmt":"2025-12-09T10:04:39","guid":{"rendered":"https:\/\/suncasesupply.com\/?post_type=product&#038;p=26325"},"modified":"2026-03-17T02:27:07","modified_gmt":"2026-03-16T18:27:07","slug":"transparent-acrylic-display-aluminum-case-cards-show-box","status":"publish","type":"product","link":"https:\/\/suncasesupply.com\/de\/product\/transparent-acrylic-display-aluminum-case-cards-show-box\/","title":{"rendered":"Transparente Acryl-Displaybox aus Aluminium f\u00fcr Kartenpr\u00e4sentation"},"content":{"rendered":"<h4><span style=\"color: #000000;\">Transparente Acryl-Displaybox aus Aluminium f\u00fcr Kartenpr\u00e4sentation<\/span><\/h4>\n<h4><span style=\"color: #003366;\">Merkmale:<\/span><\/h4>\n<ul>\n<li><strong><b>Praktikabilit\u00e4t und \u00c4sthetik<\/b><\/strong><strong><b>: <\/b><\/strong>Die transparente Acryl-Vitrinenkonstruktion aus Aluminium vereint die strukturellen Vorteile eines Aluminiumrahmens mit der optischen Attraktivit\u00e4t eines vollst\u00e4ndig transparenten Deckels und ist daher eine beliebte Wahl f\u00fcr Aluminium-Thekenvitrinen im mittleren bis gehobenen Preissegment.<\/li>\n<li><strong><b>Robust und zuverl\u00e4ssig: <\/b><\/strong>Die Aluminiumrahmenkonstruktion in Kombination mit MDF-Platten bildet eine robuste \u201eMetallk\u00e4fig\u201c-Struktur. Das gesamte Geh\u00e4use ist formstabil und widersteht auch bei h\u00e4ufigem Stapeln \u00fcber lange Zeitr\u00e4ume hinweg. Dadurch eignet es sich ideal als langlebige Tischvitrine f\u00fcr gro\u00dfe Sammlungen.<\/li>\n<li><strong><b>Optimales \u00d6ffnungs- und Schlie\u00dfungserlebnis:<\/b><\/strong> Der transparente Deckel des Geh\u00e4uses ist sicher und fest an robusten Aluminiumrahmenscharnieren befestigt, was ein reibungsloses und dauerhaftes \u00d6ffnen und Schlie\u00dfen erm\u00f6glicht. Mithilfe der beiden Seitenw\u00e4nde kann diese abschlie\u00dfbare Aluminiumvitrine in jedem beliebigen Winkel stabil aufgeh\u00e4ngt werden.<\/li>\n<li><strong><b>Geeignet f\u00fcr<\/b><\/strong>: Sammler von Grading-Karten, Sportkartensammler, Schmuck- und Uhrenliebhaber, Sammler von hochwertigen Sammlerfiguren und -spielzeugen, Liebhaber von Mechanik und Modellbau, Aussteller auf Messen und so weiter, was es zu einem idealen tragbaren Aluminium-Vitrinenkoffer f\u00fcr Ausstellungen und Verkaufsst\u00e4nde macht.<\/li>\n<\/ul>\n<h4><span style=\"color: #003366;\">Produktdetails:<\/span><\/h4>\n<div style=\"display: flex; gap: 20px;\">\n<p><!-- \u7b2c\u4e00\u680f --><\/p>\n<div style=\"flex: 1; text-align: center;\">\n<p><img decoding=\"async\" style=\"max-width: 100%; height: auto; margin-bottom: 10px;\" src=\"https:\/\/suncasesupply.com\/wp-content\/uploads\/2025\/12\/1-Handle.jpg\" alt=\"Handhaben\" \/><\/p>\n<p><b><\/b><strong><b>Handhaben<\/b><\/strong><\/p>\n<p style=\"margin: 0;\">Der Griff bietet dem Benutzer einen sicheren, stabilen und ergonomischen Halt. Beim Tragen der Aluminium-Thekenvitrine konzentriert der Griff die Kraft auf den Benutzer und verhindert so, dass Finger oder Werkzeuge die Oberfl\u00e4che der Vitrine direkt zerkratzen, eindr\u00fccken oder besch\u00e4digen.<\/p>\n<p>&nbsp;<\/p>\n<\/div>\n<p><!-- \u7b2c\u4e8c\u680f --><\/p>\n<div style=\"flex: 1; text-align: center;\">\n<p><img decoding=\"async\" style=\"max-width: 100%; height: auto; margin-bottom: 10px;\" src=\"https:\/\/suncasesupply.com\/wp-content\/uploads\/2025\/12\/2-Locks.jpg\" alt=\"Schl\u00f6sser\" \/><\/p>\n<p><b><\/b><strong><b>Schl\u00f6sser<\/b><\/strong><\/p>\n<p style=\"margin: 0;\">Die Acrylvitrine wird mit zwei Schl\u00f6ssern und jeweils zwei passenden Schl\u00fcsseln geliefert. Bei der Pr\u00e4sentation wertvoller Gegenst\u00e4nde auf stark frequentierten Messen oder w\u00e4hrend des Transports gew\u00e4hrleisten die Schl\u00f6sser die Sicherheit und machen diese abschlie\u00dfbare Aluminiumvitrine zu einem effektiven Schutz.<\/p>\n<\/div>\n<p><!-- \u7b2c\u4e09\u680f --><\/p>\n<div style=\"flex: 1; text-align: center;\">\n<p><img decoding=\"async\" style=\"max-width: 100%; height: auto; margin-bottom: 10px;\" src=\"https:\/\/suncasesupply.com\/wp-content\/uploads\/2025\/12\/3-Curved-Hinge.jpg\" alt=\"Gebogenes Scharnier\" \/><\/p>\n<p><b><\/b><strong><b>Gebogenes Scharnier<\/b><\/strong><\/p>\n<p>Bei vollst\u00e4ndig ge\u00f6ffnetem Vitrinenboden bietet das gebogene Scharnier eine starke St\u00fctze, die verhindert, dass der Deckel abf\u00e4llt und somit Verletzungen der H\u00e4nde des Benutzers sowie Besch\u00e4digungen der im Inneren der Aluminium-Tischvitrinen befindlichen Produkte vermieden werden.<\/p>\n<\/div>\n<p><!-- \u7b2c\u56db\u680f --><\/p>\n<div style=\"flex: 1; text-align: center;\">\n<p><img decoding=\"async\" style=\"max-width: 100%; height: auto; margin-bottom: 10px;\" src=\"https:\/\/suncasesupply.com\/wp-content\/uploads\/2025\/12\/4-Acrylic-Cover.jpg\" alt=\"Acrylglasabdeckung\" \/><\/p>\n<p><b><\/b><strong><b>Acrylglasabdeckung<\/b><\/strong><\/p>\n<p style=\"margin: 0;\">Die transparente Acryl-Oberabdeckung erm\u00f6glicht die Betrachtung von oben und aus allen Blickwinkeln und pr\u00e4sentiert so perfekt die Details, die filigrane Struktur und die Gesamtform der Kollektion im Inneren dieses tragbaren Aluminium-Vitrinenkastens.<\/p>\n<\/div>\n<\/div>\n<h4><span style=\"color: #003366;\">Herstellungsverfahren:<\/span><\/h4>\n<p><img decoding=\"async\" style=\"max-width: 100%; height: auto; margin-bottom: 10px;\" src=\"https:\/\/suncasesupply.com\/wp-content\/uploads\/2025\/07\/Manufacturing-Process.png\" alt=\"Herstellungsprozess von Suncase\" \/><\/p>\n<div style=\"background-color: #29599a; padding: 40px 20px; text-align: center; color: #ffffff; border-radius: 10px; margin: 40px auto; max-width: 960px;\">\n<h2 style=\"font-size: 22px; margin-bottom: 20px; font-weight: bold;\"><span style=\"color: #ffffff;\">Bestellen Sie tragbare Aluminium-Displayboxen von Sun Case mit einer Mindestbestellmenge von 100 St\u00fcck.<\/span><\/h2>\n<p><a style=\"display: inline-block; padding: 12px 28px; background-color: #ffffff; color: #29599a; text-decoration: none; border-radius: 6px; font-weight: bold;\" href=\"https:\/\/suncasesupply.com\/de\/contact-us\/\" target=\"_blank\" rel=\"noopener\">Fordern Sie noch heute ein Angebot an<br \/>\n<\/a><\/p>\n<\/div>\n<h4><span style=\"color: #003366;\">Hilfreiche Informationen f\u00fcr Gro\u00dfabnehmer:<\/span><\/h4>\n<ul>\n<li class=\"page-title\" title=\"Was macht Sportkarten so wertvoll?\">\n<p class=\"page-title\" title=\"So sch\u00fctzen Sie Ihre Sammelkartensammlung\"><a href=\"https:\/\/suncasesupply.com\/de\/blog\/how-protect-trading-cards-collection\/\">So sch\u00fctzen Sie Ihre Sammelkartensammlung &gt;&gt;<\/a><\/p>\n<\/li>\n<li title=\"Was macht Sportkarten so wertvoll?\">\n<p class=\"page-title\" title=\"Werten Sie Ihren Messestand auf: Die Kraft von Aluminium-Messevitrinen\"><a href=\"https:\/\/suncasesupply.com\/de\/blog\/custom-aluminum-case\/dvantages-of-aluminum-trade-show-display-cases\/\">Werten Sie Ihren Messestand auf: Die Vorteile von Messevitrinen aus Aluminium &gt;&gt;<\/a><\/p>\n<\/li>\n<li title=\"Was macht Sportkarten so wertvoll?\">\n<p class=\"page-title\" title=\"Vor- und Nachteile von Aluminiumvitrinen: Ein umfassender Leitfaden\"><a href=\"https:\/\/suncasesupply.com\/de\/blog\/custom-aluminum-case\/pros-and-cons-of-aluminum-display-case\/\">Vor- und Nachteile von Aluminiumvitrinen: Ein umfassender Leitfaden &gt;&gt;<\/a><\/p>\n<\/li>\n<\/ul>","protected":false},"excerpt":{"rendered":"<p>Modell: SC-B9009<\/p>\n<p>Gr\u00f6\u00dfe: 36 x 24 x 3 Zoll \/ 34 x 22 x 3 Zoll \/ 24 x 20 x 3 Zoll oder individuelle Gr\u00f6\u00dfe<\/p>\n<p>Farben: Komplett Schwarz \/ Silber<\/p>\n<p>Materialien: Aluminiumrahmen + MDF-Platte + ABS-Platte, Acryl-Deckplatte.<\/p>\n<p>Logo: Siebdrucklogo \/ Laserlogo.<\/p>\n<p>Mindestbestellmenge: 100 St\u00fcck<\/p>\n<p>Beispiel: Bereitstellung eines Beispiels.<\/p>","protected":false},"featured_media":26350,"template":"","meta":{"_gspb_post_css":""},"product_cat":[119],"product_tag":[],"featured_image_urls":{"full":["https:\/\/suncasesupply.com\/wp-content\/uploads\/2025\/12\/Acrylic-Display-Case-5-1.jpg",800,800,false],"thumbnail":["https:\/\/suncasesupply.com\/wp-content\/uploads\/2025\/12\/Acrylic-Display-Case-5-1-150x150.jpg",150,150,true],"medium":["https:\/\/suncasesupply.com\/wp-content\/uploads\/2025\/12\/Acrylic-Display-Case-5-1-300x300.jpg",300,300,true],"medium_large":["https:\/\/suncasesupply.com\/wp-content\/uploads\/2025\/12\/Acrylic-Display-Case-5-1-768x768.jpg",768,768,true],"large":["https:\/\/suncasesupply.com\/wp-content\/uploads\/2025\/12\/Acrylic-Display-Case-5-1.jpg",800,800,false],"1536x1536":["https:\/\/suncasesupply.com\/wp-content\/uploads\/2025\/12\/Acrylic-Display-Case-5-1.jpg",800,800,false],"2048x2048":["https:\/\/suncasesupply.com\/wp-content\/uploads\/2025\/12\/Acrylic-Display-Case-5-1.jpg",800,800,false],"trp-custom-language-flag":["https:\/\/suncasesupply.com\/wp-content\/uploads\/2025\/12\/Acrylic-Display-Case-5-1-12x12.jpg",12,12,true],"woocommerce_thumbnail":["https:\/\/suncasesupply.com\/wp-content\/uploads\/2025\/12\/Acrylic-Display-Case-5-1-300x300.jpg",300,300,true],"woocommerce_single":["https:\/\/suncasesupply.com\/wp-content\/uploads\/2025\/12\/Acrylic-Display-Case-5-1-600x600.jpg",600,600,true],"woocommerce_gallery_thumbnail":["https:\/\/suncasesupply.com\/wp-content\/uploads\/2025\/12\/Acrylic-Display-Case-5-1-100x100.jpg",100,100,true]},"post_excerpt_stackable":"<p>Model :SC-B9009<\/p>\n<p>Size: 36x24x3 inch \/ 34x22x3 inch \/ 24x20x3 inch or Customized size<\/p>\n<p>Colors: Full Black \/ Silver<\/p>\n<p>Materials: Aluminum frame+MDF Board+ABS Panel, Acrylic Top Panel.<\/p>\n<p>Logo: Silk printing logo\u00a0\/ Laser Logo.<\/p>\n<p>MOQ: 100pcs<\/p>\n<p>Sample: Providing Sample.<\/p>\n","category_list":"","author_info":{"name":"","url":""},"comments_num":"0 comments","_links":{"self":[{"href":"https:\/\/suncasesupply.com\/de\/wp-json\/wp\/v2\/product\/26325"}],"collection":[{"href":"https:\/\/suncasesupply.com\/de\/wp-json\/wp\/v2\/product"}],"about":[{"href":"https:\/\/suncasesupply.com\/de\/wp-json\/wp\/v2\/types\/product"}],"wp:featuredmedia":[{"embeddable":true,"href":"https:\/\/suncasesupply.com\/de\/wp-json\/wp\/v2\/media\/26350"}],"wp:attachment":[{"href":"https:\/\/suncasesupply.com\/de\/wp-json\/wp\/v2\/media?parent=26325"}],"wp:term":[{"taxonomy":"product_cat","embeddable":true,"href":"https:\/\/suncasesupply.com\/de\/wp-json\/wp\/v2\/product_cat?post=26325"},{"taxonomy":"product_tag","embeddable":true,"href":"https:\/\/suncasesupply.com\/de\/wp-json\/wp\/v2\/product_tag?post=26325"}],"curies":[{"name":"wp","href":"https:\/\/api.w.org\/{rel}","templated":true}]}}