{"id":26309,"date":"2025-12-09T14:28:02","date_gmt":"2025-12-09T06:28:02","guid":{"rendered":"https:\/\/suncasesupply.com\/?post_type=product&#038;p=26309"},"modified":"2026-03-17T02:19:13","modified_gmt":"2026-03-16T18:19:13","slug":"black-aluminum-acrylic-display-case-show-cases-for-collectibles","status":"publish","type":"product","link":"https:\/\/suncasesupply.com\/de\/product\/black-aluminum-acrylic-display-case-show-cases-for-collectibles\/","title":{"rendered":"Schwarze Aluminium-Acryl-Vitrinen f\u00fcr Sammlerst\u00fccke"},"content":{"rendered":"<h4><span style=\"color: #000000;\">Schwarze Aluminium-Acryl-Vitrinen f\u00fcr Sammlerst\u00fccke<\/span><\/h4>\n<h4><span style=\"color: #003366;\">Merkmale:<\/span><\/h4>\n<ul>\n<li><strong><b>Hauptfunktion:<\/b><\/strong>Acrylvitrinen werden typischerweise verwendet, um die Produkte von Kunden auf Messen oder Ausstellungen zu pr\u00e4sentieren. Beispiele hierf\u00fcr sind die Pr\u00e4sentation von bewerteten Sammelkarten, Sportkarten-Slabs, Pok\u00e9mon-Karten, Sammlerst\u00fccken, Schmuck, Uhrenvitrinen aus Aluminium und so weiter.<\/li>\n<li><strong><b>Wichtigste Punkte: <\/b><\/strong>Die Acrylvitrine vereint auf perfekte Weise Pr\u00e4sentation und Schutz durch hervorragende Transparenz, flexibles Design und optimalen Schutz und steigert so den Wert und die optische Wirkung der ausgestellten Objekte. Sie stammt vom renommierten Hersteller von Aluminiumvitrinen, Suncase.<\/li>\n<li><strong><b>Anpassung:<\/b><\/strong>Die Gr\u00f6\u00dfe der Vitrine kann individuell an die Kundenw\u00fcnsche angepasst werden. G\u00e4ngige Standardgr\u00f6\u00dfen sind 36 \u00d7 24 \u00d7 3 Zoll \/ 34 \u00d7 22 \u00d7 3 Zoll \/ 24 \u00d7 20 \u00d7 3 Zoll. Sollten diese Standardgr\u00f6\u00dfen nicht Ihren Vorstellungen entsprechen, kontaktieren Sie uns bitte f\u00fcr eine ma\u00dfgefertigte Aluminiumvitrine.<\/li>\n<\/ul>\n<h4><span style=\"color: #003366;\">Produktdetails:<\/span><\/h4>\n<div style=\"display: flex; gap: 20px;\">\n<p><!-- \u7b2c\u4e00\u680f --><\/p>\n<div style=\"flex: 1; text-align: center;\">\n<p><img decoding=\"async\" style=\"max-width: 100%; height: auto; margin-bottom: 10px;\" src=\"https:\/\/suncasesupply.com\/wp-content\/uploads\/2025\/12\/1-Side-Panel.jpg\" alt=\"1-seitiges Paneel\" \/><\/p>\n<p><b><\/b><strong><b>Seitenwand<\/b><\/strong><\/p>\n<p style=\"margin: 0;\">Jede Vitrine wird mit zwei Acryl-Seitenw\u00e4nden geliefert. Diese Seitenw\u00e4nde st\u00fctzen die gesamte Oberseite und erm\u00f6glichen so ein teilweises \u00d6ffnen f\u00fcr eine optimale Produktpr\u00e4sentation. Die Seitenw\u00e4nde erm\u00f6glichen zudem ein \u00d6ffnen der Oberseite in unterschiedlichem Ma\u00dfe.<\/p>\n<p>&nbsp;<\/p>\n<\/div>\n<p><!-- \u7b2c\u4e8c\u680f --><\/p>\n<div style=\"flex: 1; text-align: center;\">\n<p><img decoding=\"async\" style=\"max-width: 100%; height: auto; margin-bottom: 10px;\" src=\"https:\/\/suncasesupply.com\/wp-content\/uploads\/2025\/12\/2-Feet.jpg\" alt=\"F\u00fc\u00dfe\" \/><\/p>\n<p><b><\/b><strong><b>F\u00fc\u00dfe<\/b><\/strong><\/p>\n<p style=\"margin: 0;\">Am Boden der Vitrine befinden sich vier F\u00fc\u00dfe. Diese bestehen \u00fcblicherweise aus Gummi und vereinen Funktionalit\u00e4t, Schutz und \u00c4sthetik. Sie verhindern in erster Linie ein Verrutschen, d\u00e4mpfen St\u00f6\u00dfe, beugen Abnutzung vor und sch\u00fctzen vor Feuchtigkeit \u2013 ideal f\u00fcr Schmuckvitrinen aus Aluminium.<\/p>\n<\/div>\n<p><!-- \u7b2c\u4e09\u680f --><\/p>\n<div style=\"flex: 1; text-align: center;\">\n<p><img decoding=\"async\" style=\"max-width: 100%; height: auto; margin-bottom: 10px;\" src=\"https:\/\/suncasesupply.com\/wp-content\/uploads\/2025\/12\/3-Lock-with-Keys.jpg\" alt=\"Schloss mit Schl\u00fcsseln\" \/><\/p>\n<p><b><\/b><b><\/b><strong><b>Schloss mit Schl\u00fcsseln<\/b><\/strong><\/p>\n<p>Die Vitrine ist mit zwei Schl\u00f6ssern und jeweils zwei Schl\u00fcsseln ausgestattet. Diese Konstruktion verhindert, dass Kinder, Besucher oder Reinigungspersonal die Vitrine nach Belieben \u00f6ffnen k\u00f6nnen und sch\u00fctzt so die wertvollen Schmuckst\u00fccke im Inneren der Vitrine mit Aluminium-Glasdeckel.<\/p>\n<\/div>\n<p><!-- \u7b2c\u56db\u680f --><\/p>\n<div style=\"flex: 1; text-align: center;\">\n<p><img decoding=\"async\" style=\"max-width: 100%; height: auto; margin-bottom: 10px;\" src=\"https:\/\/suncasesupply.com\/wp-content\/uploads\/2025\/12\/4-Acrylic-Top-Panel.jpg\" alt=\"Acryl-Oberplatte\" \/><\/p>\n<p><b><\/b><strong><b>Acryl-Oberplatte<\/b><\/strong><\/p>\n<p style=\"margin: 0;\">Die transparente Acrylglasabdeckung erm\u00f6glicht die Betrachtung aus allen Winkeln und eignet sich daher perfekt zur Pr\u00e4sentation von Sammlerst\u00fccken, Schmuck oder Uhren. Sie dient gleichzeitig als Uhrenvitrine aus Aluminium. Mit einer Vitrine mit Acrylglasabdeckung besitzen Sie quasi eine Miniatur-Ausstellungshalle, ma\u00dfgeschneidert f\u00fcr Ihre Sammlung.<\/p>\n<\/div>\n<\/div>\n<h4><span style=\"color: #003366;\">Herstellungsverfahren:<\/span><\/h4>\n<p><img decoding=\"async\" style=\"max-width: 100%; height: auto; margin-bottom: 10px;\" src=\"https:\/\/suncasesupply.com\/wp-content\/uploads\/2025\/07\/Manufacturing-Process.png\" alt=\"Herstellungsprozess von Suncase\" \/><\/p>\n<div style=\"background-color: #29599a; padding: 40px 20px; text-align: center; color: #ffffff; border-radius: 10px; margin: 40px auto; max-width: 960px;\">\n<h2 style=\"font-size: 22px; margin-bottom: 20px; font-weight: bold;\"><span style=\"color: #ffffff;\">Entscheiden Sie sich f\u00fcr Aluminium-Vitrinen von Sun Case \u2013 hochwertige Pr\u00e4sentationsl\u00f6sungen ab einer Mindestbestellmenge von 50 St\u00fcck.<\/span><\/h2>\n<p><a style=\"display: inline-block; padding: 12px 28px; background-color: #ffffff; color: #29599a; text-decoration: none; border-radius: 6px; font-weight: bold;\" href=\"https:\/\/suncasesupply.com\/de\/contact-us\/\" target=\"_blank\" rel=\"noopener\">Fordern Sie noch heute ein Angebot an<br \/>\n<\/a><\/p>\n<\/div>\n<p><span style=\"color: #003366; font-weight: bold; text-align: center;\">Hilfreiche Informationen f\u00fcr Gro\u00dfabnehmer:<\/span><\/p>\n<ul>\n<li class=\"page-title\" title=\"Was macht Sportkarten so wertvoll?\">\n<p class=\"page-title\" title=\"So sch\u00fctzen Sie Ihre Sammelkartensammlung\"><a href=\"https:\/\/suncasesupply.com\/de\/blog\/how-protect-trading-cards-collection\/\">So sch\u00fctzen Sie Ihre Sammelkartensammlung &gt;&gt;<\/a><\/p>\n<\/li>\n<li title=\"Was macht Sportkarten so wertvoll?\">\n<p class=\"page-title\" title=\"Werten Sie Ihren Messestand auf: Die Kraft von Aluminium-Messevitrinen\"><a href=\"https:\/\/suncasesupply.com\/de\/blog\/custom-aluminum-case\/dvantages-of-aluminum-trade-show-display-cases\/\">Werten Sie Ihren Messestand auf: Die Vorteile von Messevitrinen aus Aluminium &gt;&gt;<\/a><\/p>\n<\/li>\n<li title=\"Was macht Sportkarten so wertvoll?\">\n<p class=\"page-title\" title=\"Vor- und Nachteile von Aluminiumvitrinen: Ein umfassender Leitfaden\"><a href=\"https:\/\/suncasesupply.com\/de\/blog\/custom-aluminum-case\/pros-and-cons-of-aluminum-display-case\/\">Vor- und Nachteile von Aluminiumvitrinen: Ein umfassender Leitfaden &gt;&gt;<\/a><\/p>\n<\/li>\n<\/ul>","protected":false},"excerpt":{"rendered":"<p>Modell: SC-B9008<\/p>\n<p>Gr\u00f6\u00dfe: 36 x 24 x 3 Zoll \/ 34 x 22 x 3 Zoll \/ 24 x 20 x 3 Zoll\u2026<\/p>\n<p>Farben: Komplett Schwarz \/ Silber<\/p>\n<p>Materialien: Aluminiumrahmen + MDF-Platte + ABS-Platte, Acryl-Deckplatte.<\/p>\n<p>Logo: Siebdrucklogo<\/p>\n<p>Mindestbestellmenge: 50 St\u00fcck<\/p>\n<p>Muster: Bereitstellung eines Musters zur Qualit\u00e4tspr\u00fcfung.<\/p>","protected":false},"featured_media":26346,"template":"","meta":{"_gspb_post_css":""},"product_cat":[42,119],"product_tag":[],"featured_image_urls":{"full":["https:\/\/suncasesupply.com\/wp-content\/uploads\/2025\/12\/Acrylic-Display-Case-7.jpg",800,800,false],"thumbnail":["https:\/\/suncasesupply.com\/wp-content\/uploads\/2025\/12\/Acrylic-Display-Case-7-150x150.jpg",150,150,true],"medium":["https:\/\/suncasesupply.com\/wp-content\/uploads\/2025\/12\/Acrylic-Display-Case-7-300x300.jpg",300,300,true],"medium_large":["https:\/\/suncasesupply.com\/wp-content\/uploads\/2025\/12\/Acrylic-Display-Case-7-768x768.jpg",768,768,true],"large":["https:\/\/suncasesupply.com\/wp-content\/uploads\/2025\/12\/Acrylic-Display-Case-7.jpg",800,800,false],"1536x1536":["https:\/\/suncasesupply.com\/wp-content\/uploads\/2025\/12\/Acrylic-Display-Case-7.jpg",800,800,false],"2048x2048":["https:\/\/suncasesupply.com\/wp-content\/uploads\/2025\/12\/Acrylic-Display-Case-7.jpg",800,800,false],"trp-custom-language-flag":["https:\/\/suncasesupply.com\/wp-content\/uploads\/2025\/12\/Acrylic-Display-Case-7-12x12.jpg",12,12,true],"woocommerce_thumbnail":["https:\/\/suncasesupply.com\/wp-content\/uploads\/2025\/12\/Acrylic-Display-Case-7-300x300.jpg",300,300,true],"woocommerce_single":["https:\/\/suncasesupply.com\/wp-content\/uploads\/2025\/12\/Acrylic-Display-Case-7-600x600.jpg",600,600,true],"woocommerce_gallery_thumbnail":["https:\/\/suncasesupply.com\/wp-content\/uploads\/2025\/12\/Acrylic-Display-Case-7-100x100.jpg",100,100,true]},"post_excerpt_stackable":"<p>Model :SC-B9008<\/p>\n<p>Size: 36x24x3 inch \/ 34x22x3 inch \/ 24x20x3 inch&#8230;<\/p>\n<p>Colors: Full Black \/ Silver<\/p>\n<p>Materials: Aluminum frame+MDF Board+ABS Panel, Acrylic Top Panel.<\/p>\n<p>Logo: Silk printing logo<\/p>\n<p>MOQ: 50pcs<\/p>\n<p>Sample: Providing sample for quality checking.<\/p>\n","category_list":"","author_info":{"name":"","url":""},"comments_num":"0 comments","_links":{"self":[{"href":"https:\/\/suncasesupply.com\/de\/wp-json\/wp\/v2\/product\/26309"}],"collection":[{"href":"https:\/\/suncasesupply.com\/de\/wp-json\/wp\/v2\/product"}],"about":[{"href":"https:\/\/suncasesupply.com\/de\/wp-json\/wp\/v2\/types\/product"}],"wp:featuredmedia":[{"embeddable":true,"href":"https:\/\/suncasesupply.com\/de\/wp-json\/wp\/v2\/media\/26346"}],"wp:attachment":[{"href":"https:\/\/suncasesupply.com\/de\/wp-json\/wp\/v2\/media?parent=26309"}],"wp:term":[{"taxonomy":"product_cat","embeddable":true,"href":"https:\/\/suncasesupply.com\/de\/wp-json\/wp\/v2\/product_cat?post=26309"},{"taxonomy":"product_tag","embeddable":true,"href":"https:\/\/suncasesupply.com\/de\/wp-json\/wp\/v2\/product_tag?post=26309"}],"curies":[{"name":"wp","href":"https:\/\/api.w.org\/{rel}","templated":true}]}}