{"id":26296,"date":"2025-12-03T17:46:52","date_gmt":"2025-12-03T09:46:52","guid":{"rendered":"https:\/\/suncasesupply.com\/?post_type=product&#038;p=26296"},"modified":"2026-03-17T02:11:32","modified_gmt":"2026-03-16T18:11:32","slug":"customized-aluminum-trolley-case-full-black-aluminum-box-with-wheels-pull-rod","status":"publish","type":"product","link":"https:\/\/suncasesupply.com\/de\/product\/customized-aluminum-trolley-case-full-black-aluminum-box-with-wheels-pull-rod\/","title":{"rendered":"Ma\u00dfgefertigter Aluminium-Trolleykoffer, komplett schwarz, mit Rollen und Zugstange"},"content":{"rendered":"<h4><span style=\"color: #000000;\">Ma\u00dfgefertigter Aluminium-Trolleykoffer, komplett schwarz, mit Rollen und Zugstange<\/span><\/h4>\n<h4><span style=\"color: #003366;\">Merkmale:<\/span><\/h4>\n<ul>\n<li><strong><b>Zusammensetzung und Struktur: <\/b><\/strong>Der ma\u00dfgefertigte Aluminium-Trolleykoffer<strong><b>\u00a0<\/b><\/strong>Hergestellt aus einer Trolleystange und zwei Rollen, mit einem oberen Fach mit Trennw\u00e4nden, zwei Schubladen mit Trennw\u00e4nden, zwei Griffen an den Seiten und schwarzer EVA-Schaumstoffauskleidung. Diese Konstruktion eignet sich ideal als Kosmetikkoffer mit Schubladen.<\/li>\n<li><strong><b>Vollst\u00e4ndige Anpassungsm\u00f6glichkeiten werden unterst\u00fctzt: <\/b><\/strong>Sie k\u00f6nnen bestimmte Farbkombinationen, Materialien, Gr\u00f6\u00dfen usw. ausw\u00e4hlen, um sie Ihrem pers\u00f6nlichen Stil oder Ihren Produktanforderungen anzupassen, wodurch sie sich als gro\u00dfer Make-up-Trolley f\u00fcr den professionellen Einsatz eignet.<\/li>\n<li><strong><b>Verschiedene Funktionen: <\/b><\/strong>Das Design ber\u00fccksichtigt den Tragekomfort beim Tragen und Ziehen und eignet sich daher ideal f\u00fcr Situationen, in denen schwere Werkzeuge, Instrumente, Ausr\u00fcstung oder Wertgegenst\u00e4nde transportiert werden m\u00fcssen. Es wird h\u00e4ufig als professioneller Make-up-Artist-Trolleykoffer sowie f\u00fcr B\u00fchnenequipment, Pr\u00e4zisionsinstrumente, Fotoausr\u00fcstung und Werkzeugreparatursets verwendet.<\/li>\n<\/ul>\n<h4><span style=\"color: #003366;\">Produktdetails:<\/span><\/h4>\n<div style=\"display: flex; gap: 20px;\">\n<p><!-- \u7b2c\u4e00\u680f --><\/p>\n<div style=\"flex: 1; text-align: center;\">\n<p><img decoding=\"async\" style=\"max-width: 100%; height: auto; margin-bottom: 10px;\" src=\"https:\/\/suncasesupply.com\/wp-content\/uploads\/2025\/12\/1-Spring-Handle.jpg\" alt=\"1-Federgriff\" \/><\/p>\n<p><b><\/b><strong><b>Federgriff<\/b><\/strong><\/p>\n<p style=\"margin: 0;\">Der Federmechanismus des Federgriffs absorbiert St\u00f6\u00dfe und Ersch\u00fctterungen beim Gehen (wie unebene Oberfl\u00e4chen und Vibrationen beim schnellen Ziehen), wodurch die Belastung der Arme und Handgelenke verringert und der Komfort bei der Benutzung dieses Rollkoffers erh\u00f6ht wird.<\/p>\n<p>&nbsp;<\/p>\n<\/div>\n<p><!-- \u7b2c\u4e8c\u680f --><\/p>\n<div style=\"flex: 1; text-align: center;\">\n<p><img decoding=\"async\" style=\"max-width: 100%; height: auto; margin-bottom: 10px;\" src=\"https:\/\/suncasesupply.com\/wp-content\/uploads\/2025\/12\/2-Drawers.jpg\" alt=\"2 Schubladen\" \/><\/p>\n<p><b><\/b><strong><b>Schubladen<\/b><\/strong><\/p>\n<p style=\"margin: 0;\">Dieser Aluminium-Trolleykoffer verf\u00fcgt \u00fcber sechs ma\u00dfgefertigte Schubladen mit den Ma\u00dfen 40 x 30 x 4,5 cm (H\u00f6he). Jede Schublade ist mit zwei Schaumstoffeinlagen ausgestattet, sodass Ihre Produkte beim Einlegen optimal fixiert und gesch\u00fctzt sind.<\/p>\n<\/div>\n<p><!-- \u7b2c\u4e09\u680f --><\/p>\n<div style=\"flex: 1; text-align: center;\">\n<p><img decoding=\"async\" style=\"max-width: 100%; height: auto; margin-bottom: 10px;\" src=\"https:\/\/suncasesupply.com\/wp-content\/uploads\/2025\/12\/3-Feet.jpg\" alt=\"3 Fu\u00df\" \/><\/p>\n<p><b><\/b><strong><b>F\u00fc\u00dfe<\/b><\/strong><\/p>\n<p>Einerseits dienen die F\u00fc\u00dfe als Isolations- und Schutzmechanismus, indem sie das Geh\u00e4use vom Boden abheben und so verhindern, dass Feuchtigkeit, Wasseransammlungen und Staub direkt damit in Ber\u00fchrung kommen. Andererseits bestehen die F\u00fc\u00dfe typischerweise aus elastischen Materialien wie Gummi und Silikon und bieten D\u00e4mpfung und Sto\u00dfabsorption.<\/p>\n<\/div>\n<p><!-- \u7b2c\u56db\u680f --><\/p>\n<div style=\"flex: 1; text-align: center;\">\n<p><img decoding=\"async\" style=\"max-width: 100%; height: auto; margin-bottom: 10px;\" src=\"https:\/\/suncasesupply.com\/wp-content\/uploads\/2025\/12\/4-Wheels.jpg\" alt=\"4 R\u00e4der\" \/><\/p>\n<p><b><\/b><strong><b>R\u00e4der<\/b><\/strong><\/p>\n<p style=\"margin: 0;\">Nach dem Anbringen von Rollen verwandelt sich der Aluminiumkoffer von einem \u201eAufbewahrungskoffer\u201c in eine \u201emobile Arbeitsstation\u201c, was erheblich Personal und Zeit spart und die Arbeitseffizienz steigert, was f\u00fcr einen professionellen Make-up-Artist-Trolleykoffer unerl\u00e4sslich ist.<\/p>\n<\/div>\n<\/div>\n<h4><span style=\"color: #003366;\">Herstellungsverfahren:<\/span><\/h4>\n<p><img decoding=\"async\" style=\"max-width: 100%; height: auto; margin-bottom: 10px;\" src=\"https:\/\/suncasesupply.com\/wp-content\/uploads\/2025\/07\/Manufacturing-Process.png\" alt=\"Herstellungsprozess von Suncase\" \/><\/p>\n<div style=\"background-color: #29599a; padding: 40px 20px; text-align: center; color: #ffffff; border-radius: 10px; margin: 40px auto; max-width: 960px;\">\n<h2 style=\"font-size: 22px; margin-bottom: 20px; font-weight: bold;\"><span style=\"color: #ffffff;\">Bestellen Sie einen Aluminium-Make-up-Trolley von Sun Case mit einer Mindestbestellmenge von 100 St\u00fcck.<\/span><\/h2>\n<p><a style=\"display: inline-block; padding: 12px 28px; background-color: #ffffff; color: #29599a; text-decoration: none; border-radius: 6px; font-weight: bold;\" href=\"https:\/\/suncasesupply.com\/de\/contact-us\/\" target=\"_blank\" rel=\"noopener\">Fordern Sie noch heute ein Angebot an<br \/>\n<\/a><\/p>\n<\/div>\n<h4><span style=\"color: #003366;\">Hilfreiche Informationen f\u00fcr Gro\u00dfabnehmer:<\/span><\/h4>\n<ul>\n<li class=\"page-title\" title=\"Was macht Sportkarten so wertvoll?\">\n<p class=\"page-title\" title=\"Wie w\u00e4hlt man das richtige Aluminiumgeh\u00e4use aus?\"><a href=\"https:\/\/suncasesupply.com\/de\/blog\/selection-of-aluminum-case\/\">Wie w\u00e4hlt man das richtige Aluminiumgeh\u00e4use aus? &gt;&gt;<\/a><\/p>\n<\/li>\n<li title=\"Was macht Sportkarten so wertvoll?\">\n<p class=\"page-title\" title=\"Was sind die Vorteile eines Aluminiumkoffers?\"><a href=\"https:\/\/suncasesupply.com\/de\/blog\/advantages-of-aluminum-case\/\">Was sind die Vorteile eines Aluminiumkoffers?<\/a><\/p>\n<\/li>\n<\/ul>","protected":false},"excerpt":{"rendered":"<p>Modell: SC-B9007<\/p>\n<p>Gr\u00f6\u00dfe: Au\u00dfenma\u00dfe L 435 x B 280 x H 690 mm<\/p>\n<p>Farbe: Vollschwarz<\/p>\n<p>Materialien: Aluminiumrahmen + MDF-Platte + ABS-Platte<\/p>\n<p>Logo: Siebdrucklogo \/ Metalllogo<\/p>\n<p>Mindestbestellmenge: 100 St\u00fcck<\/p>\n<p>Muster: Bereitstellung eines Musters zur Qualit\u00e4tspr\u00fcfung.<\/p>","protected":false},"featured_media":26289,"template":"","meta":{"_gspb_post_css":""},"product_cat":[42],"product_tag":[],"featured_image_urls":{"full":["https:\/\/suncasesupply.com\/wp-content\/uploads\/2025\/12\/Customized-Trolley-Aluminum-Case-2.jpg",800,800,false],"thumbnail":["https:\/\/suncasesupply.com\/wp-content\/uploads\/2025\/12\/Customized-Trolley-Aluminum-Case-2-150x150.jpg",150,150,true],"medium":["https:\/\/suncasesupply.com\/wp-content\/uploads\/2025\/12\/Customized-Trolley-Aluminum-Case-2-300x300.jpg",300,300,true],"medium_large":["https:\/\/suncasesupply.com\/wp-content\/uploads\/2025\/12\/Customized-Trolley-Aluminum-Case-2-768x768.jpg",768,768,true],"large":["https:\/\/suncasesupply.com\/wp-content\/uploads\/2025\/12\/Customized-Trolley-Aluminum-Case-2.jpg",800,800,false],"1536x1536":["https:\/\/suncasesupply.com\/wp-content\/uploads\/2025\/12\/Customized-Trolley-Aluminum-Case-2.jpg",800,800,false],"2048x2048":["https:\/\/suncasesupply.com\/wp-content\/uploads\/2025\/12\/Customized-Trolley-Aluminum-Case-2.jpg",800,800,false],"trp-custom-language-flag":["https:\/\/suncasesupply.com\/wp-content\/uploads\/2025\/12\/Customized-Trolley-Aluminum-Case-2-12x12.jpg",12,12,true],"woocommerce_thumbnail":["https:\/\/suncasesupply.com\/wp-content\/uploads\/2025\/12\/Customized-Trolley-Aluminum-Case-2-300x300.jpg",300,300,true],"woocommerce_single":["https:\/\/suncasesupply.com\/wp-content\/uploads\/2025\/12\/Customized-Trolley-Aluminum-Case-2-600x600.jpg",600,600,true],"woocommerce_gallery_thumbnail":["https:\/\/suncasesupply.com\/wp-content\/uploads\/2025\/12\/Customized-Trolley-Aluminum-Case-2-100x100.jpg",100,100,true]},"post_excerpt_stackable":"<p>Model :SC-B9007<\/p>\n<p>Size: Outside size L435 x W280 x H690mm<\/p>\n<p>Colors: Full Black<\/p>\n<p>Materials: Aluminum frame+MDF Board+ABS Panel<\/p>\n<p>Logo: Silk printing logo\u00a0\/ Metal Logo<\/p>\n<p>MOQ: 100pcs<\/p>\n<p>Sample: Providing sample for quality checking.<\/p>\n","category_list":"","author_info":{"name":"","url":""},"comments_num":"0 comments","_links":{"self":[{"href":"https:\/\/suncasesupply.com\/de\/wp-json\/wp\/v2\/product\/26296"}],"collection":[{"href":"https:\/\/suncasesupply.com\/de\/wp-json\/wp\/v2\/product"}],"about":[{"href":"https:\/\/suncasesupply.com\/de\/wp-json\/wp\/v2\/types\/product"}],"wp:featuredmedia":[{"embeddable":true,"href":"https:\/\/suncasesupply.com\/de\/wp-json\/wp\/v2\/media\/26289"}],"wp:attachment":[{"href":"https:\/\/suncasesupply.com\/de\/wp-json\/wp\/v2\/media?parent=26296"}],"wp:term":[{"taxonomy":"product_cat","embeddable":true,"href":"https:\/\/suncasesupply.com\/de\/wp-json\/wp\/v2\/product_cat?post=26296"},{"taxonomy":"product_tag","embeddable":true,"href":"https:\/\/suncasesupply.com\/de\/wp-json\/wp\/v2\/product_tag?post=26296"}],"curies":[{"name":"wp","href":"https:\/\/api.w.org\/{rel}","templated":true}]}}